{"id":2258,"date":"2023-02-22T18:57:47","date_gmt":"2023-02-23T00:57:47","guid":{"rendered":"https:\/\/tecsecmty.com\/index.php\/producto\/dahua-ipc-ebw8630n-camara-ip-fisheye-resolucion-de-6-mp-lente-1-7mm-%e2%88%a2-360-ir-10-mts-ia-wizmind-mapa-de-calor-poe-dwdr-h-265-ip67-ik10-es-alarma-es-audio\/"},"modified":"2023-03-22T23:22:46","modified_gmt":"2023-03-23T05:22:46","slug":"dahua-ipc-ebw8630n-camara-ip-fisheye-resolucion-de-6-mp-lente-1-7mm-360-ir-10-mts-ia-wizmind-mapa-de-calor-poe-dwdr-h-265-ip67-ik10-es-alarma-es-audio","status":"publish","type":"product","link":"https:\/\/tecsecmty.com\/index.php\/producto\/dahua-ipc-ebw8630n-camara-ip-fisheye-resolucion-de-6-mp-lente-1-7mm-360-ir-10-mts-ia-wizmind-mapa-de-calor-poe-dwdr-h-265-ip67-ik10-es-alarma-es-audio\/","title":{"rendered":"DAHUA IPC-EBW8630N &#8211; C\u00e1mara IP Fisheye Resoluci\u00f3n de 6 MP\/ Lente 1.7mm\/360\/ IR 10 mts\/ IA WizMind\/ Mapa de Calor\/ PoE\/ DWDR\/ H.265\/ IP67\/ IK10\/ E&amp;S Alarma\/ E&amp;S Audio\/"},"content":{"rendered":"<div class=\"row aling-items-center padding-bottom-2x\">\n<div class=\"col-lg-12\">\n<h5 class=\"card-title text-center\">Informaci\u00f3n General<\/h5>\n<p>La c\u00e1mara fisheye Dahua es un experto en vigilancia panor\u00e1mica con un dise\u00f1o de bajo perfil. Con una lente fisheye, la c\u00e1mara puede proporcionar vistas panor\u00e1micas de alta calidad de 180 \u00b0 o 360 \u00b0 sin puntos ciegos, lo que la hace ideal para \u00e1reas amplias y abiertas, como aeropuertos, centros comerciales, bancos, hoteles, tiendas, oficinas y m\u00e1s. La c\u00e1mara puede ofrecer diferentes vistas, incluida una vista general de 360 \u00b0 y vistas redondas, como vistas panor\u00e1micas, vistas dobles y vistas cu\u00e1druples.<\/p>\n<p><img decoding=\"async\" class=\"overview-center-img-web\" src=\"https:\/\/tvc.mx\/media\/486278\/camara-ip-fisheye-de-6-megapixeles-IPC-EBW8630N-Dahua.png\" alt=\"\" \/><\/p>\n<\/div>\n<\/div>\n<div class=\"row align-items-center padding-bottom-2x\">\n<div class=\"col-md-5\"><img decoding=\"async\" class=\"d-block m-auto img-thumbnail\" src=\"https:\/\/tvc.mx\/media\/486280\/Dia-noche-dahua.png\" alt=\" \" \/><\/div>\n<div class=\"col-md-7 text-md-left text-center\">\n<h2>D\u00eda \/ Noche<\/h2>\n<p>Un filtro de corte IR mec\u00e1nico de d\u00eda \/ noche hace que esta c\u00e1mara sea ideal para aplicaciones con condiciones de iluminaci\u00f3n fluctuantes, brinda im\u00e1genes en color durante el d\u00eda y cambia autom\u00e1ticamente a monocromo a medida que la escena se oscurece.<\/p>\n<p>&nbsp;<\/p>\n<\/div>\n<\/div>\n<hr class=\"padding-bottom-2x\" \/>\n<div class=\"row align-items-center padding-bottom-2x\">\n<div class=\"col-md-5 order-md-2\"><img decoding=\"async\" class=\"d-block m-auto img-thumbnail\" src=\"https:\/\/tvc.mx\/media\/486282\/Dewarping-Dahua.png\" alt=\" \" \/><\/div>\n<div class=\"col-md-7 order-md-1 text-md-left text-center\">\n<h2>Panor\u00e1mico<\/h2>\n<p>Las c\u00e1maras panor\u00e1micas brindan una gama completa de escenas de video de 180 \u00b0 y 360 \u00b0, lo que brinda a las personas un nuevo sentido de experiencia real e interactiva en vivo. Dahua ofrece dos tipos de c\u00e1maras panor\u00e1micas, una c\u00e1mara de ojo de pez de una sola lente y una c\u00e1mara de m\u00faltiples lentes, ambas pueden ofrecer una imagen panor\u00e1mica de 180 grados y 360 grados. Trabajando en conjunto con la c\u00e1mara PTZ, que ofrece detalles completos de la escena y la regi\u00f3n al mismo tiempo. Brind\u00f3 una nueva experiencia de vigilancia al usuario final y mejor\u00f3 la calidad de la vigilancia.<\/p>\n<p>&nbsp;<\/p>\n<\/div>\n<\/div>\n<hr class=\"padding-bottom-2x\" \/>\n<div class=\"row align-items-center padding-bottom-2x\">\n<div class=\"col-md-5\"><img decoding=\"async\" class=\"d-block m-auto img-thumbnail\" src=\"https:\/\/tvc.mx\/media\/486284\/mapa-de-calor-Dahua.png\" alt=\" \" \/><\/div>\n<div class=\"col-md-7 text-md-left text-center\">\n<h2>Mapa de calor<\/h2>\n<p>La c\u00e1mara fisheye Dahua tambi\u00e9n admite funciones inteligentes avanzadas como mapa de calor, adem\u00e1s de las funciones b\u00e1sicas de IVS. La funci\u00f3n de mapa de calor se puede aplicar a la inteligencia empresarial y aportar valores adicionales a los clientes. La funci\u00f3n de mapa de calor se basa en un objeto en movimiento en el tiempo del movimiento espacial para su an\u00e1lisis, encuentra el \u00e1rea m\u00e1s activa y genera el informe, que proporciona un valioso soporte de datos para aplicaciones comerciales.<\/p>\n<p>&nbsp;<\/p>\n<\/div>\n<\/div>\n<hr class=\"padding-bottom-2x\" \/>\n<div class=\"row align-items-center padding-bottom-2x\">\n<div class=\"col-md-5 order-md-2\"><img decoding=\"async\" class=\"d-block m-auto img-thumbnail\" src=\"https:\/\/tvc.mx\/media\/486286\/Smart-IR-Dahua.png\" alt=\" \" \/><\/div>\n<div class=\"col-md-7 order-md-1 text-md-left text-center\">\n<h2>IR Inteligente<\/h2>\n<p>Con la iluminaci\u00f3n de infrarrojos, se pueden capturar im\u00e1genes detalladas con poca luz u oscuridad total. La tecnolog\u00eda Smart IR de la c\u00e1mara ajusta la intensidad de los LED infrarrojos de la c\u00e1mara para compensar la distancia de un objeto. La tecnolog\u00eda de infrarrojos inteligente evita que los LED de infrarrojos blanqueen las im\u00e1genes a medida que se acercan a la c\u00e1mara. La iluminaci\u00f3n infrarroja integrada de la c\u00e1mara proporciona un alto rendimiento en entornos con poca luz extrema de hasta 10 m<\/p>\n<p>&nbsp;<\/p>\n<\/div>\n<\/div>\n<hr class=\"padding-bottom-2x\" \/>\n<div class=\"row align-items-center padding-bottom-2x\">\n<div class=\"col-md-5\"><img decoding=\"async\" class=\"d-block m-auto img-thumbnail\" src=\"https:\/\/tvc.mx\/media\/486288\/camara-ip-fisheye-de-6-megapixeles-IPC-EBW8630N-Dahua-caracteristicas.png\" alt=\" \" \/><\/div>\n<div class=\"col-md-7 text-md-left text-center\">\n<h2>Principales Caracter\u00edsticas<\/h2>\n<ul>\n<li>Codificaci\u00f3n de triple flujo H.265 \/ H.264<\/li>\n<li>Modo de deformaci\u00f3n m\u00faltiple<\/li>\n<li>D\u00eda \/ Noche (ICR), 3DNR, AWB, AGC, BLC<\/li>\n<li>Detecci\u00f3n inteligente<\/li>\n<li>Funci\u00f3n inteligente<\/li>\n<\/ul>\n<p>&nbsp;<\/p>\n<\/div>\n<\/div>\n<hr class=\"padding-bottom-2x\" \/>\n<div class=\"row align-items-center padding-bottom-2x\">\n<div class=\"col-md-5 order-md-2\"><img decoding=\"async\" class=\"d-block m-auto img-thumbnail\" src=\"https:\/\/tvc.mx\/media\/486290\/camara-ip-fisheye-de-6-megapixeles-IPC-EBW8630N-Dahua-especificaciones.png\" alt=\" \" \/><\/div>\n<div class=\"col-md-7 order-md-1 text-md-left text-center\">\n<h2>Especificaciones<\/h2>\n<ul>\n<li>CMOS de barrido progresivo de 1 \/ 1.8 \u00ab6 megap\u00edxeles<\/li>\n<li>Distancia IR Distancia hasta 10 m<\/li>\n<li>Lente 1.7mm<\/li>\n<li>IVS: Tripwire, intrusi\u00f3n<\/li>\n<li>Funciones inteligentes avanzadas: Mapa de calor<\/li>\n<li>Compresi\u00f3n H.265 \/ H.264<\/li>\n<li>Modo BLC BLC \/ HLC \/ DWDR<\/li>\n<li>Reducci\u00f3n de ruido DNR 3D<\/li>\n<li>Zoom digital 16x<\/li>\n<li>Tarjeta SD Mirco 128GB<\/li>\n<li>Entrada \/ salida de 1\/1 canal, 1 micr\u00f3fono incorporado<\/li>\n<li>Fuente de alimentaci\u00f3n DC12V, PoE (802.3af) (Clase 0)<\/li>\n<\/ul>\n<\/div>\n<\/div>\n","protected":false},"excerpt":{"rendered":"<p>Informaci\u00f3n General La c\u00e1mara fisheye Dahua es un experto en vigilancia panor\u00e1mica con un dise\u00f1o de bajo perfil. Con una lente fisheye, la c\u00e1mara puede proporcionar vistas panor\u00e1micas de alta calidad de 180 \u00b0 o 360 \u00b0 sin puntos ciegos, lo que la hace ideal&hellip;<\/p>\n","protected":false},"featured_media":2256,"comment_status":"open","ping_status":"closed","template":"","meta":{"om_disable_all_campaigns":false,"_monsterinsights_skip_tracking":false,"_monsterinsights_sitenote_active":false,"_monsterinsights_sitenote_note":"","_monsterinsights_sitenote_category":0},"product_brand":[],"product_cat":[128],"product_tag":[130,129,38,66],"class_list":{"0":"post-2258","1":"product","2":"type-product","3":"status-publish","4":"has-post-thumbnail","6":"product_cat-fisheye-360","7":"product_tag-camara-360","8":"product_tag-camara-fisheye","9":"product_tag-camaras-de-seguridad","10":"product_tag-dahua","12":"first","13":"instock","14":"sale","15":"taxable","16":"shipping-taxable","17":"purchasable","18":"product-type-simple"},"aioseo_notices":[],"_links":{"self":[{"href":"https:\/\/tecsecmty.com\/index.php\/wp-json\/wp\/v2\/product\/2258","targetHints":{"allow":["GET"]}}],"collection":[{"href":"https:\/\/tecsecmty.com\/index.php\/wp-json\/wp\/v2\/product"}],"about":[{"href":"https:\/\/tecsecmty.com\/index.php\/wp-json\/wp\/v2\/types\/product"}],"replies":[{"embeddable":true,"href":"https:\/\/tecsecmty.com\/index.php\/wp-json\/wp\/v2\/comments?post=2258"}],"version-history":[{"count":0,"href":"https:\/\/tecsecmty.com\/index.php\/wp-json\/wp\/v2\/product\/2258\/revisions"}],"wp:featuredmedia":[{"embeddable":true,"href":"https:\/\/tecsecmty.com\/index.php\/wp-json\/wp\/v2\/media\/2256"}],"wp:attachment":[{"href":"https:\/\/tecsecmty.com\/index.php\/wp-json\/wp\/v2\/media?parent=2258"}],"wp:term":[{"taxonomy":"product_brand","embeddable":true,"href":"https:\/\/tecsecmty.com\/index.php\/wp-json\/wp\/v2\/product_brand?post=2258"},{"taxonomy":"product_cat","embeddable":true,"href":"https:\/\/tecsecmty.com\/index.php\/wp-json\/wp\/v2\/product_cat?post=2258"},{"taxonomy":"product_tag","embeddable":true,"href":"https:\/\/tecsecmty.com\/index.php\/wp-json\/wp\/v2\/product_tag?post=2258"}],"curies":[{"name":"wp","href":"https:\/\/api.w.org\/{rel}","templated":true}]}}