{"id":2260,"date":"2023-02-22T18:57:50","date_gmt":"2023-02-23T00:57:50","guid":{"rendered":"https:\/\/tecsecmty.com\/index.php\/producto\/dahua-ipc-ew5541-as-camara-ip-fisheye-de-5-megapixeles-winzmind-ir-de-10-mts-h-265-poe-wdr-real-microfono-integrado-heat-map-deteccion-inteligente-ranura-para-microsd-es-de-alarma-es-d\/"},"modified":"2023-03-22T23:22:46","modified_gmt":"2023-03-23T05:22:46","slug":"dahua-ipc-ew5541-as-camara-ip-fisheye-de-5-megapixeles-winzmind-ir-de-10-mts-h-265-poe-wdr-real-microfono-integrado-heat-map-deteccion-inteligente-ranura-para-microsd-es-de-alarma-es-d","status":"publish","type":"product","link":"https:\/\/tecsecmty.com\/index.php\/producto\/dahua-ipc-ew5541-as-camara-ip-fisheye-de-5-megapixeles-winzmind-ir-de-10-mts-h-265-poe-wdr-real-microfono-integrado-heat-map-deteccion-inteligente-ranura-para-microsd-es-de-alarma-es-d\/","title":{"rendered":"DAHUA IPC-EW5541-AS &#8211; C\u00e1mara IP FishEye de 5 Megap\u00edxeles\/ WinzMind\/ IR de 10 Mts\/ H.265+\/ PoE\/ WDR Real\/ Micr\u00f3fono Integrado\/ Heat Map\/ Detecci\u00f3n Inteligente\/ Ranura para MicroSD\/ E&amp;S de Alarma\/ E&amp;S de Audio\/ 3D DNR, HLC, BLC\/ Interior"},"content":{"rendered":"<div class=\"row aling-items-center padding-bottom-2x\">\n<div class=\"col-lg-12\">\n<h5 class=\"card-title text-center\">Informaci\u00f3n general<\/h5>\n<p class=\"ql-align-justify\">Con lente ojo de pez, la c\u00e1mara de la serie Dahua Fisheye puede realizar 360 \u00b0 vigilancia, y se aplica ampliamente en varios escenarios como aeropuertos, centros comerciales, bancos y hoteles.<\/p>\n<p><img decoding=\"async\" class=\"overview-center-img-web\" src=\"https:\/\/tvc.mx\/media\/483602\/camara-ip-fisheye-5-megapixeles-wizmind-microfono-integrado-IPC-EW5541-AS-Dahua.png\" alt=\"\" \/><\/div>\n<\/div>\n<div class=\"row align-items-center padding-bottom-2x\">\n<div class=\"col-md-5 order-md-2\"><img decoding=\"async\" class=\"d-block m-auto img-thumbnail\" src=\"https:\/\/tvc.mx\/media\/483604\/h.265plus-y-h.264plus-dahua.png\" alt=\" \" \/><\/div>\n<div class=\"col-md-7 order-md-1 text-md-left text-center\">\n<h2>Smart H.265 + y Smart H.264 +<\/h2>\n<p class=\"text-muted\">\n<p class=\"ql-align-justify\">Dahua smart. La tecnolog\u00eda de codificaci\u00f3n se cuenta con la mayor eficiencia de codificaci\u00f3n H.265 y H.264, proporcionando v\u00eddeo de alta calidad y reduciendo el costo de almacenamiento y transmisi\u00f3n. Con un algoritmo avanzado de control de velocidad adaptativa la escena.<\/p>\n<p>&nbsp;<\/p>\n<\/div>\n<\/div>\n<hr class=\"padding-bottom-2x\" \/>\n<div class=\"row align-items-center padding-bottom-2x\">\n<div class=\"col-md-5\"><img decoding=\"async\" class=\"d-block m-auto img-thumbnail\" src=\"https:\/\/tvc.mx\/media\/483606\/mapa-de-calor-Dahua.png\" alt=\" \" \/><\/div>\n<div class=\"col-md-7 text-md-left text-center\">\n<h2>Mapa de calor<\/h2>\n<p class=\"text-muted\">\n<p class=\"ql-align-justify\">La tecnolog\u00eda de mapa de calor de Duhua se utiliza para mostrar la densidad de la multitud y probabilidad de aparici\u00f3n de personas. Muestra el estado de la multitud por diferentes colores. Generalmente, el estado de la multitud son las estad\u00edsticas de la cantidad de personas en dimensiones de espacio y tiempo.<\/p>\n<p>&nbsp;<\/p>\n<\/div>\n<\/div>\n<hr class=\"padding-bottom-2x\" \/>\n<div class=\"row align-items-center padding-bottom-2x\">\n<div class=\"col-md-5 order-md-2\"><img decoding=\"async\" class=\"d-block m-auto img-thumbnail\" src=\"https:\/\/tvc.mx\/media\/483608\/Conteo-de-personas-Dahua.png\" alt=\" \" \/><\/div>\n<div class=\"col-md-7 order-md-1 text-md-left text-center\">\n<h2>IN AREA NO<\/h2>\n<p class=\"text-muted\">\n<p class=\"ql-align-justify\">Con tecnolog\u00eda avanzada de imagen est\u00e9reo y algoritmo de inclinaci\u00f3n profunda. La tecnolog\u00eda Dahua In Area No. reconoce objetivos humanos con precisi\u00f3n para contar personas en el \u00e1rea en tiempo real. Puede establecer el umbral de cantidad de personas, cuando el n\u00famero es mayor o menor que el umbral, se activa enlace. Es aplicable en la escena que tiene l\u00edmite en la cantidad de personas.<\/p>\n<p>&nbsp;<\/p>\n<\/div>\n<\/div>\n<hr class=\"padding-bottom-2x\" \/>\n<div class=\"row align-items-center padding-bottom-2x\">\n<div class=\"col-md-5\"><img decoding=\"async\" class=\"d-block m-auto img-thumbnail\" src=\"https:\/\/tvc.mx\/media\/483610\/WDR-Dahua.png\" alt=\" \" \/><\/div>\n<div class=\"col-md-7 text-md-left text-center\">\n<h2>Verdadero WDR<\/h2>\n<p class=\"text-muted\">\n<p class=\"ql-align-justify\">Con tecnolog\u00eda avanzada de amplio rango din\u00e1mico (120dB WDR), La c\u00e1mara de red proporciona detalles claros en el entorno de fuertes contraste de brillo. El \u00e1rea brillante y oscura puede obtener v\u00eddeos n\u00edtidos incluso en entorno de alto brillo o con sombra de luz de fondo.<\/p>\n<p>&nbsp;<\/p>\n<\/div>\n<\/div>\n<hr class=\"padding-bottom-2x\" \/>\n<div class=\"row align-items-center padding-bottom-2x\">\n<div class=\"col-md-5 order-md-2\"><img decoding=\"async\" class=\"d-block m-auto img-thumbnail\" src=\"https:\/\/tvc.mx\/media\/483612\/camara-ip-fisheye-5-megapixeles-wizmind-microfono-integrado-IPC-EW5541-AS-Dahua-caracteristicas.png\" alt=\" \" \/><\/div>\n<div class=\"col-md-7 order-md-1 text-md-left text-center\">\n<h2>Principales caracter\u00edsticas<\/h2>\n<p class=\"text-muted\">\n<ul>\n<li class=\"ql-align-justify\">WDR &#8211; 120 dB &#8211; Amplio rango din\u00e1mico de la iluminaci\u00f3n<\/li>\n<li class=\"ql-align-justify\">3D-DNR &#8211; Reducci\u00f3n digital de ruido en la imagen<\/li>\n<li class=\"ql-align-justify\">ROI &#8211; mejora de la calidad de las partes seleccionadas de la imagen<\/li>\n<li class=\"ql-align-justify\">SSA &#8211; ingl\u00e9s Smart Scene Adaptive &#8211; adaptaci\u00f3n inteligente del escenario ajustando autom\u00e1ticamente los par\u00e1metros de exposici\u00f3n para obtener una imagen mejor<\/li>\n<li class=\"ql-align-justify\">BLC\/HLC &#8211; compensaci\u00f3n de luz de fondo \/ luz alta<\/li>\n<li class=\"ql-align-justify\">Configurables: brillo, contraste, saturaci\u00f3n<\/li>\n<li class=\"ql-align-justify\">AGC &#8211; Ajuste autom\u00e1tico de la ganancia de la imagen<\/li>\n<li class=\"ql-align-justify\">Posibilidad de cambiar la resoluci\u00f3n, calidad y tasa de bits<\/li>\n<li class=\"ql-align-justify\">Balance de blancos autom\u00e1tico<\/li>\n<li class=\"ql-align-justify\">Zonas de privacidad &#8211; hasta 4<\/li>\n<li class=\"ql-align-justify\">Detecci\u00f3n de movimiento &#8211; m\u00e1x. 4 zonas<\/li>\n<li class=\"ql-align-justify\">Mapa de calor &#8211; selecci\u00f3n en la imagen de las \u00e1reas con diferente tr\u00e1fico con colores correspondientes<\/li>\n<li class=\"ql-align-justify\">An\u00e1lisis IVS\u00a0&#8211;\u00a0cruzamiento de la l\u00ednea (cable trampa),\u00a0intrusi\u00f3n, recuento de personas en un \u00e1rea determinada &#8211; soporte para 4 \u00e1reas de detecci\u00f3n independientes &#8211; Informes estad\u00edsticos<\/li>\n<\/ul>\n<p>&nbsp;<\/p>\n<\/div>\n<\/div>\n<hr class=\"padding-bottom-2x\" \/>\n<div class=\"row align-items-center padding-bottom-2x\">\n<div class=\"col-md-5\"><img decoding=\"async\" class=\"d-block m-auto img-thumbnail\" src=\"https:\/\/tvc.mx\/media\/483614\/camara-ip-fisheye-5-megapixeles-wizmind-microfono-integrado-IPC-EW5541-AS-Dahua-especificaciones.png\" alt=\" \" \/><\/div>\n<div class=\"col-md-7 text-md-left text-center\">\n<h2>Especificaciones<\/h2>\n<p class=\"text-muted\">\n<ul>\n<li class=\"ql-align-justify\">1\/2.7\u00a0\u00bb Progressive Scan CMOS<\/li>\n<li class=\"ql-align-justify\">5 megap\u00edxeles<\/li>\n<li class=\"ql-align-justify\">Lente FishEyer 1.4\u00a0mm<\/li>\n<li class=\"ql-align-justify\">\u00c1ngulo de visi\u00f3n:180\u00a0\u00b0<\/li>\n<li class=\"ql-align-justify\">Rango del iluminador IR:10\u00a0m<\/li>\n<li class=\"ql-align-justify\">M\u00e9todo de compresi\u00f3n de im\u00e1genes:H.265+ \/\u00a0H.265\u00a0\/ H.264+ \/\u00a0H.264\u00a0\/\u00a0MJPEG<\/li>\n<li class=\"ql-align-justify\">Entradas \/ salidas de alarma:1 \/ 1<\/li>\n<li class=\"ql-align-justify\">Audio: Micr\u00f3fono integrado, Entrada para micr\u00f3fono externo, Salida de audio, Soporta audio bidireccional<\/li>\n<li class=\"ql-align-justify\">Ranura para tarjeta de memoria: Es compatible con tarjetas Micro SD hasta 256GB<\/li>\n<li class=\"ql-align-justify\">Alimentaci\u00f3n: PoE (802.3af), 12\u00a0V\u00a0DC\u00a0\/ 610\u00a0mA<\/li>\n<li class=\"ql-align-justify\">Carcasa: Metal + Pl\u00e1stico<\/li>\n<\/ul>\n<\/div>\n<\/div>\n","protected":false},"excerpt":{"rendered":"<p>Informaci\u00f3n general Con lente ojo de pez, la c\u00e1mara de la serie Dahua Fisheye puede realizar 360 \u00b0 vigilancia, y se aplica ampliamente en varios escenarios como aeropuertos, centros comerciales, bancos y hoteles. Smart H.265 + y Smart H.264 + Dahua smart. La tecnolog\u00eda de&hellip;<\/p>\n","protected":false},"featured_media":2259,"comment_status":"open","ping_status":"closed","template":"","meta":{"om_disable_all_campaigns":false,"_monsterinsights_skip_tracking":false,"_monsterinsights_sitenote_active":false,"_monsterinsights_sitenote_note":"","_monsterinsights_sitenote_category":0},"product_brand":[],"product_cat":[128],"product_tag":[130,129,38,66],"class_list":{"0":"post-2260","1":"product","2":"type-product","3":"status-publish","4":"has-post-thumbnail","6":"product_cat-fisheye-360","7":"product_tag-camara-360","8":"product_tag-camara-fisheye","9":"product_tag-camaras-de-seguridad","10":"product_tag-dahua","12":"first","13":"instock","14":"sale","15":"taxable","16":"shipping-taxable","17":"purchasable","18":"product-type-simple"},"aioseo_notices":[],"_links":{"self":[{"href":"https:\/\/tecsecmty.com\/index.php\/wp-json\/wp\/v2\/product\/2260","targetHints":{"allow":["GET"]}}],"collection":[{"href":"https:\/\/tecsecmty.com\/index.php\/wp-json\/wp\/v2\/product"}],"about":[{"href":"https:\/\/tecsecmty.com\/index.php\/wp-json\/wp\/v2\/types\/product"}],"replies":[{"embeddable":true,"href":"https:\/\/tecsecmty.com\/index.php\/wp-json\/wp\/v2\/comments?post=2260"}],"version-history":[{"count":0,"href":"https:\/\/tecsecmty.com\/index.php\/wp-json\/wp\/v2\/product\/2260\/revisions"}],"wp:featuredmedia":[{"embeddable":true,"href":"https:\/\/tecsecmty.com\/index.php\/wp-json\/wp\/v2\/media\/2259"}],"wp:attachment":[{"href":"https:\/\/tecsecmty.com\/index.php\/wp-json\/wp\/v2\/media?parent=2260"}],"wp:term":[{"taxonomy":"product_brand","embeddable":true,"href":"https:\/\/tecsecmty.com\/index.php\/wp-json\/wp\/v2\/product_brand?post=2260"},{"taxonomy":"product_cat","embeddable":true,"href":"https:\/\/tecsecmty.com\/index.php\/wp-json\/wp\/v2\/product_cat?post=2260"},{"taxonomy":"product_tag","embeddable":true,"href":"https:\/\/tecsecmty.com\/index.php\/wp-json\/wp\/v2\/product_tag?post=2260"}],"curies":[{"name":"wp","href":"https:\/\/api.w.org\/{rel}","templated":true}]}}