{"id":2265,"date":"2023-02-22T18:57:57","date_gmt":"2023-02-23T00:57:57","guid":{"rendered":"https:\/\/tecsecmty.com\/index.php\/producto\/dahua-ipc-pdbw82041n-b360-camara-ip-panoramica-resolucion-de-4-x-2-mp-lente-mot-2-8-a-12mm-%e2%88%a2-360-ir-30-mts-ia-wizmind-deteccion-facial-proteccion-perimetral-starlight-poe-wdr-h-26\/"},"modified":"2023-03-22T23:22:55","modified_gmt":"2023-03-23T05:22:55","slug":"dahua-ipc-pdbw82041n-b360-camara-ip-panoramica-resolucion-de-4-x-2-mp-lente-mot-2-8-a-12mm-360-ir-30-mts-ia-wizmind-deteccion-facial-proteccion-perimetral-starlight-poe-wdr-h-26","status":"publish","type":"product","link":"https:\/\/tecsecmty.com\/index.php\/producto\/dahua-ipc-pdbw82041n-b360-camara-ip-panoramica-resolucion-de-4-x-2-mp-lente-mot-2-8-a-12mm-360-ir-30-mts-ia-wizmind-deteccion-facial-proteccion-perimetral-starlight-poe-wdr-h-26\/","title":{"rendered":"DAHUA IPC-PDBW82041N-B360 &#8211; C\u00e1mara IP Panor\u00e1mica Resoluci\u00f3n de 4 x 2 MP\/ Lente Mot. 2.8 a 12mm\/ \u2222 360\/ IR 30 mts\/ IA WizMind\/ Detecci\u00f3n Facial\/ Protecci\u00f3n Perimetral\/ Starlight\/ PoE\/ WDR\/ H.265+\/ IP67\/ IK10\/ E&amp;S Alarma\/ E&amp;S Audio\/"},"content":{"rendered":"<div class=\"row aling-items-center padding-bottom-2x\">\n<div class=\"col-lg-12\">\n<h5 class=\"card-title text-center\">Informaci\u00f3n General<\/h5>\n<p>La c\u00e1mara sin empalme puede ajustar cada lente para realizar una vigilancia de 360\u00b0, que se puede usar en las escenas con varias c\u00e1maras y es f\u00e1cil de instalar. La c\u00e1mara de visi\u00f3n est\u00e9reo tiene funciones como detecci\u00f3n profunda y an\u00e1lisis de comportamiento.<\/p>\n<p><img decoding=\"async\" class=\"overview-center-img-web\" src=\"https:\/\/tvc.mx\/media\/464732\/Camara-ip-domo-multisensor-4x5-megapixeles-funciones-inteligentes-IPC-PDBW82041N-Dahua-imgpp.png\" alt=\"\" \/><\/p>\n<\/div>\n<\/div>\n<div class=\"row align-items-center padding-bottom-2x\">\n<div class=\"col-md-5\"><img decoding=\"async\" class=\"d-block m-auto img-thumbnail\" src=\"https:\/\/tvc.mx\/media\/464734\/proteccion-perimetral-dahua.png\" alt=\" \" \/><\/div>\n<div class=\"col-md-7 text-md-left text-center\">\n<h2>Protecci\u00f3n perimetral<\/h2>\n<p>Con un algoritmo de aprendizaje profundo, la tecnolog\u00eda de protecci\u00f3n perimetral de Dahua puede reconocer a humanos y veh\u00edculos con precisi\u00f3n. En \u00e1reas restringidas (como \u00e1reas para peatones y \u00e1reas para veh\u00edculos), las falsas alarmas de detecci\u00f3n inteligente basadas en el tipo de objetivo (como cable trampa, intrusi\u00f3n, movimiento r\u00e1pido, detecci\u00f3n de estacionamiento, detecci\u00f3n de merodeo y detecci\u00f3n de reuni\u00f3n) se reducen en gran medida.<\/p>\n<p>&nbsp;<\/p>\n<\/div>\n<\/div>\n<hr class=\"padding-bottom-2x\" \/>\n<div class=\"row align-items-center padding-bottom-2x\">\n<div class=\"col-md-5 order-md-2\"><img decoding=\"async\" class=\"d-block m-auto img-thumbnail\" src=\"https:\/\/tvc.mx\/media\/464736\/reconocimiento-facial-dahua.png\" alt=\" \" \/><\/div>\n<div class=\"col-md-7 order-md-1 text-md-left text-center\">\n<h2>Detecci\u00f3n de rostro<\/h2>\n<p>La tecnolog\u00eda de detecci\u00f3n de rostros de Dahua puede detectar el rostro en la imagen. Con un algoritmo de aprendizaje profundo, la tecnolog\u00eda admite la detecci\u00f3n, el seguimiento, la captura y la selecci\u00f3n de la mejor imagen del rostro, y luego genera una instant\u00e1nea del rostro.<\/p>\n<p>&nbsp;<\/p>\n<\/div>\n<\/div>\n<hr class=\"padding-bottom-2x\" \/>\n<div class=\"row align-items-center padding-bottom-2x\">\n<div class=\"col-md-5\"><img decoding=\"async\" class=\"d-block m-auto img-thumbnail\" src=\"https:\/\/tvc.mx\/media\/464738\/h.265plus-y-h.264plus-dahua.png\" alt=\" \" \/><\/div>\n<div class=\"col-md-7 text-md-left text-center\">\n<h2>Codificaci\u00f3n Inteligente<\/h2>\n<p>Con un algoritmo avanzado de control de velocidad adaptable a la escena, la tecnolog\u00eda de codificaci\u00f3n inteligente de Dahua logra una mayor eficiencia de codificaci\u00f3n que H.265 y H.264, proporciona video de alta calidad y reduce el costo de almacenamiento y transmisi\u00f3n<\/p>\n<p>&nbsp;<\/p>\n<\/div>\n<\/div>\n<hr class=\"padding-bottom-2x\" \/>\n<div class=\"row align-items-center padding-bottom-2x\">\n<div class=\"col-md-5 order-md-2\"><img decoding=\"async\" class=\"d-block m-auto img-thumbnail\" src=\"https:\/\/tvc.mx\/media\/464740\/WDR-Dahua.png\" alt=\" \" \/><\/div>\n<div class=\"col-md-7 order-md-1 text-md-left text-center\">\n<h2>Amplio Rango Din\u00e1mico<\/h2>\n<p>Con la avanzada tecnolog\u00eda del amplio rango dinamico o WDR real de 120dB, la c\u00e1mara de red Dahua proporciona detalles claros en un entorno de fuerte contraste de brillo. El \u00e1rea brillante y oscura puede obtener un video claro incluso en entornos de alto brillo o con sombra de luz de fondo.<\/p>\n<p>&nbsp;<\/p>\n<\/div>\n<\/div>\n<hr class=\"padding-bottom-2x\" \/>\n<div class=\"row align-items-center padding-bottom-2x\">\n<div class=\"col-md-5\"><img decoding=\"async\" class=\"d-block m-auto img-thumbnail\" src=\"https:\/\/tvc.mx\/media\/464742\/IP67-IK10-Dahua.png\" alt=\" \" \/><\/div>\n<div class=\"col-md-7 text-md-left text-center\">\n<h2>Protecci\u00f3n IP67, IK10, voltaje amplio<\/h2>\n<p><strong>IP67<\/strong>: la c\u00e1mara pasa una serie de pruebas estrictas sobre polvo y remojo. Tiene una funci\u00f3n a prueba de polvo y la carcasa puede funcionar normalmente despu\u00e9s de sumergirse en agua a 1 m de profundidad durante 30 minutos.<\/p>\n<p><strong>IK10<\/strong>: El recinto puede soportar m\u00e1s de 5 golpes de un martillo de 5 kg que cae desde una altura de 40 cm (la energ\u00eda del impacto es de 20J). Amplio voltaje: la c\u00e1mara permite una tolerancia de voltaje de entrada de \u00b130 % (para algunas fuentes de alimentaci\u00f3n) (amplio rango de voltaje) y se aplica ampliamente en ambientes exteriores con voltaje inestable.<\/p>\n<p>&nbsp;<\/p>\n<\/div>\n<\/div>\n<hr class=\"padding-bottom-2x\" \/>\n<div class=\"row align-items-center padding-bottom-2x\">\n<div class=\"col-md-5 order-md-2\"><img decoding=\"async\" class=\"d-block m-auto img-thumbnail\" src=\"https:\/\/tvc.mx\/media\/464744\/Camara-ip-domo-multisensor-4x5-megapixeles-funciones-inteligentes-IPC-PDBW82041N-Dahua-caracteristicas.png\" alt=\" \" \/><\/div>\n<div class=\"col-md-7 order-md-1 text-md-left text-center\">\n<h2>Principales Caracter\u00edsticas<\/h2>\n<ul>\n<li>ROI, SMART<\/li>\n<li>H.264+\/H.265+, codificaci\u00f3n flexible, aplicable a varios entornos de almacenamiento y ancho de banda<\/li>\n<li>Admite WDR de 4 canales y 120 dB<\/li>\n<li>Las funciones inteligentes de 4 canales se pueden habilitar al mismo tiempo<\/li>\n<li>Detecci\u00f3n inteligente: Tripwire, intrusi\u00f3n, movimiento r\u00e1pido (las tres funciones admiten la clasificaci\u00f3n y la detecci\u00f3n precisa de veh\u00edculos y humanos), objeto abandonado, objeto perdido, detecci\u00f3n de merodeo, reuni\u00f3n de personas, detecci\u00f3n de estacionamiento y detecci\u00f3n de rostros<\/li>\n<li>FlexStream: Los 4 canales de im\u00e1genes se pueden ver en un canal definido con 1 flujo de canal. Es decir, las m\u00faltiples im\u00e1genes se pueden mostrar en 1 canal.<\/li>\n<li>Dise\u00f1o de interfaz Web5.0, que es amigable para los usuarios y f\u00e1cil de operar<\/li>\n<li>Iluminador LED IR eficiente incorporado<\/li>\n<\/ul>\n<p>&nbsp;<\/p>\n<\/div>\n<\/div>\n<hr class=\"padding-bottom-2x\" \/>\n<div class=\"row align-items-center padding-bottom-2x\">\n<div class=\"col-md-5\"><img decoding=\"async\" class=\"d-block m-auto img-thumbnail\" src=\"https:\/\/tvc.mx\/media\/464746\/Camara-ip-domo-multisensor-4x5-megapixeles-funciones-inteligentes-IPC-PDBW82041N-Dahua-especificaciones.png\" alt=\" \" \/><\/div>\n<div class=\"col-md-7 text-md-left text-center\">\n<h2>Especificaciones<\/h2>\n<ul>\n<li>CMOS progresivo de 1\/2,7\u201d y 5 megap\u00edxeles<\/li>\n<li>Distancia de iluminaci\u00f3n 30 m<\/li>\n<li>N\u00famero de iluminador 8 (LED IR)<\/li>\n<li>\u00a0Lente Varifocal motorizado 2.8 mm\u201312 mm<\/li>\n<li>IVS: Objeto abandonado; objeto faltante<\/li>\n<li>Protecci\u00f3n perimetral: cable trampa; intrusi\u00f3n; movimiento r\u00e1pido (las tres funciones admiten la clasificaci\u00f3n y detecci\u00f3n precisa de veh\u00edculos y humanos); detecci\u00f3n de merodeo; reuni\u00f3n de personas; detecci\u00f3n de estacionamiento<\/li>\n<li>Detecci\u00f3n de rostro; pista; mejoramiento; instant\u00e1nea; informe de imagen de alta calidad; mejora de la cara; exposici\u00f3n de la cara; extracto de atributos faciales, 6 atributos y 8 expresiones: G\u00e9nero, edad, anteojos, expresiones (ira, calma, felicidad, tristeza, disgusto, sorpresa, confusi\u00f3n y miedo), m\u00e1scara, barba<\/li>\n<li>Trabaje junto con Smart NVR para realizar b\u00fasquedas inteligentes C\u00e1mara B\u00fasqueda inteligente refinadas, extracci\u00f3n de eventos y fusi\u00f3n con videos de eventos.<\/li>\n<li>Compresi\u00f3n de video: H.265; H.264; H.264H; H.264B; MJPEG<\/li>\n<li>D\u00eda\/Noche Autom\u00e1tico (ICR)\/Color\/B\/N<\/li>\n<li>WDR real 4 \u00d7 120dB<\/li>\n<li>Reducci\u00f3n de ruido NR 3D<\/li>\n<li>\u00a0Alarma: 3 entradas, 2 salidas; audio: 1 entrada, 1 salida; 485; admite m\u00e1x.<\/li>\n<li>Tarjeta Micro SD de 256G<\/li>\n<li>Fuente de alimentaci\u00f3n 12V CC\/POE (802.3at)<\/li>\n<li>Grado de protecci\u00f3n IP67; IK10<\/li>\n<\/ul>\n<\/div>\n<\/div>\n","protected":false},"excerpt":{"rendered":"<p>Informaci\u00f3n General La c\u00e1mara sin empalme puede ajustar cada lente para realizar una vigilancia de 360\u00b0, que se puede usar en las escenas con varias c\u00e1maras y es f\u00e1cil de instalar. La c\u00e1mara de visi\u00f3n est\u00e9reo tiene funciones como detecci\u00f3n profunda y an\u00e1lisis de comportamiento.&hellip;<\/p>\n","protected":false},"featured_media":2264,"comment_status":"open","ping_status":"closed","template":"","meta":{"om_disable_all_campaigns":false,"_monsterinsights_skip_tracking":false,"_monsterinsights_sitenote_active":false,"_monsterinsights_sitenote_note":"","_monsterinsights_sitenote_category":0},"product_brand":[],"product_cat":[128],"product_tag":[130,129,38,66],"class_list":{"0":"post-2265","1":"product","2":"type-product","3":"status-publish","4":"has-post-thumbnail","6":"product_cat-fisheye-360","7":"product_tag-camara-360","8":"product_tag-camara-fisheye","9":"product_tag-camaras-de-seguridad","10":"product_tag-dahua","12":"first","13":"instock","14":"sale","15":"taxable","16":"shipping-taxable","17":"purchasable","18":"product-type-simple"},"aioseo_notices":[],"_links":{"self":[{"href":"https:\/\/tecsecmty.com\/index.php\/wp-json\/wp\/v2\/product\/2265","targetHints":{"allow":["GET"]}}],"collection":[{"href":"https:\/\/tecsecmty.com\/index.php\/wp-json\/wp\/v2\/product"}],"about":[{"href":"https:\/\/tecsecmty.com\/index.php\/wp-json\/wp\/v2\/types\/product"}],"replies":[{"embeddable":true,"href":"https:\/\/tecsecmty.com\/index.php\/wp-json\/wp\/v2\/comments?post=2265"}],"version-history":[{"count":0,"href":"https:\/\/tecsecmty.com\/index.php\/wp-json\/wp\/v2\/product\/2265\/revisions"}],"wp:featuredmedia":[{"embeddable":true,"href":"https:\/\/tecsecmty.com\/index.php\/wp-json\/wp\/v2\/media\/2264"}],"wp:attachment":[{"href":"https:\/\/tecsecmty.com\/index.php\/wp-json\/wp\/v2\/media?parent=2265"}],"wp:term":[{"taxonomy":"product_brand","embeddable":true,"href":"https:\/\/tecsecmty.com\/index.php\/wp-json\/wp\/v2\/product_brand?post=2265"},{"taxonomy":"product_cat","embeddable":true,"href":"https:\/\/tecsecmty.com\/index.php\/wp-json\/wp\/v2\/product_cat?post=2265"},{"taxonomy":"product_tag","embeddable":true,"href":"https:\/\/tecsecmty.com\/index.php\/wp-json\/wp\/v2\/product_tag?post=2265"}],"curies":[{"name":"wp","href":"https:\/\/api.w.org\/{rel}","templated":true}]}}