{"id":2267,"date":"2023-02-22T18:57:59","date_gmt":"2023-02-23T00:57:59","guid":{"rendered":"https:\/\/tecsecmty.com\/index.php\/producto\/dahua-itc352-au3f-lzf1640-camara-ip-lpr-resolucion-de-3-mp-lente-mot-16-a-40mm-%e2%88%a2-30-28-12-8-ir-30-mts-ia-wizmind-deteccion-facial-lectura-de-placas-deteccion-de-vehiculo\/"},"modified":"2023-03-22T23:22:18","modified_gmt":"2023-03-23T05:22:18","slug":"dahua-itc352-au3f-lzf1640-camara-ip-lpr-resolucion-de-3-mp-lente-mot-16-a-40mm-30-28-12-8-ir-30-mts-ia-wizmind-deteccion-facial-lectura-de-placas-deteccion-de-vehiculo","status":"publish","type":"product","link":"https:\/\/tecsecmty.com\/index.php\/producto\/dahua-itc352-au3f-lzf1640-camara-ip-lpr-resolucion-de-3-mp-lente-mot-16-a-40mm-30-28-12-8-ir-30-mts-ia-wizmind-deteccion-facial-lectura-de-placas-deteccion-de-vehiculo\/","title":{"rendered":"DAHUA -ITC352-AU3F-LZF1640 &#8211; C\u00e1mara IP LPR Resoluci\u00f3n de 3 MP\/ Lente Mot. 16 a 40mm\/ \u2222 30.28\u00b0-12.8\u00b0\/ IR 30 mts\/ IA WizMind\/ Detecci\u00f3n Facial\/ Lectura de Placas\/ Detecci\u00f3n de Veh\u00edculos\/ Tipo, Color, Marca\/ WDR\/ H.265\/ IP66\/ E&amp;S Alarma\/ E&amp;S Audio\/"},"content":{"rendered":"<div class=\"row aling-items-center padding-bottom-2x\">\n<div class=\"col-lg-12\">\n<h5 class=\"card-title text-center\">Informaci\u00f3n General<\/h5>\n<p class=\"ql-align-justify\">Con su procesador de inteligencia artificial de alto rendimiento, la c\u00e1mara de reconocimiento de placas cuenta con inteligencia artificial, permitiendo precisi\u00f3n al capturar las placas. La c\u00e1mara cuenta con un infrarrojo para visi\u00f3n nocturna y su resoluci\u00f3n de 3MP ofrece im\u00e1genes de excelente calidad incluso en condiciones clim\u00e1ticas adversas. Para el monitoreo, la c\u00e1mara utiliza inteligencia avanzada para el an\u00e1lisis de escenarios de trafico obteniendo im\u00e1genes de gran calidad. Los iluminadores IR complementan la luz cuando la c\u00e1mara captura las matr\u00edculas sin usar la luz intermitente o estrobosc\u00f3pica externa, lo que reduce significativamente la contaminaci\u00f3n lum\u00ednica.<\/p>\n<p><img decoding=\"async\" class=\"overview-center-img-web\" src=\"https:\/\/tvc.mx\/media\/489912\/camara-de-trafico-inteligente-3-megapixeles-ITC352-AU3F-LZF1640-Dahua.png\" alt=\"\" \/><\/div>\n<\/div>\n<div class=\"row align-items-center padding-bottom-2x\">\n<div class=\"col-md-5\"><img decoding=\"async\" class=\"d-block m-auto img-thumbnail\" src=\"https:\/\/tvc.mx\/media\/489914\/contaminacion-luminica.png\" alt=\" \" \/><\/div>\n<div class=\"col-md-7 text-md-left text-center\">\n<h2>Reducci\u00f3n de la contaminaci\u00f3n lum\u00ednica<\/h2>\n<p class=\"text-muted\">\n<p class=\"ql-align-justify\">Los iluminadores IR complementan la luz cuando la c\u00e1mara captura las matr\u00edculas sin usar la luz intermitente o estrobosc\u00f3pica externa, lo que reduce significativamente la contaminaci\u00f3n lum\u00ednica.<\/p>\n<p>&nbsp;<\/p>\n<\/div>\n<\/div>\n<hr class=\"padding-bottom-2x\" \/>\n<div class=\"row align-items-center padding-bottom-2x\">\n<div class=\"col-md-5 order-md-2\"><img decoding=\"async\" class=\"d-block m-auto img-thumbnail\" src=\"https:\/\/tvc.mx\/media\/489916\/rapides-Dahua.png\" alt=\" \" \/><\/div>\n<div class=\"col-md-7 order-md-1 text-md-left text-center\">\n<h2>Velocidad de fotogramas ultra alta<\/h2>\n<p class=\"text-muted\">\n<p class=\"ql-align-justify\">Utiliza sensores de imagen GS-CMOS de alto rendimiento y espec\u00edficos para el tr\u00e1fico con un amplio rango din\u00e1mico, alta velocidad de fotogramas y alta relaci\u00f3n se\u00f1al-ruido, que muestra im\u00e1genes de video realistas de d\u00eda y de noche.<\/p>\n<p>&nbsp;<\/p>\n<\/div>\n<\/div>\n<hr class=\"padding-bottom-2x\" \/>\n<div class=\"row align-items-center padding-bottom-2x\">\n<div class=\"col-md-5\"><img decoding=\"async\" class=\"d-block m-auto img-thumbnail\" src=\"https:\/\/tvc.mx\/media\/489918\/Busqueda-inteligente.png\" alt=\" \" \/><\/div>\n<div class=\"col-md-7 text-md-left text-center\">\n<h2>Metadatos de video<\/h2>\n<p class=\"text-muted\">\n<p class=\"ql-align-justify\">Los algoritmos de aprendizaje profundo y su procesador de inteligencia artificial de alto rendimiento permiten que la c\u00e1mara detecte y extraiga informaci\u00f3n detallada sobre los veh\u00edculos, proporcionando una fuente de datos confiable que se puede usar para tomar decisiones efectivas.<\/p>\n<p>&nbsp;<\/p>\n<\/div>\n<\/div>\n<hr class=\"padding-bottom-2x\" \/>\n<div class=\"row align-items-center padding-bottom-2x\">\n<div class=\"col-md-5 order-md-2\"><img decoding=\"async\" class=\"d-block m-auto img-thumbnail\" src=\"https:\/\/tvc.mx\/media\/489920\/carretera-dahua.png\" alt=\" \" \/><\/div>\n<div class=\"col-md-7 order-md-1 text-md-left text-center\">\n<h2>Aplicaciones para carretera<\/h2>\n<p class=\"text-muted\">\n<p class=\"ql-align-justify\">Ideal para escenarios en los que se necesita el reconocimiento de matr\u00edculas, la c\u00e1mara es capaz de capturar m\u00e1s de diez tipos diferentes de infracciones de tr\u00e1fico y admite la recopilaci\u00f3n de informaci\u00f3n de tr\u00e1fico y la detecci\u00f3n de eventos. Es adecuado para escenarios de carretera.<\/p>\n<p>&nbsp;<\/p>\n<\/div>\n<\/div>\n<hr class=\"padding-bottom-2x\" \/>\n<div class=\"row align-items-center padding-bottom-2x\">\n<div class=\"col-md-5\"><img decoding=\"async\" class=\"d-block m-auto img-thumbnail\" src=\"https:\/\/tvc.mx\/media\/489922\/camara-de-trafico-inteligente-3-megapixeles-ITC352-AU3F-LZF1640-Dahua-caracteristicas.png\" alt=\" \" \/><\/div>\n<div class=\"col-md-7 text-md-left text-center\">\n<h2>Principales Caracter\u00edsticas<\/h2>\n<p class=\"text-muted\">\n<ul>\n<li>Est\u00e1ndares de compresi\u00f3n de video: H.265, H.264M, H.264H y MJPEG.<\/li>\n<li>Dise\u00f1o integrado, clasificaci\u00f3n IP66.<\/li>\n<\/ul>\n<p><strong>Caracter\u00edstica clave (bajo la instalaci\u00f3n recomendada y condiciones de luz):<\/strong><\/p>\n<ul>\n<li>Cobertura de carril: 1-2 carriles\u00a0<strong>(verificar espacio en carriles)<\/strong><\/li>\n<li>Rango de velocidad de captura: 5~250 KM\/h<\/li>\n<li>Tasa de captura: &gt;99%<\/li>\n<li>Precisi\u00f3n LPR: &gt;98%<\/li>\n<\/ul>\n<p>&nbsp;<\/p>\n<\/div>\n<\/div>\n<hr class=\"padding-bottom-2x\" \/>\n<div class=\"row align-items-center padding-bottom-2x\">\n<div class=\"col-md-5 order-md-2\"><img decoding=\"async\" class=\"d-block m-auto img-thumbnail\" src=\"https:\/\/tvc.mx\/media\/489928\/camara-de-trafico-inteligente-3-megapixeles-ITC352-AU3F-LZF1640-Dahua-especificaciones.png\" alt=\" \" \/><\/div>\n<div class=\"col-md-7 order-md-1 text-md-left text-center\">\n<h2>Especificaciones<\/h2>\n<p class=\"text-muted\">\n<ul>\n<li>CMOS GS de 2\/3&#8243;<\/li>\n<li>Reducci\u00f3n de ruido NR 3D; NR 2D<\/li>\n<li>WDR real 90dB<\/li>\n<li>Carril cubierto: 2 carriles\u00a0<strong>(verificar espacio en carriles)<\/strong><\/li>\n<li>Lente Varifocal motorizado 16 mm\u201340 mm<\/li>\n<li>Detecci\u00f3n de objetivos: Veh\u00edculo de motor; motocicleta<\/li>\n<li>Detecta al conductor y al pasajero del asiento delantero de veh\u00edculos motorizados y conductores de motocicletas; Im\u00e1genes de extracci\u00f3n de rostro.<\/li>\n<li>Modo ANPR: conducci\u00f3n en sentido contrario, exceso de velocidad, conducci\u00f3n lenta, cruce de la l\u00ednea continua blanca, cruce de la l\u00ednea continua amarilla, cambio de carril ilegal<\/li>\n<li>Compresi\u00f3n de video H.265; H.264M; H.264H; MJPEG<\/li>\n<li>1, admite almacenamiento local m\u00e1ximo de tarjeta TF de 256 GB<\/li>\n<li>1, se conecta a DC iris o P iris<\/li>\n<li>1, se conecta a una lente varifocal motorizada<\/li>\n<li>1, admite la sincronizaci\u00f3n de la c\u00e1mara con la red el\u00e9ctrica<\/li>\n<li>2 puertos USB 2.0<\/li>\n<li>Fuente de alimentaci\u00f3n 100\u2013240 VCA, 50 Hz\/60 Hz<\/li>\n<li>Protecci\u00f3n IP66<\/li>\n<\/ul>\n<\/div>\n<\/div>\n","protected":false},"excerpt":{"rendered":"<p>Informaci\u00f3n General Con su procesador de inteligencia artificial de alto rendimiento, la c\u00e1mara de reconocimiento de placas cuenta con inteligencia artificial, permitiendo precisi\u00f3n al capturar las placas. La c\u00e1mara cuenta con un infrarrojo para visi\u00f3n nocturna y su resoluci\u00f3n de 3MP ofrece im\u00e1genes de excelente&hellip;<\/p>\n","protected":false},"featured_media":2266,"comment_status":"open","ping_status":"closed","template":"","meta":{"om_disable_all_campaigns":false,"_monsterinsights_skip_tracking":false,"_monsterinsights_sitenote_active":false,"_monsterinsights_sitenote_note":"","_monsterinsights_sitenote_category":0},"product_brand":[],"product_cat":[131],"product_tag":[133,38,66,132],"class_list":{"0":"post-2267","1":"product","2":"type-product","3":"status-publish","4":"has-post-thumbnail","6":"product_cat-lpr","7":"product_tag-camara-lpr","8":"product_tag-camaras-de-seguridad","9":"product_tag-dahua","10":"product_tag-lpr","12":"first","13":"instock","14":"sale","15":"taxable","16":"shipping-taxable","17":"purchasable","18":"product-type-simple"},"aioseo_notices":[],"_links":{"self":[{"href":"https:\/\/tecsecmty.com\/index.php\/wp-json\/wp\/v2\/product\/2267","targetHints":{"allow":["GET"]}}],"collection":[{"href":"https:\/\/tecsecmty.com\/index.php\/wp-json\/wp\/v2\/product"}],"about":[{"href":"https:\/\/tecsecmty.com\/index.php\/wp-json\/wp\/v2\/types\/product"}],"replies":[{"embeddable":true,"href":"https:\/\/tecsecmty.com\/index.php\/wp-json\/wp\/v2\/comments?post=2267"}],"version-history":[{"count":0,"href":"https:\/\/tecsecmty.com\/index.php\/wp-json\/wp\/v2\/product\/2267\/revisions"}],"wp:featuredmedia":[{"embeddable":true,"href":"https:\/\/tecsecmty.com\/index.php\/wp-json\/wp\/v2\/media\/2266"}],"wp:attachment":[{"href":"https:\/\/tecsecmty.com\/index.php\/wp-json\/wp\/v2\/media?parent=2267"}],"wp:term":[{"taxonomy":"product_brand","embeddable":true,"href":"https:\/\/tecsecmty.com\/index.php\/wp-json\/wp\/v2\/product_brand?post=2267"},{"taxonomy":"product_cat","embeddable":true,"href":"https:\/\/tecsecmty.com\/index.php\/wp-json\/wp\/v2\/product_cat?post=2267"},{"taxonomy":"product_tag","embeddable":true,"href":"https:\/\/tecsecmty.com\/index.php\/wp-json\/wp\/v2\/product_tag?post=2267"}],"curies":[{"name":"wp","href":"https:\/\/api.w.org\/{rel}","templated":true}]}}