{"id":2271,"date":"2023-02-22T18:58:04","date_gmt":"2023-02-23T00:58:04","guid":{"rendered":"https:\/\/tecsecmty.com\/index.php\/producto\/dahua-ipc-hdbw3441r-as-p-camara-ip-domo-antivandalica-resolucion-de-4-mp-lente-2-1-mm-%e2%88%a2-180-ir-15-mts-ia-wizsense-det-de-mov-inteligente-proteccion-perimetral-starlight-poe\/"},"modified":"2023-03-22T23:22:48","modified_gmt":"2023-03-23T05:22:48","slug":"dahua-ipc-hdbw3441r-as-p-camara-ip-domo-antivandalica-resolucion-de-4-mp-lente-2-1-mm-180-ir-15-mts-ia-wizsense-det-de-mov-inteligente-proteccion-perimetral-starlight-poe","status":"publish","type":"product","link":"https:\/\/tecsecmty.com\/index.php\/producto\/dahua-ipc-hdbw3441r-as-p-camara-ip-domo-antivandalica-resolucion-de-4-mp-lente-2-1-mm-180-ir-15-mts-ia-wizsense-det-de-mov-inteligente-proteccion-perimetral-starlight-poe\/","title":{"rendered":"DAHUA IPC-HDBW3441R-AS-P &#8211; C\u00e1mara IP Domo Antivand\u00e1lica Resoluci\u00f3n de 4 MP\/ Lente 2.1 mm\/ \u2222 180\u00b0\/ IR 15 mts\/ IA WizSense\/ Det. de Mov. Inteligente\/ Protecci\u00f3n Perimetral \/ Starlight \/ PoE \/ WDR \/ H.265+ \/ IP67 \/ IK10 \/ Micr\u00f3fono \/ E&amp;S Alarma"},"content":{"rendered":"<div class=\"row aling-items-center padding-bottom-2x\">\n<div class=\"col-lg-12\">\n<h5 class=\"card-title text-center\">Informaci\u00f3n General<\/h5>\n<p class=\"ql-align-justify\">Con un algoritmo de aprendizaje profundo avanzado, la c\u00e1mara de red de la serie Dahua WizSense 3 admite funciones inteligentes, como protecci\u00f3n perimetral y detecci\u00f3n de movimiento inteligente. Con la tecnolog\u00eda Starlight, esta c\u00e1mara de la serie proporciona un mejor efecto de imagen en condiciones de baja iluminaci\u00f3n.<\/p>\n<p><img decoding=\"async\" class=\"overview-center-img-web\" src=\"https:\/\/tvc.mx\/media\/495144\/camara-ip-domo-4-megapixeles-wizsense-anfulo-180-IPC-HDBW3441R-AS-P-Dahua.png\" alt=\"\" \/><\/div>\n<\/div>\n<div class=\"row align-items-center padding-bottom-2x\">\n<div class=\"col-md-5\"><img decoding=\"async\" class=\"d-block m-auto img-thumbnail\" src=\"https:\/\/tvc.mx\/media\/495146\/EPTZ-dahua.png\" alt=\" \" \/><\/div>\n<div class=\"col-md-7 text-md-left text-center\">\n<h2>Detecci\u00f3n y seguimiento avanzado<\/h2>\n<p class=\"text-muted\">\n<p class=\"ql-align-justify\">Con algoritmos avanzados de detecci\u00f3n y seguimiento de objetivos, la tecnolog\u00eda Dahua EPTZ puede acercarse y rastrear simult\u00e1neamente a m\u00faltiples personas y veh\u00edculos que activan las alarmas. Proporciona ricos detalles y una vista panor\u00e1mica al mismo tiempo.<\/p>\n<p>&nbsp;<\/p>\n<\/div>\n<\/div>\n<hr class=\"padding-bottom-2x\" \/>\n<div class=\"row align-items-center padding-bottom-2x\">\n<div class=\"col-md-5 order-md-2\"><img decoding=\"async\" class=\"d-block m-auto img-thumbnail\" src=\"https:\/\/tvc.mx\/media\/495148\/SMD-plus-Dahua.png\" alt=\" \" \/><\/div>\n<div class=\"col-md-7 order-md-1 text-md-left text-center\">\n<h2>SMD 3.0<\/h2>\n<p class=\"text-muted\">\n<p class=\"ql-align-justify\">Con un algoritmo inteligente, la tecnolog\u00eda de detecci\u00f3n de movimiento inteligente de Dahua puede categorizar los objetivos que activan la detecci\u00f3n de movimiento y filtrar la alarma de detecci\u00f3n de movimiento activada por objetivos no afectados para generar una alarma efectiva y precisa.<\/p>\n<p>&nbsp;<\/p>\n<\/div>\n<\/div>\n<hr class=\"padding-bottom-2x\" \/>\n<div class=\"row align-items-center padding-bottom-2x\">\n<div class=\"col-md-5\"><img decoding=\"async\" class=\"d-block m-auto img-thumbnail\" src=\"https:\/\/tvc.mx\/media\/495150\/h.265plus-y-h.264plus-dahua.png\" alt=\" \" \/><\/div>\n<div class=\"col-md-7 text-md-left text-center\">\n<h2>Codificaci\u00f3n Inteligente<\/h2>\n<p class=\"text-muted\">\n<p class=\"ql-align-justify\">Con un algoritmo avanzado de control de velocidad adaptable a la escena, la tecnolog\u00eda de codificaci\u00f3n inteligente de Dahua logra una mayor eficiencia de codificaci\u00f3n que H.265 y H.264, proporciona video de alta calidad y reduce el costo de almacenamiento y transmisi\u00f3n.<\/p>\n<p>&nbsp;<\/p>\n<\/div>\n<\/div>\n<hr class=\"padding-bottom-2x\" \/>\n<div class=\"row align-items-center padding-bottom-2x\">\n<div class=\"col-md-5 order-md-2\"><img decoding=\"async\" class=\"d-block m-auto img-thumbnail\" src=\"https:\/\/tvc.mx\/media\/495152\/proteccion-perimetral-dahua.png\" alt=\" \" \/><\/div>\n<div class=\"col-md-7 order-md-1 text-md-left text-center\">\n<h2>Protecci\u00f3n perimetral<\/h2>\n<p class=\"text-muted\">\n<p class=\"ql-align-justify\">Con un algoritmo de aprendizaje profundo, la tecnolog\u00eda de protecci\u00f3n perimetral de Dahua puede reconocer a humanos y veh\u00edculos con precisi\u00f3n. En \u00e1reas restringidas (como \u00e1reas para peatones y veh\u00edculos), las falsas alarmas de detecci\u00f3n inteligente basadas en el tipo de objetivo (como cable trampa, intrusi\u00f3n) se reducen en gran medida.<\/p>\n<p>&nbsp;<\/p>\n<\/div>\n<\/div>\n<hr class=\"padding-bottom-2x\" \/>\n<div class=\"row align-items-center padding-bottom-2x\">\n<div class=\"col-md-5\"><img decoding=\"async\" class=\"d-block m-auto img-thumbnail\" src=\"https:\/\/tvc.mx\/media\/495154\/IP67-IK10-Dahua.png\" alt=\" \" \/><\/div>\n<div class=\"col-md-7 text-md-left text-center\">\n<h2>Protecci\u00f3n<\/h2>\n<p class=\"text-muted\">\n<p class=\"ql-align-justify\">IP67: la c\u00e1mara pasa una serie de pruebas estrictas sobre polvo y remojo. Tiene una funci\u00f3n a prueba de polvo y la carcasa puede funcionar normalmente despu\u00e9s de sumergirse en agua a 1 m de profundidad durante 30 minutos.<\/p>\n<p class=\"ql-align-justify\">IK10: El recinto puede soportar m\u00e1s de 5 golpes de un martillo de 5 kg que cae desde una altura de 40 cm (la energ\u00eda del impacto es de 20J). Amplio voltaje: la c\u00e1mara permite una tolerancia de voltaje de entrada de \u00b130 % (para algunas fuentes de alimentaci\u00f3n) (amplio rango de voltaje) y se aplica ampliamente en ambientes exteriores con voltaje inestable.<\/p>\n<p>&nbsp;<\/p>\n<\/div>\n<\/div>\n<hr class=\"padding-bottom-2x\" \/>\n<div class=\"row align-items-center padding-bottom-2x\">\n<div class=\"col-md-5 order-md-2\"><img decoding=\"async\" class=\"d-block m-auto img-thumbnail\" src=\"https:\/\/tvc.mx\/media\/495156\/camara-ip-domo-4-megapixeles-wizsense-anfulo-180-IPC-HDBW3441R-AS-P-Dahua-caracteristicas.png\" alt=\" \" \/><\/div>\n<div class=\"col-md-7 order-md-1 text-md-left text-center\">\n<h2>Principales Caracter\u00edsticas<\/h2>\n<p class=\"text-muted\">\n<ul>\n<li>C\u00f3dec H.265, alta tasa de compresi\u00f3n, tasa de bits ultrabaja.<\/li>\n<li>LED IR incorporado y el m\u00e1x. distancia de iluminaci\u00f3n es de 15 m.<\/li>\n<li>ROI, SMART H.264 +\/H.265+, AI H.264\/H.265, codificaci\u00f3n flexible, aplicable a varios entornos de almacenamiento y ancho de banda.<\/li>\n<li>Modo de rotaci\u00f3n, WDR, 3D NR, HLC, BLC, marca de agua digital, aplicable a varias escenas de monitoreo.<\/li>\n<li>Monitoreo inteligente: Intrusi\u00f3n, cable trampa (las dos funciones admiten la clasificaci\u00f3n y detecci\u00f3n precisa de veh\u00edculos y humanos).<\/li>\n<li>Detecci\u00f3n de anomal\u00edas: detecci\u00f3n de movimiento, manipulaci\u00f3n de video, cambio de escena, detecci\u00f3n de audio, sin tarjeta SD, tarjeta SD llena, error de tarjeta SD, desconexi\u00f3n de red, conflicto de IP, acceso ilegal y detecci\u00f3n de voltaje.<\/li>\n<li>Alarma: 1 entrada, 1 salida; audio: 1 entrada, 1 salida; admite m\u00e1x. Tarjeta Micro SD de 256G; Micr\u00f3fono integrado.<\/li>\n<li>EPTZ: ampl\u00ede y rastree los objetivos de las alarmas inteligentes.<\/li>\n<li>SMD 3.0.<\/li>\n<\/ul>\n<p>&nbsp;<\/p>\n<\/div>\n<\/div>\n<hr class=\"padding-bottom-2x\" \/>\n<div class=\"row align-items-center padding-bottom-2x\">\n<div class=\"col-md-5\"><img decoding=\"async\" class=\"d-block m-auto img-thumbnail\" src=\"https:\/\/tvc.mx\/media\/495158\/camara-ip-domo-4-megapixeles-wizsense-anfulo-180-IPC-HDBW3441R-AS-P-Dahua-especificaciones.png\" alt=\" \" \/><\/div>\n<div class=\"col-md-7 text-md-left text-center\">\n<h2>Especificaciones<\/h2>\n<p class=\"text-muted\">\n<ul>\n<li>CMOS de 1\/2,7&#8243;<\/li>\n<li>4 megap\u00edxeles<\/li>\n<li>Distancia de iluminaci\u00f3n 15 m (LED IR)<\/li>\n<li>Lente fijo 2.1 mm<\/li>\n<li>IVS (Protecci\u00f3n Perimetral): Intrusi\u00f3n, cable trampa (las dos funciones admiten la clasificaci\u00f3n y detecci\u00f3n precisa de veh\u00edculos y personas)<\/li>\n<li>SMD 3.0: Menos falsa alarma, mayor distancia de detecci\u00f3n<\/li>\n<li>Trabaje junto con Smart NVR para realizar b\u00fasquedas inteligentes refinadas, extracci\u00f3n de eventos y fusi\u00f3n con videos de eventos<\/li>\n<li>Compresi\u00f3n de video: H.265; H.264; H.264B; MJPEG (Solo compatible con la transmisi\u00f3n secundaria)<\/li>\n<li>C\u00f3dec inteligente: Inteligente H.265+; Inteligente H.264+<\/li>\n<li>WDR real 120dB<\/li>\n<li>Reducci\u00f3n de ruido NR 3D<\/li>\n<li>MICR\u00d3FONO incorporado<\/li>\n<li>Entrada de audio 1 canal (puerto RCA)<\/li>\n<li>Salida de audio 1 canal (puerto RCA)<\/li>\n<li>Entrada de alarma 1 canal de entrada: 5 mA 3\u20135 VCC<\/li>\n<li>Salida de alarma 1 canal de salida: 1000 mA 30 V CC\/500 mA 50 V CC<\/li>\n<li>Fuente de alimentaci\u00f3n 12 VCC\/PoE<\/li>\n<li>Protecci\u00f3n IP67, IK10<\/li>\n<\/ul>\n<\/div>\n<\/div>\n","protected":false},"excerpt":{"rendered":"<p>Informaci\u00f3n General Con un algoritmo de aprendizaje profundo avanzado, la c\u00e1mara de red de la serie Dahua WizSense 3 admite funciones inteligentes, como protecci\u00f3n perimetral y detecci\u00f3n de movimiento inteligente. Con la tecnolog\u00eda Starlight, esta c\u00e1mara de la serie proporciona un mejor efecto de imagen&hellip;<\/p>\n","protected":false},"featured_media":2270,"comment_status":"open","ping_status":"closed","template":"","meta":{"om_disable_all_campaigns":false,"_monsterinsights_skip_tracking":false,"_monsterinsights_sitenote_active":false,"_monsterinsights_sitenote_note":"","_monsterinsights_sitenote_category":0},"product_brand":[],"product_cat":[134],"product_tag":[136,38,66,135],"class_list":{"0":"post-2271","1":"product","2":"type-product","3":"status-publish","4":"has-post-thumbnail","6":"product_cat-panoramica-180","7":"product_tag-camara-panoramica","8":"product_tag-camaras-de-seguridad","9":"product_tag-dahua","10":"product_tag-panoramica","12":"first","13":"instock","14":"sale","15":"taxable","16":"shipping-taxable","17":"purchasable","18":"product-type-simple"},"aioseo_notices":[],"_links":{"self":[{"href":"https:\/\/tecsecmty.com\/index.php\/wp-json\/wp\/v2\/product\/2271","targetHints":{"allow":["GET"]}}],"collection":[{"href":"https:\/\/tecsecmty.com\/index.php\/wp-json\/wp\/v2\/product"}],"about":[{"href":"https:\/\/tecsecmty.com\/index.php\/wp-json\/wp\/v2\/types\/product"}],"replies":[{"embeddable":true,"href":"https:\/\/tecsecmty.com\/index.php\/wp-json\/wp\/v2\/comments?post=2271"}],"version-history":[{"count":0,"href":"https:\/\/tecsecmty.com\/index.php\/wp-json\/wp\/v2\/product\/2271\/revisions"}],"wp:featuredmedia":[{"embeddable":true,"href":"https:\/\/tecsecmty.com\/index.php\/wp-json\/wp\/v2\/media\/2270"}],"wp:attachment":[{"href":"https:\/\/tecsecmty.com\/index.php\/wp-json\/wp\/v2\/media?parent=2271"}],"wp:term":[{"taxonomy":"product_brand","embeddable":true,"href":"https:\/\/tecsecmty.com\/index.php\/wp-json\/wp\/v2\/product_brand?post=2271"},{"taxonomy":"product_cat","embeddable":true,"href":"https:\/\/tecsecmty.com\/index.php\/wp-json\/wp\/v2\/product_cat?post=2271"},{"taxonomy":"product_tag","embeddable":true,"href":"https:\/\/tecsecmty.com\/index.php\/wp-json\/wp\/v2\/product_tag?post=2271"}],"curies":[{"name":"wp","href":"https:\/\/api.w.org\/{rel}","templated":true}]}}