{"id":2275,"date":"2023-02-22T18:58:09","date_gmt":"2023-02-23T00:58:09","guid":{"rendered":"https:\/\/tecsecmty.com\/index.php\/producto\/dahua-ipc-pfw8840n-a180-e4-dc12ac-camara-ip-bullet-panoramica-4k-resolucion-de-8-mp-lente-2-8-mm-%e2%88%a2-180-ir-30-mts-ia-wizmind-densidad-de-multitud-de-personas-y-vehiculos-visualiza\/"},"modified":"2023-03-22T23:22:55","modified_gmt":"2023-03-23T05:22:55","slug":"dahua-ipc-pfw8840n-a180-ead-de-multitud-de-personas-y-vehiculos-visualiza4-dc12ac-camara-ip-bullet-panoramica-4k-resolucion-de-8-mp-lente-2-8-mm-180-ir-30-mts-ia-wizmind-densid","status":"publish","type":"product","link":"https:\/\/tecsecmty.com\/index.php\/producto\/dahua-ipc-pfw8840n-a180-ead-de-multitud-de-personas-y-vehiculos-visualiza4-dc12ac-camara-ip-bullet-panoramica-4k-resolucion-de-8-mp-lente-2-8-mm-180-ir-30-mts-ia-wizmind-densid\/","title":{"rendered":"DAHUA IPC-PFW8840N-A180-E4-DC12AC &#8211; C\u00e1mara IP Bullet Panor\u00e1mica 4K Resoluci\u00f3n de 8 MP\/ Lente 2.8 mm\/ \u2222 180\u00b0\/ IR 30 mts\/ IA WizMind\/ Densidad de Multitud de Personas y Veh\u00edculos\/ Visualizaci\u00f3n Panor\u00e1mica\/ PoE\/ DWDR\/ H.265+\/ IP67\/ IK10\/ E&amp;S Alarma\/"},"content":{"rendered":"<div class=\"row aling-items-center padding-bottom-2x\">\n<div class=\"col-lg-12\">\n<h5 class=\"card-title text-center\">Informaci\u00f3n General<\/h5>\n<p>La c\u00e1mara IPC-PFW8840N-A180-E4 cuenta con 4 lentes de 2MP cada uno, con una longitud focal de 2.9mm con lo cual proporciona una salida de video de 8MP (4096 \u00d7 1800) a 30 fps, soporta las compresiones de video: H.265; H.264; H.264H; H.264B; MJPEG (solo compatible con la transmisi\u00f3n secundaria).<\/p>\n<p><img decoding=\"async\" class=\"overview-center-img-web\" src=\"https:\/\/tvc.mx\/media\/200031\/dahua-camara-IP-IPC-PFW8840-A180-multisensor-180grados-bullet.png\" alt=\"\" \/><\/p>\n<\/div>\n<\/div>\n<div class=\"row aling-items-center padding-bottom-2x\">\n<div class=\"col-lg-12\">\n<h5 class=\"card-title text-center\">Empalme Panor\u00e1mico<\/h5>\n<p>Con el algoritmo de empalme avanzado, la tecnolog\u00eda de empalme panor\u00e1mico de Dahua elimina el \u00e1rea superpuesta y empalma varias im\u00e1genes para obtener un panorama completo. El campo de visi\u00f3n de la imagen empalmada puede ser de hasta 360 \u00b0, lo que mejora en gran medida la eficiencia de la vigilancia y la experiencia del usuario. Generalmente, despu\u00e9s del empalme, el campo de visi\u00f3n de la c\u00e1mara de cuatro sensores puede ser de 180 \u00b0 y el campo de visi\u00f3n de la c\u00e1mara de ocho sensores puede ser de 360<\/p>\n<p><img decoding=\"async\" class=\"overview-center-img-web\" src=\"https:\/\/tvc.mx\/media\/184689\/dahua-camara-IP-IPC-PFW8840-A180-multisensor-180grados-panoramica.png\" alt=\"\" \/><\/p>\n<\/div>\n<\/div>\n<div class=\"row aling-items-center padding-bottom-2x\">\n<div class=\"col-lg-12\">\n<h5 class=\"card-title text-center\">Funciones IVS<\/h5>\n<p>Cuenta con\u00a0funciones\u00a0IVS por lo que tiene la capacidad de detectar y\u00a0analizar objetos en movimiento para mejorar la vigilancia por video.<\/p>\n<ul>\n<li class=\"ql-align-justify\">Tripwire.<\/li>\n<li class=\"ql-align-justify\">Intrusi\u00f3n<\/li>\n<\/ul>\n<p><img decoding=\"async\" class=\"overview-center-img-web\" src=\"https:\/\/tvc.mx\/media\/184785\/dahua-camara-IP-IPC-PFW8840-A180-multisensor-180grados-panoramica-ivs.png\" alt=\"\" \/><\/p>\n<\/div>\n<\/div>\n<div class=\"row aling-items-center padding-bottom-2x\">\n<div class=\"col-lg-12\">\n<h5 class=\"card-title text-center\">Distancia DORI<\/h5>\n<p>La distancia DORI es una proximidad general de la distancia que hace que sea f\u00e1cil elegir la c\u00e1mara adecuada para sus necesidades. La distancia DORI se calcula sobre la base de la especificaci\u00f3n del sensor y del resultado de la prueba de laboratorio seg\u00fan EN 62676-4, que define los criterios para Detectar, Observar, Reconocer e Identificar, respectivamente, por lo que esta c\u00e1mara cuenta con la capacidad de:<\/p>\n<p><img decoding=\"async\" class=\"overview-center-img-web\" src=\"https:\/\/tvc.mx\/media\/184753\/dahua-camara-IP-IPC-PFW8840-A180-multisensor-180grados-panoramica-dori.png\" alt=\"\" \/><\/p>\n<\/div>\n<\/div>\n<div class=\"row aling-items-center padding-bottom-2x\">\n<div class=\"col-lg-12\">\n<h5 class=\"card-title text-center\">Protecci\u00f3n (IP67, IK10, voltaje amplio)<\/h5>\n<p><strong>IP67:<\/strong>\u00a0la c\u00e1mara pasa una serie de estrictas pruebas de polvo y remojo. Tiene funci\u00f3n a prueba de polvo, y el gabinete puede funcionar normalmente despu\u00e9s de remojarlo en agua de 1 m de profundidad durante 30 minutos.<\/p>\n<p><strong>IK10:<\/strong>\u00a0El recinto puede soportar el golpe m\u00e1s de 5 veces de un martillo de 5 kg que cae desde una altura de 40 cm (la energ\u00eda de impacto es 20J).<\/p>\n<p><strong>Voltaje amplio:<\/strong>\u00a0la c\u00e1mara permite una tolerancia de voltaje de entrada de \u00b1 30% (rango de voltaje amplio) y se aplica ampliamente a entornos exteriores con voltaje inestable.<\/p>\n<p><img decoding=\"async\" class=\"overview-center-img-web\" src=\"https:\/\/tvc.mx\/media\/184665\/dahua-camara-IP-IPC-PFW8840-A180-multisensor-180grados-bullet-ip67.png\" alt=\"\" \/><\/p>\n<\/div>\n<\/div>\n<div class=\"row aling-items-center padding-bottom-2x\">\n<div class=\"col-lg-12\">\n<h5 class=\"card-title text-center\">Principales Caracter\u00edsticas<\/h5>\n<ul>\n<li>Cuatro sensores de imagen CMOS de 2MP 1 \/ 2.8 \u00ab, baja iluminaci\u00f3n, alta definici\u00f3n de imagen<\/li>\n<li>Salidas m\u00e1x. 8MP (4096 \u00d7 1800) a 30 fps<\/li>\n<li>C\u00f3dec H.265, alta tasa de compresi\u00f3n, tasa de bits ultra baja<\/li>\n<li>LED IR incorporado, m\u00e1x. Distancia IR: 30 m<\/li>\n<li>ROI, SMART H.264 + \/ H.265 +, codificaci\u00f3n flexible, aplicable a varios entornos de almacenamiento y ancho de banda<\/li>\n<li>DWDR, 3D NR, HLC, BLC, marca de agua digital<\/li>\n<li>Funciones inteligentes: mapa de distribuci\u00f3n de multitudes, situaci\u00f3n de densidad de veh\u00edculos<\/li>\n<li>Alarma: 2 entradas, 2 salidas<\/li>\n<li>Audio: 1 entrada, 1 salida<\/li>\n<li>Soporta tarjeta SD de 256 G m\u00e1ximo<\/li>\n<li>Fuente de alimentaci\u00f3n 12V DC \/ 24V AC (No incluida)\/ PoE; f\u00e1cil de instalar<\/li>\n<li>Admite seguimiento de objetos<\/li>\n<li>Protecci\u00f3n IP67, IK10<\/li>\n<\/ul>\n<p><img decoding=\"async\" class=\"overview-center-img-web\" src=\"https:\/\/tvc.mx\/media\/184781\/DAHUA-LOGO-ESCALADO.jpg\" alt=\"\" \/><\/p>\n<\/div>\n<\/div>\n","protected":false},"excerpt":{"rendered":"<p>Informaci\u00f3n General La c\u00e1mara IPC-PFW8840N-A180-E4 cuenta con 4 lentes de 2MP cada uno, con una longitud focal de 2.9mm con lo cual proporciona una salida de video de 8MP (4096 \u00d7 1800) a 30 fps, soporta las compresiones de video: H.265; H.264; H.264H; H.264B; MJPEG&hellip;<\/p>\n","protected":false},"featured_media":2274,"comment_status":"open","ping_status":"closed","template":"","meta":{"om_disable_all_campaigns":false,"_monsterinsights_skip_tracking":false,"_monsterinsights_sitenote_active":false,"_monsterinsights_sitenote_note":"","_monsterinsights_sitenote_category":0},"product_brand":[],"product_cat":[134],"product_tag":[136,38,66,135],"class_list":{"0":"post-2275","1":"product","2":"type-product","3":"status-publish","4":"has-post-thumbnail","6":"product_cat-panoramica-180","7":"product_tag-camara-panoramica","8":"product_tag-camaras-de-seguridad","9":"product_tag-dahua","10":"product_tag-panoramica","12":"first","13":"instock","14":"sale","15":"taxable","16":"shipping-taxable","17":"purchasable","18":"product-type-simple"},"aioseo_notices":[],"_links":{"self":[{"href":"https:\/\/tecsecmty.com\/index.php\/wp-json\/wp\/v2\/product\/2275","targetHints":{"allow":["GET"]}}],"collection":[{"href":"https:\/\/tecsecmty.com\/index.php\/wp-json\/wp\/v2\/product"}],"about":[{"href":"https:\/\/tecsecmty.com\/index.php\/wp-json\/wp\/v2\/types\/product"}],"replies":[{"embeddable":true,"href":"https:\/\/tecsecmty.com\/index.php\/wp-json\/wp\/v2\/comments?post=2275"}],"version-history":[{"count":0,"href":"https:\/\/tecsecmty.com\/index.php\/wp-json\/wp\/v2\/product\/2275\/revisions"}],"wp:featuredmedia":[{"embeddable":true,"href":"https:\/\/tecsecmty.com\/index.php\/wp-json\/wp\/v2\/media\/2274"}],"wp:attachment":[{"href":"https:\/\/tecsecmty.com\/index.php\/wp-json\/wp\/v2\/media?parent=2275"}],"wp:term":[{"taxonomy":"product_brand","embeddable":true,"href":"https:\/\/tecsecmty.com\/index.php\/wp-json\/wp\/v2\/product_brand?post=2275"},{"taxonomy":"product_cat","embeddable":true,"href":"https:\/\/tecsecmty.com\/index.php\/wp-json\/wp\/v2\/product_cat?post=2275"},{"taxonomy":"product_tag","embeddable":true,"href":"https:\/\/tecsecmty.com\/index.php\/wp-json\/wp\/v2\/product_tag?post=2275"}],"curies":[{"name":"wp","href":"https:\/\/api.w.org\/{rel}","templated":true}]}}