{"id":2277,"date":"2023-02-22T18:58:11","date_gmt":"2023-02-23T00:58:11","guid":{"rendered":"https:\/\/tecsecmty.com\/index.php\/producto\/dahua-ipc-hdbw7442hn-zfr-0832-dc-camara-ip-domo-antivandalica-resolucion-de-4-mp-lente-mot-8-a-32mm-%e2%88%a2-40-15-ir-80-mts-ia-wizmind-rec-facial-metadatos-de-video-cont-de-p\/"},"modified":"2023-03-22T23:22:49","modified_gmt":"2023-03-23T05:22:49","slug":"dahua-ipc-hdbw7442hn-zfr-0832-dc-camara-ip-domo-antivandalica-resolucion-de-4-mp-lente-mot-8-a-32mm","status":"publish","type":"product","link":"https:\/\/tecsecmty.com\/index.php\/producto\/dahua-ipc-hdbw7442hn-zfr-0832-dc-camara-ip-domo-antivandalica-resolucion-de-4-mp-lente-mot-8-a-32mm\/","title":{"rendered":"DAHUA IPC-HDBW7442HN-ZFR-0832- DC &#8211; C\u00e1mara IP Domo Antivand\u00e1lica Resoluci\u00f3n de 4 MP"},"content":{"rendered":"<div class=\"row aling-items-center padding-bottom-2x\">\n<div class=\"col-lg-12\">\n<h5 class=\"card-title text-center\">Informaci\u00f3n General<\/h5>\n<p>Con un algoritmo avanzado de aprendizaje profundo, la c\u00e1mara de red\u00a0<strong>IPC-HDBW7442H-Z4FR<\/strong>\u00a0Dahua WizMind Serie 7 admite varias funciones inteligentes y satisface los requisitos en diferentes escenas. La c\u00e1mara puede reconocer con precisi\u00f3n a personas, veh\u00edculos y veh\u00edculos no motorizados, caras, ANPR y vivacidad. Esta c\u00e1mara de la serie tiene un efecto de versi\u00f3n nocturna ultra starlight y funciona con un flujo ultrabajo. Admite la funci\u00f3n a prueba de polvo, la funci\u00f3n a prueba de agua y la funci\u00f3n a prueba de vandalismo, cumpliendo con los est\u00e1ndares de IP67 e IK10 (compatible con algunos modelos selectos).<\/p>\n<p><img decoding=\"async\" class=\"overview-center-img-web\" src=\"https:\/\/tvc.mx\/media\/483778\/camara-ip-domo-con-inteligencia-artificial-4-megapixeles-reconocimiento-facial-IPC-HDBW7442H-Z4-Dahua.png\" alt=\"\" \/><\/p>\n<\/div>\n<\/div>\n<div class=\"row align-items-center padding-bottom-2x\">\n<div class=\"col-md-5\"><img decoding=\"async\" class=\"d-block m-auto img-thumbnail\" src=\"https:\/\/tvc.mx\/media\/483780\/reconocimiento-facial-dahua.png\" alt=\" \" \/><\/div>\n<div class=\"col-md-7 text-md-left text-center\">\n<h2>Reconocimiento Facial<\/h2>\n<p>La tecnolog\u00eda Dahua Face Detection puede detectar la cara en la imagen. Con el algoritmo de aprendizaje profundo, la tecnolog\u00eda admite la detecci\u00f3n, el seguimiento, la captura y la selecci\u00f3n de la mejor imagen facial, y luego genera una<\/p>\n<p>instant\u00e1nea<\/p>\n<p>&nbsp;<\/p>\n<\/div>\n<\/div>\n<hr class=\"padding-bottom-2x\" \/>\n<div class=\"row align-items-center padding-bottom-2x\">\n<div class=\"col-md-5 order-md-2\"><img decoding=\"async\" class=\"d-block m-auto img-thumbnail\" src=\"https:\/\/tvc.mx\/media\/483782\/Conteo-de-personas-Dahua.png\" alt=\" \" \/><\/div>\n<div class=\"col-md-7 order-md-1 text-md-left text-center\">\n<h2>Conteo de Personas<\/h2>\n<p>Con el algoritmo de aprendizaje profundo, la tecnolog\u00eda de conteo de personas de Dahua puede rastrear y procesar los objetivos del cuerpo humano en movimiento para realizar la precisi\u00f3n estad\u00edsticas de n\u00famero de entrada, n\u00famero de salida y n\u00famero de \u00e1rea en el trabajo con la plataforma de gesti\u00f3n, genera informes para cumplir con sus requisitos<\/p>\n<p>&nbsp;<\/p>\n<\/div>\n<\/div>\n<hr class=\"padding-bottom-2x\" \/>\n<div class=\"row align-items-center padding-bottom-2x\">\n<div class=\"col-md-5\"><img decoding=\"async\" class=\"d-block m-auto img-thumbnail\" src=\"https:\/\/tvc.mx\/media\/483784\/IVS-Dahua.png\" alt=\" \" \/><\/div>\n<div class=\"col-md-7 text-md-left text-center\">\n<h2>Funciones IVS<\/h2>\n<p>La c\u00e1mara\u00a0<strong>IPC-HDBW7442H-Z4FR<\/strong>\u00a0est\u00e1 equipada con un algoritmo de an\u00e1lisis inteligente incorporado ( IVS ) basado en v\u00eddeo, este anal\u00edtico de v\u00eddeo brinda funciones de inteligencia para monitorear una escena y mejorar la v\u00eddeo vigilancia garantizando el m\u00e1s alto nivel de seguridad. La c\u00e1mara proporciona inteligencia est\u00e1ndar que permite la detecci\u00f3n de comportamientos como Tripwire e Intrusi\u00f3n as\u00ed como inteligencia avanzada con funciones de mapa de calor y de conteo de personas.<\/p>\n<p>&nbsp;<\/p>\n<\/div>\n<\/div>\n<hr class=\"padding-bottom-2x\" \/>\n<div class=\"row align-items-center padding-bottom-2x\">\n<div class=\"col-md-5 order-md-2\"><img decoding=\"async\" class=\"d-block m-auto img-thumbnail\" src=\"https:\/\/tvc.mx\/media\/483786\/Busqueda-inteligente.png\" alt=\" \" \/><\/div>\n<div class=\"col-md-7 order-md-1 text-md-left text-center\">\n<h2>Meta Datos<\/h2>\n<p>Los metadatos se consideran atributos extra\u00eddos de la fuente, en este caso el v\u00eddeo capturado por las c\u00e1maras, para obtener informaci\u00f3n contextual de los rostros captados y determinar el g\u00e9nero, la edad, si usan lentes o m\u00e1scaras, barba y expresiones de la persona.. Permiten realizar una b\u00fasqueda inteligente mediante la comparaci\u00f3n entre el objeto modelado y la base de datos o la combinaci\u00f3n con caracter\u00edsticas de identidad, lo que mejora significativamente la precisi\u00f3n y eficiencia. Adem\u00e1s, resultan de gran utilidad para las plataformas de terceros que permiten posibles aplicaciones empresariales o casos de uso espec\u00edficos.<\/p>\n<p>&nbsp;<\/p>\n<\/div>\n<\/div>\n<hr class=\"padding-bottom-2x\" \/>\n<div class=\"row align-items-center padding-bottom-2x\">\n<div class=\"col-md-5\"><img decoding=\"async\" class=\"d-block m-auto img-thumbnail\" src=\"https:\/\/tvc.mx\/media\/483788\/camara-ip-domo-con-inteligencia-artificial-4-megapixeles-reconocimiento-facial-IPC-HDBW7442H-Z4-Dahua-caracteristicas.png\" alt=\" \" \/><\/div>\n<div class=\"col-md-7 text-md-left text-center\">\n<h2>Caracter\u00edsticas Principales<\/h2>\n<ul>\n<li>Codificaci\u00f3n H.264 y H.265<\/li>\n<li>3D NR, AWB, HLC, BLC<\/li>\n<li>ROI, SVC, SMART H.264 + \/ H.265 +, codificaci\u00f3n flexible, aplicable a varios entornos de ancho de banda y almacenamiento<\/li>\n<li>Con algoritmo de aprendizaje profundo, es compatible con el conteo de personas, detecci\u00f3n de rostros, protecci\u00f3n perimetral, etc.<\/li>\n<li>Alarma: 3 entradas, 2 salidas; audio: 1 entrada, 1 salida; RS-485; BNC; soporta tarjeta SD max. 256 GB.<\/li>\n<li>Cinco transmisiones para v\u00eddeo HD de tres canales<\/li>\n<\/ul>\n<p>&nbsp;<\/p>\n<\/div>\n<\/div>\n<hr class=\"padding-bottom-2x\" \/>\n<div class=\"row align-items-center padding-bottom-2x\">\n<div class=\"col-md-5 order-md-2\"><img decoding=\"async\" class=\"d-block m-auto img-thumbnail\" src=\"https:\/\/tvc.mx\/media\/483790\/camara-ip-domo-con-inteligencia-artificial-4-megapixeles-reconocimiento-facial-IPC-HDBW7442H-Z4-Dahua-especificaciones.png\" alt=\" \" \/><\/div>\n<div class=\"col-md-7 order-md-1 text-md-left text-center\">\n<h2>Especificaciones<\/h2>\n<ul>\n<li>CMOS progresivo de 1 \/ 1.8 \u00aby 4 megap\u00edxeles<\/li>\n<li>Distancia de iluminaci\u00f3n: 80 m<\/li>\n<li>Lente Varifocal motorizado: 8 mm \u2013 32 mm<\/li>\n<li>IVS Objeto abandonado, objeto en movimiento<\/li>\n<li>Tripwire, intrusi\u00f3n, movimiento r\u00e1pido (las tres funciones apoyan la clasificaci\u00f3n y detecci\u00f3n precisa de veh\u00edculos y humanos); detecci\u00f3n de estacionamiento, detecci\u00f3n de merodeo y reuni\u00f3n de personas.<\/li>\n<li>Detecci\u00f3n de rostro, seguimiento, prioridad, instant\u00e1nea, carga de im\u00e1genes instant\u00e1neas optimizadas; cara realce, exposici\u00f3n facial, extracto de atributo facial, 6 atributos y 8 expresiones.<\/li>\n<li>Metadatos de video: Apoyar la captura de im\u00e1genes y la extracci\u00f3n de atributos del cuerpo humano, rostro humano, veh\u00edculos motorizados y veh\u00edculos no motorizados.<\/li>\n<li>Admite el recuento de n\u00fameros de tripwire, el recuento de personas en el \u00e1rea y la visualizaci\u00f3n y producci\u00f3n de informes anuales \/ mensuales \/ diarios. Admite la gesti\u00f3n de colas y la visualizaci\u00f3n y producci\u00f3n de informes mensuales \/ diarios. Admite configuraci\u00f3n de 4 reglas de tripwire, recuento de personas en 4 \u00e1reas y 4 funciones de gesti\u00f3n de colas<\/li>\n<li>C\u00f3dec inteligente: Inteligente H.265 + \/ Inteligente H.264 +<\/li>\n<li>WDR real 140dB<\/li>\n<li>Reducci\u00f3n de ruido 3D NR<\/li>\n<li>Tarjeta Micro SD (256 G)<\/li>\n<li>Interfaz de audio: entrada \/ salida de 1\/1 canal<\/li>\n<li>Entrada de 3 canales: 5 mA 5 V CC<\/li>\n<li>Salida de 2 canales: 1000mA 30V DC \/ 500mA 50V AC<\/li>\n<li>Fuente de alimentaci\u00f3n: 12 V CC \/ 24 V CA \/ PoE + (802.3at)<\/li>\n<li>Grado de protecci\u00f3n: IP67, IK10<\/li>\n<\/ul>\n<\/div>\n<\/div>\n","protected":false},"excerpt":{"rendered":"<p>Informaci\u00f3n General Con un algoritmo avanzado de aprendizaje profundo, la c\u00e1mara de red\u00a0IPC-HDBW7442H-Z4FR\u00a0Dahua WizMind Serie 7 admite varias funciones inteligentes y satisface los requisitos en diferentes escenas. La c\u00e1mara puede reconocer con precisi\u00f3n a personas, veh\u00edculos y veh\u00edculos no motorizados, caras, ANPR y vivacidad. Esta&hellip;<\/p>\n","protected":false},"featured_media":2276,"comment_status":"open","ping_status":"closed","template":"","meta":{"om_disable_all_campaigns":false,"_monsterinsights_skip_tracking":false,"_monsterinsights_sitenote_active":false,"_monsterinsights_sitenote_note":"","_monsterinsights_sitenote_category":0},"product_brand":[],"product_cat":[137],"product_tag":[140,38,66,138,139],"class_list":{"0":"post-2277","1":"product","2":"type-product","3":"status-publish","4":"has-post-thumbnail","6":"product_cat-reconocimiento-facial","7":"product_tag-camara-reconociento-facial","8":"product_tag-camaras-de-seguridad","9":"product_tag-dahua","10":"product_tag-facial","11":"product_tag-reconomiento","13":"first","14":"instock","15":"sale","16":"taxable","17":"shipping-taxable","18":"purchasable","19":"product-type-simple"},"aioseo_notices":[],"_links":{"self":[{"href":"https:\/\/tecsecmty.com\/index.php\/wp-json\/wp\/v2\/product\/2277","targetHints":{"allow":["GET"]}}],"collection":[{"href":"https:\/\/tecsecmty.com\/index.php\/wp-json\/wp\/v2\/product"}],"about":[{"href":"https:\/\/tecsecmty.com\/index.php\/wp-json\/wp\/v2\/types\/product"}],"replies":[{"embeddable":true,"href":"https:\/\/tecsecmty.com\/index.php\/wp-json\/wp\/v2\/comments?post=2277"}],"version-history":[{"count":0,"href":"https:\/\/tecsecmty.com\/index.php\/wp-json\/wp\/v2\/product\/2277\/revisions"}],"wp:featuredmedia":[{"embeddable":true,"href":"https:\/\/tecsecmty.com\/index.php\/wp-json\/wp\/v2\/media\/2276"}],"wp:attachment":[{"href":"https:\/\/tecsecmty.com\/index.php\/wp-json\/wp\/v2\/media?parent=2277"}],"wp:term":[{"taxonomy":"product_brand","embeddable":true,"href":"https:\/\/tecsecmty.com\/index.php\/wp-json\/wp\/v2\/product_brand?post=2277"},{"taxonomy":"product_cat","embeddable":true,"href":"https:\/\/tecsecmty.com\/index.php\/wp-json\/wp\/v2\/product_cat?post=2277"},{"taxonomy":"product_tag","embeddable":true,"href":"https:\/\/tecsecmty.com\/index.php\/wp-json\/wp\/v2\/product_tag?post=2277"}],"curies":[{"name":"wp","href":"https:\/\/api.w.org\/{rel}","templated":true}]}}