{"id":2281,"date":"2023-02-22T18:58:15","date_gmt":"2023-02-23T00:58:15","guid":{"rendered":"https:\/\/tecsecmty.com\/index.php\/producto\/dahua-bf3221paq1-sistema-de-medicion-de-temperatura-corporal-light-bajo-flujo-de-personas-camara-termica-lente-dual-blackbody-requiere-licencia-dss-express-covid19\/"},"modified":"2023-03-22T23:22:21","modified_gmt":"2023-03-23T05:22:21","slug":"dahua-bf3221paq1-sistema-de-medicion-de-temperatura-corporal-light-bajo-flujo-de-personas-camara-termica-lente-dual-blackbody-requiere-licencia-dss-express-covid19","status":"publish","type":"product","link":"https:\/\/tecsecmty.com\/index.php\/producto\/dahua-bf3221paq1-sistema-de-medicion-de-temperatura-corporal-light-bajo-flujo-de-personas-camara-termica-lente-dual-blackbody-requiere-licencia-dss-express-covid19\/","title":{"rendered":"DAHUA BF3221PAQ1 &#8211; Sistema de Medici\u00f3n de Temperatura Corporal Light \/ Bajo flujo de personas \/ C\u00e1mara T\u00e9rmica Lente Dual\/ Blackbody\/ Requiere licencia DSS Express #COVID19"},"content":{"rendered":"<div class=\"row aling-items-center padding-bottom-2x\">\n<div class=\"col-lg-12\">\n<h5 class=\"card-title text-center\">Informaci\u00f3n General<\/h5>\n<p>La soluci\u00f3n Termogr\u00e1fica, nos permite crear un ambiente preventivo y de vigilancia oportuno para la detecci\u00f3n de temperaturas de personas, generadas por diferentes circunstancias.<\/p>\n<p>Es posible ver mediante la interfaz VMS la imagen termogr\u00e1fica, adicionalmente es capaz de administrar dispositivos Dahua como c\u00e1maras, grabadores, control de acceso.<\/p>\n<p><img decoding=\"async\" class=\"overview-center-img-web\" src=\"https:\/\/tvc.mx\/media\/410467\/sistema-de-medicion-de-temperatura-corporal-ultra-light-BF3221PAQ1--dahua.png\" alt=\"\" \/><\/div>\n<\/div>\n<div class=\"row align-items-center padding-bottom-2x\">\n<div class=\"col-md-5 order-md-2\"><img decoding=\"async\" class=\"d-block m-auto img-thumbnail\" src=\"https:\/\/tvc.mx\/media\/410471\/especial-para-alto-flujo-dahua.png\" alt=\" \" \/><\/div>\n<div class=\"col-md-7 order-md-1 text-md-left text-center\">\n<h2>Bajo Flujo de Personas<\/h2>\n<p class=\"text-muted\">\n<p>Esta soluci\u00f3n es recomendada para ambientes de bajo flujo de personas, tales como:<\/p>\n<ul>\n<li>Tiendas<\/li>\n<li>Boutiques<\/li>\n<li>Cines<\/li>\n<li>Oficinas<\/li>\n<li>Restaurantes<\/li>\n<\/ul>\n<p>&nbsp;<\/p>\n<\/div>\n<\/div>\n<hr class=\"padding-bottom-2x\" \/>\n<div class=\"row align-items-center padding-bottom-2x\">\n<div class=\"col-md-5\"><img decoding=\"async\" class=\"d-block m-auto img-thumbnail\" src=\"https:\/\/tvc.mx\/media\/410475\/sistema-de-medicion-de-temperatura-corporal-ultra-light-BF5421PAQ1-dahua-camara.png\" alt=\" \" \/><\/div>\n<div class=\"col-md-7 text-md-left text-center\">\n<h2>TPC-BF3221-T<\/h2>\n<p class=\"text-muted\">\n<p>La c\u00e1mara t\u00e9rmica h\u00edbrida combina una lente termogr\u00e1fica de 256&#215;192 VOx y un lente convencional de 2 MP, para vigilancia rentable y de largo alcance, en un paquete todo en uno.<\/p>\n<p>La c\u00e1mara termogr\u00e1fica junto con la lente atermalizada, produce im\u00e1genes n\u00edtidas en la oscuridad total y ve a trav\u00e9s de la lluvia, la niebla y nieve.<\/p>\n<p>El procesador de im\u00e1genes en conjunto de los IR ofrecen video superior en cualquier condici\u00f3n de iluminaci\u00f3n.<\/p>\n<p>&nbsp;<\/p>\n<\/div>\n<\/div>\n<hr class=\"padding-bottom-2x\" \/>\n<div class=\"row align-items-center padding-bottom-2x\">\n<div class=\"col-md-5 order-md-2\"><img decoding=\"async\" class=\"d-block m-auto img-thumbnail\" src=\"https:\/\/tvc.mx\/media\/410479\/sistema-de-medicion-de-temperatura-corporal-ultra-light-BF5421PAQ1-dahua-camara-ppc.png\" alt=\" \" \/><\/div>\n<div class=\"col-md-7 order-md-1 text-md-left text-center\">\n<h2>Principales Caracter\u00edsticas TPC-BF3221-T<\/h2>\n<p class=\"text-muted\">\n<p><strong>Lente T\u00e9rmico<\/strong><\/p>\n<ul>\n<li>Tecnolog\u00eda: 256&#215;192 VOx Sensor t\u00e9rmico sin enfriamiento<\/li>\n<li>Lente: Fijo 7.1 mm<\/li>\n<li>Sensibilidad Termal: &lt;50 mK<\/li>\n<li>Paleta de color: 18\u00a0Whitehot, Blackhot, Icefire, Fusion, Rainbow,Globow, Ironbow1, Sepia, etc<\/li>\n<\/ul>\n<p><strong>Lente Convencional<\/strong><\/p>\n<ul>\n<li>Sensor: 1\/2.8 CMOS 2 MP<\/li>\n<li>Lente: Fijo 8 mm<\/li>\n<li>IR: 35 mts<\/li>\n<li>Compresi\u00f3n:\u00a0H.265, H.264, MJPEG<\/li>\n<li>Reducci\u00f3n de ruido: 3D\/ 2D<\/li>\n<li>Funciones: BLC, HLC, WDR, Balance de Blancos, ROI<\/li>\n<li>Fuente de alimentaci\u00f3n: 12V DC \u00b120%<\/li>\n<li>Alimentaci\u00f3n: PoE (IEEE802.3af), ePoE<\/li>\n<li>Consumo de energ\u00eda\u00a0Standard: 5 W M\u00e1ximo 12 W<\/li>\n<li>Condiciones de operaci\u00f3n:\u00a010\u00b0C a +30\u00b0C<\/li>\n<li>\u00cdndice de protecci\u00f3n: IP67<\/li>\n<li>Material: Metal<\/li>\n<li>Dimensiones:\u00a0279.90 mm x 103.80 mm x 95.80 mm (con bracket)<\/li>\n<li>Peso: 1.40 kg<\/li>\n<\/ul>\n<p>&nbsp;<\/p>\n<\/div>\n<\/div>\n<hr class=\"padding-bottom-2x\" \/>\n<div class=\"row align-items-center padding-bottom-2x\">\n<div class=\"col-md-5\"><img decoding=\"async\" class=\"d-block m-auto img-thumbnail\" src=\"https:\/\/tvc.mx\/media\/410483\/sistema-de-medicion-de-temperatura-corporal-ultra-light-BF5421PAQ1-dahua-blackbody.png\" alt=\" \" \/><\/div>\n<div class=\"col-md-7 text-md-left text-center\">\n<h2>Blackbody<\/h2>\n<p class=\"text-muted\">\n<p>El Blackbody es un dispositivo de precisi\u00f3n que se emplea como referencia de temperatura para la c\u00e1mara t\u00e9rmica de Dahua. Este equipo es utilizado principalmente como punto de referencia para calibrar equipos termogr\u00e1ficos.<\/p>\n<p>&nbsp;<\/p>\n<\/div>\n<\/div>\n<hr class=\"padding-bottom-2x\" \/>\n<div class=\"row align-items-center padding-bottom-2x\">\n<div class=\"col-md-5 order-md-2\"><img decoding=\"async\" class=\"d-block m-auto img-thumbnail\" src=\"https:\/\/tvc.mx\/media\/410487\/sistema-de-medicion-de-temperatura-corporal-ultra-light-BF5421PAQ1-dahua-blackbody-ppc.png\" alt=\" \" \/><\/div>\n<div class=\"col-md-7 order-md-1 text-md-left text-center\">\n<h2>Principales Caracter\u00edsticas Blackbody<\/h2>\n<p class=\"text-muted\">\n<ul>\n<li>Temperaturas de Calibraci\u00f3n: Valor de fabrica 35.0\u00b0C\/ 37\u00b0C\/ 40\u00b0C<\/li>\n<li>Radiaci\u00f3n de Superficie Efectiva: 70&#215;70 mm<\/li>\n<li>Resoluci\u00f3n de Temperatura: 0.1\u00b0C<\/li>\n<li>Exactitud de Temperatura: \u00b10.2\u00b0C<\/li>\n<li>Estabilidad de Temperatura: \u00b1(0.1 ~ 0.2)\u00b0C\/ 30 min<\/li>\n<li>Alimentaci\u00f3n: 220 VAC\/ 110 VAC (Indispensable uso de regulador)<\/li>\n<li>Peso: 1.8 kg<\/li>\n<li>Dimensiones: 110 mm x 120 mm x 180 mm<\/li>\n<\/ul>\n<p>&nbsp;<\/p>\n<\/div>\n<\/div>\n<hr class=\"padding-bottom-2x\" \/>\n<div class=\"row align-items-center padding-bottom-2x\">\n<div class=\"col-md-5\"><img decoding=\"async\" class=\"d-block m-auto img-thumbnail\" src=\"https:\/\/tvc.mx\/media\/60519\/DSS.png\" alt=\" \" \/><\/div>\n<div class=\"col-md-7 text-md-left text-center\">\n<h2>DSS Express<\/h2>\n<p class=\"text-muted\">\n<p>DSS Express es un software puro de DSS basado en el sistema operativo Windows, es decir solo lo podemos instalar en Windows puede proveer una soluci\u00f3n unificada de control de acceso, VDP, Reconocimiento Facial y ANPR en general es el VMS ideal para peque\u00f1os y medianos proyectos como:<\/p>\n<ul>\n<li>Residencial<\/li>\n<li>Retail (Negocios)<\/li>\n<li>Fabricas, etc.<\/li>\n<\/ul>\n<p>&nbsp;<\/p>\n<\/div>\n<\/div>\n<hr class=\"padding-bottom-2x\" \/>\n<div class=\"row align-items-center padding-bottom-2x\">\n<div class=\"col-md-5 order-md-2\"><img decoding=\"async\" class=\"d-block m-auto img-thumbnail\" src=\"https:\/\/tvc.mx\/media\/410491\/sistema-de-medicion-de-temperatura-corporal-ultra-light-BF5421PAQ1-dahua-incluye.png\" alt=\" \" \/><\/div>\n<div class=\"col-md-7 order-md-1 text-md-left text-center\">\n<h2>Equipo Incluido<\/h2>\n<p class=\"text-muted\">\n<p>El sistema de medici\u00f3n de temperatura corporal Dahua, cuenta con una precisi\u00f3n de \u00b10.3\u00b0C utilizando el dispositivo de temperatura de referencia Blackbody.<\/p>\n<p>El Kit incluye:<\/p>\n<ul>\n<li>1 x TPC-BF3221-T &#8211; C\u00e1mara IP Bullet T\u00e9rmica H\u00edbrida<\/li>\n<li>1 x JQ-D70Z &#8211; Caja de Medici\u00f3n de Temperatura Corporal (Blackbody)<\/li>\n<\/ul>\n<p>Requiere licencia base DSS Express<\/p>\n<\/div>\n<\/div>\n","protected":false},"excerpt":{"rendered":"<p>Informaci\u00f3n General La soluci\u00f3n Termogr\u00e1fica, nos permite crear un ambiente preventivo y de vigilancia oportuno para la detecci\u00f3n de temperaturas de personas, generadas por diferentes circunstancias. Es posible ver mediante la interfaz VMS la imagen termogr\u00e1fica, adicionalmente es capaz de administrar dispositivos Dahua como c\u00e1maras,&hellip;<\/p>\n","protected":false},"featured_media":2280,"comment_status":"open","ping_status":"closed","template":"","meta":{"om_disable_all_campaigns":false,"_monsterinsights_skip_tracking":false,"_monsterinsights_sitenote_active":false,"_monsterinsights_sitenote_note":"","_monsterinsights_sitenote_category":0},"product_brand":[],"product_cat":[141],"product_tag":[143,38,66,142],"class_list":{"0":"post-2281","1":"product","2":"type-product","3":"status-publish","4":"has-post-thumbnail","6":"product_cat-termicas","7":"product_tag-camara-termica","8":"product_tag-camaras-de-seguridad","9":"product_tag-dahua","10":"product_tag-termica","12":"first","13":"instock","14":"sale","15":"taxable","16":"shipping-taxable","17":"purchasable","18":"product-type-simple"},"aioseo_notices":[],"_links":{"self":[{"href":"https:\/\/tecsecmty.com\/index.php\/wp-json\/wp\/v2\/product\/2281","targetHints":{"allow":["GET"]}}],"collection":[{"href":"https:\/\/tecsecmty.com\/index.php\/wp-json\/wp\/v2\/product"}],"about":[{"href":"https:\/\/tecsecmty.com\/index.php\/wp-json\/wp\/v2\/types\/product"}],"replies":[{"embeddable":true,"href":"https:\/\/tecsecmty.com\/index.php\/wp-json\/wp\/v2\/comments?post=2281"}],"version-history":[{"count":0,"href":"https:\/\/tecsecmty.com\/index.php\/wp-json\/wp\/v2\/product\/2281\/revisions"}],"wp:featuredmedia":[{"embeddable":true,"href":"https:\/\/tecsecmty.com\/index.php\/wp-json\/wp\/v2\/media\/2280"}],"wp:attachment":[{"href":"https:\/\/tecsecmty.com\/index.php\/wp-json\/wp\/v2\/media?parent=2281"}],"wp:term":[{"taxonomy":"product_brand","embeddable":true,"href":"https:\/\/tecsecmty.com\/index.php\/wp-json\/wp\/v2\/product_brand?post=2281"},{"taxonomy":"product_cat","embeddable":true,"href":"https:\/\/tecsecmty.com\/index.php\/wp-json\/wp\/v2\/product_cat?post=2281"},{"taxonomy":"product_tag","embeddable":true,"href":"https:\/\/tecsecmty.com\/index.php\/wp-json\/wp\/v2\/product_tag?post=2281"}],"curies":[{"name":"wp","href":"https:\/\/api.w.org\/{rel}","templated":true}]}}