{"id":2285,"date":"2023-02-22T18:58:20","date_gmt":"2023-02-23T00:58:20","guid":{"rendered":"https:\/\/tecsecmty.com\/index.php\/producto\/dahua-tpc-bf1241n-d3f4-camara-ip-bullet-termica-lente-dual-wizsense-resolucion-termica-256x192-lente-termico-de-3-5-mm-lente-visible-de-4-mp-y-4-mm-con-71-2-grados-de-apertura-h-265-es-de-ala\/"},"modified":"2023-03-22T23:23:09","modified_gmt":"2023-03-23T05:23:09","slug":"dahua-tpc-bf1241n-d3f4-camara-ip-bullet-termica-lente-dual-wizsense-resolucion-termica-256x192-lente-termico-de-3-5-mm-lente-visible-de-4-mp-y-4-mm-con-71-2-grados-de-apertura-h-265-es-de-ala","status":"publish","type":"product","link":"https:\/\/tecsecmty.com\/index.php\/producto\/dahua-tpc-bf1241n-d3f4-camara-ip-bullet-termica-lente-dual-wizsense-resolucion-termica-256x192-lente-termico-de-3-5-mm-lente-visible-de-4-mp-y-4-mm-con-71-2-grados-de-apertura-h-265-es-de-ala\/","title":{"rendered":"DAHUA TPC-BF1241N-D3F4 &#8211; C\u00e1mara IP Bullet T\u00e9rmica Lente Dual\/ WizSense\/ Resoluci\u00f3n T\u00e9rmica 256&#215;192\/ Lente T\u00e9rmico de 3.5 mm\/ Lente Visible de 4 MP y 4 mm con 71.2 Grados de Apertura\/ H.265\/ E&amp;S de Alarma\/ Detecci\u00f3n de Fuego\/ Eureka\/ IP67\/ PoE\/ #ESM2022"},"content":{"rendered":"<div class=\"row aling-items-center padding-bottom-2x\">\n<div class=\"col-lg-12\">\n<h5 class=\"card-title text-center\">Informaci\u00f3n general<\/h5>\n<p>Con una c\u00e1mara fija de doble lente, esta serie proporciona una soluci\u00f3n todo en uno para capturar videovigilancia para aplicaciones en interiores y exteriores. Junto con la tecnolog\u00eda t\u00e9rmica y visible, la c\u00e1mara es la soluci\u00f3n perfecta para aplicaciones de monitoreo de \u00e1reas peque\u00f1as y oscuras. La serie combina una c\u00e1mara t\u00e9rmica para monitorear en la oscuridad total y una c\u00e1mara visible con Smart IR para confirmar los detalles.<\/p>\n<p><img decoding=\"async\" class=\"overview-center-img-web\" src=\"https:\/\/tvc.mx\/media\/463010\/camara-ip-bullet-termica-hibrida-wizsense-TPC-BF1241N-D3F4-Dahua.png\" alt=\"\" \/><\/div>\n<\/div>\n<div class=\"row align-items-center padding-bottom-2x\">\n<div class=\"col-md-5\"><img decoding=\"async\" class=\"d-block m-auto img-thumbnail\" src=\"https:\/\/tvc.mx\/media\/463012\/Camara-Termica-Tecnologia-VoX-m.png\" alt=\" \" \/><\/div>\n<div class=\"col-md-7 text-md-left text-center\">\n<h2>Tecnolog\u00eda VOx<\/h2>\n<p class=\"text-muted\">\n<p>Las c\u00e1maras t\u00e9rmicas Dahua utilizan tecnolog\u00eda de sensor VOx . Debido a su peque\u00f1o tama\u00f1o y mejor rendimiento, es una soluci\u00f3n rentable para la seguridad t\u00e9rmica.<\/p>\n<p>&nbsp;<\/p>\n<\/div>\n<\/div>\n<hr class=\"padding-bottom-2x\" \/>\n<div class=\"row align-items-center padding-bottom-2x\">\n<div class=\"col-md-5 order-md-2\"><img decoding=\"async\" class=\"d-block m-auto img-thumbnail\" src=\"https:\/\/tvc.mx\/media\/463014\/Deteccion-tabaquismo-m.png\" alt=\" \" \/><\/div>\n<div class=\"col-md-7 order-md-1 text-md-left text-center\">\n<h2>Detecci\u00f3n de tabaquismo<\/h2>\n<p class=\"text-muted\">\n<p>La c\u00e1mara t\u00e9rmica Dahua puede proporcionar un monitoreo en tiempo real, en el uso de la tecnolog\u00eda de inteligencia artificial de aprendizaje profundo, para detectar autom\u00e1ticamente el comportamiento de fumar de las personas y proporcionar una voz inteligente y una advertencia de luz (altavoz y luz blanca, etc.) en un esfuerzo por disuadir al fumador. y evitar posibles riesgos y p\u00e9rdidas.<\/p>\n<p>&nbsp;<\/p>\n<\/div>\n<\/div>\n<hr class=\"padding-bottom-2x\" \/>\n<div class=\"row align-items-center padding-bottom-2x\">\n<div class=\"col-md-5\"><img decoding=\"async\" class=\"d-block m-auto img-thumbnail\" src=\"https:\/\/tvc.mx\/media\/463016\/Deteccion-Incendios-m.png\" alt=\" \" \/><\/div>\n<div class=\"col-md-7 text-md-left text-center\">\n<h2>Detecci\u00f3n de fuego y alarma<\/h2>\n<p class=\"text-muted\">\n<p>Con la funci\u00f3n de detecci\u00f3n de incendios incorporada, la c\u00e1mara tiene la capacidad de detectar incendios a larga distancia. La c\u00e1mara t\u00e9rmica es sensible a la temperatura, por lo que la precisi\u00f3n de la detecci\u00f3n de incendios ser\u00e1 mayor que la de la c\u00e1mara visible.<\/p>\n<p>&nbsp;<\/p>\n<\/div>\n<\/div>\n<hr class=\"padding-bottom-2x\" \/>\n<div class=\"row align-items-center padding-bottom-2x\">\n<div class=\"col-md-5 order-md-2\"><img decoding=\"async\" class=\"d-block m-auto img-thumbnail\" src=\"https:\/\/tvc.mx\/media\/463018\/IVS-Dahua.png\" alt=\" \" \/><\/div>\n<div class=\"col-md-7 order-md-1 text-md-left text-center\">\n<h2>IVS<\/h2>\n<p class=\"text-muted\">\n<p>Con an\u00e1lisis de video inteligente incorporado, la c\u00e1mara tiene la capacidad de detectar y analizar objetos en movimiento para mejorar la videovigilancia. La c\u00e1mara proporciona inteligencia est\u00e1ndar opcional en el borde que permite la detecci\u00f3n de m\u00faltiples comportamientos de objetos, como la detecci\u00f3n de movimiento. IVS tambi\u00e9n admite el an\u00e1lisis de tripwire, lo que permite que la c\u00e1mara detecte cu\u00e1ndo se ha cruzado una l\u00ednea predeterminada.<\/p>\n<p>&nbsp;<\/p>\n<\/div>\n<\/div>\n<hr class=\"padding-bottom-2x\" \/>\n<div class=\"row align-items-center padding-bottom-2x\">\n<div class=\"col-md-5\"><img decoding=\"async\" class=\"d-block m-auto img-thumbnail\" src=\"https:\/\/tvc.mx\/media\/463020\/camara-ip-bullet-termica-hibrida-wizsense-TPC-BF1241N-D3F4-Dahua-caracteristicas.png\" alt=\" \" \/><\/div>\n<div class=\"col-md-7 text-md-left text-center\">\n<h2>Caracter\u00edsticas<\/h2>\n<p class=\"text-muted\">\n<ul>\n<li>Tecnolog\u00eda de sensor t\u00e9rmico VOx<\/li>\n<li>Lente atermalizada (c\u00e1mara t\u00e9rmica), sin enfoque<\/li>\n<li>Wi-Fi opcional<\/li>\n<li>Admite ROI, detecci\u00f3n de movimiento, paletas de colores<\/li>\n<li>Detecci\u00f3n de comportamiento de fumar<\/li>\n<li>Admite detecci\u00f3n de incendios y alarma<\/li>\n<li>Conexi\u00f3n inteligente con luz estrobosc\u00f3pica y audio<\/li>\n<li>Fusi\u00f3n de imagen dual (im\u00e1genes visibles y t\u00e9rmicas)<\/li>\n<li>PoE<\/li>\n<\/ul>\n<p>&nbsp;<\/p>\n<\/div>\n<\/div>\n<hr class=\"padding-bottom-2x\" \/>\n<div class=\"row align-items-center padding-bottom-2x\">\n<div class=\"col-md-5 order-md-2\"><img decoding=\"async\" class=\"d-block m-auto img-thumbnail\" src=\"https:\/\/tvc.mx\/media\/463022\/camara-ip-bullet-termica-hibrida-wizsense-TPC-BF1241N-D3F4-Dahua-especificaciones.png\" alt=\" \" \/><\/div>\n<div class=\"col-md-7 order-md-1 text-md-left text-center\">\n<h2>Especificaciones<\/h2>\n<p class=\"text-muted\">\n<p><strong>T\u00e9rmico<\/strong><\/p>\n<ul>\n<li>Tipo de detector: \u00d3xido de vanadio sin refrigerar FPA<\/li>\n<li>Longitud focal 3.5mm<\/li>\n<li>Zoom digital\u00a016x<\/li>\n<li>Reducci\u00f3n de ruido\u00a02D NR; 3D NR<\/li>\n<\/ul>\n<p><strong>Visible<\/strong><\/p>\n<ul>\n<li>CMOS de 1 \/ 2,7 \u00bb<\/li>\n<li>4 megap\u00edxeles<\/li>\n<li>Distancia de iluminaci\u00f3n IR \u2265 30 m<\/li>\n<li>Longitud focal: 4 mm<\/li>\n<li>Autom\u00e1tico (ICR); Color y B \/ N<\/li>\n<li>DWDR<\/li>\n<li>2D NR; 3D NR<\/li>\n<li>Inteligencia general Tripwire, intrusi\u00f3n<\/li>\n<li>Compresi\u00f3n de video H.265 \/ H.264M \/ H.264H \/ H.264B \/ MJEPG<\/li>\n<li>Tarjeta micro SD (256 G)<\/li>\n<li>Entrada de audio 1<\/li>\n<li>Salida de audio 1<\/li>\n<li>Entrada de alarma 1<\/li>\n<li>Salida de alarma1<\/li>\n<li>Fuente de alimentaci\u00f3n: 12V \u00b1 20% CC \/ PoE<\/li>\n<\/ul>\n<\/div>\n<\/div>\n","protected":false},"excerpt":{"rendered":"<p>Informaci\u00f3n general Con una c\u00e1mara fija de doble lente, esta serie proporciona una soluci\u00f3n todo en uno para capturar videovigilancia para aplicaciones en interiores y exteriores. Junto con la tecnolog\u00eda t\u00e9rmica y visible, la c\u00e1mara es la soluci\u00f3n perfecta para aplicaciones de monitoreo de \u00e1reas&hellip;<\/p>\n","protected":false},"featured_media":2284,"comment_status":"open","ping_status":"closed","template":"","meta":{"om_disable_all_campaigns":false,"_monsterinsights_skip_tracking":false,"_monsterinsights_sitenote_active":false,"_monsterinsights_sitenote_note":"","_monsterinsights_sitenote_category":0},"product_brand":[],"product_cat":[141],"product_tag":[143,38,66,142],"class_list":{"0":"post-2285","1":"product","2":"type-product","3":"status-publish","4":"has-post-thumbnail","6":"product_cat-termicas","7":"product_tag-camara-termica","8":"product_tag-camaras-de-seguridad","9":"product_tag-dahua","10":"product_tag-termica","12":"first","13":"instock","14":"sale","15":"taxable","16":"shipping-taxable","17":"purchasable","18":"product-type-simple"},"aioseo_notices":[],"_links":{"self":[{"href":"https:\/\/tecsecmty.com\/index.php\/wp-json\/wp\/v2\/product\/2285","targetHints":{"allow":["GET"]}}],"collection":[{"href":"https:\/\/tecsecmty.com\/index.php\/wp-json\/wp\/v2\/product"}],"about":[{"href":"https:\/\/tecsecmty.com\/index.php\/wp-json\/wp\/v2\/types\/product"}],"replies":[{"embeddable":true,"href":"https:\/\/tecsecmty.com\/index.php\/wp-json\/wp\/v2\/comments?post=2285"}],"version-history":[{"count":0,"href":"https:\/\/tecsecmty.com\/index.php\/wp-json\/wp\/v2\/product\/2285\/revisions"}],"wp:featuredmedia":[{"embeddable":true,"href":"https:\/\/tecsecmty.com\/index.php\/wp-json\/wp\/v2\/media\/2284"}],"wp:attachment":[{"href":"https:\/\/tecsecmty.com\/index.php\/wp-json\/wp\/v2\/media?parent=2285"}],"wp:term":[{"taxonomy":"product_brand","embeddable":true,"href":"https:\/\/tecsecmty.com\/index.php\/wp-json\/wp\/v2\/product_brand?post=2285"},{"taxonomy":"product_cat","embeddable":true,"href":"https:\/\/tecsecmty.com\/index.php\/wp-json\/wp\/v2\/product_cat?post=2285"},{"taxonomy":"product_tag","embeddable":true,"href":"https:\/\/tecsecmty.com\/index.php\/wp-json\/wp\/v2\/product_tag?post=2285"}],"curies":[{"name":"wp","href":"https:\/\/api.w.org\/{rel}","templated":true}]}}