{"id":2291,"date":"2023-02-22T18:58:26","date_gmt":"2023-02-23T00:58:26","guid":{"rendered":"https:\/\/tecsecmty.com\/index.php\/producto\/dahua-tpcbf2120-camara-ip-bullet-termica-lente-dual-2-megapixeles-rango-de-espectro-7-14-um-luz-ir-35m-h264mjpeg-ivs-ip67-poe-ofertasaaa\/"},"modified":"2023-03-22T23:23:10","modified_gmt":"2023-03-23T05:23:10","slug":"dahua-tpcbf2120-camara-ip-bullet-termica-lente-dual-2-megapixeles-rango-de-espectro-7-14-um-luz-ir-35m-h264mjpeg-ivs-ip67-poe-ofertasaaa","status":"publish","type":"product","link":"https:\/\/tecsecmty.com\/index.php\/producto\/dahua-tpcbf2120-camara-ip-bullet-termica-lente-dual-2-megapixeles-rango-de-espectro-7-14-um-luz-ir-35m-h264mjpeg-ivs-ip67-poe-ofertasaaa\/","title":{"rendered":"DAHUA TPCBF2120 &#8211; C\u00e1mara IP Bullet T\u00e9rmica Lente Dual \/ 2 Megap\u00edxeles \/ Rango de espectro 7 &amp; 14 UM \/ Luz ir 35M \/ H264&amp;MJPEG \/ IVS \/ IP67 \/ PoE\/ #OfertasAAA"},"content":{"rendered":"<div class=\"row aling-items-center padding-bottom-2x\">\n<div class=\"col-lg-12\">\n<h5 class=\"card-title text-center\">Informaci\u00f3n General<\/h5>\n<p>La c\u00e1mara modelo\u00a0<strong>TPCBF2120<\/strong>\u00a0es una c\u00e1mara t\u00e9rmica dual Dahua, nos permite ofrecer diferentes tipos de soluciones, perimetrales, industria el\u00e9ctrica y aplicaciones de seguridad. Al ser dual cuenta con 2 lentes uno nos premite ver la imagen como cualquier otra c\u00e1mara IP y el segundo nos permite ver de forma t\u00e9rmica. Est\u00e1 dise\u00f1ada para encontrar fuentes de calor, capaz de ofrecer im\u00e1genes altamente detalladas y amplio conjunto de caracter\u00edsticas.<\/p>\n<p>Cuenta con \u00edndice de protecci\u00f3n IP67, ranura micro SD para 128GB, lente fijo de 19mm, funciones inteligentes, medici\u00f3n de temperatura entre otras funciones.<\/p>\n<p><img decoding=\"async\" class=\"overview-center-img-web\" src=\"https:\/\/tvc.mx\/media\/42288\/ppal.png\" alt=\"\" \/><\/p>\n<\/div>\n<\/div>\n<div class=\"row aling-items-center padding-bottom-2x\">\n<div class=\"col-lg-12\">\n<h5 class=\"card-title text-center\">Perfecta Visi\u00f3n en cualquier condici\u00f3n<\/h5>\n<p>El dispositivo cuenta con un microbol\u00f3metro VOx sensible que permite observar objetos con la niebla, humo y en ausencia de iluminaci\u00f3n.<\/p>\n<p><img decoding=\"async\" class=\"overview-center-img-web\" src=\"https:\/\/tvc.mx\/media\/42291\/niebla.png\" alt=\"\" \/><\/p>\n<\/div>\n<\/div>\n<div class=\"row aling-items-center padding-bottom-2x\">\n<div class=\"col-lg-12\">\n<h5 class=\"card-title text-center\">Detecci\u00f3n de Incendio<\/h5>\n<p>Otra ventaja de de nuestra c\u00e1mara TPCBF2120 es la capacidad de detectar el fuego, ideal para la prevenci\u00f3n de incendios y seguridad por sobrecalentamiento.<\/p>\n<p><img decoding=\"async\" class=\"overview-center-img-web\" src=\"https:\/\/tvc.mx\/media\/42294\/ince.png\" alt=\"\" \/><\/p>\n<\/div>\n<\/div>\n<div class=\"row aling-items-center padding-bottom-2x\">\n<div class=\"col-lg-12\">\n<h5 class=\"card-title text-center\">Anal\u00edticos incorporados en la c\u00e1mara<\/h5>\n<p>La c\u00e1mara cuenta con funciones de inteligencia embebidas IVS, tiene la capacidad de detectar, analizar e identificar objetos en movimiento para mejorar el an\u00e1lisis de video y enviar una alerta autom\u00e1tica.<\/p>\n<p><img decoding=\"async\" class=\"overview-center-img-web\" src=\"https:\/\/tvc.mx\/media\/42297\/ivs.png\" alt=\"\" \/><\/p>\n<\/div>\n<\/div>\n<div class=\"row aling-items-center padding-bottom-2x\">\n<div class=\"col-lg-12\">\n<h5 class=\"card-title text-center\">Inmune a luces fuertes<\/h5>\n<p>La c\u00e1mara t\u00e9rmica no se ve afectada por destellos o luces directas.<\/p>\n<p><img decoding=\"async\" class=\"overview-center-img-web\" src=\"https:\/\/tvc.mx\/media\/42300\/luces.png\" alt=\"\" \/><\/p>\n<\/div>\n<\/div>\n<div class=\"row aling-items-center padding-bottom-2x\">\n<div class=\"col-lg-12\">\n<h5 class=\"card-title text-center\">Principales Caracter\u00edsticas<\/h5>\n<ul>\n<li class=\"ql-align-justify\">Pixeles efectivos 1944(H)x1092(V).<\/li>\n<li class=\"ql-align-justify\">Compresi\u00f3n de video H264\/MJPEG.<\/li>\n<li class=\"ql-align-justify\">Medici\u00f3n de temperatura.<\/li>\n<li class=\"ql-align-justify\">Paleta de colores.<\/li>\n<li class=\"ql-align-justify\">Lente varifocal.<\/li>\n<li class=\"ql-align-justify\">\u00c1ngulo de visi\u00f3n 56\u00b0 * 44\u00b0.<\/li>\n<li class=\"ql-align-justify\">Regi\u00f3n de Inter\u00e9s (ROI) 4 zonas.<\/li>\n<li class=\"ql-align-justify\">Detecci\u00f3n de movimiento 4 zonas.<\/li>\n<li class=\"ql-align-justify\">M\u00e1scaras de privacidad 4 \u00e1reas.<\/li>\n<li class=\"ql-align-justify\">IVS (tripwire, intrusi\u00f3n, objeto abandonado\/perdido, detecci\u00f3n de objeto (personas\/veh\u00edculos).<\/li>\n<li class=\"ql-align-justify\">Puerto Ethernet\u00a0RJ-45 (10\/100Base-T).<\/li>\n<li class=\"ql-align-justify\">ONVIF PSIA CGI.<\/li>\n<li class=\"ql-align-justify\">M\u00e1x acceso de usuarios 20.<\/li>\n<li class=\"ql-align-justify\">Ranura micro SD (hasta 128GB, No incluye tarjeta SD).<\/li>\n<li class=\"ql-align-justify\">1 Entrada de audio.<\/li>\n<li class=\"ql-align-justify\">2 Entradas de alarma\/1 salida.<\/li>\n<li class=\"ql-align-justify\">Fuente de alimentaci\u00f3n 12V DC \u00b125%\/POE.<\/li>\n<li class=\"ql-align-justify\">Consumo de energ\u00eda m\u00e1x. 12W.<\/li>\n<li class=\"ql-align-justify\">Condiciones de operaci\u00f3n\u00a0-40\u00b0C ~ +60\u00b0C.<\/li>\n<li class=\"ql-align-justify\">Indice de protecci\u00f3n IP67.<\/li>\n<li class=\"ql-align-justify\">Dimensiones\u00a023.8cm\u00d7 9cm\u00d7 9cm.<\/li>\n<li class=\"ql-align-justify\">Material metal.<\/li>\n<\/ul>\n<p><img decoding=\"async\" class=\"overview-center-img-web\" src=\"https:\/\/tvc.mx\/media\/42309\/principalcaracimg.png\" alt=\"\" \/><\/p>\n<\/div>\n<\/div>\n","protected":false},"excerpt":{"rendered":"<p>Informaci\u00f3n General La c\u00e1mara modelo\u00a0TPCBF2120\u00a0es una c\u00e1mara t\u00e9rmica dual Dahua, nos permite ofrecer diferentes tipos de soluciones, perimetrales, industria el\u00e9ctrica y aplicaciones de seguridad. Al ser dual cuenta con 2 lentes uno nos premite ver la imagen como cualquier otra c\u00e1mara IP y el segundo&hellip;<\/p>\n","protected":false},"featured_media":2290,"comment_status":"open","ping_status":"closed","template":"","meta":{"om_disable_all_campaigns":false,"_monsterinsights_skip_tracking":false,"_monsterinsights_sitenote_active":false,"_monsterinsights_sitenote_note":"","_monsterinsights_sitenote_category":0},"product_brand":[],"product_cat":[141],"product_tag":[143,38,66,142],"class_list":{"0":"post-2291","1":"product","2":"type-product","3":"status-publish","4":"has-post-thumbnail","6":"product_cat-termicas","7":"product_tag-camara-termica","8":"product_tag-camaras-de-seguridad","9":"product_tag-dahua","10":"product_tag-termica","12":"first","13":"instock","14":"sale","15":"taxable","16":"shipping-taxable","17":"purchasable","18":"product-type-simple"},"aioseo_notices":[],"_links":{"self":[{"href":"https:\/\/tecsecmty.com\/index.php\/wp-json\/wp\/v2\/product\/2291","targetHints":{"allow":["GET"]}}],"collection":[{"href":"https:\/\/tecsecmty.com\/index.php\/wp-json\/wp\/v2\/product"}],"about":[{"href":"https:\/\/tecsecmty.com\/index.php\/wp-json\/wp\/v2\/types\/product"}],"replies":[{"embeddable":true,"href":"https:\/\/tecsecmty.com\/index.php\/wp-json\/wp\/v2\/comments?post=2291"}],"version-history":[{"count":0,"href":"https:\/\/tecsecmty.com\/index.php\/wp-json\/wp\/v2\/product\/2291\/revisions"}],"wp:featuredmedia":[{"embeddable":true,"href":"https:\/\/tecsecmty.com\/index.php\/wp-json\/wp\/v2\/media\/2290"}],"wp:attachment":[{"href":"https:\/\/tecsecmty.com\/index.php\/wp-json\/wp\/v2\/media?parent=2291"}],"wp:term":[{"taxonomy":"product_brand","embeddable":true,"href":"https:\/\/tecsecmty.com\/index.php\/wp-json\/wp\/v2\/product_brand?post=2291"},{"taxonomy":"product_cat","embeddable":true,"href":"https:\/\/tecsecmty.com\/index.php\/wp-json\/wp\/v2\/product_cat?post=2291"},{"taxonomy":"product_tag","embeddable":true,"href":"https:\/\/tecsecmty.com\/index.php\/wp-json\/wp\/v2\/product_tag?post=2291"}],"curies":[{"name":"wp","href":"https:\/\/api.w.org\/{rel}","templated":true}]}}