{"id":2297,"date":"2023-02-22T18:58:33","date_gmt":"2023-02-23T00:58:33","guid":{"rendered":"https:\/\/tecsecmty.com\/index.php\/producto\/imou-bullet-2-2mp-ipc-f22fen-0280b-imou-camara-ip-bullet-wifi-de-2-megapixeles-full-color-vision-nocturna-inteligente-audio-dos-vias-disuasion-activa-108-grados-30-mts-de-ir-h-265-ip67-au\/"},"modified":"2023-03-22T23:23:30","modified_gmt":"2023-03-23T05:23:30","slug":"imou-bullet-2-2mp-ipc-f22fen-0280b-imou-camara-ip-bullet-wifi-de-2-megapixeles-full-color-vision-nocturna-inteligente-audio-dos-vias-disuasion-activa-108-grados-30-mts-de-ir-h-265-ip67-au","status":"publish","type":"product","link":"https:\/\/tecsecmty.com\/index.php\/producto\/imou-bullet-2-2mp-ipc-f22fen-0280b-imou-camara-ip-bullet-wifi-de-2-megapixeles-full-color-vision-nocturna-inteligente-audio-dos-vias-disuasion-activa-108-grados-30-mts-de-ir-h-265-ip67-au\/","title":{"rendered":"IMOU Bullet 2 2MP (IPC-F22FEN-0280B-imou) &#8211; C\u00e1mara IP Bullet Wifi de 2 Megap\u00edxeles\/ Full Color\/ Visi\u00f3n Nocturna Inteligente\/ Audio Dos V\u00edas\/ Disuasi\u00f3n Activa\/ 108 Grados\/ 30 Mts de IR\/ H.265\/ IP67\/ Audio\/ Detecci\u00f3n de Humanos\/ Ranura para MicroSD\/"},"content":{"rendered":"<div class=\"row aling-items-center padding-bottom-2x\">\n<div class=\"col-lg-12\">\n<h5 class=\"card-title text-center\">Informaci\u00f3n General<\/h5>\n<p>La c\u00e1mara\u00a0<strong>Bullet 2<\/strong>\u00a0de Imou cuenta con la tecnolog\u00eda\u00a0<strong>Smart Color Night Vision<\/strong>\u00a0que brinda diferentes formas de modo nocturno:\u00a0<strong>Modo infrarrojo<\/strong>, el algoritmo integrado de\u00a0<strong>IR avanzado<\/strong>\u00a0otorga im\u00e1genes claras en blanco y negro en la obscuridad. El\u00a0<strong>modo color<\/strong>\u00a0proporciona im\u00e1genes\u00a0<strong>Full Color<\/strong>\u00a0gracias a los leds de\u00a0<strong>iluminaci\u00f3n blanca integrados<\/strong>. El\u00a0<strong>modo Smart<\/strong>\u00a0genera una vista en blanco y negro, al detectar un movimiento sospechoso\u00a0<strong>la luz blanca se enciende de manera autom\u00e1tica<\/strong>\u00a0para generar una visi\u00f3n clara y a color de lo que est\u00e1 sucediendo. El\u00a0<strong>modo apagado<\/strong>\u00a0mantiene apagados tanto el IR como la luz blanca.<\/p>\n<p><img decoding=\"async\" class=\"overview-center-img-web\" src=\"https:\/\/tvc.mx\/media\/413699\/Imou-2E-BULLET-IP-VISI%C3%93N-NOCTURNA-SMART.png\" alt=\"\" \/><\/div>\n<\/div>\n<div class=\"row align-items-center padding-bottom-2x\">\n<div class=\"col-md-5 order-md-2\"><img decoding=\"async\" class=\"d-block m-auto img-thumbnail\" src=\"https:\/\/tvc.mx\/media\/413591\/prueba-de-intemperie.png\" alt=\" \" \/><\/div>\n<div class=\"col-md-7 order-md-1 text-md-left text-center\">\n<h2>IP67<\/h2>\n<p class=\"text-muted\">\n<p>El \u00edndice de protecci\u00f3n\u00a0<strong>IP67<\/strong>\u00a0le ofrece a la c\u00e1mara\u00a0<strong>Bullet 2<\/strong>\u00a0de Imou la capacidad de ser instalada tanto en exterior como interior, esto le brinda una gran\u00a0<strong>versatilidad para aplicaciones<\/strong>\u00a0en escenarios como tiendas, hogar, almacenes, oficinas y muchos m\u00e1s.<\/p>\n<p>&nbsp;<\/p>\n<\/div>\n<\/div>\n<hr class=\"padding-bottom-2x\" \/>\n<div class=\"row align-items-center padding-bottom-2x\">\n<div class=\"col-md-5\"><img decoding=\"async\" class=\"d-block m-auto img-thumbnail\" src=\"https:\/\/tvc.mx\/media\/413595\/almacenamiento-imou.png\" alt=\" \" \/><\/div>\n<div class=\"col-md-7 text-md-left text-center\">\n<h2>Almacenamiento Diversificado.<\/h2>\n<p class=\"text-muted\">\n<p>La c\u00e1mara\u00a0<strong>Bullet 2<\/strong>\u00a0de imou cuenta con la posibilidad de almacenar las grabaciones dentro de una tarjeta\u00a0<strong>microSD de hasta 256 GB<\/strong>\u00a0(tarjeta de memoria no incluida),\u00a0puede enlazarse con un NVR\u00a0(Imou)\u00a0para aumentar la capacidad de almacenamiento y\/o, puede respaldar las grabaciones dentro de la \u201c<strong>Imou Cloud<\/strong>\u201d.<\/p>\n<p>&nbsp;<\/p>\n<\/div>\n<\/div>\n<hr class=\"padding-bottom-2x\" \/>\n<div class=\"row align-items-center padding-bottom-2x\">\n<div class=\"col-md-5 order-md-2\"><img decoding=\"async\" class=\"d-block m-auto img-thumbnail\" src=\"https:\/\/tvc.mx\/media\/413599\/notificacion-de-alarma.png\" alt=\" \" \/><\/div>\n<div class=\"col-md-7 order-md-1 text-md-left text-center\">\n<h2>Notificaci\u00f3n de alarma<\/h2>\n<p class=\"text-muted\">\n<p>Reciba alertas instant\u00e1neas en su tel\u00e9fono inteligente cada vez que detecte movimiento, lo que lo mantendr\u00e1 al tanto de lo que sucede en su hogar o negocio desde cualquier lugar.<\/p>\n<p>&nbsp;<\/p>\n<\/div>\n<\/div>\n<hr class=\"padding-bottom-2x\" \/>\n<div class=\"row align-items-center padding-bottom-2x\">\n<div class=\"col-md-5\"><img decoding=\"async\" class=\"d-block m-auto img-thumbnail\" src=\"https:\/\/tvc.mx\/media\/413603\/Imou-2E-BULLET-IP-VISI%C3%93N-NOCTURNA-SMART-caracteristicas.png\" alt=\" \" \/><\/div>\n<div class=\"col-md-7 text-md-left text-center\">\n<h2>Principales Caracter\u00edsticas.<\/h2>\n<p class=\"text-muted\">\n<ul>\n<li>V\u00eddeo Full HD 1080P<\/li>\n<li>Detecci\u00f3n humana<\/li>\n<li>Visi\u00f3n nocturna inteligente en color<\/li>\n<li>Disuasi\u00f3n activa<\/li>\n<li>IP67<\/li>\n<li>Charla bidireccional<\/li>\n<li>Almacenamiento diversificado<\/li>\n<li>Notificaci\u00f3n de alarma<\/li>\n<li>Conexi\u00f3n wifi<\/li>\n<\/ul>\n<p>&nbsp;<\/p>\n<\/div>\n<\/div>\n<hr class=\"padding-bottom-2x\" \/>\n<div class=\"row align-items-center padding-bottom-2x\">\n<div class=\"col-md-5 order-md-2\"><img decoding=\"async\" class=\"d-block m-auto img-thumbnail\" src=\"https:\/\/tvc.mx\/media\/413607\/imou-bullet-2-ip-4-megapixeles-wifi-full-color-microfono-integrado-especificaciones.png\" alt=\" \" \/><\/div>\n<div class=\"col-md-7 order-md-1 text-md-left text-center\">\n<h2>Especificaciones<\/h2>\n<p class=\"text-muted\">\n<ul>\n<li>1080P\/4MP(2560*1440)<\/li>\n<li>H.265 \/ H.264<\/li>\n<li>IP67 resistente a la intemperie<\/li>\n<li>Visi\u00f3n nocturna en color inteligente<\/li>\n<li>Funci\u00f3n de intercomunicaci\u00f3n<\/li>\n<li>Faro incorporado<\/li>\n<li>Detecci\u00f3n de personas<\/li>\n<li>Alarma, zoom y programaci\u00f3n configurables<\/li>\n<li>Notificaciones en el m\u00f3vil<\/li>\n<li>Zoom digital 16x<\/li>\n<li>Aplicaci\u00f3n Imou Life: iOS, Android<\/li>\n<li>Almacenamiento<\/li>\n<li>NVR<\/li>\n<li>Archivo en la nube<\/li>\n<li>Ranura MicroSD (hasta 256 GB)<\/li>\n<li>Conexi\u00f3n Wi-Fi (2,4 GHz)<\/li>\n<li>Fuente de alimentaci\u00f3n DC 12V1A<\/li>\n<li>1 puerto Ethernet de 100 Mbps<\/li>\n<li>148 \u00d7 74 \u00d7 74 mm<\/li>\n<li>Peso: 357g<\/li>\n<li>Adecuado para: De -30\u00b0C a + 60\u00b0C.<\/li>\n<\/ul>\n<p>&nbsp;<\/p>\n<\/div>\n<\/div>\n<hr class=\"padding-bottom-2x\" \/>\n<div class=\"row align-items-center padding-bottom-2x\">\n<div class=\"col-md-5\"><img decoding=\"async\" class=\"d-block m-auto img-thumbnail\" src=\"https:\/\/tvc.mx\/media\/413611\/logo-imou.png\" alt=\" \" \/><\/div>\n<div class=\"col-md-7 text-md-left text-center\">\n<h2>Incluye<\/h2>\n<p class=\"text-muted\">\n<ul>\n<li>C\u00e1mara<\/li>\n<li>Adaptador de corriente<\/li>\n<li>Mapa de instalaci\u00f3n<\/li>\n<li>Conector impermeable<\/li>\n<li>Empaque de tornillos<\/li>\n<li>Gu\u00eda r\u00e1pida<\/li>\n<\/ul>\n<\/div>\n<\/div>\n","protected":false},"excerpt":{"rendered":"<p>Informaci\u00f3n General La c\u00e1mara\u00a0Bullet 2\u00a0de Imou cuenta con la tecnolog\u00eda\u00a0Smart Color Night Vision\u00a0que brinda diferentes formas de modo nocturno:\u00a0Modo infrarrojo, el algoritmo integrado de\u00a0IR avanzado\u00a0otorga im\u00e1genes claras en blanco y negro en la obscuridad. El\u00a0modo color\u00a0proporciona im\u00e1genes\u00a0Full Color\u00a0gracias a los leds de\u00a0iluminaci\u00f3n blanca integrados. El\u00a0modo&hellip;<\/p>\n","protected":false},"featured_media":2296,"comment_status":"open","ping_status":"closed","template":"","meta":{"om_disable_all_campaigns":false,"_monsterinsights_skip_tracking":false,"_monsterinsights_sitenote_active":false,"_monsterinsights_sitenote_note":"","_monsterinsights_sitenote_category":0},"product_brand":[],"product_cat":[144],"product_tag":[147,38,145,146],"class_list":{"0":"post-2297","1":"product","2":"type-product","3":"status-publish","4":"has-post-thumbnail","6":"product_cat-imou","7":"product_tag-camara-imou","8":"product_tag-camaras-de-seguridad","9":"product_tag-imou","10":"product_tag-wifi","12":"first","13":"instock","14":"sale","15":"taxable","16":"shipping-taxable","17":"purchasable","18":"product-type-simple"},"aioseo_notices":[],"_links":{"self":[{"href":"https:\/\/tecsecmty.com\/index.php\/wp-json\/wp\/v2\/product\/2297","targetHints":{"allow":["GET"]}}],"collection":[{"href":"https:\/\/tecsecmty.com\/index.php\/wp-json\/wp\/v2\/product"}],"about":[{"href":"https:\/\/tecsecmty.com\/index.php\/wp-json\/wp\/v2\/types\/product"}],"replies":[{"embeddable":true,"href":"https:\/\/tecsecmty.com\/index.php\/wp-json\/wp\/v2\/comments?post=2297"}],"version-history":[{"count":0,"href":"https:\/\/tecsecmty.com\/index.php\/wp-json\/wp\/v2\/product\/2297\/revisions"}],"wp:featuredmedia":[{"embeddable":true,"href":"https:\/\/tecsecmty.com\/index.php\/wp-json\/wp\/v2\/media\/2296"}],"wp:attachment":[{"href":"https:\/\/tecsecmty.com\/index.php\/wp-json\/wp\/v2\/media?parent=2297"}],"wp:term":[{"taxonomy":"product_brand","embeddable":true,"href":"https:\/\/tecsecmty.com\/index.php\/wp-json\/wp\/v2\/product_brand?post=2297"},{"taxonomy":"product_cat","embeddable":true,"href":"https:\/\/tecsecmty.com\/index.php\/wp-json\/wp\/v2\/product_cat?post=2297"},{"taxonomy":"product_tag","embeddable":true,"href":"https:\/\/tecsecmty.com\/index.php\/wp-json\/wp\/v2\/product_tag?post=2297"}],"curies":[{"name":"wp","href":"https:\/\/api.w.org\/{rel}","templated":true}]}}