{"id":2299,"date":"2023-02-22T18:58:35","date_gmt":"2023-02-23T00:58:35","guid":{"rendered":"https:\/\/tecsecmty.com\/index.php\/producto\/imou-bullet-2-4-mpipc-f42fen-0280b-imou-camara-ip-bullet-de-4-megapixeles-wifi-fullcolor-vision-nocturna-inteligente-audio-dos-vias-disuasion-activa-con-estrobo-y-sirena-integrados-102-de\/"},"modified":"2023-03-22T23:23:30","modified_gmt":"2023-03-23T05:23:30","slug":"imou-bullet-2-4-mpipc-f42fen-0280b-imou-camara-ip-bullet-de-4-megapixeles-wifi-fullcolor-vision-nocturna-inteligente-audio-dos-vias-disuasion-activa-con-estrobo-y-sirena-integrados-102-de","status":"publish","type":"product","link":"https:\/\/tecsecmty.com\/index.php\/producto\/imou-bullet-2-4-mpipc-f42fen-0280b-imou-camara-ip-bullet-de-4-megapixeles-wifi-fullcolor-vision-nocturna-inteligente-audio-dos-vias-disuasion-activa-con-estrobo-y-sirena-integrados-102-de\/","title":{"rendered":"IMOU Bullet 2 4 MP(IPC-F42FEN-0280B-imou) -C\u00e1mara IP Bullet de 4 Megap\u00edxeles Wifi\/FullColor\/Visi\u00f3n Nocturna Inteligente\/Audio Dos V\u00edas\/ Disuasi\u00f3n Activa con Estrobo y Sirena Integrados \/ 102\u00b0 de Apertura\/ Lente de 2.8 mm\/30 Mts IR\/ H.265\/ MicroSD\/ IP67"},"content":{"rendered":"<div class=\"row aling-items-center padding-bottom-2x\">\n<div class=\"col-lg-12\">\n<h5 class=\"card-title text-center\">Informaci\u00f3n General<\/h5>\n<p>La c\u00e1mara<strong>\u00a0IMOU Bullet 2 4MP<\/strong>\u00a0ofrece monitoreo en vivo de\u00a0<strong>4MP<\/strong>\u00a0con un \u00e1ngulo de visi\u00f3n de\u00a0<strong>102\u00b0<\/strong>, asegurando que gran parte de su hogar est\u00e9 completamente cubierto. Admite cuatro modos de visi\u00f3n nocturna para una claridad clara como el d\u00eda,incluso en la oscuridad completa!. Con certificaci\u00f3n\u00a0<strong>IP67<\/strong>, la c\u00e1mara se puede utilizar al aire libre en diferentes condiciones clim\u00e1ticas. Con\u00a0<strong>sirena y luz blanca incorporada<\/strong>\u00a0la c\u00e1mara Imou Bullet 2 4MP mantiene activamente a los visitantes no deseados lejos de lo que le importa.<\/p>\n<p><img decoding=\"async\" class=\"overview-center-img-web\" src=\"https:\/\/tvc.mx\/media\/407379\/imou-bullet-2-ip-4-megapixeles-wifi-full-color-microfono-integrado.png\" alt=\"\" \/><\/div>\n<\/div>\n<div class=\"row align-items-center padding-bottom-2x\">\n<div class=\"col-md-5\"><img decoding=\"async\" class=\"d-block m-auto img-thumbnail\" src=\"https:\/\/tvc.mx\/media\/407383\/Resolucion-de-4mp-litr-Dahua.png\" alt=\" \" \/><\/div>\n<div class=\"col-md-7 text-md-left text-center\">\n<h2>Excelencia en Imagen 4MP<\/h2>\n<p class=\"text-muted\">\n<p>La c\u00e1mara\u00a0ofrece un amplio rango de visi\u00f3n con su alta resoluci\u00f3n que permite obtener detalles y calidad sin igual.\u00a0La resoluci\u00f3n de\u00a04Mp\u00a0es dos veces m\u00e1s clara que la claridad de 1080p,consiguiendo una imagen mucho m\u00e1s clara.<\/p>\n<p>&nbsp;<\/p>\n<\/div>\n<\/div>\n<hr class=\"padding-bottom-2x\" \/>\n<div class=\"row align-items-center padding-bottom-2x\">\n<div class=\"col-md-5 order-md-2\"><img decoding=\"async\" class=\"d-block m-auto img-thumbnail\" src=\"https:\/\/tvc.mx\/media\/407387\/compresion-de-video.png\" alt=\" \" \/><\/div>\n<div class=\"col-md-7 order-md-1 text-md-left text-center\">\n<h2>Avanzada Compresi\u00f3n H.265<\/h2>\n<p class=\"text-muted\">\n<p>La compresi\u00f3n H.265 de vanguardia reduce el ancho de banda de red y el uso de almacenamiento en un 50% con la misma calidad de video.<\/p>\n<p>&nbsp;<\/p>\n<\/div>\n<\/div>\n<hr class=\"padding-bottom-2x\" \/>\n<div class=\"row align-items-center padding-bottom-2x\">\n<div class=\"col-md-5\"><img decoding=\"async\" class=\"d-block m-auto img-thumbnail\" src=\"https:\/\/tvc.mx\/media\/407391\/prueba-de-intemperie.png\" alt=\" \" \/><\/div>\n<div class=\"col-md-7 text-md-left text-center\">\n<h2>Resistencia al Ambiente Exterior<\/h2>\n<p class=\"text-muted\">\n<p>La c\u00e1mara Imou Bullet 2 4MP cuenta con un\u00a0<strong>\u00edndice de protecci\u00f3n<\/strong>\u00a0resistente a la intemperie\u00a0<strong>IP67<\/strong>\u00a0para su uso en m\u00faltiples escenarios a prueba de viento y agua, permitiendo instalarla al aire libre en diferentes condiciones clim\u00e1ticas<\/p>\n<p>&nbsp;<\/p>\n<\/div>\n<\/div>\n<hr class=\"padding-bottom-2x\" \/>\n<div class=\"row align-items-center padding-bottom-2x\">\n<div class=\"col-md-5 order-md-2\"><img decoding=\"async\" class=\"d-block m-auto img-thumbnail\" src=\"https:\/\/tvc.mx\/media\/407395\/almacenamiento-microSD-Dahua.png\" alt=\" \" \/><\/div>\n<div class=\"col-md-7 order-md-1 text-md-left text-center\">\n<h2>Almacenamiento en Micro SD<\/h2>\n<p class=\"text-muted\">\n<p>Nuestra c\u00e1mara permite tener grabaci\u00f3n localmente ya que cuenta con una ranura para memoria Micro SD con un m\u00e1ximo de hasta\u00a0256Gb.<\/p>\n<p>&nbsp;<\/p>\n<\/div>\n<\/div>\n<hr class=\"padding-bottom-2x\" \/>\n<div class=\"row align-items-center padding-bottom-2x\">\n<div class=\"col-md-5\"><img decoding=\"async\" class=\"d-block m-auto img-thumbnail\" src=\"https:\/\/tvc.mx\/media\/407399\/notificacion-de-alarma.png\" alt=\" \" \/><\/div>\n<div class=\"col-md-7 text-md-left text-center\">\n<h2>Notificaci\u00f3n de alarma<\/h2>\n<p class=\"text-muted\">\n<p>La c\u00e1mara cuenta con la funci\u00f3n de env\u00edar alertas instant\u00e1neas a su tel\u00e9fono inteligente cada vez que detecta movimiento, lo que lo mantiene al tanto de lo que sucede en casa desde cualquier lugar.<\/p>\n<p>&nbsp;<\/p>\n<\/div>\n<\/div>\n<hr class=\"padding-bottom-2x\" \/>\n<div class=\"row align-items-center padding-bottom-2x\">\n<div class=\"col-md-5 order-md-2\"><img decoding=\"async\" class=\"d-block m-auto img-thumbnail\" src=\"https:\/\/tvc.mx\/media\/407403\/imou-bullet-2-ip-4-megapixeles-wifi-full-color-microfono-integrado-caracteristicas.png\" alt=\" \" \/><\/div>\n<div class=\"col-md-7 order-md-1 text-md-left text-center\">\n<h2>Principales Caracter\u00edsticas<\/h2>\n<p class=\"text-muted\">\n<ul>\n<li>1080P\/4MP(2560*1440\uff09<\/li>\n<li>H.265\/H.264<\/li>\n<li>IP67 Resistente al agua<\/li>\n<li>Visi\u00f3n Nocturna<\/li>\n<li>Micr\u00f3fono incorporado<\/li>\n<li>Detecci\u00f3n de humanos<\/li>\n<li>Zoom de alarma configurable y programable<\/li>\n<li>Alertas en el m\u00f3vil<\/li>\n<li>16X Zoom digital<\/li>\n<li>Imou Life App: iOS, Android<\/li>\n<\/ul>\n<p>&nbsp;<\/p>\n<\/div>\n<\/div>\n<hr class=\"padding-bottom-2x\" \/>\n<div class=\"row align-items-center padding-bottom-2x\">\n<div class=\"col-md-5\"><img decoding=\"async\" class=\"d-block m-auto img-thumbnail\" src=\"https:\/\/tvc.mx\/media\/407407\/imou-bullet-2-ip-4-megapixeles-wifi-full-color-microfono-integrado-especificaciones.png\" alt=\" \" \/><\/div>\n<div class=\"col-md-7 text-md-left text-center\">\n<h2>Especificaciones<\/h2>\n<p class=\"text-muted\">\n<ul>\n<li>Sensor 1\/2.7&#8243; CMOS 4Mp.<\/li>\n<li>Lente 2.8mm.<\/li>\n<li>\u00c1ngulo de Visi\u00f3n 102\u00b0.<\/li>\n<li>Disuasi\u00f3n Activa con luz y sirena.<\/li>\n<li>Notificaci\u00f3n de alarma<\/li>\n<li>Wi-Fi: IEEE802.11b\/g\/n Antena Dual ( 2.4Ghz).<\/li>\n<li>Compresi\u00f3n de video H.265 \/ H.264<\/li>\n<li>Visi\u00f3n Nocturna Inteligente.<\/li>\n<li>Audio bidireccional.<\/li>\n<li>Micr\u00f3fono incorporado.<\/li>\n<li>Bocina.<\/li>\n<li>Bot\u00f3n de Reset.<\/li>\n<li>Ranura Micro SD hasta 256Gb.<\/li>\n<li>12V CD 1A.<\/li>\n<li>Consumo &lt;=7W.<\/li>\n<li>Material Policarbonato y Metal.<\/li>\n<li>IP67.<\/li>\n<li>Dimensiones: 147.7 \u00d7 74.2 \u00d7 74.2mm<\/li>\n<\/ul>\n<p>&nbsp;<\/p>\n<\/div>\n<\/div>\n<hr class=\"padding-bottom-2x\" \/>\n<div class=\"row align-items-center padding-bottom-2x\">\n<div class=\"col-md-5 order-md-2\"><img decoding=\"async\" class=\"d-block m-auto img-thumbnail\" src=\"https:\/\/tvc.mx\/media\/407411\/logo-imou.png\" alt=\" \" \/><\/div>\n<div class=\"col-md-7 order-md-1 text-md-left text-center\">\n<h2>Incluye<\/h2>\n<p class=\"text-muted\">\n<ul>\n<li>C\u00e1mara<\/li>\n<li>Adaptador de corriente<\/li>\n<li>Mapa de instalaci\u00f3n<\/li>\n<li>Conector impermeable<\/li>\n<li>Empaque de tornillos<\/li>\n<li>Gu\u00eda r\u00e1pida<\/li>\n<\/ul>\n<\/div>\n<\/div>\n","protected":false},"excerpt":{"rendered":"<p>Informaci\u00f3n General La c\u00e1mara\u00a0IMOU Bullet 2 4MP\u00a0ofrece monitoreo en vivo de\u00a04MP\u00a0con un \u00e1ngulo de visi\u00f3n de\u00a0102\u00b0, asegurando que gran parte de su hogar est\u00e9 completamente cubierto. Admite cuatro modos de visi\u00f3n nocturna para una claridad clara como el d\u00eda,incluso en la oscuridad completa!. Con certificaci\u00f3n\u00a0IP67,&hellip;<\/p>\n","protected":false},"featured_media":2298,"comment_status":"open","ping_status":"closed","template":"","meta":{"om_disable_all_campaigns":false,"_monsterinsights_skip_tracking":false,"_monsterinsights_sitenote_active":false,"_monsterinsights_sitenote_note":"","_monsterinsights_sitenote_category":0},"product_brand":[],"product_cat":[144],"product_tag":[147,38,145,146],"class_list":{"0":"post-2299","1":"product","2":"type-product","3":"status-publish","4":"has-post-thumbnail","6":"product_cat-imou","7":"product_tag-camara-imou","8":"product_tag-camaras-de-seguridad","9":"product_tag-imou","10":"product_tag-wifi","12":"first","13":"instock","14":"sale","15":"taxable","16":"shipping-taxable","17":"purchasable","18":"product-type-simple"},"aioseo_notices":[],"_links":{"self":[{"href":"https:\/\/tecsecmty.com\/index.php\/wp-json\/wp\/v2\/product\/2299","targetHints":{"allow":["GET"]}}],"collection":[{"href":"https:\/\/tecsecmty.com\/index.php\/wp-json\/wp\/v2\/product"}],"about":[{"href":"https:\/\/tecsecmty.com\/index.php\/wp-json\/wp\/v2\/types\/product"}],"replies":[{"embeddable":true,"href":"https:\/\/tecsecmty.com\/index.php\/wp-json\/wp\/v2\/comments?post=2299"}],"version-history":[{"count":0,"href":"https:\/\/tecsecmty.com\/index.php\/wp-json\/wp\/v2\/product\/2299\/revisions"}],"wp:featuredmedia":[{"embeddable":true,"href":"https:\/\/tecsecmty.com\/index.php\/wp-json\/wp\/v2\/media\/2298"}],"wp:attachment":[{"href":"https:\/\/tecsecmty.com\/index.php\/wp-json\/wp\/v2\/media?parent=2299"}],"wp:term":[{"taxonomy":"product_brand","embeddable":true,"href":"https:\/\/tecsecmty.com\/index.php\/wp-json\/wp\/v2\/product_brand?post=2299"},{"taxonomy":"product_cat","embeddable":true,"href":"https:\/\/tecsecmty.com\/index.php\/wp-json\/wp\/v2\/product_cat?post=2299"},{"taxonomy":"product_tag","embeddable":true,"href":"https:\/\/tecsecmty.com\/index.php\/wp-json\/wp\/v2\/product_tag?post=2299"}],"curies":[{"name":"wp","href":"https:\/\/api.w.org\/{rel}","templated":true}]}}