{"id":2301,"date":"2023-02-22T18:58:39","date_gmt":"2023-02-23T00:58:39","guid":{"rendered":"https:\/\/tecsecmty.com\/index.php\/producto\/imou-bullet-2c-2mp-ipc-f22n-0280b-imou-camara-ip-bullet-wifi-de-2-megapixeles-microfono-integrado-102-grados-de-apertura-h-265-lente-de-2-8mm-deteccion-de-humanos-evita-falsas-alarmas-ir-de\/"},"modified":"2023-03-22T23:23:30","modified_gmt":"2023-03-23T05:23:30","slug":"imou-bullet-2c-2mp-ipc-f22n-0280b-imou-camara-ip-bullet-wifi-de-2-megapixeles-microfono-integrado-102-grados-de-apertura-h-265-lente-de-2-8mm-deteccion-de-humanos-evita-falsas-alarmas-ir-de","status":"publish","type":"product","link":"https:\/\/tecsecmty.com\/index.php\/producto\/imou-bullet-2c-2mp-ipc-f22n-0280b-imou-camara-ip-bullet-wifi-de-2-megapixeles-microfono-integrado-102-grados-de-apertura-h-265-lente-de-2-8mm-deteccion-de-humanos-evita-falsas-alarmas-ir-de\/","title":{"rendered":"IMOU Bullet 2C 2MP (IPC-F22N-0280B-imou) &#8211; C\u00e1mara IP Bullet Wifi de 2 Megap\u00edxeles\/ Micr\u00f3fono Integrado\/ 102 Grados de Apertura\/ H.265\/ Lente de 2.8mm\/Detecci\u00f3n de Humanos (Evita Falsas Alarmas)\/ IR de 30 Metros\/ IP67\/ Ranura para MicroSD\/"},"content":{"rendered":"<div class=\"row aling-items-center padding-bottom-2x\">\n<div class=\"col-lg-12\">\n<h5 class=\"card-title text-center\">Informaci\u00f3n General<\/h5>\n<p>La c\u00e1mara\u00a0<strong>Bullet 2C<\/strong>\u00a0de Imou cuenta con un monitoreo inteligente con\u00a0<strong>detecci\u00f3n humana con inteligencia artificial<\/strong>. Esta potente tecnolog\u00eda de procesamiento de im\u00e1genes encuentra r\u00e1pidamente objetivos humanos en las im\u00e1genes y\u00a0<strong>env\u00eda inmediatamente una notificaci\u00f3n a su tel\u00e9fono inteligente<\/strong>, lo que le permite monitorear lo que importa sin recibir molestas alertas falsas.<\/p>\n<p><img decoding=\"async\" class=\"overview-center-img-web\" src=\"https:\/\/tvc.mx\/media\/460302\/camara-bullet-wifi-de-2-megapixeles-lente-2.8mm-deteccion-de-humanos--IMOU-Bullet-2C.png\" alt=\"\" \/><\/div>\n<\/div>\n<div class=\"row align-items-center padding-bottom-2x\">\n<div class=\"col-md-5 order-md-2\"><img decoding=\"async\" class=\"d-block m-auto img-thumbnail\" src=\"https:\/\/tvc.mx\/media\/460305\/boton-de-reset-bullet-imou.png\" alt=\" \" \/><\/div>\n<div class=\"col-md-7 order-md-1 text-md-left text-center\">\n<h2>Bot\u00f3n externo<\/h2>\n<p class=\"text-muted\">\n<p>El \u00edndice de protecci\u00f3n\u00a0<strong>IP67<\/strong>\u00a0permite que la c\u00e1mara pueda ser utilizada tanto en interior como en el exterior. Cuenta con un bot\u00f3n exterior debidamente sellado, este bot\u00f3n al ser presionado dos veces genera el\u00a0<strong>modo AP<\/strong>, al ser presionado y mantenido por 10s realiza el\u00a0<strong>Reset de la c\u00e1mara.<\/strong><\/p>\n<p>&nbsp;<\/p>\n<\/div>\n<\/div>\n<hr class=\"padding-bottom-2x\" \/>\n<div class=\"row align-items-center padding-bottom-2x\">\n<div class=\"col-md-5\"><img decoding=\"async\" class=\"d-block m-auto img-thumbnail\" src=\"https:\/\/tvc.mx\/media\/460308\/almacenamiento-imou.png\" alt=\" \" \/><\/div>\n<div class=\"col-md-7 text-md-left text-center\">\n<h2>Almacenamiento Diversificado.<\/h2>\n<p class=\"text-muted\">\n<p>La c\u00e1mara\u00a0<strong>Bullet 2C<\/strong>\u00a0de imou cuenta con la posibilidad de almacenar las grabaciones dentro de una tarjeta\u00a0<strong>microSD de hasta 256 GB<\/strong>\u00a0(tarjeta de memoria no incluida),\u00a0puede enlazarse con un NVR\u00a0(Imou)\u00a0para aumentar la capacidad de almacenamiento y\/o, puede respaldar las grabaciones dentro de la \u201c<strong>Imou Cloud<\/strong>\u201d.<\/p>\n<p>&nbsp;<\/p>\n<\/div>\n<\/div>\n<hr class=\"padding-bottom-2x\" \/>\n<div class=\"row align-items-center padding-bottom-2x\">\n<div class=\"col-md-5 order-md-2\"><img decoding=\"async\" class=\"d-block m-auto img-thumbnail\" src=\"https:\/\/tvc.mx\/media\/460311\/wifi-spot-imou.png\" alt=\" \" \/><\/div>\n<div class=\"col-md-7 order-md-1 text-md-left text-center\">\n<h2>Wi-Fi Spot.<\/h2>\n<p class=\"text-muted\">\n<p>La c\u00e1mara\u00a0<strong>bullet 2C<\/strong>\u00a0admite el\u00a0<strong>modo AP<\/strong>\u00a0suave, por lo que puede transmitir el video y reproducir grabaciones incluso cuando no hay conexi\u00f3n a Internet.<\/p>\n<p>&nbsp;<\/p>\n<\/div>\n<\/div>\n<hr class=\"padding-bottom-2x\" \/>\n<div class=\"row align-items-center padding-bottom-2x\">\n<div class=\"col-md-5\"><img decoding=\"async\" class=\"d-block m-auto img-thumbnail\" src=\"https:\/\/tvc.mx\/media\/460314\/camara-bullet-wifi-de-2-megapixeles-lente-2.8mm-deteccion-de-humanos--IMOU-Bullet-2C-caracteristicas.png\" alt=\" \" \/><\/div>\n<div class=\"col-md-7 text-md-left text-center\">\n<h2>Principales Caracter\u00edsticas.<\/h2>\n<p class=\"text-muted\">\n<ul>\n<li>Sensor 2MP 1\/2.8&#8243;.<\/li>\n<li>Visi\u00f3n nocturna 30m.<\/li>\n<li>Lente fijo 2.8mm.<\/li>\n<li>12V DC 0.5A.<\/li>\n<li>Consumo &lt;3.5W.<\/li>\n<li>Condiciones de trabajo -30\u00b0C &#8211; 60\u00b0C.<\/li>\n<li>Humedad relativa 95%.<\/li>\n<li>IP67<\/li>\n<li>Campo de vista (H) 102\u00b0, (V) 54\u00b0.<\/li>\n<li>Compresi\u00f3n H.265\/H.264.<\/li>\n<li>Fram Rate 25\/30FPS.<\/li>\n<li>Zoom digital 16x.<\/li>\n<li>Micr\u00f3fono integrado.<\/li>\n<li>1 Puerto Ethernet 100Mbps.<\/li>\n<li>Wi-Fi IEEE802.11b\/g\/n.<\/li>\n<li>ONVIF.<\/li>\n<\/ul>\n<p>&nbsp;<\/p>\n<\/div>\n<\/div>\n<hr class=\"padding-bottom-2x\" \/>\n<div class=\"row align-items-center padding-bottom-2x\">\n<div class=\"col-md-5 order-md-2\"><img decoding=\"async\" class=\"d-block m-auto img-thumbnail\" src=\"https:\/\/tvc.mx\/media\/460317\/logo-imou.png\" alt=\" \" \/><\/div>\n<div class=\"col-md-7 order-md-1 text-md-left text-center\">\n<h2>Incluye<\/h2>\n<p class=\"text-muted\">\n<ul>\n<li>C\u00e1mara<\/li>\n<li>Gu\u00eda r\u00e1pida<\/li>\n<li>Adaptador de corriente<\/li>\n<li>Paquete de tornillos<\/li>\n<li>Mapa de instalaci\u00f3n<\/li>\n<li>Conector impermeable<\/li>\n<\/ul>\n<\/div>\n<\/div>\n","protected":false},"excerpt":{"rendered":"<p>Informaci\u00f3n General La c\u00e1mara\u00a0Bullet 2C\u00a0de Imou cuenta con un monitoreo inteligente con\u00a0detecci\u00f3n humana con inteligencia artificial. Esta potente tecnolog\u00eda de procesamiento de im\u00e1genes encuentra r\u00e1pidamente objetivos humanos en las im\u00e1genes y\u00a0env\u00eda inmediatamente una notificaci\u00f3n a su tel\u00e9fono inteligente, lo que le permite monitorear lo que&hellip;<\/p>\n","protected":false},"featured_media":2300,"comment_status":"open","ping_status":"closed","template":"","meta":{"om_disable_all_campaigns":false,"_monsterinsights_skip_tracking":false,"_monsterinsights_sitenote_active":false,"_monsterinsights_sitenote_note":"","_monsterinsights_sitenote_category":0},"product_brand":[],"product_cat":[144],"product_tag":[147,38,145,146],"class_list":{"0":"post-2301","1":"product","2":"type-product","3":"status-publish","4":"has-post-thumbnail","6":"product_cat-imou","7":"product_tag-camara-imou","8":"product_tag-camaras-de-seguridad","9":"product_tag-imou","10":"product_tag-wifi","12":"first","13":"instock","14":"sale","15":"taxable","16":"shipping-taxable","17":"purchasable","18":"product-type-simple"},"aioseo_notices":[],"_links":{"self":[{"href":"https:\/\/tecsecmty.com\/index.php\/wp-json\/wp\/v2\/product\/2301","targetHints":{"allow":["GET"]}}],"collection":[{"href":"https:\/\/tecsecmty.com\/index.php\/wp-json\/wp\/v2\/product"}],"about":[{"href":"https:\/\/tecsecmty.com\/index.php\/wp-json\/wp\/v2\/types\/product"}],"replies":[{"embeddable":true,"href":"https:\/\/tecsecmty.com\/index.php\/wp-json\/wp\/v2\/comments?post=2301"}],"version-history":[{"count":0,"href":"https:\/\/tecsecmty.com\/index.php\/wp-json\/wp\/v2\/product\/2301\/revisions"}],"wp:featuredmedia":[{"embeddable":true,"href":"https:\/\/tecsecmty.com\/index.php\/wp-json\/wp\/v2\/media\/2300"}],"wp:attachment":[{"href":"https:\/\/tecsecmty.com\/index.php\/wp-json\/wp\/v2\/media?parent=2301"}],"wp:term":[{"taxonomy":"product_brand","embeddable":true,"href":"https:\/\/tecsecmty.com\/index.php\/wp-json\/wp\/v2\/product_brand?post=2301"},{"taxonomy":"product_cat","embeddable":true,"href":"https:\/\/tecsecmty.com\/index.php\/wp-json\/wp\/v2\/product_cat?post=2301"},{"taxonomy":"product_tag","embeddable":true,"href":"https:\/\/tecsecmty.com\/index.php\/wp-json\/wp\/v2\/product_tag?post=2301"}],"curies":[{"name":"wp","href":"https:\/\/api.w.org\/{rel}","templated":true}]}}