{"id":2305,"date":"2023-02-22T18:58:43","date_gmt":"2023-02-23T00:58:43","guid":{"rendered":"https:\/\/tecsecmty.com\/index.php\/producto\/imou-cue-2-ipc-c22en-camara-ip-wifi-de-2-megapixeles-audio-bidireccional-con-inteligencia-artificial-deteccion-de-humanos-lente-de-2-8mm-sirena-y-microfono-integrados-ir-10-mts-ranura-para\/"},"modified":"2023-03-22T23:23:30","modified_gmt":"2023-03-23T05:23:30","slug":"imou-cue-2-ipc-c22en-camara-ip-wifi-de-2-megapixeles-audio-bidireccional-con-inteligencia-artificial-deteccion-de-humanos-lente-de-2-8mm-sirena-y-microfono-integrados-ir-10-mts-ranura-para","status":"publish","type":"product","link":"https:\/\/tecsecmty.com\/index.php\/producto\/imou-cue-2-ipc-c22en-camara-ip-wifi-de-2-megapixeles-audio-bidireccional-con-inteligencia-artificial-deteccion-de-humanos-lente-de-2-8mm-sirena-y-microfono-integrados-ir-10-mts-ranura-para\/","title":{"rendered":"IMOU CUE 2 (IPC-C22EN) &#8211; C\u00e1mara IP Wifi de 2 Megap\u00edxeles\/ Audio Bidireccional\/ con Inteligencia Artificial\/ Detecci\u00f3n de Humanos\/ Lente de 2.8mm\/ Sirena y Micr\u00f3fono Integrados\/ IR 10 mts\/ Ranura para MicroSD\/ Alarma de Ruido Anormal"},"content":{"rendered":"<div class=\"row aling-items-center padding-bottom-2x\">\n<div class=\"col-lg-12\">\n<h5 class=\"card-title text-center\">Informaci\u00f3n General<\/h5>\n<p>La c\u00e1mara\u00a0IMOU CUE perteneciente a la Serie Consumer nos permite obtener video de calidad HD de resoluci\u00f3n\u00a0<strong>1080P<\/strong>\u00a0con audio bidireccional y almacenamiento en la nube de Dahua, ideal para el hogar, oficina, tienda y\/o boutique.<\/p>\n<p>Con su dise\u00f1o se adapta a cualquier entorno haciendo simple su la instalaci\u00f3n, el funcionamiento en combinaci\u00f3n con la plataforma imou le permite a cualquier persona crear un sistema de vigilancia simple y eficaz.<\/p>\n<h5><strong>Micro SD Clase 10<\/strong><\/h5>\n<p><img decoding=\"async\" class=\"overview-center-img-web\" src=\"https:\/\/tvc.mx\/media\/412579\/imou-cue-2-camara-ip-wifi-de-2-megapixeles-con-inteligencia-artificial.png\" alt=\"\" \/><\/div>\n<\/div>\n<div class=\"row align-items-center padding-bottom-2x\">\n<div class=\"col-md-5 order-md-2\"><img decoding=\"async\" class=\"d-block m-auto img-thumbnail\" src=\"https:\/\/tvc.mx\/media\/412583\/deteccion-humana-imou.png\" alt=\" \" \/><\/div>\n<div class=\"col-md-7 order-md-1 text-md-left text-center\">\n<h2>Detecci\u00f3n Humana<\/h2>\n<p class=\"text-muted\">\n<p>Tecnolog\u00eda poderosa de procesamiento de im\u00e1genes r\u00e1pidamente localiza blancos humanos e inmediatamente envia una notificaci\u00f3n a nuestro smartphone, permitiendo poder monitorear y saber que sucede sin recibir falsas alarmas.<\/p>\n<p>Ademas con la sirena embebida es posible espantar a los intrusos.<\/p>\n<p>&nbsp;<\/p>\n<\/div>\n<\/div>\n<hr class=\"padding-bottom-2x\" \/>\n<div class=\"row align-items-center padding-bottom-2x\">\n<div class=\"col-md-5\"><img decoding=\"async\" class=\"d-block m-auto img-thumbnail\" src=\"https:\/\/tvc.mx\/media\/412587\/asistente-virtual-imou.png\" alt=\" \" \/><\/div>\n<div class=\"col-md-7 text-md-left text-center\">\n<h2>Asistente Virtual<\/h2>\n<p class=\"text-muted\">\n<p>Los dispositivos IMOU son 100% compatibles los asistentes virtuales Alexa, Google Assistant e IFTTT permiti\u00e9ndonos tener interacci\u00f3n intelgente y control de nuestras c\u00e1maras con comandos de voz.<\/p>\n<p>&nbsp;<\/p>\n<\/div>\n<\/div>\n<hr class=\"padding-bottom-2x\" \/>\n<div class=\"row align-items-center padding-bottom-2x\">\n<div class=\"col-md-5 order-md-2\"><img decoding=\"async\" class=\"d-block m-auto img-thumbnail\" src=\"https:\/\/tvc.mx\/media\/412591\/angulo-de-vision-amplio.png\" alt=\" \" \/><\/div>\n<div class=\"col-md-7 order-md-1 text-md-left text-center\">\n<h2>Amplio \u00c1ngulo de Visi\u00f3n<\/h2>\n<p class=\"text-muted\">\n<p>Nuestra c\u00e1mara cuenta con un amplio \u00e1ngulo de visi\u00f3n de\u00a0<strong>112\u00b0(H)<\/strong>,\u00a0<strong>58\u00b0(V)<\/strong>,\u00a0<strong>131\u00b0(D)<\/strong>que garantiza no haya puntos ciegos en la escena.<\/p>\n<p>&nbsp;<\/p>\n<\/div>\n<\/div>\n<hr class=\"padding-bottom-2x\" \/>\n<div class=\"row align-items-center padding-bottom-2x\">\n<div class=\"col-md-5\"><img decoding=\"async\" class=\"d-block m-auto img-thumbnail\" src=\"https:\/\/tvc.mx\/media\/412595\/audiobidireccional-ranger-imou.png\" alt=\" \" \/><\/div>\n<div class=\"col-md-7 text-md-left text-center\">\n<h2>Audio Bidireccional<\/h2>\n<p class=\"text-muted\">\n<p>El altavoz incorporado y un micr\u00f3fono con cancelaci\u00f3n de eco le permiten interactuar con familiares y tambi\u00e9n con sus mascotas incluso a disuadir a los hu\u00e9spedes no deseados.<\/p>\n<p>&nbsp;<\/p>\n<\/div>\n<\/div>\n<hr class=\"padding-bottom-2x\" \/>\n<div class=\"row align-items-center padding-bottom-2x\">\n<div class=\"col-md-5 order-md-2\"><img decoding=\"async\" class=\"d-block m-auto img-thumbnail\" src=\"https:\/\/tvc.mx\/media\/412599\/vision-nocturna-imou.png\" alt=\" \" \/><\/div>\n<div class=\"col-md-7 order-md-1 text-md-left text-center\">\n<h2>Visi\u00f3n Nocturna<\/h2>\n<p class=\"text-muted\">\n<p>Gracias a los algoritmos avanzados en los IR con los que cuenta nuestra c\u00e1mara, el modo de visi\u00f3n nocturna se enciende y se apaga autom\u00e1ticamente, proporcionando una imagen clara haciendo sentirse seguro incluso en la completa oscuridad.<\/p>\n<p>&nbsp;<\/p>\n<\/div>\n<\/div>\n<hr class=\"padding-bottom-2x\" \/>\n<div class=\"row align-items-center padding-bottom-2x\">\n<div class=\"col-md-5\"><img decoding=\"async\" class=\"d-block m-auto img-thumbnail\" src=\"https:\/\/tvc.mx\/media\/412603\/alarma-de-sonido-imou.png\" alt=\" \" \/><\/div>\n<div class=\"col-md-7 text-md-left text-center\">\n<h2>Sonido Anormal<\/h2>\n<p class=\"text-muted\">\n<p>Instant\u00e1neamente env\u00eda a tu Smartphone cada que se detecte que un bebe llore o cualquier sonido anormal ,manteni\u00e9ndote al tanto de que sucede en casa desde cualquier lugar.<\/p>\n<p>&nbsp;<\/p>\n<\/div>\n<\/div>\n<hr class=\"padding-bottom-2x\" \/>\n<div class=\"row align-items-center padding-bottom-2x\">\n<div class=\"col-md-5 order-md-2\"><img decoding=\"async\" class=\"d-block m-auto img-thumbnail\" src=\"https:\/\/tvc.mx\/media\/412607\/imou-cue-2-camara-ip-wifi-de-2-megapixeles-con-inteligencia-artificia-caracteristicasl.png\" alt=\" \" \/><\/div>\n<div class=\"col-md-7 order-md-1 text-md-left text-center\">\n<h2>Caracteristicas Principales<\/h2>\n<p class=\"text-muted\">\n<ul>\n<li class=\"ql-align-justify\">H.265 1080P Full HD<\/li>\n<li class=\"ql-align-justify\">Alarma de sonido anormal<\/li>\n<li class=\"ql-align-justify\">Almacenamiento diversificado<\/li>\n<li class=\"ql-align-justify\">Detecci\u00f3n humana<\/li>\n<li class=\"ql-align-justify\">Notificaci\u00f3n de alarma<\/li>\n<li class=\"ql-align-justify\">Charla bidireccional<\/li>\n<li class=\"ql-align-justify\">Sirena incorporada<\/li>\n<li class=\"ql-align-justify\">Protecci\u00f3n 24\/7<\/li>\n<li class=\"ql-align-justify\">Conexi\u00f3n wifi<\/li>\n<\/ul>\n<p>&nbsp;<\/p>\n<\/div>\n<\/div>\n<hr class=\"padding-bottom-2x\" \/>\n<div class=\"row align-items-center padding-bottom-2x\">\n<div class=\"col-md-5\"><img decoding=\"async\" class=\"d-block m-auto img-thumbnail\" src=\"https:\/\/tvc.mx\/media\/412611\/imou-cue-2-camara-ip-wifi-de-2-megapixeles-con-inteligencia-artificia-especificaciones.png\" alt=\" \" \/><\/div>\n<div class=\"col-md-7 text-md-left text-center\">\n<h2>Especificaciones<\/h2>\n<p class=\"text-muted\">\n<ul>\n<li>1080P<\/li>\n<li>H.265 \/ H.264<\/li>\n<li>Zoom digital 16x<\/li>\n<li>Visi\u00f3n nocturna<\/li>\n<li>Funci\u00f3n de intercomunicaci\u00f3n<\/li>\n<li>Detecci\u00f3n de personas<\/li>\n<li>Alarma, zoom y programaci\u00f3n configurables<\/li>\n<li>Detecci\u00f3n de sonido<\/li>\n<li>Notificaciones en el m\u00f3vil<\/li>\n<li>Sirena incorporada<\/li>\n<li>Aplicaci\u00f3n Imou Life: iOS, Android<\/li>\n<li>Almacenamiento<\/li>\n<li>NVR<\/li>\n<li>Archivo en la nube<\/li>\n<li>Ranura MicroSD (hasta 256 GB)<\/li>\n<li>Conexi\u00f3n Wi-Fi (2,4 GHz)<\/li>\n<li>Fuente de alimentaci\u00f3n DC 5V1A<\/li>\n<li>1 puerto Ethernet de 100 Mbit\/s<\/li>\n<li>66 \u00d7 33 \u00d7 109 mm<\/li>\n<li>Peso: 102,7 g<\/li>\n<li>Adecuado para -10\u2103 a + 45\u2103 grados.<\/li>\n<\/ul>\n<p>&nbsp;<\/p>\n<\/div>\n<\/div>\n<hr class=\"padding-bottom-2x\" \/>\n<div class=\"row align-items-center padding-bottom-2x\">\n<div class=\"col-md-5 order-md-2\"><img decoding=\"async\" class=\"d-block m-auto img-thumbnail\" src=\"https:\/\/tvc.mx\/media\/412615\/logo-imou.png\" alt=\" \" \/><\/div>\n<div class=\"col-md-7 order-md-1 text-md-left text-center\">\n<h2>Incluye<\/h2>\n<p class=\"text-muted\">\n<ul>\n<li>C\u00e1mara<\/li>\n<li>Gu\u00eda r\u00e1pida<\/li>\n<li>Adaptador de corriente<\/li>\n<li>Cable de corriente<\/li>\n<li>Base de montaje<\/li>\n<li>Goma para montaje<\/li>\n<li>Mapa de montaje<\/li>\n<li>Paquete de tornillos<\/li>\n<\/ul>\n<\/div>\n<\/div>\n","protected":false},"excerpt":{"rendered":"<p>Informaci\u00f3n General La c\u00e1mara\u00a0IMOU CUE perteneciente a la Serie Consumer nos permite obtener video de calidad HD de resoluci\u00f3n\u00a01080P\u00a0con audio bidireccional y almacenamiento en la nube de Dahua, ideal para el hogar, oficina, tienda y\/o boutique. Con su dise\u00f1o se adapta a cualquier entorno haciendo&hellip;<\/p>\n","protected":false},"featured_media":2304,"comment_status":"open","ping_status":"closed","template":"","meta":{"om_disable_all_campaigns":false,"_monsterinsights_skip_tracking":false,"_monsterinsights_sitenote_active":false,"_monsterinsights_sitenote_note":"","_monsterinsights_sitenote_category":0},"product_brand":[],"product_cat":[144],"product_tag":[147,38,145,146],"class_list":{"0":"post-2305","1":"product","2":"type-product","3":"status-publish","4":"has-post-thumbnail","6":"product_cat-imou","7":"product_tag-camara-imou","8":"product_tag-camaras-de-seguridad","9":"product_tag-imou","10":"product_tag-wifi","12":"first","13":"instock","14":"sale","15":"taxable","16":"shipping-taxable","17":"purchasable","18":"product-type-simple"},"aioseo_notices":[],"_links":{"self":[{"href":"https:\/\/tecsecmty.com\/index.php\/wp-json\/wp\/v2\/product\/2305","targetHints":{"allow":["GET"]}}],"collection":[{"href":"https:\/\/tecsecmty.com\/index.php\/wp-json\/wp\/v2\/product"}],"about":[{"href":"https:\/\/tecsecmty.com\/index.php\/wp-json\/wp\/v2\/types\/product"}],"replies":[{"embeddable":true,"href":"https:\/\/tecsecmty.com\/index.php\/wp-json\/wp\/v2\/comments?post=2305"}],"version-history":[{"count":0,"href":"https:\/\/tecsecmty.com\/index.php\/wp-json\/wp\/v2\/product\/2305\/revisions"}],"wp:featuredmedia":[{"embeddable":true,"href":"https:\/\/tecsecmty.com\/index.php\/wp-json\/wp\/v2\/media\/2304"}],"wp:attachment":[{"href":"https:\/\/tecsecmty.com\/index.php\/wp-json\/wp\/v2\/media?parent=2305"}],"wp:term":[{"taxonomy":"product_brand","embeddable":true,"href":"https:\/\/tecsecmty.com\/index.php\/wp-json\/wp\/v2\/product_brand?post=2305"},{"taxonomy":"product_cat","embeddable":true,"href":"https:\/\/tecsecmty.com\/index.php\/wp-json\/wp\/v2\/product_cat?post=2305"},{"taxonomy":"product_tag","embeddable":true,"href":"https:\/\/tecsecmty.com\/index.php\/wp-json\/wp\/v2\/product_tag?post=2305"}],"curies":[{"name":"wp","href":"https:\/\/api.w.org\/{rel}","templated":true}]}}