{"id":2307,"date":"2023-02-22T18:58:45","date_gmt":"2023-02-23T00:58:45","guid":{"rendered":"https:\/\/tecsecmty.com\/index.php\/producto\/imou-charger-cell-pro-fcb10-imou-cargador-de-bateria-de-camara-cell-pro\/"},"modified":"2023-03-22T23:23:30","modified_gmt":"2023-03-23T05:23:30","slug":"imou-charger-cell-pro-fcb10-imou-cargador-de-bateria-de-camara-cell-pro","status":"publish","type":"product","link":"https:\/\/tecsecmty.com\/index.php\/producto\/imou-charger-cell-pro-fcb10-imou-cargador-de-bateria-de-camara-cell-pro\/","title":{"rendered":"IMOU Charger Cell Pro (FCB10-imou) &#8211; Cargador de Bater\u00eda de C\u00e1mara Cell Pro"},"content":{"rendered":"<div class=\"row aling-items-center padding-bottom-2x\">\n<div class=\"col-lg-12\">\n<h5 class=\"card-title text-center\">Informaci\u00f3n General<\/h5>\n<p>La base\u00a0para carga FCB10 es un dispositivo port\u00e1til y pr\u00e1ctico para recargar la bater\u00eda de nuestra c\u00e1mara Cell Pro IMOU, gracias a esto la soluci\u00f3n Cell Pro es realmente pr\u00e1ctica.<\/p>\n<p><img decoding=\"async\" class=\"overview-center-img-web\" src=\"https:\/\/tvc.mx\/media\/416467\/FCB10-Cargador-bateri%C3%ADa-cell-pro-IMOU.png\" alt=\"\" \/><\/div>\n<\/div>\n<div class=\"row aling-items-center padding-bottom-2x\">\n<div class=\"col-lg-12\">\n<h5 class=\"card-title text-center\">Soluci\u00f3n<\/h5>\n<p>La base FCB10 nos permite tener una soluci\u00f3n completa de seguridad para mantener segura nuestros y tener bater\u00edas de Cell Pro siempre listas para cualquier evento.<\/p>\n<p><img decoding=\"async\" class=\"overview-center-img-web\" src=\"https:\/\/tvc.mx\/media\/102393\/Soluci%C3%B3n.png\" alt=\"\" \/><\/div>\n<\/div>\n<div class=\"row align-items-center padding-bottom-2x\">\n<div class=\"col-md-5\"><img decoding=\"async\" class=\"d-block m-auto img-thumbnail\" src=\"https:\/\/tvc.mx\/media\/416471\/FCB10-Cargador-bateri%C3%ADa-cell-pro-IMOU-caracteristicas.png\" alt=\" \" \/><\/div>\n<div class=\"col-md-7 text-md-left text-center\">\n<h2>Caracter\u00edsticas Principales<\/h2>\n<p class=\"text-muted\">\n<ul>\n<li>Plug &amp; play<\/li>\n<li>Dimensiones: 15x28x27cm.<\/li>\n<li>Peso 0.200 Kg<\/li>\n<\/ul>\n<p>&nbsp;<\/p>\n<\/div>\n<\/div>\n<hr class=\"padding-bottom-2x\" \/>\n<div class=\"row align-items-center padding-bottom-2x\">\n<div class=\"col-md-5 order-md-2\"><img decoding=\"async\" class=\"d-block m-auto img-thumbnail\" src=\"https:\/\/tvc.mx\/media\/416475\/logo-imou.png\" alt=\" \" \/><\/div>\n<div class=\"col-md-7 order-md-1 text-md-left text-center\">\n<h2>Incluye<\/h2>\n<p class=\"text-muted\">\n<ul>\n<li>Cargador<\/li>\n<li>Adaptador de corriente<\/li>\n<li>Cable de corriente<\/li>\n<\/ul>\n<\/div>\n<\/div>\n","protected":false},"excerpt":{"rendered":"<p>Informaci\u00f3n General La base\u00a0para carga FCB10 es un dispositivo port\u00e1til y pr\u00e1ctico para recargar la bater\u00eda de nuestra c\u00e1mara Cell Pro IMOU, gracias a esto la soluci\u00f3n Cell Pro es realmente pr\u00e1ctica. Soluci\u00f3n La base FCB10 nos permite tener una soluci\u00f3n completa de seguridad para&hellip;<\/p>\n","protected":false},"featured_media":2306,"comment_status":"open","ping_status":"closed","template":"","meta":{"om_disable_all_campaigns":false,"_monsterinsights_skip_tracking":false,"_monsterinsights_sitenote_active":false,"_monsterinsights_sitenote_note":"","_monsterinsights_sitenote_category":0},"product_brand":[],"product_cat":[144],"product_tag":[147,38,145,146],"class_list":{"0":"post-2307","1":"product","2":"type-product","3":"status-publish","4":"has-post-thumbnail","6":"product_cat-imou","7":"product_tag-camara-imou","8":"product_tag-camaras-de-seguridad","9":"product_tag-imou","10":"product_tag-wifi","12":"first","13":"instock","14":"sale","15":"taxable","16":"shipping-taxable","17":"purchasable","18":"product-type-simple"},"aioseo_notices":[],"_links":{"self":[{"href":"https:\/\/tecsecmty.com\/index.php\/wp-json\/wp\/v2\/product\/2307","targetHints":{"allow":["GET"]}}],"collection":[{"href":"https:\/\/tecsecmty.com\/index.php\/wp-json\/wp\/v2\/product"}],"about":[{"href":"https:\/\/tecsecmty.com\/index.php\/wp-json\/wp\/v2\/types\/product"}],"replies":[{"embeddable":true,"href":"https:\/\/tecsecmty.com\/index.php\/wp-json\/wp\/v2\/comments?post=2307"}],"version-history":[{"count":0,"href":"https:\/\/tecsecmty.com\/index.php\/wp-json\/wp\/v2\/product\/2307\/revisions"}],"wp:featuredmedia":[{"embeddable":true,"href":"https:\/\/tecsecmty.com\/index.php\/wp-json\/wp\/v2\/media\/2306"}],"wp:attachment":[{"href":"https:\/\/tecsecmty.com\/index.php\/wp-json\/wp\/v2\/media?parent=2307"}],"wp:term":[{"taxonomy":"product_brand","embeddable":true,"href":"https:\/\/tecsecmty.com\/index.php\/wp-json\/wp\/v2\/product_brand?post=2307"},{"taxonomy":"product_cat","embeddable":true,"href":"https:\/\/tecsecmty.com\/index.php\/wp-json\/wp\/v2\/product_cat?post=2307"},{"taxonomy":"product_tag","embeddable":true,"href":"https:\/\/tecsecmty.com\/index.php\/wp-json\/wp\/v2\/product_tag?post=2307"}],"curies":[{"name":"wp","href":"https:\/\/api.w.org\/{rel}","templated":true}]}}