{"id":2313,"date":"2023-02-22T18:58:51","date_gmt":"2023-02-23T00:58:51","guid":{"rendered":"https:\/\/tecsecmty.com\/index.php\/producto\/imou-floodlight-ipc-l26n-imou-camara-ip-de-2-megapixeles-reflectores-incorporados-disuasion-activa-pir-ip65-wifi-ranura-micro-sd-audio\/"},"modified":"2023-03-22T23:23:30","modified_gmt":"2023-03-23T05:23:30","slug":"imou-floodlight-ipc-l26n-imou-camara-ip-de-2-megapixeles-reflectores-incorporados-disuasion-activa-pir-ip65-wifi-ranura-micro-sd-audio","status":"publish","type":"product","link":"https:\/\/tecsecmty.com\/index.php\/producto\/imou-floodlight-ipc-l26n-imou-camara-ip-de-2-megapixeles-reflectores-incorporados-disuasion-activa-pir-ip65-wifi-ranura-micro-sd-audio\/","title":{"rendered":"IMOU FLOODLIGHT (IPC-L26N-imou) &#8211; C\u00e1mara IP de 2 Megapixeles\/ Reflectores incorporados\/ Disuasi\u00f3n Activa\/ PIR\/ IP65\/ Wifi\/ Ranura Micro SD\/ Audio"},"content":{"rendered":"<div class=\"row aling-items-center padding-bottom-2x\">\n<div class=\"col-lg-12\">\n<h5 class=\"card-title text-center\">Informaci\u00f3n General<\/h5>\n<p>La c\u00e1mara\u00a0<strong>Floodlight Cam<\/strong>\u00a0ofrece una resoluci\u00f3n de 2MP en vivo y soporta la \u00faltima compresi\u00f3n de video en el mercado H.265 que puede ahorrar hasta 50% de ancho de banda y almacenamiento. Se puede instalar en la entrada del garaje para reemplazar los reflectores que se tengan instalados. Adicional permite activar los reflectores cuando detecte movimiento a trav\u00e9s del PIR integrado.<\/p>\n<p><img decoding=\"async\" class=\"overview-center-img-web\" src=\"https:\/\/tvc.mx\/media\/459564\/camara-ip-2-megapixeles-reflectores-incorporados-disuacion-activa-IPC-L26N-imou.png\" alt=\"\" \/><\/div>\n<\/div>\n<div class=\"row align-items-center padding-bottom-2x\">\n<div class=\"col-md-5\"><img decoding=\"async\" class=\"d-block m-auto img-thumbnail\" src=\"https:\/\/tvc.mx\/media\/459567\/asistente-virtual-imou.png\" alt=\" \" \/><\/div>\n<div class=\"col-md-7 text-md-left text-center\">\n<h2>Asistente Virtual<\/h2>\n<p class=\"text-muted\">\n<p>Los dispositivos IMOU son 100% compatibles los asistentes virtuales Alexa, Google Assistant e IFTTT permiti\u00e9ndonos tener interacci\u00f3n intelgente y control de nuestras c\u00e1maras con comandos de voz<\/p>\n<p>&nbsp;<\/p>\n<\/div>\n<\/div>\n<hr class=\"padding-bottom-2x\" \/>\n<div class=\"row align-items-center padding-bottom-2x\">\n<div class=\"col-md-5 order-md-2\"><img decoding=\"async\" class=\"d-block m-auto img-thumbnail\" src=\"https:\/\/tvc.mx\/media\/459570\/audios-de-calidad-dahua.png\" alt=\" \" \/><\/div>\n<div class=\"col-md-7 order-md-1 text-md-left text-center\">\n<h2>Audio Bidireccional<\/h2>\n<p class=\"text-muted\">\n<p class=\"ql-align-justify\">El altavoz incorporado en la\u00a0<strong>Imou Floodligth<\/strong>\u00a0y el micr\u00f3fono le permiten interactuar con familiares en tiempo real, dependiendo de los anchos de banda ofrecidos por el proveedor de Internet, con el audio puede incluso disuadir a los hu\u00e9spedes no deseados. Esta caracter\u00edstica de la c\u00e1mara puede activarse desde la APP m\u00f3vil, software para Pc (Imou).<\/p>\n<p>&nbsp;<\/p>\n<\/div>\n<\/div>\n<hr class=\"padding-bottom-2x\" \/>\n<div class=\"row align-items-center padding-bottom-2x\">\n<div class=\"col-md-5\"><img decoding=\"async\" class=\"d-block m-auto img-thumbnail\" src=\"https:\/\/tvc.mx\/media\/459573\/disuasion-activa.png\" alt=\" \" \/><\/div>\n<div class=\"col-md-7 text-md-left text-center\">\n<h2>Disuasi\u00f3n Activa<\/h2>\n<p class=\"text-muted\">\n<p>La c\u00e1mara\u00a0<strong>Floodlight Cam\u00a0<\/strong>permite activar por detecci\u00f3n de movimiento una sirena incorporada en la misma de 110dB, con la cual permite saber lo que est\u00e1 sucediendo en cualquier momento desde en cualquier lugar y puede alejar cualquier tipo de intrusi\u00f3n, esta puede activarse de forma remota.<\/p>\n<p>&nbsp;<\/p>\n<\/div>\n<\/div>\n<hr class=\"padding-bottom-2x\" \/>\n<div class=\"row align-items-center padding-bottom-2x\">\n<div class=\"col-md-5 order-md-2\"><img decoding=\"async\" class=\"d-block m-auto img-thumbnail\" src=\"https:\/\/tvc.mx\/media\/459576\/almacenamiento-y-servicio.png\" alt=\" \" \/><\/div>\n<div class=\"col-md-7 order-md-1 text-md-left text-center\">\n<h2>Mantente cerca de lo que te importa<\/h2>\n<p class=\"text-muted\">\n<p>Con el servicio en la nube, tendr\u00e1 acceso a lo que le importa mientras Internet est\u00e9 disponible. puede grabar v\u00eddeos diarios o en movimiento en la nube y reproducirlos en cualquier momento y en cualquier lugar. El modo de visi\u00f3n nocturna se enciende y apaga autom\u00e1ticamente. Los algoritmos avanzados de IR proporcionan una imagen clara incluso en completa oscuridad.<\/p>\n<p>&nbsp;<\/p>\n<\/div>\n<\/div>\n<hr class=\"padding-bottom-2x\" \/>\n<div class=\"row align-items-center padding-bottom-2x\">\n<div class=\"col-md-5\"><img decoding=\"async\" class=\"d-block m-auto img-thumbnail\" src=\"https:\/\/tvc.mx\/media\/459585\/camara-ip-2-megapixeles-reflectores-incorporados-disuacion-activa-IPC-L26N-imou-caracteristicas.png\" alt=\" \" \/><\/div>\n<div class=\"col-md-7 text-md-left text-center\">\n<h2>Principales Caracteristicas<\/h2>\n<p class=\"text-muted\">\n<ul>\n<li>CMOS progresivo de 1 \/ 2.7 \u00aby 2 megap\u00edxeles<\/li>\n<li>2MP (1920 x 1080)<\/li>\n<li>Visi\u00f3n nocturna: 10 m<\/li>\n<li>Lente fija de 2.8 mm<\/li>\n<li>Campo de visi\u00f3n: 114 \u00b0 (H), 66 \u00b0 (V), 137 \u00b0 (D)<\/li>\n<li>Compresi\u00f3n de v\u00eddeo: H.265 \/ H.264<\/li>\n<li>Velocidad de fotogramas de hasta 25\/30FPS<\/li>\n<li>Zoom digital de 16x<\/li>\n<li>Micr\u00f3fono y altavoz incorporados, sirena 110dB<\/li>\n<li>Reflectores incorporados<\/li>\n<li>Ranura para tarjeta Micro SD (hasta 256GB)<\/li>\n<li>Bot\u00f3n de reinicio<\/li>\n<li>PIR: \u00e1rea y distancia configurables<\/li>\n<li>Hasta 270 \u00b0 de cobertura, 10m de distancia<\/li>\n<li>Fuente de alimentaci\u00f3n: AC100 ~ 240V<\/li>\n<li>Consumo de energ\u00eda: &lt;40W<\/li>\n<li>Ambiente de trabajo: -30\u00b0C ~ + 50\u00b0C, menos del 95% de humedad relativa<\/li>\n<li>IP65 resistente a la intemperie<\/li>\n<li>Dimensiones: 237.2 \u00d7 317.3 \u00d7 171.8 mm<\/li>\n<li>Peso: 1800g<\/li>\n<\/ul>\n<p>&nbsp;<\/p>\n<\/div>\n<\/div>\n<hr class=\"padding-bottom-2x\" \/>\n<div class=\"row align-items-center padding-bottom-2x\">\n<div class=\"col-md-5 order-md-2\"><img decoding=\"async\" class=\"d-block m-auto img-thumbnail\" src=\"https:\/\/tvc.mx\/media\/459588\/logo-imou.png\" alt=\" \" \/><\/div>\n<div class=\"col-md-7 order-md-1 text-md-left text-center\">\n<h2>Incluye<\/h2>\n<p class=\"text-muted\">\n<ul>\n<li>1 x c\u00e1mara de Floodlight<\/li>\n<li>1 x Gu\u00eda de inicio r\u00e1pido<\/li>\n<li>1x gancho<\/li>\n<li>3x tuerca de alambre<\/li>\n<li>1 x tornillo de montaje<\/li>\n<li>4x tornillos de soporte<\/li>\n<li>1x Paquete de tornillos<\/li>\n<li>1x Placa de montaje<\/li>\n<\/ul>\n<\/div>\n<\/div>\n","protected":false},"excerpt":{"rendered":"<p>Informaci\u00f3n General La c\u00e1mara\u00a0Floodlight Cam\u00a0ofrece una resoluci\u00f3n de 2MP en vivo y soporta la \u00faltima compresi\u00f3n de video en el mercado H.265 que puede ahorrar hasta 50% de ancho de banda y almacenamiento. Se puede instalar en la entrada del garaje para reemplazar los reflectores&hellip;<\/p>\n","protected":false},"featured_media":2312,"comment_status":"open","ping_status":"closed","template":"","meta":{"om_disable_all_campaigns":false,"_monsterinsights_skip_tracking":false,"_monsterinsights_sitenote_active":false,"_monsterinsights_sitenote_note":"","_monsterinsights_sitenote_category":0},"product_brand":[],"product_cat":[144],"product_tag":[147,38,145,146],"class_list":{"0":"post-2313","1":"product","2":"type-product","3":"status-publish","4":"has-post-thumbnail","6":"product_cat-imou","7":"product_tag-camara-imou","8":"product_tag-camaras-de-seguridad","9":"product_tag-imou","10":"product_tag-wifi","12":"first","13":"instock","14":"sale","15":"taxable","16":"shipping-taxable","17":"purchasable","18":"product-type-simple"},"aioseo_notices":[],"_links":{"self":[{"href":"https:\/\/tecsecmty.com\/index.php\/wp-json\/wp\/v2\/product\/2313","targetHints":{"allow":["GET"]}}],"collection":[{"href":"https:\/\/tecsecmty.com\/index.php\/wp-json\/wp\/v2\/product"}],"about":[{"href":"https:\/\/tecsecmty.com\/index.php\/wp-json\/wp\/v2\/types\/product"}],"replies":[{"embeddable":true,"href":"https:\/\/tecsecmty.com\/index.php\/wp-json\/wp\/v2\/comments?post=2313"}],"version-history":[{"count":0,"href":"https:\/\/tecsecmty.com\/index.php\/wp-json\/wp\/v2\/product\/2313\/revisions"}],"wp:featuredmedia":[{"embeddable":true,"href":"https:\/\/tecsecmty.com\/index.php\/wp-json\/wp\/v2\/media\/2312"}],"wp:attachment":[{"href":"https:\/\/tecsecmty.com\/index.php\/wp-json\/wp\/v2\/media?parent=2313"}],"wp:term":[{"taxonomy":"product_brand","embeddable":true,"href":"https:\/\/tecsecmty.com\/index.php\/wp-json\/wp\/v2\/product_brand?post=2313"},{"taxonomy":"product_cat","embeddable":true,"href":"https:\/\/tecsecmty.com\/index.php\/wp-json\/wp\/v2\/product_cat?post=2313"},{"taxonomy":"product_tag","embeddable":true,"href":"https:\/\/tecsecmty.com\/index.php\/wp-json\/wp\/v2\/product_tag?post=2313"}],"curies":[{"name":"wp","href":"https:\/\/api.w.org\/{rel}","templated":true}]}}