{"id":2315,"date":"2023-02-22T18:58:52","date_gmt":"2023-02-23T00:58:52","guid":{"rendered":"https:\/\/tecsecmty.com\/index.php\/producto\/imou-frb10-imou-battery-cell-pro-bateria-recargable-para-camara-cell-pro\/"},"modified":"2023-03-22T23:23:30","modified_gmt":"2023-03-23T05:23:30","slug":"imou-frb10-imou-battery-cell-pro-bateria-recargable-para-camara-cell-pro","status":"publish","type":"product","link":"https:\/\/tecsecmty.com\/index.php\/producto\/imou-frb10-imou-battery-cell-pro-bateria-recargable-para-camara-cell-pro\/","title":{"rendered":"IMOU FRB10-imou &#8211; Battery Cell Pro &#8211; Bateria Recargable para Camara Cell Pro"},"content":{"rendered":"<div class=\"row aling-items-center padding-bottom-2x\">\n<div class=\"col-lg-12\">\n<h5 class=\"card-title text-center\">Informaci\u00f3n General<\/h5>\n<p>El IMOU\u00a0<strong>FRB10<\/strong>\u00a0es una bater\u00eda recargable intercambiable para el sistema Cell Pro.<\/p>\n<p>Con esta bater\u00eda adicional, puede cambiar r\u00e1pidamente con la de la c\u00e1mara para que esta nunca se quede sin energ\u00eda durante mucho tiempo.<\/p>\n<p><img decoding=\"async\" class=\"overview-center-img-web\" src=\"https:\/\/tvc.mx\/media\/459483\/bateria-recargable-para-camara-cell-pro-FRB10-imou.png\" alt=\"\" \/><\/div>\n<\/div>\n<div class=\"row aling-items-center padding-bottom-2x\">\n<div class=\"col-lg-12\">\n<h5 class=\"card-title text-center\">Uso y Caracter\u00edsticas<\/h5>\n<p>Puede alternar su bater\u00eda del kit IMOU Cell Pro y el kit IMOU Cell Pro Duo y utilizar el sistema de forma continua. Tiene las siguientes dimensiones :<\/p>\n<p>Di\u00e1metero de\u00a0<strong>10 cm,\u00a0<\/strong>\u00a0Altura de\u00a0<strong>60 mm<\/strong>\u00a0y Peso de\u00a0<strong>200 gramos<\/strong>.<\/p>\n<p><img decoding=\"async\" class=\"overview-center-img-web\" src=\"https:\/\/tvc.mx\/media\/97405\/conkit.png\" alt=\"\" \/><\/div>\n<\/div>\n<div class=\"row align-items-center padding-bottom-2x\">\n<div class=\"col-md-5\"><img decoding=\"async\" class=\"d-block m-auto img-thumbnail\" src=\"https:\/\/tvc.mx\/media\/459486\/logo-imou.png\" alt=\" \" \/><\/div>\n<div class=\"col-md-7 text-md-left text-center\">\n<h2>Incluye<\/h2>\n<p class=\"text-muted\">\n<ul>\n<li>1x Bateria recargable<\/li>\n<\/ul>\n<\/div>\n<\/div>\n","protected":false},"excerpt":{"rendered":"<p>Informaci\u00f3n General El IMOU\u00a0FRB10\u00a0es una bater\u00eda recargable intercambiable para el sistema Cell Pro. Con esta bater\u00eda adicional, puede cambiar r\u00e1pidamente con la de la c\u00e1mara para que esta nunca se quede sin energ\u00eda durante mucho tiempo. Uso y Caracter\u00edsticas Puede alternar su bater\u00eda del kit&hellip;<\/p>\n","protected":false},"featured_media":2314,"comment_status":"open","ping_status":"closed","template":"","meta":{"om_disable_all_campaigns":false,"_monsterinsights_skip_tracking":false,"_monsterinsights_sitenote_active":false,"_monsterinsights_sitenote_note":"","_monsterinsights_sitenote_category":0},"product_brand":[],"product_cat":[144],"product_tag":[147,38,145,146],"class_list":{"0":"post-2315","1":"product","2":"type-product","3":"status-publish","4":"has-post-thumbnail","6":"product_cat-imou","7":"product_tag-camara-imou","8":"product_tag-camaras-de-seguridad","9":"product_tag-imou","10":"product_tag-wifi","12":"first","13":"instock","14":"sale","15":"taxable","16":"shipping-taxable","17":"purchasable","18":"product-type-simple"},"aioseo_notices":[],"_links":{"self":[{"href":"https:\/\/tecsecmty.com\/index.php\/wp-json\/wp\/v2\/product\/2315","targetHints":{"allow":["GET"]}}],"collection":[{"href":"https:\/\/tecsecmty.com\/index.php\/wp-json\/wp\/v2\/product"}],"about":[{"href":"https:\/\/tecsecmty.com\/index.php\/wp-json\/wp\/v2\/types\/product"}],"replies":[{"embeddable":true,"href":"https:\/\/tecsecmty.com\/index.php\/wp-json\/wp\/v2\/comments?post=2315"}],"version-history":[{"count":0,"href":"https:\/\/tecsecmty.com\/index.php\/wp-json\/wp\/v2\/product\/2315\/revisions"}],"wp:featuredmedia":[{"embeddable":true,"href":"https:\/\/tecsecmty.com\/index.php\/wp-json\/wp\/v2\/media\/2314"}],"wp:attachment":[{"href":"https:\/\/tecsecmty.com\/index.php\/wp-json\/wp\/v2\/media?parent=2315"}],"wp:term":[{"taxonomy":"product_brand","embeddable":true,"href":"https:\/\/tecsecmty.com\/index.php\/wp-json\/wp\/v2\/product_brand?post=2315"},{"taxonomy":"product_cat","embeddable":true,"href":"https:\/\/tecsecmty.com\/index.php\/wp-json\/wp\/v2\/product_cat?post=2315"},{"taxonomy":"product_tag","embeddable":true,"href":"https:\/\/tecsecmty.com\/index.php\/wp-json\/wp\/v2\/product_tag?post=2315"}],"curies":[{"name":"wp","href":"https:\/\/api.w.org\/{rel}","templated":true}]}}