{"id":2317,"date":"2023-02-22T18:58:54","date_gmt":"2023-02-23T00:58:54","guid":{"rendered":"https:\/\/tecsecmty.com\/index.php\/producto\/imou-frs12-cubierta-para-camara-ranger-2-material-silicon-color-gris\/"},"modified":"2023-03-22T23:23:30","modified_gmt":"2023-03-23T05:23:30","slug":"imou-frs12-cubierta-para-camara-ranger-2-material-silicon-color-gris","status":"publish","type":"product","link":"https:\/\/tecsecmty.com\/index.php\/producto\/imou-frs12-cubierta-para-camara-ranger-2-material-silicon-color-gris\/","title":{"rendered":"IMOU FRS12 &#8211; Cubierta para Camara RANGER 2\/ Material Silicon\/ Color Gris"},"content":{"rendered":"<div class=\"container-fluid pb-3\">\n<div class=\"row\">\n<div class=\"col-md-6\">\n<div class=\"product-gallery\">\n<ul class=\"product-thumbnails\">\n<li><a href=\"https:\/\/tvc.mx\/products\/30615#208571\"><img decoding=\"async\" class=\"\" src=\"https:\/\/tvc.mx\/media\/208571\/Cubierta-para-camara-de-seguridad-IP-Ranger-2-Imou-FRS12.png\" alt=\"\" \/><\/a><\/li>\n<li><a href=\"https:\/\/tvc.mx\/products\/30615#33053\"><img decoding=\"async\" class=\"\" src=\"https:\/\/tvc.mx\/media\/33053\/Galg2.png\" alt=\"\" \/><\/a><\/li>\n<li><a href=\"https:\/\/tvc.mx\/products\/30615#33054\"><img decoding=\"async\" class=\"\" src=\"https:\/\/tvc.mx\/media\/33054\/Galg1.png\" alt=\"\" \/><\/a><\/li>\n<\/ul>\n<\/div>\n<\/div>\n<div class=\"col-md-6\">\n<div class=\"sp-categories pb-3\"><i class=\"icon-tag\"><\/i>\u00a0<a href=\"https:\/\/tvc.mx\/categories\/15\">WiFi (Inal\u00e1mbricas)<\/a><\/div>\n<h1 id=\"title\" class=\"mb-3\">IMOU FRS12 &#8211; Cubierta para Camara RANGER 2\/ Material Silicon\/ Color Gris<\/h1>\n<p class=\"pt-1\">Tipo:\u00a0<span class=\"badge bg-primary text-white\">M\u00e1s Vendidos<\/span>\u00a0\u00a0\u00a0 Etapa:\u00a0<span class=\"badge bg-danger text-white\">Ofertas AAA<\/span><\/p>\n<p class=\"pt-1 mb-2\">Marca:\u00a0\u00a0<span class=\"text-medium\">DAHUA\u00a0<\/span>\u00a0\u00a0 Modelo:\u00a0<span class=\"text-medium\">FRS12<\/span><\/p>\n<p class=\"pt-0 mb-2\">Clave TVC:\u00a0\u00a0<span class=\"text-medium\">DHT0150010\u00a0<\/span>\u00a0\u00a0 Clave del SAT:\u00a0\u00a0<span class=\"text-medium\">46171610<\/span><\/p>\n<p class=\"pt-0 mt-0 mb-2\">Meses de garant\u00eda:\u00a0\u00a0<span class=\"text-medium\">12<\/span><\/p>\n<div class=\"row aling-items-center padding-bottom-2x\">\n<div class=\"col-lg-12\">\n<h5 class=\"card-title text-center\">Informaci\u00f3n General<\/h5>\n<p>La cubierta de silicona est\u00e1 dise\u00f1ada para las c\u00e1maras de la serie IMOU- Ranger 2. La cubierta proporciona protecci\u00f3n adicional contra polvo y humedad cuenta con dise\u00f1o para decoraci\u00f3n est\u00e9tica y animar a los habitantes<\/p>\n<p><img decoding=\"async\" class=\"overview-center-img-web\" src=\"https:\/\/tvc.mx\/media\/33050\/principal.png\" alt=\"\" \/><\/div>\n<\/div>\n<div class=\"row aling-items-center padding-bottom-2x\">\n<div class=\"col-lg-12\">\n<h5 class=\"card-title text-center\">Caracter\u00edsticas Principales<\/h5>\n<ul>\n<li>Funda oficial para la serie de c\u00e1maras Ranger 2 de IMOU<\/li>\n<li>Encantador dise\u00f1o para animar a su familia<\/li>\n<li>Decoraci\u00f3n est\u00e9tica<\/li>\n<li>Proporciona protecci\u00f3n adicional contra el polvo y la humedad<\/li>\n<li>Ligera, duradera y, adem\u00e1s, resistente a la radiaci\u00f3n UV<\/li>\n<\/ul>\n<p><img decoding=\"async\" class=\"overview-center-img-web\" src=\"https:\/\/tvc.mx\/media\/33051\/caractimou.png\" alt=\"\" \/><\/div>\n<\/div>\n<\/div>\n<\/div>\n<\/div>\n<div id=\"product-details-container\" class=\"container-fluid mb-1\">\n<div class=\"tab-content\">\n<div id=\"overviews\" class=\"tab-pane fade show active\" role=\"tabpanel\">\n<div class=\"container-fluid padding-bottom-2x mb-2\">\n<div class=\"row aling-items-center padding-bottom-2x\">\n<div class=\"col-lg-12\">\n<h5 class=\"card-title text-center\"><\/h5>\n<ul>\n<li>\n<div class=\"row aling-items-center padding-bottom-2x\">\n<div class=\"col-lg-12\">\n<p>te<\/p>\n<\/div>\n<\/div>\n<\/li>\n<\/ul>\n<\/div>\n<\/div>\n<\/div>\n<\/div>\n<\/div>\n<\/div>\n","protected":false},"excerpt":{"rendered":"<p>\u00a0WiFi (Inal\u00e1mbricas) IMOU FRS12 &#8211; Cubierta para Camara RANGER 2\/ Material Silicon\/ Color Gris Tipo:\u00a0M\u00e1s Vendidos\u00a0\u00a0\u00a0 Etapa:\u00a0Ofertas AAA Marca:\u00a0\u00a0DAHUA\u00a0\u00a0\u00a0 Modelo:\u00a0FRS12 Clave TVC:\u00a0\u00a0DHT0150010\u00a0\u00a0\u00a0 Clave del SAT:\u00a0\u00a046171610 Meses de garant\u00eda:\u00a0\u00a012 Informaci\u00f3n General La cubierta de silicona est\u00e1 dise\u00f1ada para las c\u00e1maras de la serie IMOU- Ranger 2.&hellip;<\/p>\n","protected":false},"featured_media":2316,"comment_status":"open","ping_status":"closed","template":"","meta":{"om_disable_all_campaigns":false,"_monsterinsights_skip_tracking":false,"_monsterinsights_sitenote_active":false,"_monsterinsights_sitenote_note":"","_monsterinsights_sitenote_category":0},"product_brand":[],"product_cat":[144],"product_tag":[147,38,145,146],"class_list":{"0":"post-2317","1":"product","2":"type-product","3":"status-publish","4":"has-post-thumbnail","6":"product_cat-imou","7":"product_tag-camara-imou","8":"product_tag-camaras-de-seguridad","9":"product_tag-imou","10":"product_tag-wifi","12":"first","13":"instock","14":"sale","15":"taxable","16":"shipping-taxable","17":"purchasable","18":"product-type-simple"},"aioseo_notices":[],"_links":{"self":[{"href":"https:\/\/tecsecmty.com\/index.php\/wp-json\/wp\/v2\/product\/2317","targetHints":{"allow":["GET"]}}],"collection":[{"href":"https:\/\/tecsecmty.com\/index.php\/wp-json\/wp\/v2\/product"}],"about":[{"href":"https:\/\/tecsecmty.com\/index.php\/wp-json\/wp\/v2\/types\/product"}],"replies":[{"embeddable":true,"href":"https:\/\/tecsecmty.com\/index.php\/wp-json\/wp\/v2\/comments?post=2317"}],"version-history":[{"count":2,"href":"https:\/\/tecsecmty.com\/index.php\/wp-json\/wp\/v2\/product\/2317\/revisions"}],"predecessor-version":[{"id":2349,"href":"https:\/\/tecsecmty.com\/index.php\/wp-json\/wp\/v2\/product\/2317\/revisions\/2349"}],"wp:featuredmedia":[{"embeddable":true,"href":"https:\/\/tecsecmty.com\/index.php\/wp-json\/wp\/v2\/media\/2316"}],"wp:attachment":[{"href":"https:\/\/tecsecmty.com\/index.php\/wp-json\/wp\/v2\/media?parent=2317"}],"wp:term":[{"taxonomy":"product_brand","embeddable":true,"href":"https:\/\/tecsecmty.com\/index.php\/wp-json\/wp\/v2\/product_brand?post=2317"},{"taxonomy":"product_cat","embeddable":true,"href":"https:\/\/tecsecmty.com\/index.php\/wp-json\/wp\/v2\/product_cat?post=2317"},{"taxonomy":"product_tag","embeddable":true,"href":"https:\/\/tecsecmty.com\/index.php\/wp-json\/wp\/v2\/product_tag?post=2317"}],"curies":[{"name":"wp","href":"https:\/\/api.w.org\/{rel}","templated":true}]}}