{"id":2323,"date":"2023-02-22T18:59:03","date_gmt":"2023-02-23T00:59:03","guid":{"rendered":"https:\/\/tecsecmty.com\/index.php\/producto\/imou-frs15-cubierta-para-camara-cue-2-material-silicon-color-amarillo\/"},"modified":"2023-03-22T23:23:31","modified_gmt":"2023-03-23T05:23:31","slug":"imou-frs15-cubierta-para-camara-cue-2-material-silicon-color-amarillo","status":"publish","type":"product","link":"https:\/\/tecsecmty.com\/index.php\/producto\/imou-frs15-cubierta-para-camara-cue-2-material-silicon-color-amarillo\/","title":{"rendered":"IMOU FRS15 &#8211; Cubierta para Camara CUE 2\/Material Silicon\/ Color Amarillo"},"content":{"rendered":"<h5 class=\"card-title text-center\">Principales caracter\u00edsticas.<\/h5>\n<p>La cubierta de silic\u00f3n\u00a0(\u00fanicamente para el modelo imou CUE 2)con forma de sol brinda una mayor calidez visual del sistema de v\u00eddeo vigilancia. Su dise\u00f1o le permite mantener todas sus funciones integras.<\/p>\n<p><img decoding=\"async\" class=\"overview-center-img-web\" src=\"https:\/\/tvc.mx\/media\/105761\/DHT0150015.jpg\" alt=\"\" \/><\/p>\n","protected":false},"excerpt":{"rendered":"<p>Principales caracter\u00edsticas. La cubierta de silic\u00f3n\u00a0(\u00fanicamente para el modelo imou CUE 2)con forma de sol brinda una mayor calidez visual del sistema de v\u00eddeo vigilancia. Su dise\u00f1o le permite mantener todas sus funciones integras.<\/p>\n","protected":false},"featured_media":2322,"comment_status":"open","ping_status":"closed","template":"","meta":{"om_disable_all_campaigns":false,"_monsterinsights_skip_tracking":false,"_monsterinsights_sitenote_active":false,"_monsterinsights_sitenote_note":"","_monsterinsights_sitenote_category":0},"product_brand":[],"product_cat":[144],"product_tag":[147,38,145,146],"class_list":{"0":"post-2323","1":"product","2":"type-product","3":"status-publish","4":"has-post-thumbnail","6":"product_cat-imou","7":"product_tag-camara-imou","8":"product_tag-camaras-de-seguridad","9":"product_tag-imou","10":"product_tag-wifi","12":"first","13":"instock","14":"sale","15":"taxable","16":"shipping-taxable","17":"purchasable","18":"product-type-simple"},"aioseo_notices":[],"_links":{"self":[{"href":"https:\/\/tecsecmty.com\/index.php\/wp-json\/wp\/v2\/product\/2323","targetHints":{"allow":["GET"]}}],"collection":[{"href":"https:\/\/tecsecmty.com\/index.php\/wp-json\/wp\/v2\/product"}],"about":[{"href":"https:\/\/tecsecmty.com\/index.php\/wp-json\/wp\/v2\/types\/product"}],"replies":[{"embeddable":true,"href":"https:\/\/tecsecmty.com\/index.php\/wp-json\/wp\/v2\/comments?post=2323"}],"version-history":[{"count":0,"href":"https:\/\/tecsecmty.com\/index.php\/wp-json\/wp\/v2\/product\/2323\/revisions"}],"wp:featuredmedia":[{"embeddable":true,"href":"https:\/\/tecsecmty.com\/index.php\/wp-json\/wp\/v2\/media\/2322"}],"wp:attachment":[{"href":"https:\/\/tecsecmty.com\/index.php\/wp-json\/wp\/v2\/media?parent=2323"}],"wp:term":[{"taxonomy":"product_brand","embeddable":true,"href":"https:\/\/tecsecmty.com\/index.php\/wp-json\/wp\/v2\/product_brand?post=2323"},{"taxonomy":"product_cat","embeddable":true,"href":"https:\/\/tecsecmty.com\/index.php\/wp-json\/wp\/v2\/product_cat?post=2323"},{"taxonomy":"product_tag","embeddable":true,"href":"https:\/\/tecsecmty.com\/index.php\/wp-json\/wp\/v2\/product_tag?post=2323"}],"curies":[{"name":"wp","href":"https:\/\/api.w.org\/{rel}","templated":true}]}}