{"id":2325,"date":"2023-02-22T18:59:05","date_gmt":"2023-02-23T00:59:05","guid":{"rendered":"https:\/\/tecsecmty.com\/index.php\/producto\/imou-knight-4k-camara-ip-bullet-wifi-4k-8-megapixeles-con-ia-full-color-lente-de-2-8mm-107-grados-h-disuasion-activa-wifi-6-0-audio-bidireccional-sirena-y-luz-integrada-deteccion-de-huma\/"},"modified":"2023-03-22T23:23:31","modified_gmt":"2023-03-23T05:23:31","slug":"imou-knight-4k-camara-ip-bullet-wifi-4k-8-megapixeles-con-ia-full-color-lente-de-2-8mm-107-grados-h-disuasion-activa-wifi-6-0-audio-bidireccional-sirena-y-luz-integrada-deteccion-de-huma","status":"publish","type":"product","link":"https:\/\/tecsecmty.com\/index.php\/producto\/imou-knight-4k-camara-ip-bullet-wifi-4k-8-megapixeles-con-ia-full-color-lente-de-2-8mm-107-grados-h-disuasion-activa-wifi-6-0-audio-bidireccional-sirena-y-luz-integrada-deteccion-de-huma\/","title":{"rendered":"IMOU KNIGHT 4K &#8211; Camara IP Bullet Wifi 4k\/ 8 Megapixeles\/ Con IA\/ Full Color\/ Lente de 2.8mm\/ 107 Grados (H)\/ Disuasi\u00f3n Activa\/ WiFi 6.0\/ Audio Bidireccional\/ Sirena y Luz Integrada\/ Detecci\u00f3n de Humanos, Vehiculos y Animales\/ Ranura MicroSD\/ #LoNuevo"},"content":{"rendered":"<div class=\"row aling-items-center padding-bottom-2x\">\n<div class=\"col-lg-12\">\n<h5 class=\"card-title text-center\">Informaci\u00f3n general<\/h5>\n<p>Modos para una claridad clara como el d\u00eda incluso en la oscuridad total. Desarrollado por un chip de IA y un algoritmo de aprendizaje profundo, Knight siempre estar\u00e1 atento y reaccionar\u00e1 m\u00e1s r\u00e1pido a trav\u00e9s de la detecci\u00f3n precisa de humanos\/veh\u00edculos\/animales con regi\u00f3n configurable y cable trampa.<\/p>\n<p>Con certificaci\u00f3n IP66, la c\u00e1mara se puede utilizar al aire libre en diferentes condiciones clim\u00e1ticas. Con un foco integrado y una sirena de seguridad de 110dB, Knight mantiene a los visitantes no deseados alejados de lo que le importa.<\/p>\n<p><img decoding=\"async\" class=\"overview-center-img-web\" src=\"https:\/\/tvc.mx\/media\/555327\/IMOU-KNIGHT-4K-Camara-IP-Bullet-Wifi-4k-8-Megapixeles-BANNER-PRINCIPAL1.png\" alt=\"Camara bullet\" \/><\/div>\n<\/div>\n<div class=\"row align-items-center padding-bottom-2x\">\n<div class=\"col-md-5 order-md-2\"><img decoding=\"async\" class=\"d-block m-auto img-thumbnail\" src=\"https:\/\/tvc.mx\/media\/555343\/comunicacion-bidireccional.png\" alt=\" Comunicaci\u00f3n a trav\u00e9s de c\u00e1mra\" \/><\/div>\n<div class=\"col-md-7 order-md-1 text-md-left text-center\">\n<h2>Conversaci\u00f3n bidireccional<\/h2>\n<p class=\"text-muted\">\n<p>Comunicaci\u00f3n en tiempo real con personas en la c\u00e1mara.<\/p>\n<p>&nbsp;<\/p>\n<\/div>\n<\/div>\n<hr class=\"padding-bottom-2x\" \/>\n<div class=\"row align-items-center padding-bottom-2x\">\n<div class=\"col-md-5\"><img decoding=\"async\" class=\"d-block m-auto img-thumbnail\" src=\"https:\/\/tvc.mx\/media\/555347\/deteccion-humana-imou.png\" alt=\" Detecci\u00f3n\" \/><\/div>\n<div class=\"col-md-7 text-md-left text-center\">\n<h2>Detecci\u00f3n inteligente de IA<\/h2>\n<p class=\"text-muted\">\n<p>Encuentre r\u00e1pidamente objetivos humanos\/veh\u00edculos\/animales en su hogar.<\/p>\n<p>&nbsp;<\/p>\n<\/div>\n<\/div>\n<hr class=\"padding-bottom-2x\" \/>\n<div class=\"row align-items-center padding-bottom-2x\">\n<div class=\"col-md-5 order-md-2\"><img decoding=\"async\" class=\"d-block m-auto img-thumbnail\" src=\"https:\/\/tvc.mx\/media\/555351\/disuasion-activa.png\" alt=\" Disuasi\u00f3n\" \/><\/div>\n<div class=\"col-md-7 order-md-1 text-md-left text-center\">\n<h2>Disuasi\u00f3n activa<\/h2>\n<p class=\"text-muted\">\n<p>Asuste a los visitantes no deseados con el foco incorporado y la sirena de seguridad de 110dB.<\/p>\n<p>&nbsp;<\/p>\n<\/div>\n<\/div>\n<hr class=\"padding-bottom-2x\" \/>\n<div class=\"row align-items-center padding-bottom-2x\">\n<div class=\"col-md-5\"><img decoding=\"async\" class=\"d-block m-auto img-thumbnail\" src=\"https:\/\/tvc.mx\/media\/555355\/IMOU-KNIGHT-4K-Camara-IP-Bullet-Wifi-4k-8-Megapixeles-carrusel.png\" alt=\" Caracter\u00edsticas\" \/><\/div>\n<div class=\"col-md-7 text-md-left text-center\">\n<h2>Caracter\u00edsticas principales<\/h2>\n<p class=\"text-muted\">\n<ul>\n<li>CMOS progresivo 4K de 1\/2,8\u201d y 8 megap\u00edxeles (3840 x 2160).<\/li>\n<li>Lente 2.8 mm.<\/li>\n<li>Full color.<\/li>\n<li>Sirena y luz integradas.<\/li>\n<li>Detecci\u00f3n humana.<\/li>\n<li>Detecci\u00f3n de veh\u00edculos.<\/li>\n<li>Detecci\u00f3n de animales.<\/li>\n<li>Detecci\u00f3n de movimiento.<\/li>\n<li>Ranura para MicroSD.<\/li>\n<\/ul>\n<p>&nbsp;<\/p>\n<\/div>\n<\/div>\n<hr class=\"padding-bottom-2x\" \/>\n<div class=\"row align-items-center padding-bottom-2x\">\n<div class=\"col-md-5 order-md-2\"><img decoding=\"async\" class=\"d-block m-auto img-thumbnail\" src=\"https:\/\/tvc.mx\/media\/555367\/IMOU-KNIGHT-4K-Camara-IP-Bullet-Wifi-4k-8-Megapixeles-Especificaciones-tecnicas1.png\" alt=\" Especificaciones\" \/><\/div>\n<div class=\"col-md-7 order-md-1 text-md-left text-center\">\n<h2>Especificaciones Tecnicas<\/h2>\n<p class=\"text-muted\">\n<ul>\n<li>Visi\u00f3n nocturna en blanco y negro: 30 m (98 pies) de distancia.<\/li>\n<li>Visi\u00f3n nocturna en color: 20 m (66 pies) de distancia Lente fija de 2,8 mm\/3,6 mm.<\/li>\n<li>Compresi\u00f3n de video: H.265\/H.264 hasta 4K a 15 fps.<\/li>\n<li>Tasa de cuadros Zoom digital de 16x.<\/li>\n<li>Wi-Fi: 2,4 GHz y 5 GHz de doble banda Wi-Fi 6, antena doble, 2,4 GHz: IEEE802.11b\/g\/n\/ax 5 GHz: IEEE802.11a\/n\/ac\/ax.<\/li>\n<li>Aplicaci\u00f3n Imou: iOS, Android.<\/li>\n<li>ONVIF.<\/li>\n<\/ul>\n<\/div>\n<\/div>\n","protected":false},"excerpt":{"rendered":"<p>Informaci\u00f3n general Modos para una claridad clara como el d\u00eda incluso en la oscuridad total. Desarrollado por un chip de IA y un algoritmo de aprendizaje profundo, Knight siempre estar\u00e1 atento y reaccionar\u00e1 m\u00e1s r\u00e1pido a trav\u00e9s de la detecci\u00f3n precisa de humanos\/veh\u00edculos\/animales con regi\u00f3n&hellip;<\/p>\n","protected":false},"featured_media":2324,"comment_status":"open","ping_status":"closed","template":"","meta":{"om_disable_all_campaigns":false,"_monsterinsights_skip_tracking":false,"_monsterinsights_sitenote_active":false,"_monsterinsights_sitenote_note":"","_monsterinsights_sitenote_category":0},"product_brand":[],"product_cat":[144],"product_tag":[147,38,145,146],"class_list":{"0":"post-2325","1":"product","2":"type-product","3":"status-publish","4":"has-post-thumbnail","6":"product_cat-imou","7":"product_tag-camara-imou","8":"product_tag-camaras-de-seguridad","9":"product_tag-imou","10":"product_tag-wifi","12":"first","13":"instock","14":"sale","15":"taxable","16":"shipping-taxable","17":"purchasable","18":"product-type-simple"},"aioseo_notices":[],"_links":{"self":[{"href":"https:\/\/tecsecmty.com\/index.php\/wp-json\/wp\/v2\/product\/2325","targetHints":{"allow":["GET"]}}],"collection":[{"href":"https:\/\/tecsecmty.com\/index.php\/wp-json\/wp\/v2\/product"}],"about":[{"href":"https:\/\/tecsecmty.com\/index.php\/wp-json\/wp\/v2\/types\/product"}],"replies":[{"embeddable":true,"href":"https:\/\/tecsecmty.com\/index.php\/wp-json\/wp\/v2\/comments?post=2325"}],"version-history":[{"count":0,"href":"https:\/\/tecsecmty.com\/index.php\/wp-json\/wp\/v2\/product\/2325\/revisions"}],"wp:featuredmedia":[{"embeddable":true,"href":"https:\/\/tecsecmty.com\/index.php\/wp-json\/wp\/v2\/media\/2324"}],"wp:attachment":[{"href":"https:\/\/tecsecmty.com\/index.php\/wp-json\/wp\/v2\/media?parent=2325"}],"wp:term":[{"taxonomy":"product_brand","embeddable":true,"href":"https:\/\/tecsecmty.com\/index.php\/wp-json\/wp\/v2\/product_brand?post=2325"},{"taxonomy":"product_cat","embeddable":true,"href":"https:\/\/tecsecmty.com\/index.php\/wp-json\/wp\/v2\/product_cat?post=2325"},{"taxonomy":"product_tag","embeddable":true,"href":"https:\/\/tecsecmty.com\/index.php\/wp-json\/wp\/v2\/product_tag?post=2325"}],"curies":[{"name":"wp","href":"https:\/\/api.w.org\/{rel}","templated":true}]}}