{"id":2333,"date":"2023-02-22T18:59:14","date_gmt":"2023-02-23T00:59:14","guid":{"rendered":"https:\/\/tecsecmty.com\/index.php\/producto\/imou-ranger-pro-ipc-a26hn-camara-ip-domo-motorizado-2-megapixeles-audio-bidireccional-auto-tracking-modo-de-privacidad-lente-de-3-6mm-ir-10-mts-wifi-compatible-con-alexa-y-asistente-de-goog\/"},"modified":"2023-03-22T23:23:31","modified_gmt":"2023-03-23T05:23:31","slug":"imou-ranger-pro-ipc-a26hn-camara-ip-domo-motorizado-2-megapixeles-audio-bidireccional-auto-tracking-modo-de-privacidad-lente-de-3-6mm-ir-10-mts-wifi-compatible-con-alexa-y-asistente-de-goog","status":"publish","type":"product","link":"https:\/\/tecsecmty.com\/index.php\/producto\/imou-ranger-pro-ipc-a26hn-camara-ip-domo-motorizado-2-megapixeles-audio-bidireccional-auto-tracking-modo-de-privacidad-lente-de-3-6mm-ir-10-mts-wifi-compatible-con-alexa-y-asistente-de-goog\/","title":{"rendered":"IMOU RANGER PRO (IPC-A26HN) &#8211; C\u00e1mara IP Domo Motorizado 2 Megap\u00edxeles\/ Audio Bidireccional\/ Auto Tracking\/ Modo de Privacidad\/ Lente de 3.6mm\/ Ir 10 Mts\/ WiFi\/ Compatible con Alexa y Asistente de Google\/"},"content":{"rendered":"<div class=\"row aling-items-center padding-bottom-2x\">\n<div class=\"col-lg-12\">\n<h5 class=\"card-title text-center\">Informaci\u00f3n<\/h5>\n<p class=\"ql-align-justify\">Con monitoreo en vivo 1080P Full HD y funciones de 0 ~ 355 \u00b0 panor\u00e1micas y 0 ~ 90 \u00b0 de inclinaci\u00f3n, la c\u00e1mara\u00a0<strong>Ranger Pro<\/strong>\u00a0garantiza que\u00a0cada rinc\u00f3n de su hogar est\u00e9 completamente cubierto. Las funciones de audio bidireccionales le permiten mantenerse en contacto con su familia, as\u00ed como la detecci\u00f3n de movimiento en tiempo real y las alertas instant\u00e1neas lo mantienen al tanto de lo que sucede en casa en cualquier momento y desde cualquier lugar.<\/p>\n<h5 class=\"ql-align-justify\"><\/h5>\n<p><img decoding=\"async\" class=\"overview-center-img-web\" src=\"https:\/\/tvc.mx\/media\/403899\/imou-ranger-pro-camara-ip-domo-motorizado-audio-bidireccional-b.png\" alt=\"\" \/><\/div>\n<\/div>\n<div class=\"row align-items-center padding-bottom-2x\">\n<div class=\"col-md-5 order-md-2\"><img decoding=\"async\" class=\"d-block m-auto img-thumbnail\" src=\"https:\/\/tvc.mx\/media\/403903\/asistente-virtual-imou.png\" alt=\" \" \/><\/div>\n<div class=\"col-md-7 order-md-1 text-md-left text-center\">\n<h2>Asistente Virtual<\/h2>\n<p class=\"text-muted\">\n<p>Los dispositivos IMOU son 100% compatibles los asistentes virtuales Alexa, Google Assistant e IFTTT permiti\u00e9ndonos tener interacci\u00f3n intelgente y control de nuestras c\u00e1maras con comandos de voz.<\/p>\n<p>&nbsp;<\/p>\n<\/div>\n<\/div>\n<hr class=\"padding-bottom-2x\" \/>\n<div class=\"row align-items-center padding-bottom-2x\">\n<div class=\"col-md-5\"><img decoding=\"async\" class=\"d-block m-auto img-thumbnail\" src=\"https:\/\/tvc.mx\/media\/403907\/resolucion-1080p-imou.png\" alt=\" \" \/><\/div>\n<div class=\"col-md-7 text-md-left text-center\">\n<h2>Resoluci\u00f3n 1080P<\/h2>\n<p class=\"text-muted\">\n<p class=\"ql-align-justify\">Nuestra c\u00e1mara cuenta con un sensor de alta calidad que presenta videos y grabaciones en vivo de forma n\u00edtida, gracias a su resoluci\u00f3n Full HD.<\/p>\n<p>&nbsp;<\/p>\n<\/div>\n<\/div>\n<hr class=\"padding-bottom-2x\" \/>\n<div class=\"row align-items-center padding-bottom-2x\">\n<div class=\"col-md-5 order-md-2\"><img decoding=\"async\" class=\"d-block m-auto img-thumbnail\" src=\"https:\/\/tvc.mx\/media\/403915\/codificacion-h.265-dahua.png\" alt=\" \" \/><\/div>\n<div class=\"col-md-7 order-md-1 text-md-left text-center\">\n<h2>Compresi\u00f3n H.265<\/h2>\n<p class=\"text-muted\">\n<p class=\"ql-align-justify\">La compresi\u00f3n H.265 reduce el ancho de banda de la red y el uso del almacenamiento en un 50 % con la misma calidad de v\u00eddeo.<\/p>\n<p>&nbsp;<\/p>\n<\/div>\n<\/div>\n<hr class=\"padding-bottom-2x\" \/>\n<div class=\"row align-items-center padding-bottom-2x\">\n<div class=\"col-md-5\"><img decoding=\"async\" class=\"d-block m-auto img-thumbnail\" src=\"https:\/\/tvc.mx\/media\/403919\/imou-ranger-monitoreo-sin-perdida-de-detalles.png\" alt=\" \" \/><\/div>\n<div class=\"col-md-7 text-md-left text-center\">\n<h2>Monitoreo total sin perdida de detalles<\/h2>\n<p class=\"text-muted\">\n<p class=\"ql-align-justify\">Con monitoreo en vivo de 1080P HD y las funciones de giro de 0 ~ 355 \u00b0 y de inclinaci\u00f3n de -5 \u00b0 ~ 90 \u00b0, la c\u00e1mara Ranger PRO garantiza que cada rinc\u00f3n de su hogar est\u00e9 completamente cubierto.<\/p>\n<p>&nbsp;<\/p>\n<\/div>\n<\/div>\n<hr class=\"padding-bottom-2x\" \/>\n<div class=\"row align-items-center padding-bottom-2x\">\n<div class=\"col-md-5 order-md-2\"><img decoding=\"async\" class=\"d-block m-auto img-thumbnail\" src=\"https:\/\/tvc.mx\/media\/403923\/audio-bidireccional-imou.png\" alt=\" \" \/><\/div>\n<div class=\"col-md-7 order-md-1 text-md-left text-center\">\n<h2>Audio Bidireccional<\/h2>\n<p class=\"text-muted\">\n<p>El altavoz incorporado y un micr\u00f3fono le permiten interactuar con familiares incluso disuadir a los hu\u00e9spedes no deseados.<\/p>\n<p>&nbsp;<\/p>\n<\/div>\n<\/div>\n<hr class=\"padding-bottom-2x\" \/>\n<div class=\"row align-items-center padding-bottom-2x\">\n<div class=\"col-md-5\"><img decoding=\"async\" class=\"d-block m-auto img-thumbnail\" src=\"https:\/\/tvc.mx\/media\/403927\/almacenamiento-imou.png\" alt=\" \" \/><\/div>\n<div class=\"col-md-7 text-md-left text-center\">\n<h2>Almacenamiento Diversificado<\/h2>\n<p class=\"text-muted\">\n<p class=\"ql-align-justify\">El v\u00eddeo se almacena de forma segura y se accede a trav\u00e9s de la tarjeta SD, NVR o almacenamiento en la nube ( solo por detecci\u00f3n de movimiento ).<\/p>\n<h5><strong>*Micro SD clase 10<\/strong><\/h5>\n<\/div>\n<\/div>\n<p>&nbsp;<\/p>\n<div class=\"row align-items-center padding-bottom-2x\">\n<div class=\"col-md-7 order-md-1 text-md-left text-center\">\n<h2>Principales Caracter\u00edsticas<\/h2>\n<p class=\"text-muted\">\n<ul>\n<li>Visi\u00f3n nocturna<\/li>\n<li>Funci\u00f3n de intercomunicaci\u00f3n<\/li>\n<li>Detecci\u00f3n de personas (IA)<\/li>\n<li>Alarma, zoom y programaci\u00f3n configurables<\/li>\n<li>Detecci\u00f3n de sonido<\/li>\n<li>Seguimiento inteligente<\/li>\n<li>Notificaciones en el m\u00f3vil<\/li>\n<li>Sirena incorporada<\/li>\n<li>Modos de privacidad<\/li>\n<li>Aplicaci\u00f3n Imou Life: iOS, Android<\/li>\n<\/ul>\n<p>&nbsp;<\/p>\n<\/div>\n<\/div>\n<hr class=\"padding-bottom-2x\" \/>\n<div class=\"row align-items-center padding-bottom-2x\">\n<div class=\"col-md-5\"><img decoding=\"async\" class=\"d-block m-auto img-thumbnail\" src=\"https:\/\/tvc.mx\/media\/403935\/imou-ranger-pro-camara-ip-domo-motorizado-audio-bidireccional-especificaciones.png\" alt=\" \" \/><\/div>\n<div class=\"col-md-7 text-md-left text-center\">\n<h2>Especificaciones<\/h2>\n<p class=\"text-muted\">\n<ul>\n<li>CMOS progresivo de 1 \/ 2,7 \u00ab2 megap\u00edxeles 2MP (1920 x 1080)<\/li>\n<li>Visi\u00f3n nocturna: 10 m (33 pies) de distancia<\/li>\n<li>Lente fija de 3,6 mm<\/li>\n<li>Campo de visi\u00f3n: 89 \u00b0 (H), 48 \u00b0 (V), 107 \u00b0 (D) 355 \u00b0<\/li>\n<li>Panor\u00e1mica e inclinaci\u00f3n 0 ~ 90 \u00b0<\/li>\n<li>Compresi\u00f3n de video: H.265 \/ H.264 Hasta 25 \/ 30fps<\/li>\n<li>Velocidad de cuadros<\/li>\n<li>Zoom digital 16x<\/li>\n<li>Audio bidireccional<\/li>\n<li>Detecci\u00f3n de movimiento<\/li>\n<li>Regi\u00f3n configurable<\/li>\n<li>Ranura para tarjeta micro SD (hasta 128 GB)<\/li>\n<li>Micr\u00f3fono y altavoz integrados<\/li>\n<li>Bot\u00f3n WPS \/ Reset<\/li>\n<li>Consumo de energ\u00eda de la fuente de alimentaci\u00f3n DC 5V2A: &lt;7.5W<\/li>\n<li>Entorno de trabajo: -10 \u00b0 C ~ + 45 \u00b0 C, menos del 95% de humedad relativa<\/li>\n<li>Dimensiones: 90 \u00d7 90 \u00d7 108 mm (3,5 \u00d7 3,5 \u00d7 4,3 pulgadas)<\/li>\n<li>Peso: 250 g (0,55 libras)<\/li>\n<\/ul>\n<p>&nbsp;<\/p>\n<\/div>\n<\/div>\n<hr class=\"padding-bottom-2x\" \/>\n<div class=\"row align-items-center padding-bottom-2x\">\n<div class=\"col-md-5 order-md-2\"><img decoding=\"async\" class=\"d-block m-auto img-thumbnail\" src=\"https:\/\/tvc.mx\/media\/403939\/logo-imou.png\" alt=\" \" \/><\/div>\n<div class=\"col-md-7 order-md-1 text-md-left text-center\">\n<h2>Incluye<\/h2>\n<p class=\"text-muted\">\n<ul>\n<li>1xCamera<\/li>\n<li>1xGu\u00eda de inicio r\u00e1pido<\/li>\n<li>1xAdaptador de corriente<\/li>\n<li>1xCable USB<\/li>\n<li>1x paquete de tornillos<\/li>\n<li>1xTablero de instalaci\u00f3n r\u00e1pida<\/li>\n<li>1x Plantilla de instalaci\u00f3n<\/li>\n<\/ul>\n<\/div>\n<\/div>\n","protected":false},"excerpt":{"rendered":"<p>Informaci\u00f3n Con monitoreo en vivo 1080P Full HD y funciones de 0 ~ 355 \u00b0 panor\u00e1micas y 0 ~ 90 \u00b0 de inclinaci\u00f3n, la c\u00e1mara\u00a0Ranger Pro\u00a0garantiza que\u00a0cada rinc\u00f3n de su hogar est\u00e9 completamente cubierto. Las funciones de audio bidireccionales le permiten mantenerse en contacto con&hellip;<\/p>\n","protected":false},"featured_media":2332,"comment_status":"open","ping_status":"closed","template":"","meta":{"om_disable_all_campaigns":false,"_monsterinsights_skip_tracking":false,"_monsterinsights_sitenote_active":false,"_monsterinsights_sitenote_note":"","_monsterinsights_sitenote_category":0},"product_brand":[],"product_cat":[144],"product_tag":[147,38,145,146],"class_list":{"0":"post-2333","1":"product","2":"type-product","3":"status-publish","4":"has-post-thumbnail","6":"product_cat-imou","7":"product_tag-camara-imou","8":"product_tag-camaras-de-seguridad","9":"product_tag-imou","10":"product_tag-wifi","12":"first","13":"instock","14":"sale","15":"taxable","16":"shipping-taxable","17":"purchasable","18":"product-type-simple"},"aioseo_notices":[],"_links":{"self":[{"href":"https:\/\/tecsecmty.com\/index.php\/wp-json\/wp\/v2\/product\/2333","targetHints":{"allow":["GET"]}}],"collection":[{"href":"https:\/\/tecsecmty.com\/index.php\/wp-json\/wp\/v2\/product"}],"about":[{"href":"https:\/\/tecsecmty.com\/index.php\/wp-json\/wp\/v2\/types\/product"}],"replies":[{"embeddable":true,"href":"https:\/\/tecsecmty.com\/index.php\/wp-json\/wp\/v2\/comments?post=2333"}],"version-history":[{"count":0,"href":"https:\/\/tecsecmty.com\/index.php\/wp-json\/wp\/v2\/product\/2333\/revisions"}],"wp:featuredmedia":[{"embeddable":true,"href":"https:\/\/tecsecmty.com\/index.php\/wp-json\/wp\/v2\/media\/2332"}],"wp:attachment":[{"href":"https:\/\/tecsecmty.com\/index.php\/wp-json\/wp\/v2\/media?parent=2333"}],"wp:term":[{"taxonomy":"product_brand","embeddable":true,"href":"https:\/\/tecsecmty.com\/index.php\/wp-json\/wp\/v2\/product_brand?post=2333"},{"taxonomy":"product_cat","embeddable":true,"href":"https:\/\/tecsecmty.com\/index.php\/wp-json\/wp\/v2\/product_cat?post=2333"},{"taxonomy":"product_tag","embeddable":true,"href":"https:\/\/tecsecmty.com\/index.php\/wp-json\/wp\/v2\/product_tag?post=2333"}],"curies":[{"name":"wp","href":"https:\/\/api.w.org\/{rel}","templated":true}]}}