{"id":2335,"date":"2023-02-22T18:59:16","date_gmt":"2023-02-23T00:59:16","guid":{"rendered":"https:\/\/tecsecmty.com\/index.php\/producto\/imou-siliconcoverb-silicon-cover-for-looc-black-cubierta-para-camara-looc-material-silicon-color-negro\/"},"modified":"2023-03-22T23:23:32","modified_gmt":"2023-03-23T05:23:32","slug":"imou-siliconcoverb-silicon-cover-for-looc-black-cubierta-para-camara-looc-material-silicon-color-negro","status":"publish","type":"product","link":"https:\/\/tecsecmty.com\/index.php\/producto\/imou-siliconcoverb-silicon-cover-for-looc-black-cubierta-para-camara-looc-material-silicon-color-negro\/","title":{"rendered":"IMOU SILICONCOVERB (Silicon cover for LOOC Black) &#8211; Cubierta para camara LOOC \/ Material SILICON \/ Color negro"},"content":{"rendered":"<div class=\"row aling-items-center padding-bottom-2x\">\n<div class=\"col-lg-12\">\n<h5 class=\"card-title text-center\">CUBIERTA DE C\u00c1MARA DE SILICONA FRS10-B-IMOU<\/h5>\n<p>La cubierta de silicona FRS10-B-IMOU est\u00e1 dise\u00f1ada para las c\u00e1maras de la serie IMOU-LOOC. La cubierta protege la c\u00e1mara de las condiciones clim\u00e1ticas cambiantes, lo que permite su instalaci\u00f3n fuera del edificio.<\/p>\n<p><img decoding=\"async\" class=\"overview-center-img-web\" src=\"https:\/\/tvc.mx\/media\/28037\/4N.png\" alt=\"\" \/><\/div>\n<\/div>\n<div class=\"row align-items-center padding-bottom-2x\">\n<div class=\"col-md-5 order-md-2\"><img decoding=\"async\" class=\"d-block m-auto img-thumbnail\" src=\"https:\/\/tvc.mx\/media\/28039\/1N.jpg\" alt=\" \" \/><\/div>\n<div class=\"col-md-7 order-md-1 text-md-left text-center\">\n<h2>Presentaci\u00f3n<\/h2>\n<p class=\"text-muted\">\n<p>&nbsp;<\/p>\n<p>&nbsp;<\/p>\n<\/div>\n<\/div>\n<hr class=\"padding-bottom-2x\" \/>\n<div class=\"row align-items-center padding-bottom-2x\">\n<div class=\"col-md-5 order-md-2\"><img decoding=\"async\" class=\"d-block m-auto img-thumbnail\" src=\"https:\/\/tvc.mx\/media\/28040\/3n.jpg\" alt=\" \" \/><\/div>\n<div class=\"col-md-7 order-md-1 text-md-left text-center\">\n<h2>Ejemplo de uso:<\/h2>\n<p class=\"text-muted\">\n<p>&nbsp;<\/p>\n<p>&nbsp;<\/p>\n<\/div>\n<\/div>\n<hr class=\"padding-bottom-2x\" \/>\n<div class=\"row align-items-center padding-bottom-2x\">\n<div class=\"col-md-5\"><img decoding=\"async\" class=\"d-block m-auto img-thumbnail\" src=\"https:\/\/tvc.mx\/media\/28042\/images-%281%291.jpg\" alt=\" \" \/><\/div>\n<div class=\"col-md-7 text-md-left text-center\">\n<h2>Especificaciones<\/h2>\n<p class=\"text-muted\">\n<p>Material: Silicona<\/p>\n<p>Color: Negro<\/p>\n<p>Peso: 0.03Kg<\/p>\n<p>Dimensiones: 65 x 78 x 76 mm<\/p>\n<\/div>\n<\/div>\n","protected":false},"excerpt":{"rendered":"<p>CUBIERTA DE C\u00c1MARA DE SILICONA FRS10-B-IMOU La cubierta de silicona FRS10-B-IMOU est\u00e1 dise\u00f1ada para las c\u00e1maras de la serie IMOU-LOOC. La cubierta protege la c\u00e1mara de las condiciones clim\u00e1ticas cambiantes, lo que permite su instalaci\u00f3n fuera del edificio. Presentaci\u00f3n &nbsp; &nbsp; Ejemplo de uso: &nbsp;&hellip;<\/p>\n","protected":false},"featured_media":2334,"comment_status":"open","ping_status":"closed","template":"","meta":{"om_disable_all_campaigns":false,"_monsterinsights_skip_tracking":false,"_monsterinsights_sitenote_active":false,"_monsterinsights_sitenote_note":"","_monsterinsights_sitenote_category":0},"product_brand":[],"product_cat":[144],"product_tag":[147,38,145,146],"class_list":{"0":"post-2335","1":"product","2":"type-product","3":"status-publish","4":"has-post-thumbnail","6":"product_cat-imou","7":"product_tag-camara-imou","8":"product_tag-camaras-de-seguridad","9":"product_tag-imou","10":"product_tag-wifi","12":"first","13":"instock","14":"sale","15":"taxable","16":"shipping-taxable","17":"purchasable","18":"product-type-simple"},"aioseo_notices":[],"_links":{"self":[{"href":"https:\/\/tecsecmty.com\/index.php\/wp-json\/wp\/v2\/product\/2335","targetHints":{"allow":["GET"]}}],"collection":[{"href":"https:\/\/tecsecmty.com\/index.php\/wp-json\/wp\/v2\/product"}],"about":[{"href":"https:\/\/tecsecmty.com\/index.php\/wp-json\/wp\/v2\/types\/product"}],"replies":[{"embeddable":true,"href":"https:\/\/tecsecmty.com\/index.php\/wp-json\/wp\/v2\/comments?post=2335"}],"version-history":[{"count":0,"href":"https:\/\/tecsecmty.com\/index.php\/wp-json\/wp\/v2\/product\/2335\/revisions"}],"wp:featuredmedia":[{"embeddable":true,"href":"https:\/\/tecsecmty.com\/index.php\/wp-json\/wp\/v2\/media\/2334"}],"wp:attachment":[{"href":"https:\/\/tecsecmty.com\/index.php\/wp-json\/wp\/v2\/media?parent=2335"}],"wp:term":[{"taxonomy":"product_brand","embeddable":true,"href":"https:\/\/tecsecmty.com\/index.php\/wp-json\/wp\/v2\/product_brand?post=2335"},{"taxonomy":"product_cat","embeddable":true,"href":"https:\/\/tecsecmty.com\/index.php\/wp-json\/wp\/v2\/product_cat?post=2335"},{"taxonomy":"product_tag","embeddable":true,"href":"https:\/\/tecsecmty.com\/index.php\/wp-json\/wp\/v2\/product_tag?post=2335"}],"curies":[{"name":"wp","href":"https:\/\/api.w.org\/{rel}","templated":true}]}}