{"id":2339,"date":"2023-02-22T18:59:21","date_gmt":"2023-02-23T00:59:21","guid":{"rendered":"https:\/\/tecsecmty.com\/index.php\/producto\/imou-turret-ipc-t26en-0280b-imou-camara-ip-domo-wifi-de-2-megapixeles-disuasion-activa-sirena-integrada-led-de-alta-potencia-microfono-integrado-audio-bidereccional-deteccion-de-humanos-ir\/"},"modified":"2023-03-22T23:23:32","modified_gmt":"2023-03-23T05:23:32","slug":"imou-turret-ipc-t26en-0280b-imou-camara-ip-domo-wifi-de-2-megapixeles-disuasion-activa-sirena-integrada-led-de-alta-potencia-microfono-integrado-audio-bidereccional-deteccion-de-humanos-ir","status":"publish","type":"product","link":"https:\/\/tecsecmty.com\/index.php\/producto\/imou-turret-ipc-t26en-0280b-imou-camara-ip-domo-wifi-de-2-megapixeles-disuasion-activa-sirena-integrada-led-de-alta-potencia-microfono-integrado-audio-bidereccional-deteccion-de-humanos-ir\/","title":{"rendered":"IMOU Turret (IPC-T26EN-0280B-imou) &#8211; Camara IP Domo Wifi de 2 Megapixeles\/ Disuasi\u00f3n activa\/ Sirena Integrada\/ Led de Alta Potencia\/ Microfono Integrado\/ Audio Bidereccional\/ Detecci\u00f3n de Humanos\/ IR 30 Mts\/ IP67\/ Ranura para MicroSD\/"},"content":{"rendered":"<div class=\"row aling-items-center padding-bottom-2x\">\n<div class=\"col-lg-12\">\n<h5 class=\"card-title text-center\">Informaci\u00f3n General<\/h5>\n<p>La c\u00e1mara\u00a0<strong>Imou Turrent\u00a0<\/strong>cuenta con un monitoreo inteligente con\u00a0<strong>detecci\u00f3n humana con inteligencia artificial<\/strong>. Esta potente tecnolog\u00eda de procesamiento de im\u00e1genes encuentra r\u00e1pidamente objetivos humanos en las im\u00e1genes y\u00a0<strong>env\u00eda inmediatamente una notificaci\u00f3n a su tel\u00e9fono inteligente<\/strong>, lo que le permite monitorear lo que importa sin recibir molestas alertas falsas.<\/p>\n<p><img decoding=\"async\" class=\"overview-center-img-web\" src=\"https:\/\/tvc.mx\/media\/403447\/Imou-TURRENT-C%C3%81MARA-IP-b.png\" alt=\"\" \/><\/div>\n<\/div>\n<div class=\"row align-items-center padding-bottom-2x\">\n<div class=\"col-md-5 order-md-2\"><img decoding=\"async\" class=\"d-block m-auto img-thumbnail\" src=\"https:\/\/tvc.mx\/media\/403451\/IP67-dahua.png\" alt=\" \" \/><\/div>\n<div class=\"col-md-7 order-md-1 text-md-left text-center\">\n<h2>IP67<\/h2>\n<p class=\"text-muted\">\n<p>El \u00edndice de protecci\u00f3n\u00a0<strong>IP67<\/strong>\u00a0le ofrece a la c\u00e1mara\u00a0<strong>Turrent<\/strong>\u00a0de Imou la capacidad de ser instalada tanto en exterior como interior, esto le brinda una gran\u00a0<strong>versatilidad para aplicaciones<\/strong>\u00a0en escenarios como tiendas, hogar, almacenes, oficinas y muchos m\u00e1s.<\/p>\n<p>&nbsp;<\/p>\n<\/div>\n<\/div>\n<hr class=\"padding-bottom-2x\" \/>\n<div class=\"row align-items-center padding-bottom-2x\">\n<div class=\"col-md-5\"><img decoding=\"async\" class=\"d-block m-auto img-thumbnail\" src=\"https:\/\/tvc.mx\/media\/403455\/almacenamiento-imou.png\" alt=\" \" \/><\/div>\n<div class=\"col-md-7 text-md-left text-center\">\n<h2>Almacenamiento Diversificado.<\/h2>\n<p class=\"text-muted\">\n<p>La c\u00e1mara\u00a0<strong>Turrent<\/strong>\u00a0de imou cuenta con la posibilidad de almacenar las grabaciones dentro de una tarjeta\u00a0<strong>microSD de hasta 256 GB<\/strong>\u00a0(tarjeta de memoria no incluida),\u00a0puede enlazarse con un NVR\u00a0(Imou)\u00a0para aumentar la capacidad de almacenamiento y\/o, puede respaldar las grabaciones dentro de la \u201c<strong>Imou Cloud<\/strong>\u201d.<\/p>\n<p>&nbsp;<\/p>\n<\/div>\n<\/div>\n<hr class=\"padding-bottom-2x\" \/>\n<div class=\"row align-items-center padding-bottom-2x\">\n<div class=\"col-md-5 order-md-2\"><img decoding=\"async\" class=\"d-block m-auto img-thumbnail\" src=\"https:\/\/tvc.mx\/media\/403459\/conexion-wifi.png\" alt=\" \" \/><\/div>\n<div class=\"col-md-7 order-md-1 text-md-left text-center\">\n<h2>Wi-Fi Spot.<\/h2>\n<p class=\"text-muted\">\n<p>La c\u00e1mara\u00a0<strong>Turrent<\/strong>\u00a0admite el\u00a0<strong>Hotspot<\/strong>, por lo que puede transmitir el video y reproducir grabaciones incluso cuando no hay conexi\u00f3n a Internet gracias a la conexi\u00f3n directa a la red que la c\u00e1mara genera.<\/p>\n<p><strong>Pasos para activar la funci\u00f3n Hotspot.<\/strong><\/p>\n<p><strong>1-Para cambiar al modo Hotspot, se debe presionar dos veces el bot\u00f3n de Reset de la c\u00e1mara.<\/strong><\/p>\n<p><strong>2-Conecte el tel\u00e9fono inteligente a la se\u00f1al del punto de acceso Wi-Fi de la c\u00e1mara, el nombre de Wi-Fi es \u00abDAP-XXXX\u00bb, la contrase\u00f1a es el c\u00f3digo de seguridad en la etiqueta del dispositivo.<\/strong><\/p>\n<p><strong>3-En la aplicaci\u00f3n Imou Life, ir a &#8211; Herramienta &#8211; Lan Live y seguir la gu\u00eda de la aplicaci\u00f3n.<\/strong><\/p>\n<p>&nbsp;<\/p>\n<\/div>\n<\/div>\n<hr class=\"padding-bottom-2x\" \/>\n<div class=\"row align-items-center padding-bottom-2x\">\n<div class=\"col-md-5\"><img decoding=\"async\" class=\"d-block m-auto img-thumbnail\" src=\"https:\/\/tvc.mx\/media\/403463\/Imou-TURRENT-C%C3%81MARA-IP-caracteristicas.png\" alt=\" \" \/><\/div>\n<div class=\"col-md-7 text-md-left text-center\">\n<h2>Principales Caracter\u00edsticas.<\/h2>\n<p class=\"text-muted\">\n<ul>\n<li>M\u00d3DULO Wi-Fi &#8211; IEEE 802.11 b\/g\/n, Alcance : 100\u00a0m (espacio abierto),<\/li>\n<li>Antena : 2&#215;2 MIMO<\/li>\n<li>Bot\u00f3n RESET<\/li>\n<li>D-ZOOM &#8211; Zoom digital : 16x<\/li>\n<li>Detecci\u00f3n de movimiento<\/li>\n<li>Detecci\u00f3n de personas<\/li>\n<li>Alarma luminosa y ac\u00fastica<\/li>\n<li>Funci\u00f3n de disuasi\u00f3n activa<\/li>\n<\/ul>\n<p>&nbsp;<\/p>\n<\/div>\n<\/div>\n<hr class=\"padding-bottom-2x\" \/>\n<div class=\"row align-items-center padding-bottom-2x\">\n<div class=\"col-md-5 order-md-2\"><img decoding=\"async\" class=\"d-block m-auto img-thumbnail\" src=\"https:\/\/tvc.mx\/media\/403467\/Imou-TURRENT-C%C3%81MARA-IP-especificaciones.png\" alt=\" \" \/><\/div>\n<div class=\"col-md-7 order-md-1 text-md-left text-center\">\n<h2>Especificaciones<\/h2>\n<p class=\"text-muted\">\n<ul>\n<li>Sensor 2MP 1\/2.8&#8243;.<\/li>\n<li>Visi\u00f3n nocturna 30m.<\/li>\n<li>Lente fijo 2.8mm.<\/li>\n<li>12V DC 1A.<\/li>\n<li>Consumo &lt;7W.<\/li>\n<li>Condiciones de trabajo -30\u00b0C &#8211; 60\u00b0C.<\/li>\n<li>Humedad relativa 95%.<\/li>\n<li>IP67<\/li>\n<li>Campo de vista (H) 114\u00b0, (V) 59\u00b0.<\/li>\n<li>Compresi\u00f3n H.265\/H.264.<\/li>\n<li>Fram Rate 25\/30FPS.<\/li>\n<li>Zoom digital 16x.<\/li>\n<li>Micr\u00f3fono integrado.<\/li>\n<li>Altavoz integrado.<\/li>\n<li>Iluminaci\u00f3n incluida.<\/li>\n<li>Slot para tarjeta microSD hasta 256GB\u00a0(memoria no incluida)<\/li>\n<li>1 Puerto Ethernet 100Mbps.<\/li>\n<li>Wi-Fi IEEE802.11b\/g\/n.<\/li>\n<li>Antena dual 2&#215;2 MIMO.<\/li>\n<li>Soft AP.<\/li>\n<li>ONVIF.<\/li>\n<\/ul>\n<p>&nbsp;<\/p>\n<\/div>\n<\/div>\n<hr class=\"padding-bottom-2x\" \/>\n<div class=\"row align-items-center padding-bottom-2x\">\n<div class=\"col-md-5\"><img decoding=\"async\" class=\"d-block m-auto img-thumbnail\" src=\"https:\/\/tvc.mx\/media\/403483\/logo-imou.png\" alt=\" \" \/><\/div>\n<div class=\"col-md-7 text-md-left text-center\">\n<h2>Incluye<\/h2>\n<p class=\"text-muted\">\n<ul>\n<li>1x c\u00e1mara Turret<\/li>\n<li>1x Gu\u00eda de inicio r\u00e1pido<\/li>\n<li>1x adaptador de corriente<\/li>\n<li>1x placa de montaje<\/li>\n<li>1x paquete de tornillos<\/li>\n<li>1x Platilla de instalaci\u00f3n<\/li>\n<li>1x conector impermeable<\/li>\n<\/ul>\n<\/div>\n<\/div>\n","protected":false},"excerpt":{"rendered":"<p>Informaci\u00f3n General La c\u00e1mara\u00a0Imou Turrent\u00a0cuenta con un monitoreo inteligente con\u00a0detecci\u00f3n humana con inteligencia artificial. Esta potente tecnolog\u00eda de procesamiento de im\u00e1genes encuentra r\u00e1pidamente objetivos humanos en las im\u00e1genes y\u00a0env\u00eda inmediatamente una notificaci\u00f3n a su tel\u00e9fono inteligente, lo que le permite monitorear lo que importa sin&hellip;<\/p>\n","protected":false},"featured_media":2338,"comment_status":"open","ping_status":"closed","template":"","meta":{"om_disable_all_campaigns":false,"_monsterinsights_skip_tracking":false,"_monsterinsights_sitenote_active":false,"_monsterinsights_sitenote_note":"","_monsterinsights_sitenote_category":0},"product_brand":[],"product_cat":[144],"product_tag":[147,38,145,146],"class_list":{"0":"post-2339","1":"product","2":"type-product","3":"status-publish","4":"has-post-thumbnail","6":"product_cat-imou","7":"product_tag-camara-imou","8":"product_tag-camaras-de-seguridad","9":"product_tag-imou","10":"product_tag-wifi","12":"first","13":"instock","14":"sale","15":"taxable","16":"shipping-taxable","17":"purchasable","18":"product-type-simple"},"aioseo_notices":[],"_links":{"self":[{"href":"https:\/\/tecsecmty.com\/index.php\/wp-json\/wp\/v2\/product\/2339","targetHints":{"allow":["GET"]}}],"collection":[{"href":"https:\/\/tecsecmty.com\/index.php\/wp-json\/wp\/v2\/product"}],"about":[{"href":"https:\/\/tecsecmty.com\/index.php\/wp-json\/wp\/v2\/types\/product"}],"replies":[{"embeddable":true,"href":"https:\/\/tecsecmty.com\/index.php\/wp-json\/wp\/v2\/comments?post=2339"}],"version-history":[{"count":0,"href":"https:\/\/tecsecmty.com\/index.php\/wp-json\/wp\/v2\/product\/2339\/revisions"}],"wp:featuredmedia":[{"embeddable":true,"href":"https:\/\/tecsecmty.com\/index.php\/wp-json\/wp\/v2\/media\/2338"}],"wp:attachment":[{"href":"https:\/\/tecsecmty.com\/index.php\/wp-json\/wp\/v2\/media?parent=2339"}],"wp:term":[{"taxonomy":"product_brand","embeddable":true,"href":"https:\/\/tecsecmty.com\/index.php\/wp-json\/wp\/v2\/product_brand?post=2339"},{"taxonomy":"product_cat","embeddable":true,"href":"https:\/\/tecsecmty.com\/index.php\/wp-json\/wp\/v2\/product_cat?post=2339"},{"taxonomy":"product_tag","embeddable":true,"href":"https:\/\/tecsecmty.com\/index.php\/wp-json\/wp\/v2\/product_tag?post=2339"}],"curies":[{"name":"wp","href":"https:\/\/api.w.org\/{rel}","templated":true}]}}