{"id":2341,"date":"2023-02-22T18:59:24","date_gmt":"2023-02-23T00:59:24","guid":{"rendered":"https:\/\/tecsecmty.com\/index.php\/producto\/imou-cruiser-2mp-ipc-s22fn-0360b-imou-camara-ip-pt-wifi-de-2-megapixeles-full-color-audio-2-vias-30-metros-de-vision-nocturna-lente-de-3-6mm-sirena-y-luz-blanca-h-265-deteccion-de-humanos-a\/"},"modified":"2023-03-22T23:23:30","modified_gmt":"2023-03-23T05:23:30","slug":"imou-cruiser-2mp-ipc-s22fn-0360b-imou-camara-ip-pt-wifi-de-2-megapixeles-full-color-audio-2-vias-30-metros-de-vision-nocturna-lente-de-3-6mm-sirena-y-luz-blanca-h-265-deteccion-de-humanos-a","status":"publish","type":"product","link":"https:\/\/tecsecmty.com\/index.php\/producto\/imou-cruiser-2mp-ipc-s22fn-0360b-imou-camara-ip-pt-wifi-de-2-megapixeles-full-color-audio-2-vias-30-metros-de-vision-nocturna-lente-de-3-6mm-sirena-y-luz-blanca-h-265-deteccion-de-humanos-a\/","title":{"rendered":"Imou Cruiser 2MP (IPC-S22FN-0360B-imou)- C\u00e1mara IP PT Wifi de 2 Megap\u00edxeles\/ Full Color\/ Audio 2 V\u00edas\/ 30 Metros de Visi\u00f3n Nocturna\/ Lente de 3.6mm\/ Sirena y Luz Blanca\/ H.265\/ Detecci\u00f3n de Humanos\/ Auto tracking\/ Ranura MicroSD\/ Onvif\/"},"content":{"rendered":"<div class=\"row aling-items-center padding-bottom-2x\">\n<div class=\"col-lg-12\">\n<h5 class=\"card-title text-center\">Informaci\u00f3n General<\/h5>\n<p>Cruiser ofrece monitoreo en vivo de resoluci\u00f3n 2MP con un lente de 3.6 mm, 1080P Full HD en vivo, monitoreo y funciones de Paneo de 0 ~ 355 \u00b0 y tilt 0 ~ 90 \u00b0, Cruiser garantiza cada rinc\u00f3n de su hogar por completo cubierto. Admite cuatro modos de visi\u00f3n nocturna para una claridad diurna incluso en la oscuridad total. Con certificado IP66, la c\u00e1mara se puede utilizar en exteriores bajo diferentes condiciones clim\u00e1ticas. Con foco incorporado y 110dB sirena de seguridad, Cruiser mantiene activamente a los visitantes no deseados lejos.<\/p>\n<p><img decoding=\"async\" class=\"overview-center-img-web\" src=\"https:\/\/tvc.mx\/media\/407271\/imou-cruiser-ip-pt-wifi-de-2-megapixeles-autotracking.png\" alt=\"\" \/><\/div>\n<\/div>\n<div class=\"row align-items-center padding-bottom-2x\">\n<div class=\"col-md-5\"><img decoding=\"async\" class=\"d-block m-auto img-thumbnail\" src=\"https:\/\/tvc.mx\/media\/262527\/Nube.png\" alt=\" \" \/><\/div>\n<div class=\"col-md-7 text-md-left text-center\">\n<h2>Servicio en la nube<\/h2>\n<p class=\"text-muted\">\n<p>Mantente cerca de lo que mas importa con el servicio en la nube. Tendr\u00e1 acceso siempre con Internet, graba videos continuos o en movimiento en la nube y reproducirlos en cualquier momento, en cualquier lugar.<\/p>\n<p>&nbsp;<\/p>\n<\/div>\n<\/div>\n<hr class=\"padding-bottom-2x\" \/>\n<div class=\"row align-items-center padding-bottom-2x\">\n<div class=\"col-md-5 order-md-2\"><img decoding=\"async\" class=\"d-block m-auto img-thumbnail\" src=\"https:\/\/tvc.mx\/media\/407275\/compresion-de-video.png\" alt=\" \" \/><\/div>\n<div class=\"col-md-7 order-md-1 text-md-left text-center\">\n<h2>V\u00eddeo Full HD 1080P y compresi\u00f3n H.265<\/h2>\n<p class=\"text-muted\">\n<p>El sensor 1080P y los algoritmos de infrarrojos avanzados proporcionan un video n\u00edtido tanto de d\u00eda como de noche. La compresi\u00f3n H.265 de vanguardia reduce el ancho de banda de la red y el uso de almacenamiento en un 50% con la misma calidad de video.<\/p>\n<p>&nbsp;<\/p>\n<\/div>\n<\/div>\n<hr class=\"padding-bottom-2x\" \/>\n<div class=\"row align-items-center padding-bottom-2x\">\n<div class=\"col-md-5\"><img decoding=\"async\" class=\"d-block m-auto img-thumbnail\" src=\"https:\/\/tvc.mx\/media\/407279\/vision-nocturna-inteligente.png\" alt=\" \" \/><\/div>\n<div class=\"col-md-7 text-md-left text-center\">\n<h2>Visi\u00f3n nocturna inteligente en color<\/h2>\n<p class=\"text-muted\">\n<p>Modo inteligente<\/p>\n<p>Si cambia al modo inteligente, puede disfrutar de la visi\u00f3n nocturna en blanco y negro.\u00a0Los focos se encienden autom\u00e1ticamente al detectar un movimiento sospechoso, lo que le muestra una imagen v\u00edvida a todo color cuando sucede algo.<\/p>\n<p>Modo apagado<\/p>\n<p>Si no hay necesidad de iluminaci\u00f3n exterior por la noche, puede cambiar al modo de apagado para reducir la contaminaci\u00f3n lum\u00ednica.<\/p>\n<p>&nbsp;<\/p>\n<\/div>\n<\/div>\n<hr class=\"padding-bottom-2x\" \/>\n<div class=\"row align-items-center padding-bottom-2x\">\n<div class=\"col-md-5 order-md-2\"><img decoding=\"async\" class=\"d-block m-auto img-thumbnail\" src=\"https:\/\/tvc.mx\/media\/407283\/Imou-Camara-IP-PT-wifi-4mp-full-color-ir-sirena-luz-blanca-deteccion-humanos-ranura-micro-sd-caracteristicas.png\" alt=\" \" \/><\/div>\n<div class=\"col-md-7 order-md-1 text-md-left text-center\">\n<h2>Principales caracter\u00edsticas.<\/h2>\n<p class=\"text-muted\">\n<ul>\n<li>2MP(1920&#215;1080)<\/li>\n<li>H.265 \/ H.264<\/li>\n<li>Vista PTZ de 360 grados<\/li>\n<li>IP66 resistente a la intemperie<\/li>\n<li>Visi\u00f3n nocturna en color inteligente<\/li>\n<li>Funci\u00f3n de intercomunicaci\u00f3n<\/li>\n<li>Faro incorporado<\/li>\n<li>Detecci\u00f3n de personas<\/li>\n<li>Alarma, zoom y programaci\u00f3n configurables<\/li>\n<li>Notificaciones en el m\u00f3vil<\/li>\n<li>Zoom digital 16x<\/li>\n<li>Aplicaci\u00f3n Imou Life: iOS, Android<\/li>\n<\/ul>\n<p>&nbsp;<\/p>\n<\/div>\n<\/div>\n<hr class=\"padding-bottom-2x\" \/>\n<div class=\"row align-items-center padding-bottom-2x\">\n<div class=\"col-md-5\"><img decoding=\"async\" class=\"d-block m-auto img-thumbnail\" src=\"https:\/\/tvc.mx\/media\/407287\/Imou-Camara-IP-PT-wifi-4mp-full-color-ir-sirena-luz-blanca-deteccion-humanos-ranura-micro-sd-especificaciones.png\" alt=\" \" \/><\/div>\n<div class=\"col-md-7 text-md-left text-center\">\n<h2>Especificaciones<\/h2>\n<p class=\"text-muted\">\n<ul>\n<li>1 \/ 2.8 \u201d2 megap\u00edxeles CMOS progresivo 2MP (1920 x 1080)<\/li>\n<li>Visi\u00f3n nocturna: 30 m (98 pies) Distancia 3.6 mm<\/li>\n<li>Detecci\u00f3n de movimiento Detecci\u00f3n\u00a0humana de regi\u00f3n configurable<\/li>\n<li>1 puerto Ethernet de 100 Mbps Wi-Fi: IEEE802.11b \/ g \/ n, antena dual de 120 m de campo abierto<\/li>\n<li>Aplicaci\u00f3n Imou: iOS, Android<\/li>\n<li>ONVIF<\/li>\n<li>Ranura para tarjeta Micro SD (hasta 256 GB) Bot\u00f3n de reinicio de micr\u00f3fono y altavoz incorporado<\/li>\n<li>Fuente de alimentaci\u00f3n DC 12V1A<\/li>\n<li>Consumo de energ\u00eda: &lt;6.2W<\/li>\n<li>Material: Pl\u00e1stico<\/li>\n<li>Ambiente de trabajo: -30 \u00b0 C ~ + 60 \u00b0 C, Menos del 95% de HR<\/li>\n<li>Dimensiones: 138.4 \u00d7 121.7 \u00d7 257.5mm (5.45 \u00d7 4.79 \u00d7 10.14 pulgadas)<\/li>\n<li>Peso: 565g (1,25 libras)<\/li>\n<li>CE, FCC<\/li>\n<li>IP66<\/li>\n<\/ul>\n<p>&nbsp;<\/p>\n<\/div>\n<\/div>\n<hr class=\"padding-bottom-2x\" \/>\n<div class=\"row align-items-center padding-bottom-2x\">\n<div class=\"col-md-5 order-md-2\"><img decoding=\"async\" class=\"d-block m-auto img-thumbnail\" src=\"https:\/\/tvc.mx\/media\/407291\/logo-imou.png\" alt=\" \" \/><\/div>\n<div class=\"col-md-7 order-md-1 text-md-left text-center\">\n<h2>Incluye<\/h2>\n<p class=\"text-muted\">\n<ul>\n<li>C\u00e1mara<\/li>\n<li>Gu\u00eda r\u00e1pida<\/li>\n<li>Adaptador de corriente<\/li>\n<li>Plantilla de montaje<\/li>\n<li>Bracket de montaje<\/li>\n<li>Conector impermeable<\/li>\n<li>Tornillos y taquetes<\/li>\n<\/ul>\n<\/div>\n<\/div>\n","protected":false},"excerpt":{"rendered":"<p>Informaci\u00f3n General Cruiser ofrece monitoreo en vivo de resoluci\u00f3n 2MP con un lente de 3.6 mm, 1080P Full HD en vivo, monitoreo y funciones de Paneo de 0 ~ 355 \u00b0 y tilt 0 ~ 90 \u00b0, Cruiser garantiza cada rinc\u00f3n de su hogar por&hellip;<\/p>\n","protected":false},"featured_media":2340,"comment_status":"open","ping_status":"closed","template":"","meta":{"om_disable_all_campaigns":false,"_monsterinsights_skip_tracking":false,"_monsterinsights_sitenote_active":false,"_monsterinsights_sitenote_note":"","_monsterinsights_sitenote_category":0},"product_brand":[],"product_cat":[144],"product_tag":[147,38,145,146],"class_list":{"0":"post-2341","1":"product","2":"type-product","3":"status-publish","4":"has-post-thumbnail","6":"product_cat-imou","7":"product_tag-camara-imou","8":"product_tag-camaras-de-seguridad","9":"product_tag-imou","10":"product_tag-wifi","12":"first","13":"instock","14":"sale","15":"taxable","16":"shipping-taxable","17":"purchasable","18":"product-type-simple"},"aioseo_notices":[],"_links":{"self":[{"href":"https:\/\/tecsecmty.com\/index.php\/wp-json\/wp\/v2\/product\/2341","targetHints":{"allow":["GET"]}}],"collection":[{"href":"https:\/\/tecsecmty.com\/index.php\/wp-json\/wp\/v2\/product"}],"about":[{"href":"https:\/\/tecsecmty.com\/index.php\/wp-json\/wp\/v2\/types\/product"}],"replies":[{"embeddable":true,"href":"https:\/\/tecsecmty.com\/index.php\/wp-json\/wp\/v2\/comments?post=2341"}],"version-history":[{"count":0,"href":"https:\/\/tecsecmty.com\/index.php\/wp-json\/wp\/v2\/product\/2341\/revisions"}],"wp:featuredmedia":[{"embeddable":true,"href":"https:\/\/tecsecmty.com\/index.php\/wp-json\/wp\/v2\/media\/2340"}],"wp:attachment":[{"href":"https:\/\/tecsecmty.com\/index.php\/wp-json\/wp\/v2\/media?parent=2341"}],"wp:term":[{"taxonomy":"product_brand","embeddable":true,"href":"https:\/\/tecsecmty.com\/index.php\/wp-json\/wp\/v2\/product_brand?post=2341"},{"taxonomy":"product_cat","embeddable":true,"href":"https:\/\/tecsecmty.com\/index.php\/wp-json\/wp\/v2\/product_cat?post=2341"},{"taxonomy":"product_tag","embeddable":true,"href":"https:\/\/tecsecmty.com\/index.php\/wp-json\/wp\/v2\/product_tag?post=2341"}],"curies":[{"name":"wp","href":"https:\/\/api.w.org\/{rel}","templated":true}]}}