{"id":2343,"date":"2023-02-22T18:59:26","date_gmt":"2023-02-23T00:59:26","guid":{"rendered":"https:\/\/tecsecmty.com\/index.php\/producto\/imou-cruiser-4mp-ipc-s42fn-0360b-imou-camara-ip-pt-wifi-de-4-megapixeles-full-color-audio-2-vias-30-metros-de-vision-nocturna-lente-de-3-6mm-sirena-y-luz-blanca-h-265-deteccion-de-humanos\/"},"modified":"2023-03-22T23:23:30","modified_gmt":"2023-03-23T05:23:30","slug":"imou-cruiser-4mp-ipc-s42fn-0360b-imou-camara-ip-pt-wifi-de-4-megapixeles-full-color-audio-2-vias-30-metros-de-vision-nocturna-lente-de-3-6mm-sirena-y-luz-blanca-h-265-deteccion-de-humanos","status":"publish","type":"product","link":"https:\/\/tecsecmty.com\/index.php\/producto\/imou-cruiser-4mp-ipc-s42fn-0360b-imou-camara-ip-pt-wifi-de-4-megapixeles-full-color-audio-2-vias-30-metros-de-vision-nocturna-lente-de-3-6mm-sirena-y-luz-blanca-h-265-deteccion-de-humanos\/","title":{"rendered":"Imou Cruiser 4MP (IPC-S42FN-0360B-imou) &#8211; C\u00e1mara IP PT Wifi de 4 Megap\u00edxeles\/ Full Color\/ Audio 2 V\u00edas\/ 30 Metros de Visi\u00f3n Nocturna\/ Lente de 3.6mm\/ Sirena y Luz Blanca\/ H.265\/ Detecci\u00f3n de Humanos\/ Auto tracking\/ Ranura MicroSD\/ Onvif\/"},"content":{"rendered":"<div class=\"row aling-items-center padding-bottom-2x\">\n<div class=\"col-lg-12\">\n<h5 class=\"card-title text-center\">Informaci\u00f3n General<\/h5>\n<p>La c\u00e1mara\u00a0<strong>IMOU Cruiser\u00a0<\/strong>ofrece monitoreo en vivo de\u00a0<strong>4MP<\/strong>\u00a0gracias al lente de 3.6mm que nos da una cobertura de 360\u00b0, asegurando que todos los rincones de su hogar est\u00e9n completamente cubiertos. Admite cuatro modos de visi\u00f3n nocturna para una claridad clara como el d\u00eda,incluso en la oscuridad completa!. Con certificaci\u00f3n IP66, la c\u00e1mara se puede utilizar al aire libre en diferentes condiciones clim\u00e1ticas. Con sirena y luz blanca incorporada la c\u00e1mara Imou Cruiser mantiene activamente a los visitantes no deseados lejos de lo que le importa.<\/p>\n<p><img decoding=\"async\" class=\"overview-center-img-web\" src=\"https:\/\/tvc.mx\/media\/407263\/Imou-Camara-IP-PT-wifi-4mp-full-color-ir-sirena-luz-blanca-deteccion-humanos-ranura-micro-sd-banerpal.png\" alt=\"\" \/><\/div>\n<\/div>\n<div class=\"row align-items-center padding-bottom-2x\">\n<div class=\"col-md-5\"><img decoding=\"async\" class=\"d-block m-auto img-thumbnail\" src=\"https:\/\/tvc.mx\/media\/407227\/vision-nocturna-inteligente.png\" alt=\" \" \/><\/div>\n<div class=\"col-md-7 text-md-left text-center\">\n<h2>Visi\u00f3n Nocturna Inteligente<\/h2>\n<p class=\"text-muted\">\n<p>La c\u00e1mara Imou Cruiser nos permite obtener una excelente en ambientes con poca iluminaci\u00f3n, ya que cuenta con cuatro modos de visi\u00f3n nocturna inteligente proporcionando im\u00e1genes claras a todo color o en blanco y negro, incluso en la oscuridad total.<\/p>\n<p>&nbsp;<\/p>\n<\/div>\n<\/div>\n<hr class=\"padding-bottom-2x\" \/>\n<div class=\"row align-items-center padding-bottom-2x\">\n<div class=\"col-md-5 order-md-2\"><img decoding=\"async\" class=\"d-block m-auto img-thumbnail\" src=\"https:\/\/tvc.mx\/media\/407231\/imagen-panoramica.png\" alt=\" \" \/><\/div>\n<div class=\"col-md-7 order-md-1 text-md-left text-center\">\n<h2>Imagen Panor\u00e1mica<\/h2>\n<p class=\"text-muted\">\n<p>Con nuestra c\u00e1mara Cruiser obtendremos un rango completo de rotaci\u00f3n asegura que su c\u00e1mara cubra todos los rincones de su hogar, con un m\u00ednimo de puntos ciegos, teniendo una visi\u00f3n panor\u00e1mica de 0 ~ 355 \u00b0 y inclinaci\u00f3n de 0 \u00b0 ~ 90 \u00b0<\/p>\n<p>&nbsp;<\/p>\n<\/div>\n<\/div>\n<hr class=\"padding-bottom-2x\" \/>\n<div class=\"row align-items-center padding-bottom-2x\">\n<div class=\"col-md-5\"><img decoding=\"async\" class=\"d-block m-auto img-thumbnail\" src=\"https:\/\/tvc.mx\/media\/407235\/compresion-de-video.png\" alt=\" \" \/><\/div>\n<div class=\"col-md-7 text-md-left text-center\">\n<h2>Video de 4MP y compresi\u00f3n de Video H.265<\/h2>\n<p class=\"text-muted\">\n<p>El sensor de\u00a0<strong>4MP<\/strong>\u00a0y los algoritmos de\u00a0<strong>infrarrojos avanzados<\/strong>\u00a0proporcionan un video n\u00edtido tanto de d\u00eda como de noche.\u00a0La\u00a0<strong>compresi\u00f3n H.265<\/strong>\u00a0de vanguardia\u00a0<strong>reduce el ancho de banda<\/strong>\u00a0de la red\u00a0<strong>y<\/strong>\u00a0el uso de\u00a0<strong>almacenamiento<\/strong>\u00a0en un\u00a0<strong>50%<\/strong>\u00a0con la misma calidad de video.<\/p>\n<p>&nbsp;<\/p>\n<\/div>\n<\/div>\n<hr class=\"padding-bottom-2x\" \/>\n<div class=\"row align-items-center padding-bottom-2x\">\n<div class=\"col-md-5 order-md-2\"><img decoding=\"async\" class=\"d-block m-auto img-thumbnail\" src=\"https:\/\/tvc.mx\/media\/407239\/prueba-de-intemperie.png\" alt=\" \" \/><\/div>\n<div class=\"col-md-7 order-md-1 text-md-left text-center\">\n<h2>A prueba de intemperie<\/h2>\n<p class=\"text-muted\">\n<p>La c\u00e1mara cuenta con un \u00edndice de\u00a0<strong>protecci\u00f3n<\/strong>\u00a0al medio ambiente\u00a0<strong>IP66\u00a0<\/strong>lo que la hace ideal para instalarse en el exterior.<\/p>\n<p>&nbsp;<\/p>\n<\/div>\n<\/div>\n<hr class=\"padding-bottom-2x\" \/>\n<div class=\"row align-items-center padding-bottom-2x\">\n<div class=\"col-md-5\"><img decoding=\"async\" class=\"d-block m-auto img-thumbnail\" src=\"https:\/\/tvc.mx\/media\/407243\/comunicacion-bidireccional.png\" alt=\" \" \/><\/div>\n<div class=\"col-md-7 text-md-left text-center\">\n<h2>Comunicaci\u00f3n bidireccional<\/h2>\n<p class=\"text-muted\">\n<p>Un altavoz y un micr\u00f3fono integrados con cancelaci\u00f3n de eco le permiten interactuar con las mascotas y la familia, o disuadir a los invitados no deseados.<\/p>\n<p>&nbsp;<\/p>\n<\/div>\n<\/div>\n<hr class=\"padding-bottom-2x\" \/>\n<div class=\"row align-items-center padding-bottom-2x\">\n<div class=\"col-md-5 order-md-2\"><img decoding=\"async\" class=\"d-block m-auto img-thumbnail\" src=\"https:\/\/tvc.mx\/media\/407247\/disuasion-activa.png\" alt=\" \" \/><\/div>\n<div class=\"col-md-7 order-md-1 text-md-left text-center\">\n<h2>Disuasi\u00f3n activa<\/h2>\n<p class=\"text-muted\">\n<p>La c\u00e1mara incorpora la funci\u00f3n de disuaci\u00f3n activa, permite realizar detecciones tempranas de intrusos manteniendolos alejados.<\/p>\n<p>&nbsp;<\/p>\n<\/div>\n<\/div>\n<hr class=\"padding-bottom-2x\" \/>\n<div class=\"row align-items-center padding-bottom-2x\">\n<div class=\"col-md-5\"><img decoding=\"async\" class=\"d-block m-auto img-thumbnail\" src=\"https:\/\/tvc.mx\/media\/407251\/Imou-Camara-IP-PT-wifi-4mp-full-color-ir-sirena-luz-blanca-deteccion-humanos-ranura-micro-sd-caracteristicas.png\" alt=\" \" \/><\/div>\n<div class=\"col-md-7 text-md-left text-center\">\n<h2>Principales Caracter\u00edsticas<\/h2>\n<p class=\"text-muted\">\n<ul>\n<li>1080P\/4MP(2560*1440)<\/li>\n<li>H.265 \/ H.264<\/li>\n<li>Vista PTZ de 360 grados<\/li>\n<li>IP66 resistente a la intemperie<\/li>\n<li>Visi\u00f3n nocturna en color inteligente<\/li>\n<li>Funci\u00f3n de intercomunicaci\u00f3n<\/li>\n<li>Faro incorporado<\/li>\n<li>Detecci\u00f3n de personas<\/li>\n<li>Alarma, zoom y programaci\u00f3n configurables<\/li>\n<li>Notificaciones en el m\u00f3vil<\/li>\n<li>Zoom digital 16x<\/li>\n<li>Aplicaci\u00f3n Imou Life: iOS, Android<\/li>\n<\/ul>\n<p>&nbsp;<\/p>\n<\/div>\n<\/div>\n<hr class=\"padding-bottom-2x\" \/>\n<div class=\"row align-items-center padding-bottom-2x\">\n<div class=\"col-md-5 order-md-2\"><img decoding=\"async\" class=\"d-block m-auto img-thumbnail\" src=\"https:\/\/tvc.mx\/media\/407255\/Imou-Camara-IP-PT-wifi-4mp-full-color-ir-sirena-luz-blanca-deteccion-humanos-ranura-micro-sd-especificaciones.png\" alt=\" \" \/><\/div>\n<div class=\"col-md-7 order-md-1 text-md-left text-center\">\n<h2>Especificaciones<\/h2>\n<p class=\"text-muted\">\n<ul>\n<li>Sensor 1\/2.7&#8243; CMOS 4Mp.<\/li>\n<li>Wi-Fi: IEEE802.11b\/g\/n ( 2.4Ghz).<\/li>\n<li>Compresi\u00f3n de video H.265.<\/li>\n<li>Visi\u00f3n Nocturna 30mts.<\/li>\n<li>Audio bidireccional<\/li>\n<li>Micr\u00f3fono incorporado.<\/li>\n<li>Bocina.<\/li>\n<li>Ranura Micro SD hasta 256Gb.<\/li>\n<li>12V CD 1A.<\/li>\n<li>Consumo &lt;=5.32W.<\/li>\n<li>Material Policarbonato.<\/li>\n<li>IP66.<\/li>\n<li>Dimensiones: 138.4 \u00d7 121.7\u00d7 257.5mm.<\/li>\n<\/ul>\n<p>&nbsp;<\/p>\n<\/div>\n<\/div>\n<hr class=\"padding-bottom-2x\" \/>\n<div class=\"row align-items-center padding-bottom-2x\">\n<div class=\"col-md-5\"><img decoding=\"async\" class=\"d-block m-auto img-thumbnail\" src=\"https:\/\/tvc.mx\/media\/407259\/logo-imou.png\" alt=\" \" \/><\/div>\n<div class=\"col-md-7 text-md-left text-center\">\n<h2>Incluye<\/h2>\n<p class=\"text-muted\">\n<ul>\n<li>C\u00e1mara<\/li>\n<li>Gu\u00eda r\u00e1pida<\/li>\n<li>Adaptador de corriente<\/li>\n<li>Plantilla de montaje<\/li>\n<li>Bracket de montaje<\/li>\n<li>Conector impermeable<\/li>\n<li>Tornillos y taquetes<\/li>\n<\/ul>\n<\/div>\n<\/div>\n","protected":false},"excerpt":{"rendered":"<p>Informaci\u00f3n General La c\u00e1mara\u00a0IMOU Cruiser\u00a0ofrece monitoreo en vivo de\u00a04MP\u00a0gracias al lente de 3.6mm que nos da una cobertura de 360\u00b0, asegurando que todos los rincones de su hogar est\u00e9n completamente cubiertos. Admite cuatro modos de visi\u00f3n nocturna para una claridad clara como el d\u00eda,incluso en&hellip;<\/p>\n","protected":false},"featured_media":2342,"comment_status":"open","ping_status":"closed","template":"","meta":{"om_disable_all_campaigns":false,"_monsterinsights_skip_tracking":false,"_monsterinsights_sitenote_active":false,"_monsterinsights_sitenote_note":"","_monsterinsights_sitenote_category":0},"product_brand":[],"product_cat":[144],"product_tag":[147,38,145,146],"class_list":{"0":"post-2343","1":"product","2":"type-product","3":"status-publish","4":"has-post-thumbnail","6":"product_cat-imou","7":"product_tag-camara-imou","8":"product_tag-camaras-de-seguridad","9":"product_tag-imou","10":"product_tag-wifi","12":"first","13":"instock","14":"sale","15":"taxable","16":"shipping-taxable","17":"purchasable","18":"product-type-simple"},"aioseo_notices":[],"_links":{"self":[{"href":"https:\/\/tecsecmty.com\/index.php\/wp-json\/wp\/v2\/product\/2343","targetHints":{"allow":["GET"]}}],"collection":[{"href":"https:\/\/tecsecmty.com\/index.php\/wp-json\/wp\/v2\/product"}],"about":[{"href":"https:\/\/tecsecmty.com\/index.php\/wp-json\/wp\/v2\/types\/product"}],"replies":[{"embeddable":true,"href":"https:\/\/tecsecmty.com\/index.php\/wp-json\/wp\/v2\/comments?post=2343"}],"version-history":[{"count":0,"href":"https:\/\/tecsecmty.com\/index.php\/wp-json\/wp\/v2\/product\/2343\/revisions"}],"wp:featuredmedia":[{"embeddable":true,"href":"https:\/\/tecsecmty.com\/index.php\/wp-json\/wp\/v2\/media\/2342"}],"wp:attachment":[{"href":"https:\/\/tecsecmty.com\/index.php\/wp-json\/wp\/v2\/media?parent=2343"}],"wp:term":[{"taxonomy":"product_brand","embeddable":true,"href":"https:\/\/tecsecmty.com\/index.php\/wp-json\/wp\/v2\/product_brand?post=2343"},{"taxonomy":"product_cat","embeddable":true,"href":"https:\/\/tecsecmty.com\/index.php\/wp-json\/wp\/v2\/product_cat?post=2343"},{"taxonomy":"product_tag","embeddable":true,"href":"https:\/\/tecsecmty.com\/index.php\/wp-json\/wp\/v2\/product_tag?post=2343"}],"curies":[{"name":"wp","href":"https:\/\/api.w.org\/{rel}","templated":true}]}}