{"id":2345,"date":"2023-02-22T18:59:28","date_gmt":"2023-02-23T00:59:28","guid":{"rendered":"https:\/\/tecsecmty.com\/index.php\/producto\/imou-ranger-2c-2mp-ipc-ta22cn-b-imou-camara-ip-domo-motorizado-wifi-de-2-megapixeles-h-265-autotracking-deteccion-de-humanos-modo-privacidad-microfono-bocina-integrada-sirena-lente-de-3-6\/"},"modified":"2023-03-22T23:23:31","modified_gmt":"2023-03-23T05:23:31","slug":"imou-ranger-2c-2mp-ipc-ta22cn-b-imou-camara-ip-domo-motorizado-wifi-de-2-megapixeles-h-265-autotracking-deteccion-de-humanos-modo-privacidad-microfono-bocina-integrada-sirena-lente-de-3-6","status":"publish","type":"product","link":"https:\/\/tecsecmty.com\/index.php\/producto\/imou-ranger-2c-2mp-ipc-ta22cn-b-imou-camara-ip-domo-motorizado-wifi-de-2-megapixeles-h-265-autotracking-deteccion-de-humanos-modo-privacidad-microfono-bocina-integrada-sirena-lente-de-3-6\/","title":{"rendered":"Imou Ranger 2C 2MP (IPC-TA22CN-B-imou) &#8211; C\u00e1mara IP Domo Motorizado Wifi de 2 Megap\u00edxeles\/ H.265\/ Autotracking\/ Detecci\u00f3n de Humanos\/ Modo Privacidad\/ Micr\u00f3fono &amp; Bocina Integrada\/ Sirena\/ Lente de 3.6mm\/ Audio dos v\u00edas\/ Ranura MicroSD\/"},"content":{"rendered":"<div class=\"row aling-items-center padding-bottom-2x\">\n<div class=\"col-lg-12\">\n<h5 class=\"card-title text-center\">Informaci\u00f3n General<\/h5>\n<p>La c\u00e1mara\u00a0IMOU Ranger 2C ,nos permite obtener video de calidad HD de resoluci\u00f3n\u00a0<strong>2MP<\/strong>\u00a0con audio bidireccional y almacenamiento en la nube de Dahua, ideal para el hogar, oficina, tienda y\/o boutique.<\/p>\n<p>Con su dise\u00f1o se adapta a cualquier entorno haciendo simple su la instalaci\u00f3n, el funcionamiento en combinaci\u00f3n con la plataforma imou le permite a cualquier persona crear un sistema de vigilancia simple y eficaz.<\/p>\n<p><img decoding=\"async\" class=\"overview-center-img-web\" src=\"https:\/\/tvc.mx\/media\/520687\/IMOURangert-2C-c%C3%A1mara-WiFi-h.265-Detecci%C3%B3n-de-humano-principal-overPrincipal.png\" alt=\"c\u00e1mara Ranger\" \/><\/div>\n<\/div>\n<div class=\"row align-items-center padding-bottom-2x\">\n<div class=\"col-md-5 order-md-2\"><img decoding=\"async\" class=\"d-block m-auto img-thumbnail\" src=\"https:\/\/tvc.mx\/media\/404191\/deteccion-humana-imou.png\" alt=\" \" \/><\/div>\n<div class=\"col-md-7 order-md-1 text-md-left text-center\">\n<h2>Detecci\u00f3n Humana<\/h2>\n<p class=\"text-muted\">\n<p>Tecnolog\u00eda poderosa de procesamiento de im\u00e1genes r\u00e1pidamente localiza blancos humanos e inmediatamente envia una notificaci\u00f3n a nuestro smartphone, permitiendo poder monitorear y saber que sucede sin recibir falsas alarmas.<\/p>\n<p>Adem\u00e1s con la sirena embebida es posible espantar a los intrusos.<\/p>\n<p>&nbsp;<\/p>\n<\/div>\n<\/div>\n<hr class=\"padding-bottom-2x\" \/>\n<div class=\"row align-items-center padding-bottom-2x\">\n<div class=\"col-md-5\"><img decoding=\"async\" class=\"d-block m-auto img-thumbnail\" src=\"https:\/\/tvc.mx\/media\/404195\/asistente-virtual-imou.png\" alt=\" \" \/><\/div>\n<div class=\"col-md-7 text-md-left text-center\">\n<h2>Asistente Virtual<\/h2>\n<p class=\"text-muted\">\n<p>Los dispositivos IMOU son 100% compatibles los asistentes virtuales Alexa, Google Assistant e IFTTT permiti\u00e9ndonos tener interacci\u00f3n intelgente y control de nuestras c\u00e1maras con comandos de voz.<\/p>\n<p>&nbsp;<\/p>\n<\/div>\n<\/div>\n<hr class=\"padding-bottom-2x\" \/>\n<div class=\"row align-items-center padding-bottom-2x\">\n<div class=\"col-md-5 order-md-2\"><img decoding=\"async\" class=\"d-block m-auto img-thumbnail\" src=\"https:\/\/tvc.mx\/media\/404199\/audio-bidireccional-imou.png\" alt=\" \" \/><\/div>\n<div class=\"col-md-7 order-md-1 text-md-left text-center\">\n<h2>Audio Bidireccional<\/h2>\n<p class=\"text-muted\">\n<p>El altavoz incorporado y un micr\u00f3fono con cancelaci\u00f3n de eco le permiten interactuar con familiares y tambi\u00e9n con sus mascotas incluso a disuadir a los hu\u00e9spedes no deseados.<\/p>\n<p>&nbsp;<\/p>\n<\/div>\n<\/div>\n<hr class=\"padding-bottom-2x\" \/>\n<div class=\"row align-items-center padding-bottom-2x\">\n<div class=\"col-md-5\"><img decoding=\"async\" class=\"d-block m-auto img-thumbnail\" src=\"https:\/\/tvc.mx\/media\/404203\/seguimiento-inteligente-imou.png\" alt=\" \" \/><\/div>\n<div class=\"col-md-7 text-md-left text-center\">\n<h2>Tracking inteligente<\/h2>\n<p class=\"text-muted\">\n<p>Se enfoca autom\u00e1ticamente y sigue objetos o personas en movimiento, adem\u00e1s que grabara toda la actividad, de esta manera podemos garantizar que se capture el objetivo todo el tiempo.<\/p>\n<p>&nbsp;<\/p>\n<\/div>\n<\/div>\n<hr class=\"padding-bottom-2x\" \/>\n<div class=\"row align-items-center padding-bottom-2x\">\n<div class=\"col-md-5 order-md-2\"><img decoding=\"async\" class=\"d-block m-auto img-thumbnail\" src=\"https:\/\/tvc.mx\/media\/404219\/imou-ranger-2c-4-mp-camara-ip-domo-motorizada-wii-autotracking-caracteristicas.png\" alt=\" \" \/><\/div>\n<div class=\"col-md-7 order-md-1 text-md-left text-center\">\n<h2>Caracteristicas Principales<\/h2>\n<p class=\"text-muted\">\n<ul>\n<li>Visi\u00f3n nocturna<\/li>\n<li>Funci\u00f3n de intercomunicaci\u00f3n<\/li>\n<li>Detecci\u00f3n de personas<\/li>\n<li>Alarma, zoom y programaci\u00f3n configurables<\/li>\n<li>Detecci\u00f3n de sonido<\/li>\n<li>Seguimiento inteligente<\/li>\n<li>Notificaciones en el m\u00f3vil<\/li>\n<li>Sirena incorporada<\/li>\n<li>Modo de privacidad<\/li>\n<li class=\"ql-align-justify\">Aplicaci\u00f3n Imou Life: iOS, Android<\/li>\n<\/ul>\n<p>&nbsp;<\/p>\n<\/div>\n<\/div>\n<hr class=\"padding-bottom-2x\" \/>\n<div class=\"row align-items-center padding-bottom-2x\">\n<div class=\"col-md-5\"><img decoding=\"async\" class=\"d-block m-auto img-thumbnail\" src=\"https:\/\/tvc.mx\/media\/404223\/imou-ranger-2c-4-mp-camara-ip-domo-motorizada-wii-autotracking-especificaciones.png\" alt=\" \" \/><\/div>\n<div class=\"col-md-7 text-md-left text-center\">\n<h2>Especificaciones<\/h2>\n<p class=\"text-muted\">\n<ul>\n<li class=\"ql-align-justify\">1\/2.8&#8243; CMOS\u00a0Progresivo 2 Megap\u00edxeles .<\/li>\n<li class=\"ql-align-justify\">2MP 1920&#215;1080.<\/li>\n<li class=\"ql-align-justify\">M\u00e1x Distancia IR 10m<\/li>\n<li class=\"ql-align-justify\">Lente fijo 3.6mm.<\/li>\n<li class=\"ql-align-justify\">\u00c1ngulo de Visi\u00f3n 93\u00ba.<\/li>\n<li class=\"ql-align-justify\">Compresi\u00f3n H.264 H.265.<\/li>\n<li class=\"ql-align-justify\">Zoom 16x digital.<\/li>\n<li class=\"ql-align-justify\">Audio Bidireccional<\/li>\n<li class=\"ql-align-justify\">Mico SD Card hasta 256Gb<\/li>\n<li class=\"ql-align-justify\">Temperatura de operaci\u00f3n: -10\u00baC ~ +45\u00baC.<\/li>\n<li class=\"ql-align-justify\">Fuente de Alimentaci\u00f3n DC5V 1A.<\/li>\n<li class=\"ql-align-justify\">Consumo de Energ\u00eda M\u00e1x 3.5W.<\/li>\n<li class=\"ql-align-justify\">Dimensiones 106.1 \u00d7 77.4\u00d7 77.4mm.<\/li>\n<li class=\"ql-align-justify\">Peso 0.21kg.<\/li>\n<\/ul>\n<p>&nbsp;<\/p>\n<\/div>\n<\/div>\n<hr class=\"padding-bottom-2x\" \/>\n<div class=\"row align-items-center padding-bottom-2x\">\n<div class=\"col-md-5 order-md-2\"><img decoding=\"async\" class=\"d-block m-auto img-thumbnail\" src=\"https:\/\/tvc.mx\/media\/404227\/logo-imou.png\" alt=\" \" \/><\/div>\n<div class=\"col-md-7 order-md-1 text-md-left text-center\">\n<h2>Incluye<\/h2>\n<p class=\"text-muted\">\n<ul>\n<li>1xCamera<\/li>\n<li>1xGu\u00eda de inicio r\u00e1pido<\/li>\n<li>1xAdaptado de Corriente<\/li>\n<li>1xPowerCable<\/li>\n<li>1x paquete de tornillos<\/li>\n<li>1xMountingPlate<\/li>\n<li>1x Una plantilla de instalaci\u00f3n<\/li>\n<\/ul>\n<\/div>\n<\/div>\n","protected":false},"excerpt":{"rendered":"<p>Informaci\u00f3n General La c\u00e1mara\u00a0IMOU Ranger 2C ,nos permite obtener video de calidad HD de resoluci\u00f3n\u00a02MP\u00a0con audio bidireccional y almacenamiento en la nube de Dahua, ideal para el hogar, oficina, tienda y\/o boutique. Con su dise\u00f1o se adapta a cualquier entorno haciendo simple su la instalaci\u00f3n,&hellip;<\/p>\n","protected":false},"featured_media":2344,"comment_status":"open","ping_status":"closed","template":"","meta":{"om_disable_all_campaigns":false,"_monsterinsights_skip_tracking":false,"_monsterinsights_sitenote_active":false,"_monsterinsights_sitenote_note":"","_monsterinsights_sitenote_category":0},"product_brand":[],"product_cat":[144],"product_tag":[147,38,145,146],"class_list":{"0":"post-2345","1":"product","2":"type-product","3":"status-publish","4":"has-post-thumbnail","6":"product_cat-imou","7":"product_tag-camara-imou","8":"product_tag-camaras-de-seguridad","9":"product_tag-imou","10":"product_tag-wifi","12":"first","13":"instock","14":"sale","15":"taxable","16":"shipping-taxable","17":"purchasable","18":"product-type-simple"},"aioseo_notices":[],"_links":{"self":[{"href":"https:\/\/tecsecmty.com\/index.php\/wp-json\/wp\/v2\/product\/2345","targetHints":{"allow":["GET"]}}],"collection":[{"href":"https:\/\/tecsecmty.com\/index.php\/wp-json\/wp\/v2\/product"}],"about":[{"href":"https:\/\/tecsecmty.com\/index.php\/wp-json\/wp\/v2\/types\/product"}],"replies":[{"embeddable":true,"href":"https:\/\/tecsecmty.com\/index.php\/wp-json\/wp\/v2\/comments?post=2345"}],"version-history":[{"count":0,"href":"https:\/\/tecsecmty.com\/index.php\/wp-json\/wp\/v2\/product\/2345\/revisions"}],"wp:featuredmedia":[{"embeddable":true,"href":"https:\/\/tecsecmty.com\/index.php\/wp-json\/wp\/v2\/media\/2344"}],"wp:attachment":[{"href":"https:\/\/tecsecmty.com\/index.php\/wp-json\/wp\/v2\/media?parent=2345"}],"wp:term":[{"taxonomy":"product_brand","embeddable":true,"href":"https:\/\/tecsecmty.com\/index.php\/wp-json\/wp\/v2\/product_brand?post=2345"},{"taxonomy":"product_cat","embeddable":true,"href":"https:\/\/tecsecmty.com\/index.php\/wp-json\/wp\/v2\/product_cat?post=2345"},{"taxonomy":"product_tag","embeddable":true,"href":"https:\/\/tecsecmty.com\/index.php\/wp-json\/wp\/v2\/product_tag?post=2345"}],"curies":[{"name":"wp","href":"https:\/\/api.w.org\/{rel}","templated":true}]}}