{"id":2383,"date":"2023-02-22T20:52:59","date_gmt":"2023-02-23T02:52:59","guid":{"rendered":"https:\/\/tecsecmty.com\/index.php\/producto\/dahua-evs5016s-r-servidor-de-almacenamiento-ip-rendimiento-de-grabacion-de-640-mbps-16-bahias-raid-320-canales-ip-fuente-redundante\/"},"modified":"2023-03-22T23:22:37","modified_gmt":"2023-03-23T05:22:37","slug":"dahua-evs5016s-r-servidor-de-almacenamiento-ip-rendimiento-de-grabacion-de-640-mbps-16-bahias-raid-320-canales-ip-fuente-redundante","status":"publish","type":"product","link":"https:\/\/tecsecmty.com\/index.php\/producto\/dahua-evs5016s-r-servidor-de-almacenamiento-ip-rendimiento-de-grabacion-de-640-mbps-16-bahias-raid-320-canales-ip-fuente-redundante\/","title":{"rendered":"DAHUA EVS5016S-R &#8211; Servidor de Almacenamiento IP\/ Rendimiento de Grabacion de 640 Mbps\/ 16 Bahias\/ RAID\/ 320 Canales IP\/ Fuente Redundante\/"},"content":{"rendered":"<div class=\"row aling-items-center padding-bottom-2x\">\n<div class=\"col-lg-12\">\n<h5 class=\"card-title text-center\">Informaci\u00f3n general.<\/h5>\n<p class=\"ql-align-justify\">El modelo\u00a0<strong>EVS5016S-R<\/strong>\u00a0es un servidor de almacenamiento IP con rendimiento de grabaci\u00f3n de 640MBPS, soporta 312 canales IP. Cuenta con 16 bah\u00edas de almacenamiento soportando discos duros de hasta\u00a010TB cada bah\u00eda, soporta RAID de 0\/1\/3\/4\/5\/6\/10\/50\/60\/JBOD.\u00a0\u00a0Este modelo incluye una fuente de poder redundante, la fuente redundante trabajan de forma simult\u00e1nea si alguna de las fuentes sufriera algun da\u00f1o la segunda fuente trabajara de forma normal. Esto permite que puedas tener la protecci\u00f3n del sistema de almacenamiento.<\/p>\n<p class=\"ql-align-justify\">Este modelo es ideal para una diversos escenarios y aplicaciones,\u00a0seguridad p\u00fablica, estaciones de transporte, instituciones gubernamentales, complejos hoteleros, centros comerciales, casinos, centros de mando, etc.<\/p>\n<p class=\"ql-align-justify\">El modelo R cuenta con una fuente de poder redundante, tiene dos fuentes que funcionan de forma paralela, esto ayuda a que en caso de que una presente fallas, la otra mantiene el equipo encendido.<\/p>\n<p><img decoding=\"async\" class=\"overview-center-img-web\" src=\"https:\/\/tvc.mx\/media\/478520\/servidor-de-almacenamiento-IP-16-bahias---EVS5016S-R-Dahua.png\" alt=\"\" \/><\/div>\n<\/div>\n<div class=\"row aling-items-center padding-bottom-2x\">\n<div class=\"col-lg-12\">\n<h5 class=\"card-title text-center\">Arreglos RAID.<\/h5>\n<p class=\"ql-align-justify\">Los arreglos RAID son m\u00e9todos de combinaci\u00f3n de varios discos duros para formar una \u00fanica unidad l\u00f3gica en la que se puede almacenar la informaci\u00f3n de manera redundante. Estos arreglos ofrecen una mayor tolerancia a fallos y, m\u00e1s altos niveles de rendimiento que un \u00fanico disco duro o, un grupo de discos independientes. El\u00a0<strong><em>EVS5016S\u00a0<\/em><\/strong>soporta arreglos de RAID\u00a00\/1\/5\/6\/10\/50\/60\/\u00a0y JBOD adapt\u00e1ndose a las necesidades de almacenamiento requeridas.<\/p>\n<p><img decoding=\"async\" class=\"overview-center-img-web\" src=\"https:\/\/tvc.mx\/media\/31854\/Sin-t%C3%ADtulo-1.jpg\" alt=\"\" \/><\/div>\n<\/div>\n<div class=\"row aling-items-center padding-bottom-2x\">\n<div class=\"col-lg-12\">\n<h5 class=\"card-title text-center\">Hotspare<\/h5>\n<p class=\"ql-align-justify\">La funci\u00f3n\u00a0<strong>Hotspare<\/strong>, permite que se pueda cambiar una unidad de almacenamiento, sin la necesidad de reiniciar el equipo para que los cambios surtan efecto. Al incorporarse el\u00a0Hotspare\u00a0en el\u00a0<strong>EVS5016S<\/strong>, aunado con los arreglos RAID en el almacenamiento, permite que al ser detectada alguna anomal\u00eda en un disco duro, este sea reemplazado sin la necesidad de apagar el servidor.<\/p>\n<p><img decoding=\"async\" class=\"overview-center-img-web\" src=\"https:\/\/tvc.mx\/media\/31855\/OVERVIEW-3.jpg\" alt=\"\" \/><\/div>\n<\/div>\n<div class=\"row aling-items-center padding-bottom-2x\">\n<div class=\"col-lg-12\">\n<h5 class=\"card-title text-center\">ANR (Automatic Network Replenishment Technology).<\/h5>\n<p>La funci\u00f3n ANR (Automatic Network Replenishment Technology), permite que al detectarse un error en la red, la c\u00e1mara realice el guardado de la informaci\u00f3n dentro de la memoria micro SD previamente instalada y, al tener una conexi\u00f3n estable, se realiza el guardado en el servidor.<\/p>\n<p><img decoding=\"async\" class=\"overview-center-img-web\" src=\"https:\/\/tvc.mx\/media\/31856\/ANR.jpg\" alt=\"\" \/><\/div>\n<\/div>\n<div class=\"row align-items-center padding-bottom-2x\">\n<div class=\"col-md-5\"><img decoding=\"async\" class=\"d-block m-auto img-thumbnail\" src=\"https:\/\/tvc.mx\/media\/478522\/servidor-de-almacenamiento-IP-16-bahias--EVS5016S-R-Dahua-caracteristicas.png\" alt=\" \" \/><\/div>\n<div class=\"col-md-7 text-md-left text-center\">\n<h2>Principales caracter\u00edsticas.<\/h2>\n<p class=\"text-muted\">\n<ul>\n<li class=\"ql-align-justify\">Hasta 320 c\u00e1maras IP.<\/li>\n<li class=\"ql-align-justify\">Ancho de banda m\u00e1ximo 640Mbps.<\/li>\n<li class=\"ql-align-justify\">Capacidad de 16 discos duros de hasta 10TB cada uno.<\/li>\n<li class=\"ql-align-justify\">Soporta arreglos RAID 0\/1\/3\/4\/5\/6\/10\/50\/60\/JBOD.<\/li>\n<li class=\"ql-align-justify\">Funci\u00f3n ANR.<\/li>\n<li class=\"ql-align-justify\">Compatibilidad con protocolo ONVIF 2.4.<\/li>\n<li class=\"ql-align-justify\">Alimentaci\u00f3n de 100~240V, 47~63Hz.<\/li>\n<li>&lt;200 W (con disco duro)<\/li>\n<li class=\"ql-align-justify\">Fuente de poder redundante.<\/li>\n<li class=\"ql-align-justify\">Condiciones de trabajo: 0\u00b0C~40\u00b0C, 10%~80%RH.<\/li>\n<li>LINUX integrado<\/li>\n<li>1 puertos miniSAS, para extensi\u00f3n de almacenamiento<\/li>\n<li>Dispositivo USB \/ Red \/ Dispositivo eSATA<\/li>\n<li>2 puertos RJ\u201145 de datos (10\/100\/1000 Mbps)<\/li>\n<li>iPhone, iPad, Android<\/li>\n<li>AC100V ~ 240V, 47 ~ 63 Hz \uff0c 1 + 1 potencia redundante<\/li>\n<li>Acero galvanizado en caliente de espesor extra de 1,2 mm.<\/li>\n<li>Deslizador de aleaci\u00f3n de aluminio de alta precisi\u00f3n.<\/li>\n<li>Soporte de disco duro extra\u00edble patentado de desarrollo propio.<\/li>\n<\/ul>\n<\/div>\n<\/div>\n","protected":false},"excerpt":{"rendered":"<p>Informaci\u00f3n general. El modelo\u00a0EVS5016S-R\u00a0es un servidor de almacenamiento IP con rendimiento de grabaci\u00f3n de 640MBPS, soporta 312 canales IP. Cuenta con 16 bah\u00edas de almacenamiento soportando discos duros de hasta\u00a010TB cada bah\u00eda, soporta RAID de 0\/1\/3\/4\/5\/6\/10\/50\/60\/JBOD.\u00a0\u00a0Este modelo incluye una fuente de poder redundante, la fuente&hellip;<\/p>\n","protected":false},"featured_media":2382,"comment_status":"open","ping_status":"closed","template":"","meta":{"om_disable_all_campaigns":false,"_monsterinsights_skip_tracking":false,"_monsterinsights_sitenote_active":false,"_monsterinsights_sitenote_note":"","_monsterinsights_sitenote_category":0},"product_brand":[],"product_cat":[149],"product_tag":[66,58,150,151],"class_list":{"0":"post-2383","1":"product","2":"type-product","3":"status-publish","4":"has-post-thumbnail","6":"product_cat-nvrs-mayores-a-32-canales","7":"product_tag-dahua","8":"product_tag-dvr","9":"product_tag-nvr","10":"product_tag-seguridad","12":"first","13":"instock","14":"sale","15":"taxable","16":"shipping-taxable","17":"purchasable","18":"product-type-simple"},"aioseo_notices":[],"_links":{"self":[{"href":"https:\/\/tecsecmty.com\/index.php\/wp-json\/wp\/v2\/product\/2383","targetHints":{"allow":["GET"]}}],"collection":[{"href":"https:\/\/tecsecmty.com\/index.php\/wp-json\/wp\/v2\/product"}],"about":[{"href":"https:\/\/tecsecmty.com\/index.php\/wp-json\/wp\/v2\/types\/product"}],"replies":[{"embeddable":true,"href":"https:\/\/tecsecmty.com\/index.php\/wp-json\/wp\/v2\/comments?post=2383"}],"version-history":[{"count":0,"href":"https:\/\/tecsecmty.com\/index.php\/wp-json\/wp\/v2\/product\/2383\/revisions"}],"wp:featuredmedia":[{"embeddable":true,"href":"https:\/\/tecsecmty.com\/index.php\/wp-json\/wp\/v2\/media\/2382"}],"wp:attachment":[{"href":"https:\/\/tecsecmty.com\/index.php\/wp-json\/wp\/v2\/media?parent=2383"}],"wp:term":[{"taxonomy":"product_brand","embeddable":true,"href":"https:\/\/tecsecmty.com\/index.php\/wp-json\/wp\/v2\/product_brand?post=2383"},{"taxonomy":"product_cat","embeddable":true,"href":"https:\/\/tecsecmty.com\/index.php\/wp-json\/wp\/v2\/product_cat?post=2383"},{"taxonomy":"product_tag","embeddable":true,"href":"https:\/\/tecsecmty.com\/index.php\/wp-json\/wp\/v2\/product_tag?post=2383"}],"curies":[{"name":"wp","href":"https:\/\/api.w.org\/{rel}","templated":true}]}}