{"id":2387,"date":"2023-02-22T20:53:04","date_gmt":"2023-02-23T02:53:04","guid":{"rendered":"https:\/\/tecsecmty.com\/index.php\/producto\/dahua-nvr5864-i-l-nvr-de-64-canales-ip-hasta-24-mp-wizmind-h265-h265-h264-320-mbps-de-grabacion-2-hdmi-proyectos\/"},"modified":"2023-03-22T23:23:01","modified_gmt":"2023-03-23T05:23:01","slug":"dahua-nvr5864-i-l-nvr-de-64-canales-ip-hasta-24-mp-wizmind-h265-h265-h264-320-mbps-de-grabacion-2-hdmi-proyectos","status":"publish","type":"product","link":"https:\/\/tecsecmty.com\/index.php\/producto\/dahua-nvr5864-i-l-nvr-de-64-canales-ip-hasta-24-mp-wizmind-h265-h265-h264-320-mbps-de-grabacion-2-hdmi-proyectos\/","title":{"rendered":"DAHUA NVR5864-I\/L- NVR de 64 Canales IP \/hasta 24 MP\/ WizMind\/ H265+\/ H265\/ H264\/ 320 Mbps de grabaci\u00f3n\/ 2 HDMI\/ #Proyectos"},"content":{"rendered":"<div class=\"row aling-items-center padding-bottom-2x\">\n<div class=\"col-lg-12\">\n<h5 class=\"card-title text-center\">Principales caracter\u00edsticas<\/h5>\n<p>Con el m\u00f3dulo de aprendizaje profundo incorporado, los productos de la serie NVR5000-I \/ L adoptan tecnolog\u00eda de estructuraci\u00f3n de im\u00e1genes de video basada en algoritmos de aprendizaje profundo, lograr reconocimiento facial y per\u00edmetro humano de alta precisi\u00f3n protecci\u00f3n. Aplicando inteligencia artificial de aprendizaje profundo, NVR5000-I \/ L permite a los usuarios centrarse en lo que m\u00e1s importa, mejora la respuesta a los eventos<\/p>\n<p><img decoding=\"async\" class=\"overview-center-img-web\" src=\"https:\/\/tvc.mx\/media\/467406\/nvr-de-64-canales-ip-24-megapixeles-2-hdmi-NVR5864-IL-dahua.png\" alt=\"\" \/><\/div>\n<\/div>\n<div class=\"row align-items-center padding-bottom-2x\">\n<div class=\"col-md-5\"><img decoding=\"async\" class=\"d-block m-auto img-thumbnail\" src=\"https:\/\/tvc.mx\/media\/467408\/SMD-plus-Dahua.png\" alt=\" \" \/><\/div>\n<div class=\"col-md-7 text-md-left text-center\">\n<h2>SMD Plus<\/h2>\n<p class=\"text-muted\">\n<p>Con un algoritmo inteligente, la tecnolog\u00eda de detecci\u00f3n de movimiento inteligente de Dahua puede categorizar los objetivos que activan la detecci\u00f3n de movimiento y filtrar el movimiento Alarma de detecci\u00f3n activada por objetivos no preocupados para realizar eficaz y alarma precisa<\/p>\n<p>&nbsp;<\/p>\n<\/div>\n<\/div>\n<hr class=\"padding-bottom-2x\" \/>\n<div class=\"row align-items-center padding-bottom-2x\">\n<div class=\"col-md-5 order-md-2\"><img decoding=\"async\" class=\"d-block m-auto img-thumbnail\" src=\"https:\/\/tvc.mx\/media\/259203\/Conteo.png\" alt=\" \" \/><\/div>\n<div class=\"col-md-7 order-md-1 text-md-left text-center\">\n<h2>Conteo de personas<\/h2>\n<p class=\"text-muted\">\n<p>Con algoritmo de aprendizaje profundo, tecnolog\u00eda de conteo de personas de Dahua Puede rastrear y procesar objetivos del cuerpo humano en movimiento para darse cuenta de la estad\u00edsticas precisas de n\u00famero de entrada, n\u00famero de licencia y n\u00famero de \u00e1rea en trabajo con plataforma de gesti\u00f3n, genera informes anuales \/ mensuales \/ semanales \/ diarios a<\/p>\n<p>Cumplir con sus requisitos.<\/p>\n<p>&nbsp;<\/p>\n<\/div>\n<\/div>\n<hr class=\"padding-bottom-2x\" \/>\n<div class=\"row align-items-center padding-bottom-2x\">\n<div class=\"col-md-5\"><img decoding=\"async\" class=\"d-block m-auto img-thumbnail\" src=\"https:\/\/tvc.mx\/media\/467410\/reconocimiento-facial-dahua.png\" alt=\" \" \/><\/div>\n<div class=\"col-md-7 text-md-left text-center\">\n<h2>Reconocimiento facial en tiempo real<\/h2>\n<p class=\"text-muted\">\n<p>La tecnolog\u00eda de reconocimiento facial de Dahua extrae las funciones de captura de caras y las compara con la base de datos de caras para reconocer la identidad de la persona.<\/p>\n<p>&nbsp;<\/p>\n<\/div>\n<\/div>\n<hr class=\"padding-bottom-2x\" \/>\n<div class=\"row align-items-center padding-bottom-2x\">\n<div class=\"col-md-5 order-md-2\"><img decoding=\"async\" class=\"d-block m-auto img-thumbnail\" src=\"https:\/\/tvc.mx\/media\/467412\/tabla-de-compayibilidad-de-HDD-para-equipo-dahua.png\" alt=\" \" \/><\/div>\n<div class=\"col-md-7 order-md-1 text-md-left text-center\">\n<h2>Tabla de compatibilidad HDD<\/h2>\n<p class=\"text-muted\">\n<p>El almacenamiento es parte fundamental de un sistema de videovigilancia por tal motivo te recomendamos revisar nuestra lista de compatibilidad antes de seleccionar un disco duro (HDD).<\/p>\n<p>https:\/\/foro.tvc.mx\/docs\/lista-compatibilidad-hdd<\/p>\n<p>&nbsp;<\/p>\n<\/div>\n<\/div>\n<hr class=\"padding-bottom-2x\" \/>\n<div class=\"row align-items-center padding-bottom-2x\">\n<div class=\"col-md-5\"><img decoding=\"async\" class=\"d-block m-auto img-thumbnail\" src=\"https:\/\/tvc.mx\/media\/467414\/nvr-de-64-canales-ip-24-megapixeles-2-hdmi-NVR5864-IL-dahua-caracteristicas.png\" alt=\" \" \/><\/div>\n<div class=\"col-md-7 text-md-left text-center\">\n<h2>Principales caracter\u00edsticas<\/h2>\n<p class=\"text-muted\">\n<ul>\n<li>Inteligente H.265 + \/ H.265 \/ Inteligente H.264 + \/ H.264 \/ MJPEG<\/li>\n<li>Hasta 4 canales de metadatos de video<\/li>\n<li>Protecci\u00f3n perimetral de hasta 12 canales, SMD Plus<\/li>\n<li>Reconocimiento facial de transmisi\u00f3n de video de hasta 4 canales<\/li>\n<li>Procesamiento de hasta 16 im\u00e1genes faciales \/ seg.<\/li>\n<li>Hasta 20 bases de datos faciales con 200.000 im\u00e1genes faciales en total<\/li>\n<\/ul>\n<p>&nbsp;<\/p>\n<\/div>\n<\/div>\n<hr class=\"padding-bottom-2x\" \/>\n<div class=\"row align-items-center padding-bottom-2x\">\n<div class=\"col-md-5 order-md-2\"><img decoding=\"async\" class=\"d-block m-auto img-thumbnail\" src=\"https:\/\/tvc.mx\/media\/467416\/nvr-de-64-canales-ip-24-megapixeles-2-hdmi-NVR5864-IL-dahua-especificaciones.png\" alt=\" \" \/><\/div>\n<div class=\"col-md-7 order-md-1 text-md-left text-center\">\n<h2>Especificaciones<\/h2>\n<p class=\"text-muted\">\n<p><strong>Protecci\u00f3n perimetral<\/strong><\/p>\n<ul>\n<li>12 canales, 10 reglas IVS para cada canal<\/li>\n<li>Reconocimiento secundario humano \/ veh\u00edculo para trampas e intrusiones<\/li>\n<\/ul>\n<p><strong>Reconocimiento facial<\/strong><\/p>\n<ul>\n<li>Procesamiento m\u00e1x. De 16 im\u00e1genes faciales \/ segundo<\/li>\n<li>Hasta 20 bases de datos faciales con 200.000 im\u00e1genes faciales en total. El nombre, el sexo, la fecha de nacimiento, la nacionalidad, la direcci\u00f3n, la informaci\u00f3n de identificaci\u00f3n se pueden agregar a cada imagen de la cara<\/li>\n<\/ul>\n<p><strong>Metadatos<\/strong><\/p>\n<ul>\n<li>G\u00e9nero, edad, gafas, barba, mascarilla, expresi\u00f3n<\/li>\n<li>N\u00famero de placa, tipo, color, tipo de veh\u00edculo, logotipo, color de la placa, adorno, llamada, cintur\u00f3n de seguridad, regi\u00f3n.<\/li>\n<\/ul>\n<p><strong>Audio y video<\/strong><\/p>\n<ul>\n<li>64 canales<\/li>\n<li>2 HDMI, 1 VGA<\/li>\n<li>Capacidad de decodificaci\u00f3n: 4 canales a 8MP (30 fps), 16 canales a 1080P (30 fps)<\/li>\n<li>Compresi\u00f3n: Inteligente H.265 + \/ H.265 \/ Inteligente H.264 + \/ H.264 \/ MJPEG<\/li>\n<li>Entrada de alarma: 16 canales<\/li>\n<li>8 puertos SATA III, hasta 10 TB para un solo HDD<\/li>\n<li>1 eSATA<\/li>\n<li>4 puertos USB (2 USB 3.0 posteriores, 2 USB 2.0 frontales)<\/li>\n<li>1 puerto, para comunicaci\u00f3n con PC y teclado<\/li>\n<li>1 puerto, para control PTZ<\/li>\n<\/ul>\n<\/div>\n<\/div>\n","protected":false},"excerpt":{"rendered":"<p>Principales caracter\u00edsticas Con el m\u00f3dulo de aprendizaje profundo incorporado, los productos de la serie NVR5000-I \/ L adoptan tecnolog\u00eda de estructuraci\u00f3n de im\u00e1genes de video basada en algoritmos de aprendizaje profundo, lograr reconocimiento facial y per\u00edmetro humano de alta precisi\u00f3n protecci\u00f3n. Aplicando inteligencia artificial de&hellip;<\/p>\n","protected":false},"featured_media":2386,"comment_status":"open","ping_status":"closed","template":"","meta":{"om_disable_all_campaigns":false,"_monsterinsights_skip_tracking":false,"_monsterinsights_sitenote_active":false,"_monsterinsights_sitenote_note":"","_monsterinsights_sitenote_category":0},"product_brand":[],"product_cat":[149],"product_tag":[66,58,150,151],"class_list":{"0":"post-2387","1":"product","2":"type-product","3":"status-publish","4":"has-post-thumbnail","6":"product_cat-nvrs-mayores-a-32-canales","7":"product_tag-dahua","8":"product_tag-dvr","9":"product_tag-nvr","10":"product_tag-seguridad","12":"first","13":"instock","14":"sale","15":"taxable","16":"shipping-taxable","17":"purchasable","18":"product-type-simple"},"aioseo_notices":[],"_links":{"self":[{"href":"https:\/\/tecsecmty.com\/index.php\/wp-json\/wp\/v2\/product\/2387","targetHints":{"allow":["GET"]}}],"collection":[{"href":"https:\/\/tecsecmty.com\/index.php\/wp-json\/wp\/v2\/product"}],"about":[{"href":"https:\/\/tecsecmty.com\/index.php\/wp-json\/wp\/v2\/types\/product"}],"replies":[{"embeddable":true,"href":"https:\/\/tecsecmty.com\/index.php\/wp-json\/wp\/v2\/comments?post=2387"}],"version-history":[{"count":0,"href":"https:\/\/tecsecmty.com\/index.php\/wp-json\/wp\/v2\/product\/2387\/revisions"}],"wp:featuredmedia":[{"embeddable":true,"href":"https:\/\/tecsecmty.com\/index.php\/wp-json\/wp\/v2\/media\/2386"}],"wp:attachment":[{"href":"https:\/\/tecsecmty.com\/index.php\/wp-json\/wp\/v2\/media?parent=2387"}],"wp:term":[{"taxonomy":"product_brand","embeddable":true,"href":"https:\/\/tecsecmty.com\/index.php\/wp-json\/wp\/v2\/product_brand?post=2387"},{"taxonomy":"product_cat","embeddable":true,"href":"https:\/\/tecsecmty.com\/index.php\/wp-json\/wp\/v2\/product_cat?post=2387"},{"taxonomy":"product_tag","embeddable":true,"href":"https:\/\/tecsecmty.com\/index.php\/wp-json\/wp\/v2\/product_tag?post=2387"}],"curies":[{"name":"wp","href":"https:\/\/api.w.org\/{rel}","templated":true}]}}