{"id":2391,"date":"2023-02-22T20:53:10","date_gmt":"2023-02-23T02:53:10","guid":{"rendered":"https:\/\/tecsecmty.com\/index.php\/producto\/dahua-nvr616-64-4ks2-nvr-de-64-canales-ip-4k-h265-h264-dewarp-384-mbs-de-grabacion-2-hdmi\/"},"modified":"2023-03-22T23:23:01","modified_gmt":"2023-03-23T05:23:01","slug":"dahua-nvr616-64-4ks2-nvr-de-64-canales-ip-4k-h265-h264-dewarp-384-mbs-de-grabacion-2-hdmi","status":"publish","type":"product","link":"https:\/\/tecsecmty.com\/index.php\/producto\/dahua-nvr616-64-4ks2-nvr-de-64-canales-ip-4k-h265-h264-dewarp-384-mbs-de-grabacion-2-hdmi\/","title":{"rendered":"DAHUA NVR616-64-4KS2- NVR de 64 Canales IP 4k\/ H265\/ H264\/DEWARP\/ 384 MBS DE GRABACION\/ 2 HDMI\/"},"content":{"rendered":"<div class=\"row aling-items-center padding-bottom-2x\">\n<div class=\"col-lg-12\">\n<h5 class=\"card-title text-center\">Informaci\u00f3n General<\/h5>\n<p>La grabadora de video en red de pr\u00f3xima generaci\u00f3n de Dahua ofrece incomparables Tecnolog\u00eda de grabaci\u00f3n para aplicaciones de videovigilancia IP. por aplicaciones donde los detalles son cr\u00edticos para la identificaci\u00f3n, esto el NVR de nivel empresarial proporciona un potente procesador Intel con hasta 4K resoluci\u00f3n.<\/p>\n<p>Este NVR es ideal para una amplia gama de aplicaciones, como la seguridad p\u00fablica, estaciones de transporte, instituciones gubernamentales, complejos hoteleros, centros comerciales centros comerciales, centros urbanos e instituciones financieras, donde la expansi\u00f3n de la demanda flexibilidad, alta confiabilidad y administraci\u00f3n de almacenamiento centralizada.<\/p>\n<p><img decoding=\"async\" class=\"overview-center-img-web\" src=\"https:\/\/tvc.mx\/media\/467246\/nvr-64-canales-IP-4k-dewarp-NVR616-64-4KS2-Dahua.png\" alt=\"\" \/><\/div>\n<\/div>\n<div class=\"row align-items-center padding-bottom-2x\">\n<div class=\"col-md-5\"><img decoding=\"async\" class=\"d-block m-auto img-thumbnail\" src=\"https:\/\/tvc.mx\/media\/467328\/Funciones-RAID.png\" alt=\" \" \/><\/div>\n<div class=\"col-md-7 text-md-left text-center\">\n<h2>Funciones RAID<\/h2>\n<p class=\"text-muted\">\n<p>Ofreciendo un equilibrio entre el rendimiento del almacenamiento, la capacidad de almacenamiento, e integridad de datos, el NVR cuenta con RAID 0\/1\/5\/10 para una mayor velocidad y grabaci\u00f3n m\u00e1s segura.<\/p>\n<p>&nbsp;<\/p>\n<\/div>\n<\/div>\n<hr class=\"padding-bottom-2x\" \/>\n<div class=\"row align-items-center padding-bottom-2x\">\n<div class=\"col-md-5 order-md-2\"><img decoding=\"async\" class=\"d-block m-auto img-thumbnail\" src=\"https:\/\/tvc.mx\/media\/108957\/NVR616-64-4ks2-NVR-de-64-canales-IVS4k.png\" alt=\" \" \/><\/div>\n<div class=\"col-md-7 order-md-1 text-md-left text-center\">\n<h2>Resoluci\u00f3n 4K y Sistema de video inteligente (IVS)<\/h2>\n<p class=\"text-muted\">\n<p><strong>4K<\/strong><\/p>\n<p>El NVR admite resoluci\u00f3n 4K ultra HD (3840 x 2160) para grabaci\u00f3n, en vivo visualizaci\u00f3n y reproducci\u00f3n.<\/p>\n<p><strong>Sistema de video inteligente (IVS)<\/strong><\/p>\n<p>Con an\u00e1lisis de video inteligente incorporado, el NVR tiene la capacidad de detectar y analizar objetos en movimiento para mejorar la videovigilancia. El NVR proporciona inteligencia est\u00e1ndar opcional en el borde que permite la detecci\u00f3n de comportamientos de objetos m\u00faltiples como objetos abandonados o faltantes. IVS tambi\u00e9n es compatible con el an\u00e1lisis de Tripwire, lo que permite que la c\u00e1mara detecte cu\u00e1ndo se ha cruzado una l\u00ednea predeterminada, People Counting, ideal para inteligencia empresarial y detecci\u00f3n facial, para b\u00fasqueda o identificaci\u00f3n de individuos.<\/p>\n<p>&nbsp;<\/p>\n<\/div>\n<\/div>\n<hr class=\"padding-bottom-2x\" \/>\n<div class=\"row align-items-center padding-bottom-2x\">\n<div class=\"col-md-5\"><img decoding=\"async\" class=\"d-block m-auto img-thumbnail\" src=\"https:\/\/tvc.mx\/media\/467330\/Auto-Traking-dahua.png\" alt=\" \" \/><\/div>\n<div class=\"col-md-7 text-md-left text-center\">\n<h2>Seguimiento inteligente<\/h2>\n<p class=\"text-muted\">\n<p class=\"ql-align-justify\">La funci\u00f3n PTZ de seguimiento autom\u00e1tico rastrea autom\u00e1ticamente un objetivo en movimiento en todo el campo de visi\u00f3n de la c\u00e1mara. Esta funci\u00f3n es ideal para seguir un objeto a medida que se mueve a trav\u00e9s de aeropuertos, estacionamientos, centros urbanos u otros aplicaciones.<\/p>\n<p>&nbsp;<\/p>\n<\/div>\n<\/div>\n<hr class=\"padding-bottom-2x\" \/>\n<div class=\"row align-items-center padding-bottom-2x\">\n<div class=\"col-md-5 order-md-2\"><img decoding=\"async\" class=\"d-block m-auto img-thumbnail\" src=\"https:\/\/tvc.mx\/media\/467332\/tabla-de-compayibilidad-de-HDD-para-equipo-dahua.png\" alt=\" \" \/><\/div>\n<div class=\"col-md-7 order-md-1 text-md-left text-center\">\n<h2>Tabla de compatibilidad HDD<\/h2>\n<p class=\"text-muted\">\n<p>El almacenamiento es parte fundamental de un sistema de videovigilancia por tal motivo te recomendamos revisar nuestra lista de compatibilidad antes de seleccionar un disco duro (HDD).<\/p>\n<p>https:\/\/foro.tvc.mx\/docs\/lista-compatibilidad-hdd<\/p>\n<p>&nbsp;<\/p>\n<\/div>\n<\/div>\n<hr class=\"padding-bottom-2x\" \/>\n<div class=\"row align-items-center padding-bottom-2x\">\n<div class=\"col-md-5\"><img decoding=\"async\" class=\"d-block m-auto img-thumbnail\" src=\"https:\/\/tvc.mx\/media\/467334\/NVR-64-canales-IP-4K-NVR5864-16P-4KS2E-Dahua-caracteristicas.png\" alt=\" \" \/><\/div>\n<div class=\"col-md-7 text-md-left text-center\">\n<h2>Principales Caracter\u00edsticas<\/h2>\n<p class=\"text-muted\">\n<ul>\n<li>Procesador Intel<\/li>\n<li>Entradas de c\u00e1mara IP 64.<\/li>\n<li>Ancho de banda entrante m\u00e1ximo de 384 Mbps.<\/li>\n<li>Resoluci\u00f3n de hasta 12MP para vista previa y reproducci\u00f3n.<\/li>\n<li>Admite RAID 0\/1\/5\/10.<\/li>\n<li>ISCSI y Mini SAS para espacio de almacenamiento ampliado.<\/li>\n<li>Seguimiento inteligente y video inteligente.<\/li>\n<li>DEWRAP.<\/li>\n<li>Entrada bidireccional de 1 canal, salida de 1 canal, RCA.<\/li>\n<\/ul>\n<p>&nbsp;<\/p>\n<\/div>\n<\/div>\n<hr class=\"padding-bottom-2x\" \/>\n<div class=\"row align-items-center padding-bottom-2x\">\n<div class=\"col-md-5 order-md-2\"><img decoding=\"async\" class=\"d-block m-auto img-thumbnail\" src=\"https:\/\/tvc.mx\/media\/467336\/NVR-64-canales-IP-4K-NVR5864-16P-4KS2E-Dahua-especificaciones.png\" alt=\" \" \/><\/div>\n<div class=\"col-md-7 order-md-1 text-md-left text-center\">\n<h2>Especificaciones<\/h2>\n<p class=\"text-muted\">\n<p><strong>Monitor<\/strong><\/p>\n<ul>\n<li>Interfaz 2 HDMI (hasta 3840 x 2160, fuente diferente), 1 VGA.<\/li>\n<li>Resoluci\u00f3n 3840 \u00d7 2160, 1920 \u00d7 1080, 1280 \u00d7 1024, 1280 \u00d7 720, 1024 \u00d7 768.<\/li>\n<li>Pantalla m\u00faltiple Pantalla 1ra: 1\/4\/8\/9\/16\/25\/36<\/li>\n<li>2da pantalla: 1\/4\/8\/9\/16<\/li>\n<li>T\u00edtulo de c\u00e1mara OSD, tiempo, p\u00e9rdida de video, bloqueo de c\u00e1mara, movimiento detecci\u00f3n, grabaci\u00f3n.<\/li>\n<\/ul>\n<p><strong>Grabaci\u00f3n<\/strong><\/p>\n<ul>\n<li>Compresi\u00f3n H.265 \/ H.264 \/ MJPEG.<\/li>\n<li>Resoluci\u00f3n 12MP, 8MP, 6MP, 5MP, 4MP, 3MP, 1080P, 1.3MP, 720P etc.<\/li>\n<li>Velocidad de grabaci\u00f3n 384 Mbps.<\/li>\n<li>Velocidad de bits 16 Kbps ~ 20 Mbps por canal.<\/li>\n<li>Modo de grabaci\u00f3n manual, horario (regular, MD (detecci\u00f3n de movimiento), Alarma, IVS).<\/li>\n<\/ul>\n<p><strong>El\u00e9ctrico<\/strong><\/p>\n<ul>\n<li>Fuente de alimentaci\u00f3n AC100V ~ 240V, 50 ~ 60 Hz.<\/li>\n<li>Consumo de energ\u00eda &lt;51W (sin HDD).<\/li>\n<\/ul>\n<p><strong>Ambiental<\/strong><\/p>\n<p>Condiciones de funcionamiento -10 \u00b0 C ~ + 55 \u00b0 C (+ 14 \u00b0 F ~ + 131 \u00b0 F), 86 ~ 106kpa.<\/p>\n<p>Condiciones de almacenamiento -20 \u00b0 C ~ + 70 \u00b0 C (-4 \u00b0 F ~ + 158 \u00b0 F), 0 ~ 90% HR.<\/p>\n<p><strong>Construcci\u00f3n<\/strong><\/p>\n<ul>\n<li>Dimensiones 3U, 485 mm x 512.9 mm x 133.2 mm (19.1 \u00abx 20.2\u00bb x 5.2 \u00ab).<\/li>\n<li>Peso neto 17.6 kg (38.8 lb) (sin HDD).<\/li>\n<li>Peso bruto 27 kg (59.5 lb).<\/li>\n<li>Instalaci\u00f3n en bastidor.<\/li>\n<\/ul>\n<\/div>\n<\/div>\n","protected":false},"excerpt":{"rendered":"<p>Informaci\u00f3n General La grabadora de video en red de pr\u00f3xima generaci\u00f3n de Dahua ofrece incomparables Tecnolog\u00eda de grabaci\u00f3n para aplicaciones de videovigilancia IP. por aplicaciones donde los detalles son cr\u00edticos para la identificaci\u00f3n, esto el NVR de nivel empresarial proporciona un potente procesador Intel con&hellip;<\/p>\n","protected":false},"featured_media":2390,"comment_status":"open","ping_status":"closed","template":"","meta":{"om_disable_all_campaigns":false,"_monsterinsights_skip_tracking":false,"_monsterinsights_sitenote_active":false,"_monsterinsights_sitenote_note":"","_monsterinsights_sitenote_category":0},"product_brand":[],"product_cat":[149],"product_tag":[66,58,150,151],"class_list":{"0":"post-2391","1":"product","2":"type-product","3":"status-publish","4":"has-post-thumbnail","6":"product_cat-nvrs-mayores-a-32-canales","7":"product_tag-dahua","8":"product_tag-dvr","9":"product_tag-nvr","10":"product_tag-seguridad","12":"first","13":"instock","14":"sale","15":"taxable","16":"shipping-taxable","17":"purchasable","18":"product-type-simple"},"aioseo_notices":[],"_links":{"self":[{"href":"https:\/\/tecsecmty.com\/index.php\/wp-json\/wp\/v2\/product\/2391","targetHints":{"allow":["GET"]}}],"collection":[{"href":"https:\/\/tecsecmty.com\/index.php\/wp-json\/wp\/v2\/product"}],"about":[{"href":"https:\/\/tecsecmty.com\/index.php\/wp-json\/wp\/v2\/types\/product"}],"replies":[{"embeddable":true,"href":"https:\/\/tecsecmty.com\/index.php\/wp-json\/wp\/v2\/comments?post=2391"}],"version-history":[{"count":0,"href":"https:\/\/tecsecmty.com\/index.php\/wp-json\/wp\/v2\/product\/2391\/revisions"}],"wp:featuredmedia":[{"embeddable":true,"href":"https:\/\/tecsecmty.com\/index.php\/wp-json\/wp\/v2\/media\/2390"}],"wp:attachment":[{"href":"https:\/\/tecsecmty.com\/index.php\/wp-json\/wp\/v2\/media?parent=2391"}],"wp:term":[{"taxonomy":"product_brand","embeddable":true,"href":"https:\/\/tecsecmty.com\/index.php\/wp-json\/wp\/v2\/product_brand?post=2391"},{"taxonomy":"product_cat","embeddable":true,"href":"https:\/\/tecsecmty.com\/index.php\/wp-json\/wp\/v2\/product_cat?post=2391"},{"taxonomy":"product_tag","embeddable":true,"href":"https:\/\/tecsecmty.com\/index.php\/wp-json\/wp\/v2\/product_tag?post=2391"}],"curies":[{"name":"wp","href":"https:\/\/api.w.org\/{rel}","templated":true}]}}