{"id":2393,"date":"2023-02-22T20:53:12","date_gmt":"2023-02-23T02:53:12","guid":{"rendered":"https:\/\/tecsecmty.com\/index.php\/producto\/dahua-ivss7108-2m-servidor-de-video-con-inteligencia-artificial-128-canales-ip-hasta-80-canales-de-reconocimiento-facial-con-camaras-fd-8-bahias-de-hdd-raid-0-1-5-6-10-50-60-proteccion-perimetra\/"},"modified":"2023-03-22T23:22:55","modified_gmt":"2023-03-23T05:22:55","slug":"dahua-ivss7108-2m-servidor-de-video-con-inteligencia-artificial-128-canales-ip-hasta-80-canales-de-reconocimiento-facial-con-camaras-fd-8-bahias-de-hdd-raid-0-1-5-6-10-50-60-proteccion-perimetra","status":"publish","type":"product","link":"https:\/\/tecsecmty.com\/index.php\/producto\/dahua-ivss7108-2m-servidor-de-video-con-inteligencia-artificial-128-canales-ip-hasta-80-canales-de-reconocimiento-facial-con-camaras-fd-8-bahias-de-hdd-raid-0-1-5-6-10-50-60-proteccion-perimetra\/","title":{"rendered":"Dahua IVSS7108-2M &#8211; Servidor de Video con Inteligencia Artificial\/ 128 Canales IP\/ Hasta 80 Canales de Reconocimiento Facial con C\u00e1maras FD\/ 8 Bah\u00edas de HDD\/ RAID 0\/1\/5\/6\/10\/50\/60 Protecci\u00f3n Perimetral\/ 16&amp;8 E&amp;S de Alarma\/ #LoNuevo"},"content":{"rendered":"<div class=\"row aling-items-center padding-bottom-2x\">\n<div class=\"col-lg-12\">\n<h5 class=\"card-title text-center\">Informaci\u00f3n General<\/h5>\n<p>Dahua IVSS va m\u00e1s all\u00e1 de los productos NVR ordinarios. Es un servidor de videovigilancia inteligente que combina funciones de administraci\u00f3n de video con funciones tradicionales de almacenamiento de video en un solo dispositivo. Adem\u00e1s de las funciones b\u00e1sicas como una grabadora de video en red, IVSS est\u00e1 integrado con caracter\u00edsticas tales como detecci\u00f3n de rostros y reconocimiento de rostros para diferentes aplicaciones comerciales e industriales.<\/p>\n<p><img decoding=\"async\" class=\"overview-center-img-web\" src=\"https:\/\/tvc.mx\/media\/491130\/servidor-de-video-con-inteligencia-articial-128-canales-ip--IVSS7108-2M-Dahua.png\" alt=\"\" \/><\/div>\n<\/div>\n<div class=\"row align-items-center padding-bottom-2x\">\n<div class=\"col-md-5\"><img decoding=\"async\" class=\"d-block m-auto img-thumbnail\" src=\"https:\/\/tvc.mx\/media\/491132\/reconocimiento-facial-dahua.png\" alt=\" \" \/><\/div>\n<div class=\"col-md-7 text-md-left text-center\">\n<h2>Reconocimiento Facial<\/h2>\n<p class=\"text-muted\">\n<p>Admite la grabaci\u00f3n de rostros por metadatos y verificaci\u00f3n cruzada en tiempo real con una precisi\u00f3n incre\u00edble para descubrir el rostro con las caracter\u00edsticas objetivo. Con el modo de rostro Regular y Extra\u00f1o, IVSS activa varios tipos de acciones de alarma para diferentes aplicaciones.<\/p>\n<p>&nbsp;<\/p>\n<\/div>\n<\/div>\n<hr class=\"padding-bottom-2x\" \/>\n<div class=\"row align-items-center padding-bottom-2x\">\n<div class=\"col-md-5 order-md-2\"><img decoding=\"async\" class=\"d-block m-auto img-thumbnail\" src=\"https:\/\/tvc.mx\/media\/491134\/IVS-Dahua.png\" alt=\" \" \/><\/div>\n<div class=\"col-md-7 order-md-1 text-md-left text-center\">\n<h2>IA IVS<\/h2>\n<p class=\"text-muted\">\n<p>Con un algoritmo de aprendizaje profundo, la tecnolog\u00eda AI IVS puede reconocer humanos y veh\u00edculos con precisi\u00f3n. En \u00e1reas restringidas (como \u00e1reas para peatones y veh\u00edculos), las falsas alarmas de detecci\u00f3n inteligente basadas en el tipo de objetivo (como cable trampa, intrusi\u00f3n, detecci\u00f3n de estacionamiento, detecci\u00f3n de merodeo y estimaci\u00f3n de reuni\u00f3n de multitudes) se reducen en gran medida.<\/p>\n<p>&nbsp;<\/p>\n<\/div>\n<\/div>\n<hr class=\"padding-bottom-2x\" \/>\n<div class=\"row align-items-center padding-bottom-2x\">\n<div class=\"col-md-5\"><img decoding=\"async\" class=\"d-block m-auto img-thumbnail\" src=\"https:\/\/tvc.mx\/media\/491136\/Busqueda-inteligente.png\" alt=\" \" \/><\/div>\n<div class=\"col-md-7 text-md-left text-center\">\n<h2>Metadatos de video<\/h2>\n<p class=\"text-muted\">\n<p>Los metadatos son informaci\u00f3n de atributos de caracter\u00edsticas extra\u00edda de un objeto de destino que se puede utilizar para la recuperaci\u00f3n de datos. Actualmente, existen cuatro tipos principales de metadatos en la industria de la seguridad: rostro humano, cuerpo humano y metadatos de veh\u00edculos motorizados y no motorizados.<\/p>\n<p>&nbsp;<\/p>\n<\/div>\n<\/div>\n<hr class=\"padding-bottom-2x\" \/>\n<div class=\"row align-items-center padding-bottom-2x\">\n<div class=\"col-md-5 order-md-2\"><img decoding=\"async\" class=\"d-block m-auto img-thumbnail\" src=\"https:\/\/tvc.mx\/media\/491138\/Auto-Traking-dahua.png\" alt=\" \" \/><\/div>\n<div class=\"col-md-7 order-md-1 text-md-left text-center\">\n<h2>Seguimiento inteligente<\/h2>\n<p class=\"text-muted\">\n<p>La funci\u00f3n PTZ de seguimiento autom\u00e1tico rastrea autom\u00e1ticamente un objetivo en movimiento en todo el campo de visi\u00f3n de la c\u00e1mara. Esta funci\u00f3n es ideal para seguir un objeto mientras se mueve por aeropuertos, estacionamientos, centros urbanos u otras escenas.<\/p>\n<p>&nbsp;<\/p>\n<\/div>\n<\/div>\n<hr class=\"padding-bottom-2x\" \/>\n<div class=\"row align-items-center padding-bottom-2x\">\n<div class=\"col-md-5\"><img decoding=\"async\" class=\"d-block m-auto img-thumbnail\" src=\"https:\/\/tvc.mx\/media\/491140\/tabla-de-compayibilidad-de-HDD-para-equipo-dahua.png\" alt=\" \" \/><\/div>\n<div class=\"col-md-7 text-md-left text-center\">\n<h2>Tabla de compatibilidad HDD<\/h2>\n<p class=\"text-muted\">\n<p>El almacenamiento es parte fundamental de un sistema de videovigilancia por tal motivo te recomendamos revisar nuestra lista de compatibilidad antes de seleccionar un disco duro (HDD).<\/p>\n<p>https:\/\/foro.tvc.mx\/docs\/lista-compatibilidad-hdd<\/p>\n<p>&nbsp;<\/p>\n<\/div>\n<\/div>\n<hr class=\"padding-bottom-2x\" \/>\n<div class=\"row align-items-center padding-bottom-2x\">\n<div class=\"col-md-5 order-md-2\"><img decoding=\"async\" class=\"d-block m-auto img-thumbnail\" src=\"https:\/\/tvc.mx\/media\/491142\/servidor-de-video-con-inteligencia-articial-128-canales-ip--IVSS7108-2M-Dahua-caracteristicas.png\" alt=\" \" \/><\/div>\n<div class=\"col-md-7 order-md-1 text-md-left text-center\">\n<h2>Principales Caracter\u00edsticas<\/h2>\n<p class=\"text-muted\">\n<ul>\n<li>Microcontrolador integrado en la industria<\/li>\n<li>Ancho de banda entrante m\u00e1ximo de 400 Mbps<\/li>\n<li>Acceso a video IP de 128 canales<\/li>\n<li>Hasta 24 canales AI IVS<\/li>\n<li>Reconocimiento facial de hasta 24 canales con IPC normal<\/li>\n<li>Reconocimiento facial de hasta 80 canales con detecci\u00f3n de rostros IPC<\/li>\n<li>Metadatos de video de hasta 24 canales<\/li>\n<li>Hasta 50 bases de datos de rostros con 500 000 im\u00e1genes de rostros en total<\/li>\n<li>Admite RAID 0\/1\/5\/6\/10\/50\/60<\/li>\n<li>4 salidas de v\u00eddeo HDMI\/1 VGA<\/li>\n<\/ul>\n<p>&nbsp;<\/p>\n<\/div>\n<\/div>\n<hr class=\"padding-bottom-2x\" \/>\n<div class=\"row align-items-center padding-bottom-2x\">\n<div class=\"col-md-5\"><img decoding=\"async\" class=\"d-block m-auto img-thumbnail\" src=\"https:\/\/tvc.mx\/media\/491144\/servidor-de-video-con-inteligencia-articial-128-canales-ip--IVSS7108-2M-Dahua-especificaciones.png\" alt=\" \" \/><\/div>\n<div class=\"col-md-7 text-md-left text-center\">\n<h2>Especificaciones<\/h2>\n<p class=\"text-muted\">\n<ul>\n<li>IA por c\u00e1mara: Detecci\u00f3n de rostros, reconocimiento de rostros, metadatos de video, IVS (cable trampa, intrusi\u00f3n, objeto abandonado, objeto faltante, movimiento r\u00e1pido, detecci\u00f3n de estacionamiento, reuni\u00f3n de multitudes, merodeo, estacionamiento y cruce de cercas), conteo de personas, detecci\u00f3n de fumadores, detecci\u00f3n de llamadas<\/li>\n<li>Rendimiento IVS (IA por dispositivo): Modelo avanzado: 24 canales<\/li>\n<li>Rendimiento IVS (AI por c\u00e1mara): 64 canales<\/li>\n<li>Admite 6 propiedades: g\u00e9nero, edad, anteojos, expresi\u00f3n, m\u00e1scara bucal y barba<\/li>\n<li>Detecci\u00f3n de rostro Rendimiento (IA por c\u00e1mara): 80 canales<\/li>\n<li>50 bases de datos de rostros con 500.000 im\u00e1genes de rostros en total<\/li>\n<li>Capacidad de la base de datos de placas: 50 bases de datos de matr\u00edculas con 500 000 n\u00fameros de matr\u00edcula en total Compatible con lista de permitidos y bloqueados<\/li>\n<li>Detecci\u00f3n de placas Desempe\u00f1o del ITC C\u00e1mara: 32 canales<\/li>\n<li>Rendimiento de metadatos (IA por dispositivo) (1080P): 24 canales<\/li>\n<li>Compresi\u00f3n de video Inteligente H.265+; Inteligente H.264+; H.265; H.264<\/li>\n<li>Grupo de discos duros 8<\/li>\n<li>RAID 0\/1\/5\/6\/10\/50\/60<\/li>\n<li>Fuente de alimentaci\u00f3n 100V CA\u2013240 V CA 50-60 Hz<\/li>\n<\/ul>\n<\/div>\n<\/div>\n","protected":false},"excerpt":{"rendered":"<p>Informaci\u00f3n General Dahua IVSS va m\u00e1s all\u00e1 de los productos NVR ordinarios. Es un servidor de videovigilancia inteligente que combina funciones de administraci\u00f3n de video con funciones tradicionales de almacenamiento de video en un solo dispositivo. Adem\u00e1s de las funciones b\u00e1sicas como una grabadora de&hellip;<\/p>\n","protected":false},"featured_media":2392,"comment_status":"open","ping_status":"closed","template":"","meta":{"om_disable_all_campaigns":false,"_monsterinsights_skip_tracking":false,"_monsterinsights_sitenote_active":false,"_monsterinsights_sitenote_note":"","_monsterinsights_sitenote_category":0},"product_brand":[],"product_cat":[149],"product_tag":[66,58,150,151],"class_list":{"0":"post-2393","1":"product","2":"type-product","3":"status-publish","4":"has-post-thumbnail","6":"product_cat-nvrs-mayores-a-32-canales","7":"product_tag-dahua","8":"product_tag-dvr","9":"product_tag-nvr","10":"product_tag-seguridad","12":"first","13":"instock","14":"sale","15":"taxable","16":"shipping-taxable","17":"purchasable","18":"product-type-simple"},"aioseo_notices":[],"_links":{"self":[{"href":"https:\/\/tecsecmty.com\/index.php\/wp-json\/wp\/v2\/product\/2393","targetHints":{"allow":["GET"]}}],"collection":[{"href":"https:\/\/tecsecmty.com\/index.php\/wp-json\/wp\/v2\/product"}],"about":[{"href":"https:\/\/tecsecmty.com\/index.php\/wp-json\/wp\/v2\/types\/product"}],"replies":[{"embeddable":true,"href":"https:\/\/tecsecmty.com\/index.php\/wp-json\/wp\/v2\/comments?post=2393"}],"version-history":[{"count":0,"href":"https:\/\/tecsecmty.com\/index.php\/wp-json\/wp\/v2\/product\/2393\/revisions"}],"wp:featuredmedia":[{"embeddable":true,"href":"https:\/\/tecsecmty.com\/index.php\/wp-json\/wp\/v2\/media\/2392"}],"wp:attachment":[{"href":"https:\/\/tecsecmty.com\/index.php\/wp-json\/wp\/v2\/media?parent=2393"}],"wp:term":[{"taxonomy":"product_brand","embeddable":true,"href":"https:\/\/tecsecmty.com\/index.php\/wp-json\/wp\/v2\/product_brand?post=2393"},{"taxonomy":"product_cat","embeddable":true,"href":"https:\/\/tecsecmty.com\/index.php\/wp-json\/wp\/v2\/product_cat?post=2393"},{"taxonomy":"product_tag","embeddable":true,"href":"https:\/\/tecsecmty.com\/index.php\/wp-json\/wp\/v2\/product_tag?post=2393"}],"curies":[{"name":"wp","href":"https:\/\/api.w.org\/{rel}","templated":true}]}}