{"id":2397,"date":"2023-02-22T20:53:16","date_gmt":"2023-02-23T02:53:16","guid":{"rendered":"https:\/\/tecsecmty.com\/index.php\/producto\/dahua-dhi-nvr4216-4ks2-l-nvr-de-8-megapixeles-4k-16-canales-ip-rendimiento-de-160-mbps-smart-h-265-2-bahias-de-discos-duros-42-es-de-alarmas-hdmivga-soporta-camaras-wizsense\/"},"modified":"2023-03-22T23:22:35","modified_gmt":"2023-03-23T05:22:35","slug":"dahua-dhi-nvr4216-4ks2-l-nvr-de-8-megapixeles-4k-16-canales-ip-rendimiento-de-160-mbps-smart-h-265-2-bahias-de-discos-duros-42-es-de-alarmas-hdmivga-soporta-camaras-wizsense","status":"publish","type":"product","link":"https:\/\/tecsecmty.com\/index.php\/producto\/dahua-dhi-nvr4216-4ks2-l-nvr-de-8-megapixeles-4k-16-canales-ip-rendimiento-de-160-mbps-smart-h-265-2-bahias-de-discos-duros-42-es-de-alarmas-hdmivga-soporta-camaras-wizsense\/","title":{"rendered":"DAHUA DHI-NVR4216-4KS2\/L &#8211; NVR de 8 Megapixeles\/ 4k\/ 16 Canales IP\/ Rendimiento de 160 Mbps\/ Smart H.265+\/ 2 Bahias de Discos Duros\/ 4&amp;2 E&amp;S de Alarmas\/ HDMI&amp;VGA\/ Soporta Camaras WizSense\/"},"content":{"rendered":"<div class=\"row aling-items-center padding-bottom-2x\">\n<div class=\"col-lg-12\">\n<h5 class=\"card-title text-center\">Informaci\u00f3n General<\/h5>\n<p>El NVR4216&#8211;4KS2\/L es una grabadora de v\u00eddeo en red la cual soporta 16 canales de v\u00eddeo 720p 30 fps, ofrece funciones como visualizaci\u00f3n directa en tiempo real de las c\u00e1maras agregadas, visualizaci\u00f3n en 2 pantallas simultaneas VGA y HDMI, el almacenamiento en tiempo real se realiza en un disco duro local, para el funcionamiento ideal de grabaci\u00f3n y visualizaci\u00f3n de las c\u00e1maras el equipo maneja un ancho de banda de red 128 Mbps para acceso, 128 Mbps para almacenamiento y 64 Mbps para reenv\u00edo.<\/p>\n<p><img decoding=\"async\" class=\"overview-center-img-web\" src=\"https:\/\/tvc.mx\/media\/471942\/Dahua-NVR4216-4kS2L-NVR-16-canales-principal.png\" alt=\"\" \/><\/div>\n<\/div>\n<div class=\"row align-items-center padding-bottom-2x\">\n<div class=\"col-md-5\"><img decoding=\"async\" class=\"d-block m-auto img-thumbnail\" src=\"https:\/\/tvc.mx\/media\/471944\/SMD-plus-Dahua.png\" alt=\" \" \/><\/div>\n<div class=\"col-md-7 text-md-left text-center\">\n<h2>SMD por c\u00e1mara<\/h2>\n<p class=\"text-muted\">\n<p>SMD se refiere a la detecci\u00f3n de movimiento inteligente. Con el algoritmo de aprendizaje profundo, Dahua SMD Plus filtra la alarma de detecci\u00f3n de movimiento activada por objetivo no preocupado y reconocer a personas y veh\u00edculos de manera efectiva, enviando alarmas cuando una persona y un veh\u00edculo se entrometen. Extraiga y clasifique humanos y veh\u00edculos a partir de datos de video masivos, f\u00e1cil para que los usuarios finales rastreen y analicen informaci\u00f3n hist\u00f3rica. Humano y veh\u00edculo opcional para reproducci\u00f3n para lograr una b\u00fasqueda r\u00e1pida de objetivos, lo que ahorra tiempo de recuperaci\u00f3n de eventos.<\/p>\n<p>&nbsp;<\/p>\n<\/div>\n<\/div>\n<hr class=\"padding-bottom-2x\" \/>\n<div class=\"row align-items-center padding-bottom-2x\">\n<div class=\"col-md-5 order-md-2\"><img decoding=\"async\" class=\"d-block m-auto img-thumbnail\" src=\"https:\/\/tvc.mx\/media\/471946\/codificacion-h.265-dahua.png\" alt=\" \" \/><\/div>\n<div class=\"col-md-7 order-md-1 text-md-left text-center\">\n<h2>H.265+<\/h2>\n<p class=\"text-muted\">\n<p class=\"ql-align-justify\">Dahua ha optimizado H.265 con su c\u00f3dec Smart H.265 +, proporcionando hasta 80% de ahorro de ancho de banda y almacenamiento sobre el est\u00e1ndar H.264. Cuatro tecnolog\u00edas innovadoras trabajan en conjunto para hacer que Smart H.265 + sea tan potente<\/p>\n<p class=\"ql-align-justify\">\u00bfC\u00f3mo?<\/p>\n<p class=\"ql-align-justify\">H.265 + toma una imagen de un entorno estable, lo utiliza como marco de fondo y se centra s\u00f3lo en los objetos en movimiento. Cuando hay una interrupci\u00f3n en el \u00e1rea de vigilancia, H265 + toma la imagen del objeto en movimiento y lo utiliza como marco de referencia. Si el objeto sigue movi\u00e9ndose, el sistema s\u00f3lo agrega datos de objetos en movimiento.<\/p>\n<p>&nbsp;<\/p>\n<\/div>\n<\/div>\n<hr class=\"padding-bottom-2x\" \/>\n<div class=\"row align-items-center padding-bottom-2x\">\n<div class=\"col-md-5\"><img decoding=\"async\" class=\"d-block m-auto img-thumbnail\" src=\"https:\/\/tvc.mx\/media\/471948\/IVS-Dahua.png\" alt=\" \" \/><\/div>\n<div class=\"col-md-7 text-md-left text-center\">\n<h2>Sistema de video inteligente (IVS)<\/h2>\n<p class=\"text-muted\">\n<p>Al trabajar con c\u00e1maras IP habilitadas para IVS, el NVR reconoce y graba videos que contienen datos IVS en todos los canales IP. El NVR registra las funciones de inteligencia est\u00e1ndar en el borde, as\u00ed como las funciones de IVS premium que detectan objetos abandonados o perdidos, infracciones de Tripwire e infracciones de intrusi\u00f3n. El NVR tambi\u00e9n es capaz de registrar datos de an\u00e1lisis de negocios, detecci\u00f3n facial, conteo de personas y mapa de calor de c\u00e1maras IP con An\u00e1lisis empresarial inteligente Incorporado.<\/p>\n<p><em>** Para las funciones IVS es necesario que la funci\u00f3n la contenga la c\u00e1mara.<\/em><\/p>\n<p>&nbsp;<\/p>\n<\/div>\n<\/div>\n<hr class=\"padding-bottom-2x\" \/>\n<div class=\"row align-items-center padding-bottom-2x\">\n<div class=\"col-md-5 order-md-2\"><img decoding=\"async\" class=\"d-block m-auto img-thumbnail\" src=\"https:\/\/tvc.mx\/media\/471950\/tabla-de-compayibilidad-de-HDD-para-equipo-dahua.png\" alt=\" \" \/><\/div>\n<div class=\"col-md-7 order-md-1 text-md-left text-center\">\n<h2>Tabla de compatibilidad HDD<\/h2>\n<p class=\"text-muted\">\n<p>El almacenamiento es parte fundamental de un sistema de videovigilancia por tal motivo te recomendamos revisar nuestra lista de compatibilidad antes de seleccionar un disco duro (HDD).<\/p>\n<p>https:\/\/foro.tvc.mx\/docs\/lista-compatibilidad-hdd<\/p>\n<p>&nbsp;<\/p>\n<\/div>\n<\/div>\n<hr class=\"padding-bottom-2x\" \/>\n<div class=\"row align-items-center padding-bottom-2x\">\n<div class=\"col-md-5\"><img decoding=\"async\" class=\"d-block m-auto img-thumbnail\" src=\"https:\/\/tvc.mx\/media\/471952\/Dahua-NVR4216-4kS2L-NVR-16-canales-caracteristicas.png\" alt=\" \" \/><\/div>\n<div class=\"col-md-7 text-md-left text-center\">\n<h2>Principales Caracter\u00edsticas<\/h2>\n<p class=\"text-muted\">\n<ul>\n<li>Funciones avanzadas de protecci\u00f3n perimetral: intrusi\u00f3n, cruzamiento de la l\u00ednea considerando reglas separadas para veh\u00edculos y peatones<\/li>\n<li>Clasificaci\u00f3n de personas y veh\u00edculos<\/li>\n<li>Detecci\u00f3n de rostros<\/li>\n<li>Conteo de personas<\/li>\n<li>SMD PLUS &#8211; b\u00fasqueda de un objeto clasificado como: persona, veh\u00edculo de motor, veh\u00edculo sin motor<\/li>\n<\/ul>\n<p>&nbsp;<\/p>\n<\/div>\n<\/div>\n<hr class=\"padding-bottom-2x\" \/>\n<div class=\"row align-items-center padding-bottom-2x\">\n<div class=\"col-md-5\"><img decoding=\"async\" class=\"d-block m-auto img-thumbnail\" src=\"https:\/\/tvc.mx\/media\/471954\/Dahua-NVR4216-4kS2L-NVR-16-canales-especificaciones.png\" alt=\" \" \/><\/div>\n<div class=\"col-md-7 text-md-left text-center\">\n<h2>Especificaciones<\/h2>\n<p class=\"text-muted\">\n<ul>\n<li>8 megap\u00edxeles<\/li>\n<li>Salidas de v\u00eddeo:1\u00a0uds. HDMI 4K; 1\u00a0uds.\u00a0VGA<\/li>\n<li>Soporte de audio:16\u00a0Canales &#8211; Audio de c\u00e1maras<\/li>\n<li>M\u00e9todo de compresi\u00f3n de im\u00e1genes:Smart H.265 \/\u00a0H.265\u00a0\/ Smart H.264 \/\u00a0H.264\u00a0\/\u00a0MJPEG<\/li>\n<li>Discos duros compatibles:2\u00a0x 10\u00a0TB\u00a0SATA<\/li>\n<li>2\u00a0uds.\u00a0USB 2.0<\/li>\n<li>Alimentaci\u00f3n:12\u00a0V\u00a0DC\u00a0\/ 4\u00a0A<\/li>\n<\/ul>\n<\/div>\n<\/div>\n","protected":false},"excerpt":{"rendered":"<p>Informaci\u00f3n General El NVR4216&#8211;4KS2\/L es una grabadora de v\u00eddeo en red la cual soporta 16 canales de v\u00eddeo 720p 30 fps, ofrece funciones como visualizaci\u00f3n directa en tiempo real de las c\u00e1maras agregadas, visualizaci\u00f3n en 2 pantallas simultaneas VGA y HDMI, el almacenamiento en tiempo&hellip;<\/p>\n","protected":false},"featured_media":2396,"comment_status":"open","ping_status":"closed","template":"","meta":{"om_disable_all_campaigns":false,"_monsterinsights_skip_tracking":false,"_monsterinsights_sitenote_active":false,"_monsterinsights_sitenote_note":"","_monsterinsights_sitenote_category":0},"product_brand":[],"product_cat":[152],"product_tag":[66,58,150,151],"class_list":{"0":"post-2397","1":"product","2":"type-product","3":"status-publish","4":"has-post-thumbnail","6":"product_cat-nvrs-de-16-canales","7":"product_tag-dahua","8":"product_tag-dvr","9":"product_tag-nvr","10":"product_tag-seguridad","12":"first","13":"instock","14":"sale","15":"taxable","16":"shipping-taxable","17":"purchasable","18":"product-type-simple"},"aioseo_notices":[],"_links":{"self":[{"href":"https:\/\/tecsecmty.com\/index.php\/wp-json\/wp\/v2\/product\/2397","targetHints":{"allow":["GET"]}}],"collection":[{"href":"https:\/\/tecsecmty.com\/index.php\/wp-json\/wp\/v2\/product"}],"about":[{"href":"https:\/\/tecsecmty.com\/index.php\/wp-json\/wp\/v2\/types\/product"}],"replies":[{"embeddable":true,"href":"https:\/\/tecsecmty.com\/index.php\/wp-json\/wp\/v2\/comments?post=2397"}],"version-history":[{"count":0,"href":"https:\/\/tecsecmty.com\/index.php\/wp-json\/wp\/v2\/product\/2397\/revisions"}],"wp:featuredmedia":[{"embeddable":true,"href":"https:\/\/tecsecmty.com\/index.php\/wp-json\/wp\/v2\/media\/2396"}],"wp:attachment":[{"href":"https:\/\/tecsecmty.com\/index.php\/wp-json\/wp\/v2\/media?parent=2397"}],"wp:term":[{"taxonomy":"product_brand","embeddable":true,"href":"https:\/\/tecsecmty.com\/index.php\/wp-json\/wp\/v2\/product_brand?post=2397"},{"taxonomy":"product_cat","embeddable":true,"href":"https:\/\/tecsecmty.com\/index.php\/wp-json\/wp\/v2\/product_cat?post=2397"},{"taxonomy":"product_tag","embeddable":true,"href":"https:\/\/tecsecmty.com\/index.php\/wp-json\/wp\/v2\/product_tag?post=2397"}],"curies":[{"name":"wp","href":"https:\/\/api.w.org\/{rel}","templated":true}]}}