{"id":2399,"date":"2023-02-22T20:53:20","date_gmt":"2023-02-23T02:53:20","guid":{"rendered":"https:\/\/tecsecmty.com\/index.php\/producto\/dahua-dhi-nvr5216-16p-i-l-nvr-de-16-canales-4k-wizmind-16-puertos-poe-h-265-4-canales-de-reconocimiento-facial-20-bases-de-datos-de-rostros-2-bahias-de-discos-duros-rendimiento-de-320-mbps\/"},"modified":"2023-03-22T23:22:35","modified_gmt":"2023-03-23T05:22:35","slug":"dahua-dhi-nvr5216-16p-i-l-nvr-de-16-canales-4k-wizmind-16-puertos-poe-h-265-4-canales-de-reconocimiento-facial-20-bases-de-datos-de-rostros-2-bahias-de-discos-duros-rendimiento-de-320-mbps","status":"publish","type":"product","link":"https:\/\/tecsecmty.com\/index.php\/producto\/dahua-dhi-nvr5216-16p-i-l-nvr-de-16-canales-4k-wizmind-16-puertos-poe-h-265-4-canales-de-reconocimiento-facial-20-bases-de-datos-de-rostros-2-bahias-de-discos-duros-rendimiento-de-320-mbps\/","title":{"rendered":"DAHUA DHI-NVR5216-16P-I\/L &#8211; NVR de 16 Canales 4k\/ WizMind\/ 16 Puertos PoE\/ H.265+\/ 4 Canales de Reconocimiento Facial\/ 20 Bases de Datos de Rostros\/ 2 Bah\u00edas de Discos Duros\/ Rendimiento de 320 Mbps\/ 4&amp;2 E&amp;S de Alarma\/#IASMD #ParejaIdeal"},"content":{"rendered":"<div class=\"row aling-items-center padding-bottom-2x\">\n<div class=\"col-lg-12\">\n<h5 class=\"card-title text-center\">Informaci\u00f3n General<\/h5>\n<p>Este NVR adopta un potente procesador, que brinda la capacidad de procesamiento de resoluci\u00f3n 4K para aplicaciones donde los detalles de la imagen son muy necesarios. Adem\u00e1s, el NVR puede servir como almacenamiento de borde, almacenamiento central o almacenamiento de respaldo con un men\u00fa de operaci\u00f3n de acceso directo intuitivo para administraci\u00f3n y control remotos.<\/p>\n<p><img decoding=\"async\" class=\"overview-center-img-web\" src=\"https:\/\/tvc.mx\/media\/402987\/NVR-16-canales-4k-wizmind-PoE-NVR5216-16P-IL-dahua-b.png\" alt=\"\" \/><\/p>\n<\/div>\n<\/div>\n<div class=\"row align-items-center padding-bottom-2x\">\n<div class=\"col-md-5 order-md-2\"><img decoding=\"async\" class=\"d-block m-auto img-thumbnail\" src=\"https:\/\/tvc.mx\/media\/402991\/reconocimiento-facial-dahua.png\" alt=\" \" \/><\/div>\n<div class=\"col-md-7 order-md-1 text-md-left text-center\">\n<h2>Reconocimiento Facial<\/h2>\n<p>La tecnolog\u00eda Dahua de reconocimiento facial extrae las caracter\u00edsticas de las caras capturadas y las compara con las de la base de datos de caras para reconocer la identidad de la persona.<\/p>\n<p>&nbsp;<\/p>\n<\/div>\n<\/div>\n<hr class=\"padding-bottom-2x\" \/>\n<div class=\"row align-items-center padding-bottom-2x\">\n<div class=\"col-md-5\"><img decoding=\"async\" class=\"d-block m-auto img-thumbnail\" src=\"https:\/\/tvc.mx\/media\/402995\/SMD-plus-Dahua.png\" alt=\" \" \/><\/div>\n<div class=\"col-md-7 text-md-left text-center\">\n<h2>SMD Plus<\/h2>\n<p>Con un algoritmo inteligente, la tecnolog\u00eda de detecci\u00f3n de movimiento inteligente de Dahua puede categorizar los objetivos que activan la detecci\u00f3n de movimiento y filtrar la alarma de detecci\u00f3n de movimiento activada por objetivos no afectados para generar una alarma efectiva y precisa.<\/p>\n<p>&nbsp;<\/p>\n<\/div>\n<\/div>\n<hr class=\"padding-bottom-2x\" \/>\n<div class=\"row align-items-center padding-bottom-2x\">\n<div class=\"col-md-5 order-md-2\"><img decoding=\"async\" class=\"d-block m-auto img-thumbnail\" src=\"https:\/\/tvc.mx\/media\/402999\/proteccion-perimetral-dahua.png\" alt=\" \" \/><\/div>\n<div class=\"col-md-7 order-md-1 text-md-left text-center\">\n<h2>Protecci\u00f3n perimetral<\/h2>\n<p>Filtrado autom\u00e1tico de falsas alarmas causadas por animales, hojas susurrantes, luces brillantes, etc. Permite que el sistema act\u00fae como reconocimiento secundario de los objetivos. Mejora de la precisi\u00f3n de las alarmas.<\/p>\n<p>&nbsp;<\/p>\n<\/div>\n<\/div>\n<hr class=\"padding-bottom-2x\" \/>\n<div class=\"row align-items-center padding-bottom-2x\">\n<div class=\"col-md-5\"><img decoding=\"async\" class=\"d-block m-auto img-thumbnail\" src=\"https:\/\/tvc.mx\/media\/403003\/Metadatos-dahua.png\" alt=\" \" \/><\/div>\n<div class=\"col-md-7 text-md-left text-center\">\n<h2>B\u00fasqueda Inteligente<\/h2>\n<p>Con un algoritmo de aprendizaje profundo, la tecnolog\u00eda de metadatos de video de Dahua puede detectar, rastrear, capturar veh\u00edculos, veh\u00edculos no motorizados y personas, y seleccionar las mejores im\u00e1genes y extraer atributos.<\/p>\n<p>&nbsp;<\/p>\n<\/div>\n<\/div>\n<hr class=\"padding-bottom-2x\" \/>\n<div class=\"row align-items-center padding-bottom-2x\">\n<div class=\"col-md-5 order-md-2\"><img decoding=\"async\" class=\"d-block m-auto img-thumbnail\" src=\"https:\/\/tvc.mx\/media\/403019\/NVR-16-canales-4k-wizmind-PoE-NVR5216-16P-IL-dahua-pp-caracteristicas.png\" alt=\" \" \/><\/div>\n<div class=\"col-md-7 order-md-1 text-md-left text-center\">\n<h2>Principales Caracter\u00edsticas<\/h2>\n<ul>\n<li>Funciones avanzadas de protecci\u00f3n perimetral: intrusi\u00f3n, cruzamiento de la l\u00ednea considerando reglas separadas para veh\u00edculos y peatones,<\/li>\n<li>Identificaci\u00f3n del tipo de objeto observado (humano, veh\u00edculo),<\/li>\n<li>Comparaci\u00f3n de rostros con im\u00e1genes de la base de datos<\/li>\n<li>Soporte para hasta 20 bases de datos de rostros, incluidas 200 000 im\u00e1genes de rostros<\/li>\n<li>An\u00e1lisis del rostro: determinaci\u00f3n del sexo, edad y rasgos caracter\u00edsticos del aspecto (gafas, barba, m\u00e1scara)<\/li>\n<li>Reconocimiento de otros veh\u00edculos que no sean autom\u00f3viles<\/li>\n<li>B\u00fasqueda inteligente de objetos basada en una foto: la grabadora permite cargar la foto de una persona o un veh\u00edculo para buscarlo en la grabaci\u00f3n de la c\u00e1mara<\/li>\n<li>SMD PLUS &#8211; b\u00fasqueda de un objeto clasificado como: persona, veh\u00edculo de motor, veh\u00edculo sin motor<\/li>\n<li>Interfaz RS-232<\/li>\n<\/ul>\n<p>&nbsp;<\/p>\n<\/div>\n<\/div>\n<hr class=\"padding-bottom-2x\" \/>\n<div class=\"row align-items-center padding-bottom-2x\">\n<div class=\"col-md-5\"><img decoding=\"async\" class=\"d-block m-auto img-thumbnail\" src=\"https:\/\/tvc.mx\/media\/403023\/NVR-16-canales-4k-wizmind-PoE-NVR5216-16P-IL-dahua-especificaciones.png\" alt=\" \" \/><\/div>\n<div class=\"col-md-7 text-md-left text-center\">\n<h2>Especificaciones<\/h2>\n<ul>\n<li>Resoluciones compatibles: max. 24\u00a0Mpx<\/li>\n<li>Salidas de v\u00eddeo: HDMI 4K;VGA<\/li>\n<li>Soporte de audio:16\u00a0Canales &#8211; Audio de c\u00e1maras<\/li>\n<li>M\u00e9todo de compresi\u00f3n de im\u00e1genes:H.265+ \/\u00a0H.265\u00a0\/ H.264+ \/\u00a0H.264\u00a0\/\u00a0MJPEG<\/li>\n<li>1\u00a0x\u00a0USB 2.0<\/li>\n<li>1\u00a0x\u00a0USB 3.0<\/li>\n<li>Discos duros compatibles: 2\u00a0x 10\u00a0TB\u00a0SATA III<\/li>\n<li>Modos de grabaci\u00f3n: Manual, alarma, detecci\u00f3n de movimiento, horario<\/li>\n<li>Conmutador PoE de 16 puertos incorporado, 25.5\u00a0W \/ Canal, PoE (802.3af\/at), max. 130\u00a0W (total)<\/li>\n<li>Alimentaci\u00f3n:100 &#8211; 240 V AC @ 50 \/ 60 Hz<\/li>\n<\/ul>\n<\/div>\n<\/div>\n","protected":false},"excerpt":{"rendered":"<p>Informaci\u00f3n General Este NVR adopta un potente procesador, que brinda la capacidad de procesamiento de resoluci\u00f3n 4K para aplicaciones donde los detalles de la imagen son muy necesarios. Adem\u00e1s, el NVR puede servir como almacenamiento de borde, almacenamiento central o almacenamiento de respaldo con un&hellip;<\/p>\n","protected":false},"featured_media":2398,"comment_status":"open","ping_status":"closed","template":"","meta":{"om_disable_all_campaigns":false,"_monsterinsights_skip_tracking":false,"_monsterinsights_sitenote_active":false,"_monsterinsights_sitenote_note":"","_monsterinsights_sitenote_category":0},"product_brand":[],"product_cat":[152],"product_tag":[66,58,150,151],"class_list":{"0":"post-2399","1":"product","2":"type-product","3":"status-publish","4":"has-post-thumbnail","6":"product_cat-nvrs-de-16-canales","7":"product_tag-dahua","8":"product_tag-dvr","9":"product_tag-nvr","10":"product_tag-seguridad","12":"first","13":"instock","14":"sale","15":"taxable","16":"shipping-taxable","17":"purchasable","18":"product-type-simple"},"aioseo_notices":[],"_links":{"self":[{"href":"https:\/\/tecsecmty.com\/index.php\/wp-json\/wp\/v2\/product\/2399","targetHints":{"allow":["GET"]}}],"collection":[{"href":"https:\/\/tecsecmty.com\/index.php\/wp-json\/wp\/v2\/product"}],"about":[{"href":"https:\/\/tecsecmty.com\/index.php\/wp-json\/wp\/v2\/types\/product"}],"replies":[{"embeddable":true,"href":"https:\/\/tecsecmty.com\/index.php\/wp-json\/wp\/v2\/comments?post=2399"}],"version-history":[{"count":0,"href":"https:\/\/tecsecmty.com\/index.php\/wp-json\/wp\/v2\/product\/2399\/revisions"}],"wp:featuredmedia":[{"embeddable":true,"href":"https:\/\/tecsecmty.com\/index.php\/wp-json\/wp\/v2\/media\/2398"}],"wp:attachment":[{"href":"https:\/\/tecsecmty.com\/index.php\/wp-json\/wp\/v2\/media?parent=2399"}],"wp:term":[{"taxonomy":"product_brand","embeddable":true,"href":"https:\/\/tecsecmty.com\/index.php\/wp-json\/wp\/v2\/product_brand?post=2399"},{"taxonomy":"product_cat","embeddable":true,"href":"https:\/\/tecsecmty.com\/index.php\/wp-json\/wp\/v2\/product_cat?post=2399"},{"taxonomy":"product_tag","embeddable":true,"href":"https:\/\/tecsecmty.com\/index.php\/wp-json\/wp\/v2\/product_tag?post=2399"}],"curies":[{"name":"wp","href":"https:\/\/api.w.org\/{rel}","templated":true}]}}