{"id":2401,"date":"2023-02-22T20:53:22","date_gmt":"2023-02-23T02:53:22","guid":{"rendered":"https:\/\/tecsecmty.com\/index.php\/producto\/dahua-dhi-nvr5216-8p-4ks2-nvr-de-16-canales-4k-h-265-rendimiento-de-320-mbps-8-puertos-poe-soportan-epoe-2-bahias-de-discos-duros-2-salidas-hdmi-pos-dewarping-soporta-camaras-con-ia-lonue\/"},"modified":"2023-03-22T23:22:35","modified_gmt":"2023-03-23T05:22:35","slug":"dahua-dhi-nvr5216-8p-4ks2-nvr-de-16-canales-4k-h-265-rendimiento-de-320-mbps-8-puertos-poe-soportan-epoe-2-bahias-de-discos-duros-2-salidas-hdmi-pos-dewarping-soporta-camaras-con-ia-lonue","status":"publish","type":"product","link":"https:\/\/tecsecmty.com\/index.php\/producto\/dahua-dhi-nvr5216-8p-4ks2-nvr-de-16-canales-4k-h-265-rendimiento-de-320-mbps-8-puertos-poe-soportan-epoe-2-bahias-de-discos-duros-2-salidas-hdmi-pos-dewarping-soporta-camaras-con-ia-lonue\/","title":{"rendered":"DAHUA DHI-NVR5216-8P-4KS2 &#8211; NVR de 16 Canales 4k\/ H.265+\/ Rendimiento de 320 Mbps\/ 8 Puertos PoE Soportan EPoE\/ 2 Bah\u00edas de Discos Duros\/ 2 Salidas HDMI\/ POS\/ Dewarping\/ Soporta Camaras con IA\/ #LoNuevo"},"content":{"rendered":"<div class=\"row aling-items-center padding-bottom-2x\">\n<div class=\"col-lg-12\">\n<h5 class=\"card-title text-center\">Informaci\u00f3n General<\/h5>\n<p>El NVR es compatible con numerosos dispositivos de terceros, lo que lo convierte en la soluci\u00f3n perfecta para los sistemas de vigilancia que funcionan independientemente del sistema de gesti\u00f3n de video (VMS). Cuenta con una arquitectura abierta que admite acceso multiusuario y es compatible con el protocolo ONVIF 2.4, lo que permite la interoperabilidad con c\u00e1maras 4K.<\/p>\n<p><img decoding=\"async\" class=\"overview-center-img-web\" src=\"https:\/\/tvc.mx\/media\/486438\/nvr-16-canales-4k-poe-2-discos-duros-funciones-inteligente-por-camara-NVR5216-8P-4KS2-Dahua.png\" alt=\"\" \/><\/p>\n<\/div>\n<\/div>\n<div class=\"row align-items-center padding-bottom-2x\">\n<div class=\"col-md-5\"><img decoding=\"async\" class=\"d-block m-auto img-thumbnail\" src=\"https:\/\/tvc.mx\/media\/486440\/proteccion-perimetral-dahua.png\" alt=\" \" \/><\/div>\n<div class=\"col-md-7 text-md-left text-center\">\n<h2>Protecci\u00f3n perimetral<\/h2>\n<p>Filtra autom\u00e1ticamente las falsas alarmas causadas por animales, hojas que se mueven, luces brillantes y m\u00e1s. Permite que el sistema act\u00fae como un reconocimiento secundario para los objetivos. Mejora de la precisi\u00f3n de las alarmas.<\/p>\n<p>&nbsp;<\/p>\n<\/div>\n<\/div>\n<hr class=\"padding-bottom-2x\" \/>\n<div class=\"row align-items-center padding-bottom-2x\">\n<div class=\"col-md-5 order-md-2\"><img decoding=\"async\" class=\"d-block m-auto img-thumbnail\" src=\"https:\/\/tvc.mx\/media\/486442\/reconocimiento-facial-dahua.png\" alt=\" \" \/><\/div>\n<div class=\"col-md-7 order-md-1 text-md-left text-center\">\n<h2>Reconocimiento Facial<\/h2>\n<p>La tecnolog\u00eda de reconocimiento facial de Dahua extrae las caracter\u00edsticas de los rostros capturados y los compara con los de la base de datos de rostros para reconocer la identidad de la persona.<\/p>\n<p>&nbsp;<\/p>\n<\/div>\n<\/div>\n<hr class=\"padding-bottom-2x\" \/>\n<div class=\"row align-items-center padding-bottom-2x\">\n<div class=\"col-md-5\"><img decoding=\"async\" class=\"d-block m-auto img-thumbnail\" src=\"https:\/\/tvc.mx\/media\/486444\/SMD-plus-Dahua.png\" alt=\" \" \/><\/div>\n<div class=\"col-md-7 text-md-left text-center\">\n<h2>SMD Plus<\/h2>\n<p>Con un algoritmo inteligente, la tecnolog\u00eda de detecci\u00f3n de movimiento inteligente de Dahua puede categorizar los objetivos que activan la detecci\u00f3n de movimiento y filtrar la alarma de detecci\u00f3n de movimiento activada por objetivos no afectados para generar una alarma efectiva y precisa.<\/p>\n<p>&nbsp;<\/p>\n<\/div>\n<\/div>\n<hr class=\"padding-bottom-2x\" \/>\n<div class=\"row align-items-center padding-bottom-2x\">\n<div class=\"col-md-5 order-md-2\"><img decoding=\"async\" class=\"d-block m-auto img-thumbnail\" src=\"https:\/\/tvc.mx\/media\/486446\/Metadatos-dahua.png\" alt=\" \" \/><\/div>\n<div class=\"col-md-7 order-md-1 text-md-left text-center\">\n<h2>Metadatos de video<\/h2>\n<p>Con un algoritmo de aprendizaje profundo, la tecnolog\u00eda de metadatos de video de Dahua puede detectar, rastrear, capturar veh\u00edculos, veh\u00edculos no motorizados y personas, y seleccionar las mejores im\u00e1genes y extraer atributos.<\/p>\n<p>&nbsp;<\/p>\n<\/div>\n<\/div>\n<hr class=\"padding-bottom-2x\" \/>\n<div class=\"row align-items-center padding-bottom-2x\">\n<div class=\"col-md-5\"><img decoding=\"async\" class=\"d-block m-auto img-thumbnail\" src=\"https:\/\/tvc.mx\/media\/486448\/tabla-de-compayibilidad-de-HDD-para-equipo-dahua.png\" alt=\" \" \/><\/div>\n<div class=\"col-md-7 text-md-left text-center\">\n<h2>Tabla de compatibilidad HDD<\/h2>\n<p>El almacenamiento es parte fundamental de un sistema de videovigilancia por tal motivo te recomendamos revisar nuestra lista de compatibilidad antes de seleccionar un disco duro (HDD).<\/p>\n<p>https:\/\/foro.tvc.mx\/docs\/lista-compatibilidad-hdd<\/p>\n<p>&nbsp;<\/p>\n<\/div>\n<\/div>\n<hr class=\"padding-bottom-2x\" \/>\n<div class=\"row align-items-center padding-bottom-2x\">\n<div class=\"col-md-5 order-md-2\"><img decoding=\"async\" class=\"d-block m-auto img-thumbnail\" src=\"https:\/\/tvc.mx\/media\/486454\/nvr-16-canales-4k-poe-2-discos-duros-funciones-inteligente-por-camara-NVR5216-8P-4KS2-Dahua-caracteristicas.png\" alt=\" \" \/><\/div>\n<div class=\"col-md-7 order-md-1 text-md-left text-center\">\n<h2>Principales Caracter\u00edsticas<\/h2>\n<ul>\n<li>Funciones avanzadas de protecci\u00f3n perimetral: intrusi\u00f3n, cruzamiento de la l\u00ednea considerando reglas separadas para veh\u00edculos y peatones<\/li>\n<li>clasificaci\u00f3n de personas y veh\u00edculos<\/li>\n<li>detecci\u00f3n de rostros\u00a0&#8211; soporta 6 tipos de extracci\u00f3n de atributos faciales<\/li>\n<li>Reconocimiento de personas basado en los elementos caracter\u00edsticos de la ropa (tipo de ropa, color de la ropa, accesorios)<\/li>\n<li>conteo de personas<\/li>\n<li>estimaci\u00f3n del tama\u00f1o de la multitud<\/li>\n<li>SMD PLUS &#8211; b\u00fasqueda de un objeto clasificado como: persona, veh\u00edculo de motor, veh\u00edculo sin motor<\/li>\n<li>ANPR &#8211; Reconocimiento de matr\u00edculas<\/li>\n<li>Mapa de calor<\/li>\n<li>Zonas de privacidad<\/li>\n<li>Fisheye-Dewarping &#8211; correcci\u00f3n de la vista \u201cojo de pez\u201d a la vista en perspectiva<\/li>\n<\/ul>\n<p>&nbsp;<\/p>\n<\/div>\n<\/div>\n<hr class=\"padding-bottom-2x\" \/>\n<div class=\"row align-items-center padding-bottom-2x\">\n<div class=\"col-md-5\"><img decoding=\"async\" class=\"d-block m-auto img-thumbnail\" src=\"https:\/\/tvc.mx\/media\/486456\/nvr-16-canales-4k-poe-2-discos-duros-funciones-inteligente-por-camara-NVR5216-8P-4KS2-Dahua-especificaciones.png\" alt=\" \" \/><\/div>\n<div class=\"col-md-7 text-md-left text-center\">\n<h2>Especificaciones<\/h2>\n<ul>\n<li>Resoluciones compatibles: max. 12\u00a0Mpx\u00a0&#8211; 4000 x 3000\u00a0px<\/li>\n<li>Salidas de v\u00eddeo:1\u00a0uds. HDMI 4K, 1\u00a0uds.\u00a0VGA<\/li>\n<li>Soporte de audio:16\u00a0Canales &#8211; Audio de c\u00e1maras<\/li>\n<li>Entradas de audio:1\u00a0uds.\u00a0CINCH\u00a0&#8211; Entrada para micr\u00f3fono externo<\/li>\n<li>M\u00e9todo de compresi\u00f3n de im\u00e1genes:H.265+ \/\u00a0H.265\u00a0\/ H.264+ \/\u00a0H.264\u00a0\/\u00a0MJPEG<\/li>\n<li>1\u00a0uds.\u00a0USB 2.0<\/li>\n<li>1\u00a0uds.\u00a0USB 3.0<\/li>\n<li>2\u00a0x 10\u00a0TB\u00a0SATA III<\/li>\n<li>Entradas \/ salidas de alarma:4 \/ 2<\/li>\n<li>Conmutador PoE de 8 puertos incorporado, 25.5\u00a0W \/ Canal, PoE (802.3af\/at), max. 130\u00a0W<\/li>\n<li>Alimentaci\u00f3n:100\u00a0&#8211; 240\u00a0V\u00a0AC\u00a0@ 50\u00a0\/ 60\u00a0Hz<\/li>\n<\/ul>\n<\/div>\n<\/div>\n","protected":false},"excerpt":{"rendered":"<p>Informaci\u00f3n General El NVR es compatible con numerosos dispositivos de terceros, lo que lo convierte en la soluci\u00f3n perfecta para los sistemas de vigilancia que funcionan independientemente del sistema de gesti\u00f3n de video (VMS). Cuenta con una arquitectura abierta que admite acceso multiusuario y es&hellip;<\/p>\n","protected":false},"featured_media":2400,"comment_status":"open","ping_status":"closed","template":"","meta":{"om_disable_all_campaigns":false,"_monsterinsights_skip_tracking":false,"_monsterinsights_sitenote_active":false,"_monsterinsights_sitenote_note":"","_monsterinsights_sitenote_category":0},"product_brand":[],"product_cat":[152],"product_tag":[66,58,150,151],"class_list":{"0":"post-2401","1":"product","2":"type-product","3":"status-publish","4":"has-post-thumbnail","6":"product_cat-nvrs-de-16-canales","7":"product_tag-dahua","8":"product_tag-dvr","9":"product_tag-nvr","10":"product_tag-seguridad","12":"first","13":"instock","14":"sale","15":"taxable","16":"shipping-taxable","17":"purchasable","18":"product-type-simple"},"aioseo_notices":[],"_links":{"self":[{"href":"https:\/\/tecsecmty.com\/index.php\/wp-json\/wp\/v2\/product\/2401","targetHints":{"allow":["GET"]}}],"collection":[{"href":"https:\/\/tecsecmty.com\/index.php\/wp-json\/wp\/v2\/product"}],"about":[{"href":"https:\/\/tecsecmty.com\/index.php\/wp-json\/wp\/v2\/types\/product"}],"replies":[{"embeddable":true,"href":"https:\/\/tecsecmty.com\/index.php\/wp-json\/wp\/v2\/comments?post=2401"}],"version-history":[{"count":0,"href":"https:\/\/tecsecmty.com\/index.php\/wp-json\/wp\/v2\/product\/2401\/revisions"}],"wp:featuredmedia":[{"embeddable":true,"href":"https:\/\/tecsecmty.com\/index.php\/wp-json\/wp\/v2\/media\/2400"}],"wp:attachment":[{"href":"https:\/\/tecsecmty.com\/index.php\/wp-json\/wp\/v2\/media?parent=2401"}],"wp:term":[{"taxonomy":"product_brand","embeddable":true,"href":"https:\/\/tecsecmty.com\/index.php\/wp-json\/wp\/v2\/product_brand?post=2401"},{"taxonomy":"product_cat","embeddable":true,"href":"https:\/\/tecsecmty.com\/index.php\/wp-json\/wp\/v2\/product_cat?post=2401"},{"taxonomy":"product_tag","embeddable":true,"href":"https:\/\/tecsecmty.com\/index.php\/wp-json\/wp\/v2\/product_tag?post=2401"}],"curies":[{"name":"wp","href":"https:\/\/api.w.org\/{rel}","templated":true}]}}