{"id":2405,"date":"2023-02-22T20:53:25","date_gmt":"2023-02-23T02:53:25","guid":{"rendered":"https:\/\/tecsecmty.com\/index.php\/producto\/dahua-dhinvr521616pi-nvr-16-canales-ip-4k-con-inteligencia-artificial-reconocimiento-facial-ia-h265-rendimiento-320-mbps-hdmi-vga-16-puertos-poe-soporta-2-hdd-proyectos\/"},"modified":"2023-03-22T23:22:37","modified_gmt":"2023-03-23T05:22:37","slug":"dahua-dhinvr521616pi-nvr-16-canales-ip-4k-con-inteligencia-artificial-reconocimiento-facial-ia-h265-rendimiento-320-mbps-hdmi-vga-16-puertos-poe-soporta-2-hdd-proyectos","status":"publish","type":"product","link":"https:\/\/tecsecmty.com\/index.php\/producto\/dahua-dhinvr521616pi-nvr-16-canales-ip-4k-con-inteligencia-artificial-reconocimiento-facial-ia-h265-rendimiento-320-mbps-hdmi-vga-16-puertos-poe-soporta-2-hdd-proyectos\/","title":{"rendered":"DAHUA DHINVR521616PI &#8211; NVR 16 Canales IP \/ 4K con inteligencia artificial \/ Reconocimiento facial \/ IA \/ H265+ \/ Rendimiento 320 Mbps \/ HDMI \/ VGA \/ 16 Puertos PoE \/ Soporta 2 HDD\/ #Proyectos"},"content":{"rendered":"<div class=\"row aling-items-center padding-bottom-2x\">\n<div class=\"col-lg-12\">\n<h5 class=\"card-title text-center\">Informaci\u00f3n General<\/h5>\n<p class=\"ql-align-justify\">El\u00a0<strong>NVR521616PI<\/strong>\u00a0perteneciente a la serie de Inteligencia Artificial\u00a0incluye algoritmos para varias aplicaciones avanzadas tales como\u00a0<strong>reconocimiento de rostros, ANPR, metadatos, conteo de personas, estad\u00edsticas de datos de tr\u00e1fico,protecci\u00f3n perimetral<\/strong>Tiene un potente procesador que proporciona la capacidad de procesamiento de resoluci\u00f3n\u00a0<strong>4K<\/strong>, donde los detalles de la imagen son altamente requerido,\u00a0cuenta con 16 puertos\u00a0<strong>PoE\u00a0<\/strong>y 8 puertos\u00a0<strong>ePoE<\/strong>\u00a0para alimentaci\u00f3n v\u00eda Ethernet.<\/p>\n<p><img decoding=\"async\" class=\"overview-center-img-web\" src=\"https:\/\/tvc.mx\/media\/43929\/principal.png\" alt=\"\" \/><\/div>\n<\/div>\n<div class=\"row aling-items-center padding-bottom-2x\">\n<div class=\"col-lg-12\">\n<h5 class=\"card-title text-center\">Algoritmo Deep Sense<\/h5>\n<p class=\"ql-align-justify\">El\u00a0<strong>NVR521616PI<\/strong>\u00a0adopta una tecnolog\u00eda de estructuraci\u00f3n de im\u00e1genes de video basada en inteligencia artificial, logrando un an\u00e1lisis, comparaci\u00f3n, recuperaci\u00f3n, almacenamiento y gesti\u00f3n de rostro humano de alta precisi\u00f3n, incluye los algoritmos de aprendizaje profundo para permitir una captura de cara precisa y an\u00e1lisis de atributos faciales del video almacenado como lo son: g\u00e9nero,edad,expresi\u00f3n ( feliz, tranquilo, sorprendido, triste y enojado ), anteojos,mascarillas, barba y bigote con el fin de proporcionar un m\u00e9todo m\u00e1s eficiante en la b\u00fasqueda y seguimiento de un tema particular de inter\u00e9s.<\/p>\n<p><img decoding=\"async\" class=\"overview-center-img-web\" src=\"https:\/\/tvc.mx\/media\/43932\/deepsense.png\" alt=\"\" \/><\/div>\n<\/div>\n<div class=\"row aling-items-center padding-bottom-2x\">\n<div class=\"col-lg-12\">\n<h5 class=\"card-title text-center\">Protecci\u00f3n Perimetral<\/h5>\n<p class=\"ql-align-justify\">El\u00a0<strong>NVR521616PI<\/strong>\u00a0puede detectar riesgos potenciales en funci\u00f3n de las reglas de movimiento configurables como lo son, tripwire e intrusi\u00f3n.\u00a0El sistema enviar\u00e1 alarmas a los usuarios cuando se produzcan movimientos no deseados,adem\u00e1s, el sistema cuenta con an\u00e1lisis inteligentes que filtran objetos menores como animales, insectos, hojas, luz, gotas de lluvia, etc., reduciendo as\u00ed las falsas alarmas y permitiendo a los usuarios enfocarse en amenazas reales que son las personas y los veh\u00edculos.<\/p>\n<p><img decoding=\"async\" class=\"overview-center-img-web\" src=\"https:\/\/tvc.mx\/media\/43935\/Protecci%C3%B3nPerimetral.png\" alt=\"\" \/><\/div>\n<\/div>\n<div class=\"row aling-items-center padding-bottom-2x\">\n<div class=\"col-lg-12\">\n<h5 class=\"card-title text-center\">Reconocimiento facial en tiempo real<\/h5>\n<p class=\"ql-align-justify\">El NVR\u00a0<strong>transmite<\/strong>\u00a0video e imagenes en tiempo real con\u00a0las caracter\u00edsticas de l an\u00e1lisis de los atributos faciales, identifica a las personas,tambi\u00e9n captura y registra los rostros con datos estructurados. El filtrado de caracter\u00edsticas faciales con visualizaci\u00f3n en tiempo real solo muestra caras con caracter\u00edsticas de destino<\/p>\n<p><img decoding=\"async\" class=\"overview-center-img-web\" src=\"https:\/\/tvc.mx\/media\/43938\/reconocimiento.png\" alt=\"\" \/><\/div>\n<\/div>\n<div class=\"row aling-items-center padding-bottom-2x\">\n<div class=\"col-lg-12\">\n<h5 class=\"card-title text-center\">Modo Com\u00fan \/ Modo Extra\u00f1o<\/h5>\n<p class=\"ql-align-justify\">El\u00a0<strong>NVR521616PI<\/strong>\u00a0admite el modo com\u00fan y extra\u00f1o. En modo extra\u00f1o ocurre cuando el NVR detecta una cara extra\u00f1a (no en la base de datos del dispositivo), y este activa una alarma, el zumbador, la instant\u00e1nea, el registro, etc. El umbral de similitud se puede configurar manualmente. Esta funci\u00f3n est\u00e1 desarrollada para sitios de infraestructura importantes para los cuales el control de acceso es cr\u00edtico.<\/p>\n<p><img decoding=\"async\" class=\"overview-center-img-web\" src=\"https:\/\/tvc.mx\/media\/43941\/verificaci%C3%B3ntreal.png\" alt=\"\" \/><\/div>\n<\/div>\n<div class=\"row aling-items-center padding-bottom-2x\">\n<div class=\"col-lg-12\">\n<h5 class=\"card-title text-center\">B\u00fasqueda eficiente AI<\/h5>\n<p class=\"ql-align-justify\">La carga de im\u00e1genes faciales en el NVR521616PI permite compararlas con caras grabadas por similitud.\u00a0Esto permite a los operadores buscar r\u00e1pida y f\u00e1cilmente a trav\u00e9s de m\u00faltiples canales y largas duraciones de manera eficiente para encontrar cu\u00e1ndo y d\u00f3nde apareci\u00f3 una persona de inter\u00e9s, tiene soporte de b\u00fasqueda por metadatos de humanos y veh\u00edculos.<\/p>\n<p><img decoding=\"async\" class=\"overview-center-img-web\" src=\"https:\/\/tvc.mx\/media\/43944\/busqueda-eficiente.png\" alt=\"\" \/><\/div>\n<\/div>\n<div class=\"row aling-items-center padding-bottom-2x\">\n<div class=\"col-lg-12\">\n<h5 class=\"card-title text-center\">Soporte Funci\u00f3n ANPR<\/h5>\n<p class=\"ql-align-justify\">El Reconocimiento autom\u00e1tico de matr\u00edculas (ANPR) de Dahua es una tecnolog\u00eda que se utiliza para leer autom\u00e1ticamente las matr\u00edculas de los veh\u00edculos.\u00a0Dahua ANPR es una soluci\u00f3n valiosa para m\u00faltiples aplicaciones, como la supervisi\u00f3n de entradas de aparcamientos p\u00fablicos o privados, permitiendo una c\u00f3moda gesti\u00f3n de entrada y salida. Admite el reconocimiento de la placa (que trabaja junto con la c\u00e1mara Dahua ITC) , la importaci\u00f3n \/ exportaci\u00f3n de la lista blanca y negra, obtenga im\u00e1genes de la placa del veh\u00edculo, instant\u00e1neas de almacenamiento y video.<\/p>\n<p><img decoding=\"async\" class=\"overview-center-img-web\" src=\"https:\/\/tvc.mx\/media\/43947\/ANPR.png\" alt=\"\" \/><\/div>\n<\/div>\n<div class=\"row aling-items-center padding-bottom-2x\">\n<div class=\"col-lg-12\">\n<h5 class=\"card-title text-center\">Conteo de Personas por C\u00e1mara<\/h5>\n<p>El NVR soporta la funci\u00f3n de Conteo de Personas de manera confiable y eficiente proveniente de la c\u00e1mara ITC, integrado con un potente algoritmo proporcionar\u00e1 datos altamente precisos y confiables. Los usuarios autorizados pueden previsualizar el video en cualquier momento y exportar los datos,puede ser ampliamente utilizado en comercios, aeropuertos, hoteles, donde se desee monitorear y contabilizar el flujo de clientes. Se requiere c\u00e1mara con esta funci\u00f3n<\/p>\n<p><img decoding=\"async\" class=\"overview-center-img-web\" src=\"https:\/\/tvc.mx\/media\/43950\/conteo.png\" alt=\"\" \/><\/div>\n<\/div>\n<div class=\"row aling-items-center padding-bottom-2x\">\n<div class=\"col-lg-12\">\n<h5 class=\"card-title text-center\">Mapa de Calor por C\u00e1mara<\/h5>\n<p>La funci\u00f3n de mapa de calor ( Heat Map ) permite aportar valores adicionales a nuestros clientes, esta funci\u00f3n se basa en un objeto en movimiento en el tiempo del movimiento del espacio para su an\u00e1lisis, encuentre el \u00e1rea m\u00e1s activa y generar el informe, que es proporcionar un soporte de datos valiosos para aplicaciones comerciales.Se requiere de c\u00e1mara con esta funci\u00f3n.<\/p>\n<p><img decoding=\"async\" class=\"overview-center-img-web\" src=\"https:\/\/tvc.mx\/media\/43953\/heat.png\" alt=\"\" \/><\/div>\n<\/div>\n<div class=\"row aling-items-center padding-bottom-2x\">\n<div class=\"col-lg-12\">\n<h5 class=\"card-title text-center\">Soporte Dewarping de C\u00e1maras Fisheye<\/h5>\n<p class=\"ql-align-justify\">Las c\u00e1maras Fisheye que ofrecen \u00e1ngulos de visi\u00f3n de 360 \u200b\u200bgrados y vistas panor\u00e1micas de 180 grados.\u00a0Esto se puede lograr usando nuestro NVR que soporta la funci\u00f3n de eliminaci\u00f3n de la se\u00f1alizaci\u00f3n, dewarping es una funcion realizada por el NVR con c\u00e1mara Dahua Fisheye, permitiendo realizar la descomposici\u00f3n de la vista principal (360\u00ba) y partiendo la imagen de forma digital en diferentes regiones \u00f2 vistas.<\/p>\n<p><img decoding=\"async\" class=\"overview-center-img-web\" src=\"https:\/\/tvc.mx\/media\/43956\/dewarp.png\" alt=\"\" \/><\/div>\n<\/div>\n<div class=\"row aling-items-center padding-bottom-2x\">\n<div class=\"col-lg-12\">\n<h5 class=\"card-title text-center\">Tabla de compatibilidad HDD<\/h5>\n<p>El almacenamiento es parte fundamental de un sistema de videovigilancia por tal motivo te recomendamos revisar nuestra lista de compatibilidad antes de seleccionar un disco duro (HDD).<\/p>\n<p>https:\/\/foro.tvc.mx\/docs\/lista-compatibilidad-hdd<\/p>\n<p><img decoding=\"async\" class=\"overview-center-img-web\" src=\"https:\/\/tvc.mx\/media\/293231\/DAHUA-tabla-de-compatibilidad-hdd-overview-grabadores-min-%281%29.png\" alt=\"\" \/><\/div>\n<\/div>\n<div class=\"row aling-items-center padding-bottom-2x\">\n<div class=\"col-lg-12\">\n<h5 class=\"card-title text-center\">Principales Caracter\u00edsticas<\/h5>\n<ul>\n<li>16 canales IP.<\/li>\n<li>Protecci\u00f3n perimetral de hasta 16 canales.<\/li>\n<li>Reconocimiento facial de hasta 4 canales.<\/li>\n<li>Compresi\u00f3n de video Smart H.265+\/H.265\/Smart H.264+\/H.264\/MJPEG<\/li>\n<li>Velocidad de Grabaci\u00f3n 320Mbps (160Mbps con funci\u00f3n IA activada)<\/li>\n<li>Salida simult\u00e1nea HDMI\/VGA: 3840 \u00d7 2160 , 1920 \u00d7 1080 , 1280 \u00d7 1024, 1280 \u00d7 720 , 1024 \u00d7 768.<\/li>\n<li>Soporta m\u00faltiples marcas de c\u00e1maras IP:\u00a0Dahua, Arecont Vision, AXIS, Bosch, Brickcom, Canon, CP Plus, Dynacolor, Honeywell, Panasonic, Pelco, Samsung, Sanyo, Sony, Videotec, y m\u00e1s.<\/li>\n<li>Interoperabilidad ONVIF 2.4, SDK, CGI<\/li>\n<li>M\u00e1x. acceso de usuarios: 128.<\/li>\n<li>2 puerto sata lll (hasta 8Tb).<\/li>\n<li>2 puertos USB (1 trasero USB 3.0 , 1 delantero USB 2.0 ).<\/li>\n<li>16 puertos (IEEE802.3af\/at)<\/li>\n<li>Puertos 1-8 ports support ePoE &amp; EoC<\/li>\n<li>1 puerto rj-45\u00a0(10\/100\/1000Mbps).<\/li>\n<li>Fuente de alimentaci\u00f3n AC100V ~ 240V, 50 ~ 60 Hz.<\/li>\n<li>Consumo de energ\u00eda NVR: &lt;16.5W(Sin disco duro)<\/li>\n<li>Consumo de energ\u00eda POE: Max 25.5W por puerto 130W total rated power, 80% control por protecci\u00f3n<\/li>\n<li>Condiciones de operaci\u00f3n -10\u00baC a 55\u00baC.<\/li>\n<li>Dimensiones\u00a0Smart 1U, 375mm x 327.3mm x 53mm ;(14.8&#8243; x 12.9&#8243; x 2.1&#8243;)<\/li>\n<li>Peso 2.7kg.<\/li>\n<\/ul>\n<p><img decoding=\"async\" class=\"overview-center-img-web\" src=\"https:\/\/tvc.mx\/media\/43959\/caract.png\" alt=\"\" \/><\/div>\n<\/div>\n","protected":false},"excerpt":{"rendered":"<p>Informaci\u00f3n General El\u00a0NVR521616PI\u00a0perteneciente a la serie de Inteligencia Artificial\u00a0incluye algoritmos para varias aplicaciones avanzadas tales como\u00a0reconocimiento de rostros, ANPR, metadatos, conteo de personas, estad\u00edsticas de datos de tr\u00e1fico,protecci\u00f3n perimetralTiene un potente procesador que proporciona la capacidad de procesamiento de resoluci\u00f3n\u00a04K, donde los detalles de la&hellip;<\/p>\n","protected":false},"featured_media":2404,"comment_status":"open","ping_status":"closed","template":"","meta":{"om_disable_all_campaigns":false,"_monsterinsights_skip_tracking":false,"_monsterinsights_sitenote_active":false,"_monsterinsights_sitenote_note":"","_monsterinsights_sitenote_category":0},"product_brand":[],"product_cat":[152],"product_tag":[66,58,150,151],"class_list":{"0":"post-2405","1":"product","2":"type-product","3":"status-publish","4":"has-post-thumbnail","6":"product_cat-nvrs-de-16-canales","7":"product_tag-dahua","8":"product_tag-dvr","9":"product_tag-nvr","10":"product_tag-seguridad","12":"first","13":"instock","14":"sale","15":"taxable","16":"shipping-taxable","17":"purchasable","18":"product-type-simple"},"aioseo_notices":[],"_links":{"self":[{"href":"https:\/\/tecsecmty.com\/index.php\/wp-json\/wp\/v2\/product\/2405","targetHints":{"allow":["GET"]}}],"collection":[{"href":"https:\/\/tecsecmty.com\/index.php\/wp-json\/wp\/v2\/product"}],"about":[{"href":"https:\/\/tecsecmty.com\/index.php\/wp-json\/wp\/v2\/types\/product"}],"replies":[{"embeddable":true,"href":"https:\/\/tecsecmty.com\/index.php\/wp-json\/wp\/v2\/comments?post=2405"}],"version-history":[{"count":0,"href":"https:\/\/tecsecmty.com\/index.php\/wp-json\/wp\/v2\/product\/2405\/revisions"}],"wp:featuredmedia":[{"embeddable":true,"href":"https:\/\/tecsecmty.com\/index.php\/wp-json\/wp\/v2\/media\/2404"}],"wp:attachment":[{"href":"https:\/\/tecsecmty.com\/index.php\/wp-json\/wp\/v2\/media?parent=2405"}],"wp:term":[{"taxonomy":"product_brand","embeddable":true,"href":"https:\/\/tecsecmty.com\/index.php\/wp-json\/wp\/v2\/product_brand?post=2405"},{"taxonomy":"product_cat","embeddable":true,"href":"https:\/\/tecsecmty.com\/index.php\/wp-json\/wp\/v2\/product_cat?post=2405"},{"taxonomy":"product_tag","embeddable":true,"href":"https:\/\/tecsecmty.com\/index.php\/wp-json\/wp\/v2\/product_tag?post=2405"}],"curies":[{"name":"wp","href":"https:\/\/api.w.org\/{rel}","templated":true}]}}