{"id":2407,"date":"2023-02-22T20:53:27","date_gmt":"2023-02-23T02:53:27","guid":{"rendered":"https:\/\/tecsecmty.com\/index.php\/producto\/dahua-nvr2116-i-nvr-de-8-megapixeles-16-canales-ip-wizsense-rendimiento-de-200-mbps-smart-h-265-1-ch-de-reconocimiento-facial-hasta-10-bases-de-datos-de-rostros-smd-plus-soporta-camaras-onv\/"},"modified":"2023-03-22T23:23:00","modified_gmt":"2023-03-23T05:23:00","slug":"dahua-nvr2116-i-nvr-de-8-megapixeles-16-canales-ip-wizsense-rendimiento-de-200-mbps-smart-h-265-1-ch-de-reconocimiento-facial-hasta-10-bases-de-datos-de-rostros-smd-plus-soporta-camaras-onv","status":"publish","type":"product","link":"https:\/\/tecsecmty.com\/index.php\/producto\/dahua-nvr2116-i-nvr-de-8-megapixeles-16-canales-ip-wizsense-rendimiento-de-200-mbps-smart-h-265-1-ch-de-reconocimiento-facial-hasta-10-bases-de-datos-de-rostros-smd-plus-soporta-camaras-onv\/","title":{"rendered":"DAHUA NVR2116-I &#8211; NVR de 8 Megapixeles\/ 16 Canales IP\/ WizSense\/ Rendimiento de 200 Mbps\/ Smart H.265+\/ 1 Ch de Reconocimiento Facial\/ Hasta 10 Bases de Datos de Rostros\/ SMD Plus\/ Soporta Camaras Onvif\/ 1 Puerto Sata\/"},"content":{"rendered":"<div class=\"row aling-items-center padding-bottom-2x\">\n<div class=\"col-lg-12\">\n<h5 class=\"card-title text-center\">Informaci\u00f3n General<\/h5>\n<p>NVR2116-I Smart 1U WizSense de 16 canales con SMD Plus (detecci\u00f3n de humanos y veh\u00edculos), IVS Protecci\u00f3n Perimetral, Detecci\u00f3n y Reconocimiento de Rostros.<\/p>\n<p>Vigilancia remota, visualizaci\u00f3n en vivo y reproducci\u00f3n de video en la aplicaci\u00f3n de tel\u00e9fono m\u00f3vil.<\/p>\n<p><img decoding=\"async\" class=\"overview-center-img-web\" src=\"https:\/\/tvc.mx\/media\/522167\/NVR2116-I-NVR-16-CHIANNEL-1920x400.png\" alt=\"\" \/><\/div>\n<\/div>\n<div class=\"row align-items-center padding-bottom-2x\">\n<div class=\"col-md-5 order-md-2\"><img decoding=\"async\" class=\"d-block m-auto img-thumbnail\" src=\"https:\/\/tvc.mx\/media\/522119\/SMD-PROTECCION-PERIMETRAL.png\" alt=\" \" \/><\/div>\n<div class=\"col-md-7 order-md-1 text-md-left text-center\">\n<h2>SMD &amp; Protecci\u00f3n Perimetral:<\/h2>\n<p class=\"text-muted\">\n<p>La tasa de falsas alarmas activadas por animales, movimiento de \u00e1rboles, sombras y luces brillantes es significativamente menor que las soluciones IVS tradicionales.<\/p>\n<p>Diferenciar el tipo de alarma en humano y veh\u00edculo.<\/p>\n<p>Se pueden establecer reglas para de acuerdo con los requisitos reales.<\/p>\n<p>Utilice la funci\u00f3n de \u00abb\u00fasqueda inteligente\u00bb para buscar r\u00e1pidamente im\u00e1genes de video por tipo humano o veh\u00edculo.<\/p>\n<p>a los usuarios finales para hacer rastreo y analizar informaci\u00f3n hist\u00f3rica.<\/p>\n<p>&nbsp;<\/p>\n<\/div>\n<\/div>\n<hr class=\"padding-bottom-2x\" \/>\n<div class=\"row align-items-center padding-bottom-2x\">\n<div class=\"col-md-5\"><img decoding=\"async\" class=\"d-block m-auto img-thumbnail\" src=\"https:\/\/tvc.mx\/media\/522087\/deteccion-facial.png\" alt=\" \" \/><\/div>\n<div class=\"col-md-7 text-md-left text-center\">\n<h2>Detecci\u00f3n de Rostros:<\/h2>\n<p class=\"text-muted\">\n<p>Impulsado por algoritmos de aprendizaje profundo e inteligencia artificial, permiten una captura de rostros precisa y el an\u00e1lisis de atributos faciales para el monitoreo en tiempo real, principalmente aplicado a parques empresariales, escuelas, aeropuertos, bancos y \u00e1reas clave de centros comerciales.<\/p>\n<p>Identifica sexo, edad, expresi\u00f3n facial (feliz, co<span class=\"ql-cursor\">tento, enojado), barba, lentes, cubreo<\/span><\/p>\n<p>&nbsp;<\/p>\n<\/div>\n<\/div>\n<hr class=\"padding-bottom-2x\" \/>\n<div class=\"row align-items-center padding-bottom-2x\">\n<div class=\"col-md-5 order-md-2\"><img decoding=\"async\" class=\"d-block m-auto img-thumbnail\" src=\"https:\/\/tvc.mx\/media\/522043\/face-recognition.png\" alt=\" \" \/><\/div>\n<div class=\"col-md-7 order-md-1 text-md-left text-center\">\n<h2>Reconocimiento Facial:<\/h2>\n<p class=\"text-muted\">\n<p>Es el resultado de tener un equipo con la Detecci\u00f3n Facial activada para poder hacer funcional el Reconocimiento Facial.<\/p>\n<p>El reconocimiento facial se utiliza principalmente para identificaci\u00f3n. Debido a la popularidad de la videovigilancia, muchos sistemas necesitan con urgencia un tipo de tecnolog\u00eda de identificaci\u00f3n r\u00e1pida que permita identificar a las personas en forma remota y realizar una alarma inteligente de antemano.<\/p>\n<p>Las soluciones de reconocimiento facial de Dahua ofrecen una alta precisi\u00f3n con su tecnolog\u00eda avanzada de inteligencia artificial, y pueden proporcionar funciones como detecci\u00f3n y comparaci\u00f3n de rostros, b\u00fasqueda inteligente, b\u00fasqueda de im\u00e1genes de rostros, administraci\u00f3n de bases de datos de rostros, vinculaci\u00f3n de aplicaciones m\u00f3viles, visualizaci\u00f3n de informaci\u00f3n, video a todo color, etc. para mejorar la experiencia del usuario.<\/p>\n<p>Modo extra\u00f1o.<\/p>\n<p>Detecta rostros de extra\u00f1os. El umbral de similitud se puede establecer manualmente B\u00fasqueda de IA.<\/p>\n<p>Se puede agregar nombre, sexo, fecha de nacimiento, direcci\u00f3n, tipo de certificado, n\u00famero de certificado, pa\u00edses y estado a cada imagen de cada rostro.<\/p>\n<p>&nbsp;<\/p>\n<\/div>\n<\/div>\n<hr class=\"padding-bottom-2x\" \/>\n<div class=\"row align-items-center padding-bottom-2x\">\n<div class=\"col-md-5\"><img decoding=\"async\" class=\"d-block m-auto img-thumbnail\" src=\"https:\/\/tvc.mx\/media\/522127\/Principales-caracteristicas.png\" alt=\" \" \/><\/div>\n<div class=\"col-md-7 text-md-left text-center\">\n<h2>Principales caracter\u00edsticas:<\/h2>\n<p class=\"text-muted\">\n<p>&gt; Vigilancia remota, visualizaci\u00f3n en vivo y reproducci\u00f3n de video en la aplicaci\u00f3n de tel\u00e9fono m\u00f3vil<\/p>\n<p>&gt; M\u00e1x. capacidad de decodificaci\u00f3n: 4\u00d71080P@30fps. Admite decodificaci\u00f3n adaptativa<\/p>\n<p>&gt; Admite c\u00e1maras convencionales de protocolos ONVIF y RTSP<\/p>\n<p>&gt; H.264\/.H265\/Smart H.264+\/Smart H.265+\/MJPEG, cambio autom\u00e1tico H.265<\/p>\n<p>&gt; 1 salida de video simult\u00e1nea VGA\/1 HDMI por defecto, la resoluci\u00f3n m\u00e1xima de HDMI es 4K; y tambi\u00e9n se admite salida de video no simult\u00e1nea, la resoluci\u00f3n m\u00e1xima es 1080P<\/p>\n<p>&gt; IA = 1 Canal con Detecci\u00f3n y reconocimiento de rostros (hasta 10 bases de datos de rostros y 5000 im\u00e1genes de rostros) (IA por NVR); o detecci\u00f3n perimetral de 2 canales (IA por NVR); o SMD de 4 canales (IA por NVR)<\/p>\n<p>&nbsp;<\/p>\n<\/div>\n<\/div>\n<hr class=\"padding-bottom-2x\" \/>\n<div class=\"row align-items-center padding-bottom-2x\">\n<div class=\"col-md-5 order-md-2\"><img decoding=\"async\" class=\"d-block m-auto img-thumbnail\" src=\"https:\/\/tvc.mx\/media\/522107\/especificaciones.png\" alt=\" \" \/><\/div>\n<div class=\"col-md-7 order-md-1 text-md-left text-center\">\n<h2>Especificaciones:<\/h2>\n<p class=\"text-muted\">\n<ul>\n<li>Disco Duro: 1 puerto SATA, hasta 6 TB.<\/li>\n<li>USB: 2 puertos USB 2.0 traseros<\/li>\n<li>HDMI 1<\/li>\n<li>VGA: 1<\/li>\n<li>NETWORK: 1 puerto RJ-45 (10\/100\/1000Mbps)<\/li>\n<li>Entrada RCA: 1<\/li>\n<li>Salida RCA: 1<\/li>\n<\/ul>\n<\/div>\n<\/div>\n","protected":false},"excerpt":{"rendered":"<p>Informaci\u00f3n General NVR2116-I Smart 1U WizSense de 16 canales con SMD Plus (detecci\u00f3n de humanos y veh\u00edculos), IVS Protecci\u00f3n Perimetral, Detecci\u00f3n y Reconocimiento de Rostros. Vigilancia remota, visualizaci\u00f3n en vivo y reproducci\u00f3n de video en la aplicaci\u00f3n de tel\u00e9fono m\u00f3vil. SMD &amp; Protecci\u00f3n Perimetral: La&hellip;<\/p>\n","protected":false},"featured_media":2406,"comment_status":"open","ping_status":"closed","template":"","meta":{"om_disable_all_campaigns":false,"_monsterinsights_skip_tracking":false,"_monsterinsights_sitenote_active":false,"_monsterinsights_sitenote_note":"","_monsterinsights_sitenote_category":0},"product_brand":[],"product_cat":[152],"product_tag":[66,58,150,151],"class_list":{"0":"post-2407","1":"product","2":"type-product","3":"status-publish","4":"has-post-thumbnail","6":"product_cat-nvrs-de-16-canales","7":"product_tag-dahua","8":"product_tag-dvr","9":"product_tag-nvr","10":"product_tag-seguridad","12":"first","13":"instock","14":"sale","15":"taxable","16":"shipping-taxable","17":"purchasable","18":"product-type-simple"},"aioseo_notices":[],"_links":{"self":[{"href":"https:\/\/tecsecmty.com\/index.php\/wp-json\/wp\/v2\/product\/2407","targetHints":{"allow":["GET"]}}],"collection":[{"href":"https:\/\/tecsecmty.com\/index.php\/wp-json\/wp\/v2\/product"}],"about":[{"href":"https:\/\/tecsecmty.com\/index.php\/wp-json\/wp\/v2\/types\/product"}],"replies":[{"embeddable":true,"href":"https:\/\/tecsecmty.com\/index.php\/wp-json\/wp\/v2\/comments?post=2407"}],"version-history":[{"count":0,"href":"https:\/\/tecsecmty.com\/index.php\/wp-json\/wp\/v2\/product\/2407\/revisions"}],"wp:featuredmedia":[{"embeddable":true,"href":"https:\/\/tecsecmty.com\/index.php\/wp-json\/wp\/v2\/media\/2406"}],"wp:attachment":[{"href":"https:\/\/tecsecmty.com\/index.php\/wp-json\/wp\/v2\/media?parent=2407"}],"wp:term":[{"taxonomy":"product_brand","embeddable":true,"href":"https:\/\/tecsecmty.com\/index.php\/wp-json\/wp\/v2\/product_brand?post=2407"},{"taxonomy":"product_cat","embeddable":true,"href":"https:\/\/tecsecmty.com\/index.php\/wp-json\/wp\/v2\/product_cat?post=2407"},{"taxonomy":"product_tag","embeddable":true,"href":"https:\/\/tecsecmty.com\/index.php\/wp-json\/wp\/v2\/product_tag?post=2407"}],"curies":[{"name":"wp","href":"https:\/\/api.w.org\/{rel}","templated":true}]}}