{"id":2409,"date":"2023-02-22T20:53:30","date_gmt":"2023-02-23T02:53:30","guid":{"rendered":"https:\/\/tecsecmty.com\/index.php\/producto\/dahua-nvr2116hs-i-nvr-de-8-megapixeles-4k-16-canales-ip-wizsense-rendimiento-de-200-mbps-smart-h-265-1-ch-de-reconocimiento-facial-o-2-canales-de-proteccion-perimetral-o-4-canales-de-smd-1-p\/"},"modified":"2023-03-22T23:23:00","modified_gmt":"2023-03-23T05:23:00","slug":"dahua-nvr2116hs-i-nvr-de-8-megapixeles-4k-16-canales-ip-wizsense-rendimiento-de-200-mbps-smart-h-265-1-ch-de-reconocimiento-facial-o-2-canales-de-proteccion-perimetral-o-4-canales-de-smd-1-p","status":"publish","type":"product","link":"https:\/\/tecsecmty.com\/index.php\/producto\/dahua-nvr2116hs-i-nvr-de-8-megapixeles-4k-16-canales-ip-wizsense-rendimiento-de-200-mbps-smart-h-265-1-ch-de-reconocimiento-facial-o-2-canales-de-proteccion-perimetral-o-4-canales-de-smd-1-p\/","title":{"rendered":"DAHUA NVR2116HS-I &#8211; NVR de 8 Megapixeles\/ 4k\/ 16 Canales IP\/ WizSense\/ Rendimiento de 200 Mbps\/ Smart H.265+\/ 1 Ch de Reconocimiento Facial o 2 Canales de Protecci\u00f3n Perimetral o 4 Canales de SMD\/ 1 Puerto SATA 8 TB\/ HDMI&amp;VGA\/ Soporta Camaras Onvif"},"content":{"rendered":"<div class=\"row aling-items-center padding-bottom-2x\">\n<div class=\"col-lg-12\">\n<h5 class=\"card-title text-center\">Informaci\u00f3n general<\/h5>\n<p>Esta grabadora de v\u00eddeo en red AI es un producto econ\u00f3mico altamente rentable, que proporciona<\/p>\n<p>funciones como visualizaci\u00f3n en vivo local, visualizaci\u00f3n en m\u00faltiples pantallas, almacenamiento en tiempo real en un disco duro local, operaci\u00f3n r\u00e1pida con el mouse y administraci\u00f3n y control remotos. Este producto es adecuado para la detecci\u00f3n y el reconocimiento de rostros en las entradas \/ salidas y la protecci\u00f3n perimetral de personas y veh\u00edculos.<\/p>\n<p><img decoding=\"async\" class=\"overview-center-img-web\" src=\"https:\/\/tvc.mx\/media\/471696\/nvr-16-canales-8-megapixeles-wizsense-camaras-onvif-NVR2116HS-I--dahua.png\" alt=\"\" \/><\/p>\n<\/div>\n<\/div>\n<div class=\"row align-items-center padding-bottom-2x\">\n<div class=\"col-md-5 order-md-2\"><img decoding=\"async\" class=\"d-block m-auto img-thumbnail\" src=\"https:\/\/tvc.mx\/media\/471698\/codificacion-h.265-dahua.png\" alt=\" \" \/><\/div>\n<div class=\"col-md-7 order-md-1 text-md-left text-center\">\n<h2>Decodificaci\u00f3n (Smart H.265 + \/ Smart H.264 +)<\/h2>\n<p>La codificaci\u00f3n inteligente de Dahua (H.265 + \/ H.264 +) es la implementaci\u00f3n optimizada del c\u00f3dec (H.265 \/ H.264) que utiliza un algoritmo de control de velocidad de c\u00f3digo adaptable a la escena, lo que proporciona m\u00e1s eficiencia en el proceso de codificaci\u00f3n y un video superior calidad y reduciendo significativamente el costo de almacenamiento y transmisi\u00f3n. Este NVR admite la decodificaci\u00f3n correspondiente.<\/p>\n<p>&nbsp;<\/p>\n<\/div>\n<\/div>\n<hr class=\"padding-bottom-2x\" \/>\n<div class=\"row align-items-center padding-bottom-2x\">\n<div class=\"col-md-5\"><img decoding=\"async\" class=\"d-block m-auto img-thumbnail\" src=\"https:\/\/tvc.mx\/media\/471700\/SMD-plus-Dahua.png\" alt=\" \" \/><\/div>\n<div class=\"col-md-7 text-md-left text-center\">\n<h2>SMD Plus<\/h2>\n<p>SMD Plus, denominado Smart Motion Detection Plus, que es una versi\u00f3n de actualizaci\u00f3n de SMD que mejora en gran medida la precisi\u00f3n de la alarma al cargar el algoritmo de aprendizaje profundo. Analiza las formas de personas y veh\u00edculos bas\u00e1ndose en la detecci\u00f3n de movimiento y env\u00eda alarmas solo cuando una persona o un veh\u00edculo se entrometen.<\/p>\n<p>&nbsp;<\/p>\n<\/div>\n<\/div>\n<hr class=\"padding-bottom-2x\" \/>\n<div class=\"row align-items-center padding-bottom-2x\">\n<div class=\"col-md-5 order-md-2\"><img decoding=\"async\" class=\"d-block m-auto img-thumbnail\" src=\"https:\/\/tvc.mx\/media\/471702\/reconocimiento-facial-dahua.png\" alt=\" \" \/><\/div>\n<div class=\"col-md-7 order-md-1 text-md-left text-center\">\n<h2>Reconocimiento facial<\/h2>\n<p>El reconocimiento facial consiste en descubrir el rostro capturado con las caracter\u00edsticas objetivo y compararlas con la base de datos de rostros para identificar al personal.<\/p>\n<p>&nbsp;<\/p>\n<\/div>\n<\/div>\n<hr class=\"padding-bottom-2x\" \/>\n<div class=\"row align-items-center padding-bottom-2x\">\n<div class=\"col-md-5\"><img decoding=\"async\" class=\"d-block m-auto img-thumbnail\" src=\"https:\/\/tvc.mx\/media\/471704\/tabla-de-compayibilidad-de-HDD-para-equipo-dahua.png\" alt=\" \" \/><\/div>\n<div class=\"col-md-7 text-md-left text-center\">\n<h2>Tabla de compatibilidad HDD<\/h2>\n<p>El almacenamiento es parte fundamental de un sistema de videovigilancia por tal motivo te recomendamos revisar nuestra lista de compatibilidad antes de seleccionar un disco duro (HDD).<\/p>\n<p>https:\/\/foro.tvc.mx\/docs\/lista-compatibilidad-hdd<\/p>\n<p>&nbsp;<\/p>\n<\/div>\n<\/div>\n<hr class=\"padding-bottom-2x\" \/>\n<div class=\"row align-items-center padding-bottom-2x\">\n<div class=\"col-md-5 order-md-2\"><img decoding=\"async\" class=\"d-block m-auto img-thumbnail\" src=\"https:\/\/tvc.mx\/media\/471706\/nvr-16-canales-8-megapixeles-wizsense-camaras-onvif-NVR2116HS-I--dahua-caracteristicas.png\" alt=\" \" \/><\/div>\n<div class=\"col-md-7 order-md-1 text-md-left text-center\">\n<h2>Principales caracter\u00edsticas<\/h2>\n<ul>\n<li>Nueva interfaz de usuario 4.0<\/li>\n<li>Vigilancia remota, visualizaci\u00f3n en vivo y reproducci\u00f3n de video en la aplicaci\u00f3n de tel\u00e9fono m\u00f3vil<\/li>\n<li>H.264 \/ .H265 \/ Smart H.264 + \/ Smart H.265 + \/ MJPEG, interruptor autom\u00e1tico H.265<\/li>\n<li>Salida de video simult\u00e1nea 1 VGA \/ 1 HDMI por defecto, la resoluci\u00f3n m\u00e1xima de<\/li>\n<li>HDMI es 4K; y tambi\u00e9n se admite la salida de video no simult\u00e1nea, la resoluci\u00f3n<\/li>\n<li>m\u00e1xima es 1080P<\/li>\n<li>Detecci\u00f3n y reconocimiento de rostros de 1 canal (AI por NVR); o detecci\u00f3n de per\u00edmetro de 2 canales<\/li>\n<li>SMD Plus<\/li>\n<\/ul>\n<p>&nbsp;<\/p>\n<\/div>\n<\/div>\n<hr class=\"padding-bottom-2x\" \/>\n<div class=\"row align-items-center padding-bottom-2x\">\n<div class=\"col-md-5\"><img decoding=\"async\" class=\"d-block m-auto img-thumbnail\" src=\"https:\/\/tvc.mx\/media\/471708\/nvr-16-canales-8-megapixeles-wizsense-camaras-onvif-NVR2116HS-I--dahua-especificaciones.png\" alt=\" \" \/><\/div>\n<div class=\"col-md-7 text-md-left text-center\">\n<h2>Especificaciones<\/h2>\n<ul>\n<li>16 canales<\/li>\n<li>200 Mbps para acceso, 200 Mbps para almacenamiento y 100 Mbps para reenv\u00edo<\/li>\n<li>Salida de video simult\u00e1nea 1 VGA \/ 1 HDMI por defecto, la resoluci\u00f3n m\u00e1xima de HDMI es 4K<\/li>\n<li>V\u00eddeo Audio H.264 \/ .H265 \/ Smart H.264 + \/ Smart H.265 + \/ MJPEG<\/li>\n<li>SMD Plus 4 canales<\/li>\n<li>Reconocimiento facial: Procesamiento m\u00e1ximo de 8 im\u00e1genes faciales \/ seg<\/li>\n<li>Se buscan hasta 8 im\u00e1genes de la cara de destino al mismo tiempo, se puede establecer el umbral de similitud para cada imagen de la cara de destino.<\/li>\n<li>Hasta 10 bases de datos de rostros con 5,000 im\u00e1genes de rostros en total<\/li>\n<li>Protecci\u00f3n perimetral: 2 canales<\/li>\n<li>Detecci\u00f3n de movimiento, enmascaramiento de privacidad, p\u00e9rdida de video, alarma PIR, alarma IPC<\/li>\n<li>1 puerto SATA, hasta 8 TB<\/li>\n<li>1 puerto USB 2.0 frontal, 1 puerto USB 2.0 trasero<\/li>\n<li>Fuente de alimentaci\u00f3n: DC12V, 1.5A<\/li>\n<\/ul>\n<\/div>\n<\/div>\n","protected":false},"excerpt":{"rendered":"<p>Informaci\u00f3n general Esta grabadora de v\u00eddeo en red AI es un producto econ\u00f3mico altamente rentable, que proporciona funciones como visualizaci\u00f3n en vivo local, visualizaci\u00f3n en m\u00faltiples pantallas, almacenamiento en tiempo real en un disco duro local, operaci\u00f3n r\u00e1pida con el mouse y administraci\u00f3n y control&hellip;<\/p>\n","protected":false},"featured_media":2408,"comment_status":"open","ping_status":"closed","template":"","meta":{"om_disable_all_campaigns":false,"_monsterinsights_skip_tracking":false,"_monsterinsights_sitenote_active":false,"_monsterinsights_sitenote_note":"","_monsterinsights_sitenote_category":0},"product_brand":[],"product_cat":[152],"product_tag":[66,58,150,151],"class_list":{"0":"post-2409","1":"product","2":"type-product","3":"status-publish","4":"has-post-thumbnail","6":"product_cat-nvrs-de-16-canales","7":"product_tag-dahua","8":"product_tag-dvr","9":"product_tag-nvr","10":"product_tag-seguridad","12":"first","13":"instock","14":"sale","15":"taxable","16":"shipping-taxable","17":"purchasable","18":"product-type-simple"},"aioseo_notices":[],"_links":{"self":[{"href":"https:\/\/tecsecmty.com\/index.php\/wp-json\/wp\/v2\/product\/2409","targetHints":{"allow":["GET"]}}],"collection":[{"href":"https:\/\/tecsecmty.com\/index.php\/wp-json\/wp\/v2\/product"}],"about":[{"href":"https:\/\/tecsecmty.com\/index.php\/wp-json\/wp\/v2\/types\/product"}],"replies":[{"embeddable":true,"href":"https:\/\/tecsecmty.com\/index.php\/wp-json\/wp\/v2\/comments?post=2409"}],"version-history":[{"count":0,"href":"https:\/\/tecsecmty.com\/index.php\/wp-json\/wp\/v2\/product\/2409\/revisions"}],"wp:featuredmedia":[{"embeddable":true,"href":"https:\/\/tecsecmty.com\/index.php\/wp-json\/wp\/v2\/media\/2408"}],"wp:attachment":[{"href":"https:\/\/tecsecmty.com\/index.php\/wp-json\/wp\/v2\/media?parent=2409"}],"wp:term":[{"taxonomy":"product_brand","embeddable":true,"href":"https:\/\/tecsecmty.com\/index.php\/wp-json\/wp\/v2\/product_brand?post=2409"},{"taxonomy":"product_cat","embeddable":true,"href":"https:\/\/tecsecmty.com\/index.php\/wp-json\/wp\/v2\/product_cat?post=2409"},{"taxonomy":"product_tag","embeddable":true,"href":"https:\/\/tecsecmty.com\/index.php\/wp-json\/wp\/v2\/product_tag?post=2409"}],"curies":[{"name":"wp","href":"https:\/\/api.w.org\/{rel}","templated":true}]}}