{"id":2411,"date":"2023-02-22T20:53:32","date_gmt":"2023-02-23T02:53:32","guid":{"rendered":"https:\/\/tecsecmty.com\/index.php\/producto\/dahua-nvr2116hs-i2-nvr-de-8-megapixeles-4k-16-canales-ip-wizsense-con-ia-rendimiento-de-144-mbps-smart-h-265-1-ch-de-reconocimiento-facial-o-1-canal-de-proteccion-perimetral-o-4-canales-de-s\/"},"modified":"2023-03-22T23:23:00","modified_gmt":"2023-03-23T05:23:00","slug":"dahua-nvr2116hs-i2-nvr-de-8-megapixeles-4k-16-canales-ip-wizsense-con-ia-rendimiento-de-144-mbps-smart-h-265-1-ch-de-reconocimiento-facial-o-1-canal-de-proteccion-perimetral-o-4-canales-de-s","status":"publish","type":"product","link":"https:\/\/tecsecmty.com\/index.php\/producto\/dahua-nvr2116hs-i2-nvr-de-8-megapixeles-4k-16-canales-ip-wizsense-con-ia-rendimiento-de-144-mbps-smart-h-265-1-ch-de-reconocimiento-facial-o-1-canal-de-proteccion-perimetral-o-4-canales-de-s\/","title":{"rendered":"DAHUA NVR2116HS-I2 &#8211; NVR de 8 Megapixeles\/ 4k\/ 16 Canales IP\/ WizSense\/ Con IA\/ Rendimiento de 144 Mbps\/ Smart H.265+\/ 1 Ch de Reconocimiento Facial o 1 Canal de Protecci\u00f3n Perimetral o 4 Canales de SMD\/ 1 Puerto SATA 10 TB\/ HDMI&amp;VGA\/ Onvif\/ #LoNuevo"},"content":{"rendered":"<div class=\"row aling-items-center padding-bottom-2x\">\n<div class=\"col-lg-12\">\n<h5 class=\"card-title text-center\">Informaci\u00f3n General<\/h5>\n<p class=\"ql-align-justify\">Grabador de video en red compacto, WizSense de 16 canales, en formato de decodificaci\u00f3n Smart H.265+, de detecci\u00f3n y reconocimiento de rostros para 1 canal; Protecci\u00f3n perimetral para 1 canal; hasta 10 bases de datos faciales y 5000 im\u00e1genes de rostros; SMD Plus para 4 canales.<\/p>\n<p><img decoding=\"async\" class=\"overview-center-img-web\" src=\"https:\/\/tvc.mx\/media\/549459\/NVR_4k_16-CH_WizSense_144-Mbps_FR-PP-SMD_Dahua_DHI-NVR2116HS-I2_Over_Ppal.png\" alt=\"\" \/><\/div>\n<\/div>\n<div class=\"row align-items-center padding-bottom-2x\">\n<div class=\"col-md-5\"><img decoding=\"async\" class=\"d-block m-auto img-thumbnail\" src=\"https:\/\/tvc.mx\/media\/549471\/codificacion-h.265-dahua.png\" alt=\" \" \/><\/div>\n<div class=\"col-md-7 text-md-left text-center\">\n<h2>Decodificaci\u00f3n Smart H.265 +<\/h2>\n<p class=\"text-muted\">\n<p class=\"ql-align-justify\">La codificaci\u00f3n inteligente de Dahua H.265 + es la implementaci\u00f3n optimizada del c\u00f3dec H.265 que utiliza un algoritmo de control de velocidad de c\u00f3digo adaptable a la escena, lo que proporciona m\u00e1s eficiencia en el proceso de codificaci\u00f3n y un video superior calidad y reduciendo significativamente el costo de almacenamiento y transmisi\u00f3n. Este NVR admite la decodificaci\u00f3n correspondiente.<\/p>\n<p>&nbsp;<\/p>\n<\/div>\n<\/div>\n<hr class=\"padding-bottom-2x\" \/>\n<div class=\"row align-items-center padding-bottom-2x\">\n<div class=\"col-md-5 order-md-2\"><img decoding=\"async\" class=\"d-block m-auto img-thumbnail\" src=\"https:\/\/tvc.mx\/media\/549483\/Face-Recognition.png\" alt=\" \" \/><\/div>\n<div class=\"col-md-7 order-md-1 text-md-left text-center\">\n<h2>Reconocimiento facial<\/h2>\n<p class=\"text-muted\">\n<p class=\"ql-align-justify\">El reconocimiento facial consiste en descubrir el rostro capturado con las caracter\u00edsticas objetivo y compararlas con la base de datos de rostros para identificar al personal.<\/p>\n<p>&nbsp;<\/p>\n<\/div>\n<\/div>\n<hr class=\"padding-bottom-2x\" \/>\n<div class=\"row align-items-center padding-bottom-2x\">\n<div class=\"col-md-5\"><img decoding=\"async\" class=\"d-block m-auto img-thumbnail\" src=\"https:\/\/tvc.mx\/media\/549591\/NVR_4k_16-CH_WizSense_144-Mbps_FR-PP-SMD_Dahua_DHI-NVR2116HS-I2_Over_M.png\" alt=\" \" \/><\/div>\n<div class=\"col-md-7 text-md-left text-center\">\n<h2>Especificaciones<\/h2>\n<p class=\"text-muted\">\n<ul>\n<li>16 canales<\/li>\n<li>Ancho de banda de la red: IA desactivada: Acceso: 144 Mbps; Almacenamiento: 144 Mbps; Reenvio: 72 Mbps IA activada: Acceso: 72 Mbps; Almacenamiento: 72 Mbps; Reenviar: 36 Mbps<\/li>\n<li>Salida de video simult\u00e1nea 1 VGA \/ 1 HDMI por defecto<\/li>\n<li>Compresi\u00f3n: Inteligente H.265+; H.265; Inteligente H.264+; H.264; MJPEG<\/li>\n<li>SMD Plus por dispositivo 4 canales<\/li>\n<li>Rendimiento de reconocimiento facial de IA: 1 canal<\/li>\n<li>Desempe\u00f1o protecci\u00f3n perimetral AI: 1 canal<\/li>\n<li>Capacidad de la base de datos de rostros: Hasta 10 bases de datos de rostros con 5,000 im\u00e1genes de rostros en total<\/li>\n<li>Alarma Inteligente: Detecci\u00f3n de rostro; Reconocimiento facial; protecci\u00f3n perimetral (intrusi\u00f3n y tripwire); IVS; SMD plus.<\/li>\n<li>1 puerto SATA, hasta 10 TB<\/li>\n<li>1 puerto USB 2.0 frontal, 1 puerto USB 2.0 trasero<\/li>\n<li>Fuente de alimentaci\u00f3n: DC12V, 1.5A<\/li>\n<li>El consumo de energ\u00eda: La salida total de NVR es \u2264 10 W (sin HDD)<\/li>\n<li>Peso neto: 0,81 kg (1,79 libras)<\/li>\n<li>Temperatura de funcionamiento: \u201310 \u00b0C a +55 \u00b0C (+14 \u00b0F a +131 \u00b0F)<\/li>\n<\/ul>\n<\/div>\n<\/div>\n","protected":false},"excerpt":{"rendered":"<p>Informaci\u00f3n General Grabador de video en red compacto, WizSense de 16 canales, en formato de decodificaci\u00f3n Smart H.265+, de detecci\u00f3n y reconocimiento de rostros para 1 canal; Protecci\u00f3n perimetral para 1 canal; hasta 10 bases de datos faciales y 5000 im\u00e1genes de rostros; SMD Plus&hellip;<\/p>\n","protected":false},"featured_media":2410,"comment_status":"open","ping_status":"closed","template":"","meta":{"om_disable_all_campaigns":false,"_monsterinsights_skip_tracking":false,"_monsterinsights_sitenote_active":false,"_monsterinsights_sitenote_note":"","_monsterinsights_sitenote_category":0},"product_brand":[],"product_cat":[152],"product_tag":[66,58,150,151],"class_list":{"0":"post-2411","1":"product","2":"type-product","3":"status-publish","4":"has-post-thumbnail","6":"product_cat-nvrs-de-16-canales","7":"product_tag-dahua","8":"product_tag-dvr","9":"product_tag-nvr","10":"product_tag-seguridad","12":"first","13":"instock","14":"sale","15":"taxable","16":"shipping-taxable","17":"purchasable","18":"product-type-simple"},"aioseo_notices":[],"_links":{"self":[{"href":"https:\/\/tecsecmty.com\/index.php\/wp-json\/wp\/v2\/product\/2411","targetHints":{"allow":["GET"]}}],"collection":[{"href":"https:\/\/tecsecmty.com\/index.php\/wp-json\/wp\/v2\/product"}],"about":[{"href":"https:\/\/tecsecmty.com\/index.php\/wp-json\/wp\/v2\/types\/product"}],"replies":[{"embeddable":true,"href":"https:\/\/tecsecmty.com\/index.php\/wp-json\/wp\/v2\/comments?post=2411"}],"version-history":[{"count":0,"href":"https:\/\/tecsecmty.com\/index.php\/wp-json\/wp\/v2\/product\/2411\/revisions"}],"wp:featuredmedia":[{"embeddable":true,"href":"https:\/\/tecsecmty.com\/index.php\/wp-json\/wp\/v2\/media\/2410"}],"wp:attachment":[{"href":"https:\/\/tecsecmty.com\/index.php\/wp-json\/wp\/v2\/media?parent=2411"}],"wp:term":[{"taxonomy":"product_brand","embeddable":true,"href":"https:\/\/tecsecmty.com\/index.php\/wp-json\/wp\/v2\/product_brand?post=2411"},{"taxonomy":"product_cat","embeddable":true,"href":"https:\/\/tecsecmty.com\/index.php\/wp-json\/wp\/v2\/product_cat?post=2411"},{"taxonomy":"product_tag","embeddable":true,"href":"https:\/\/tecsecmty.com\/index.php\/wp-json\/wp\/v2\/product_tag?post=2411"}],"curies":[{"name":"wp","href":"https:\/\/api.w.org\/{rel}","templated":true}]}}