{"id":2413,"date":"2023-02-22T20:53:33","date_gmt":"2023-02-23T02:53:33","guid":{"rendered":"https:\/\/tecsecmty.com\/index.php\/producto\/dahua-nvr2216-16p-i2-nvr-de-8-megapixeles-16-canales-ip-wizsense-4k-con-ia-16-puertos-poe-2-bahias-de-discos-duros-1-ch-de-reconocimiento-facial-y-fd-10-bases-de-datos-de-rostros-h-265-sm\/"},"modified":"2023-03-22T23:23:00","modified_gmt":"2023-03-23T05:23:00","slug":"dahua-nvr2216-16p-i2-nvr-de-8-megapixeles-16-canales-ip-wizsense-4k-con-ia-16-puertos-poe-2-bahias-de-discos-duros-1-ch-de-reconocimiento-facial-y-fd-10-bases-de-datos-de-rostros-h-265-sm","status":"publish","type":"product","link":"https:\/\/tecsecmty.com\/index.php\/producto\/dahua-nvr2216-16p-i2-nvr-de-8-megapixeles-16-canales-ip-wizsense-4k-con-ia-16-puertos-poe-2-bahias-de-discos-duros-1-ch-de-reconocimiento-facial-y-fd-10-bases-de-datos-de-rostros-h-265-sm\/","title":{"rendered":"DAHUA NVR2216-16P-I2 &#8211; NVR de 8 Megapixeles \/16 Canales IP\/ WizSense\/ 4k Con IA\/ 16 Puertos PoE\/ 2 Bah\u00edas de Discos Duros \/ 1 Ch de Reconocimiento Facial y FD\/ 10 Bases de Datos de Rostros\/ H.265+\/ SMD Plus\/ Soporta Camaras con IA\/"},"content":{"rendered":"<div class=\"row aling-items-center padding-bottom-2x\">\n<div class=\"col-lg-12\">\n<h5 class=\"card-title text-center\">Informaci\u00f3n General<\/h5>\n<p>Esta grabadora de video en red con IA es un producto altamente rentable que brinda funciones como vista local en vivo, visualizaci\u00f3n en m\u00faltiples pantallas, almacenamiento en tiempo real en HDD local, operaci\u00f3n r\u00e1pida con mouse y administraci\u00f3n y control remotos. Este producto es adecuado para la detecci\u00f3n y reconocimiento de rostros en entradas y salidas, y protecci\u00f3n perimetral de personas y veh\u00edculos.<\/p>\n<p><img decoding=\"async\" class=\"overview-center-img-web\" src=\"https:\/\/tvc.mx\/media\/471200\/nvr-de-16-canales-tecnologia-wizsense-h.265-NVR2216-16P-I2-Dahua.png\" alt=\"\" \/><\/div>\n<\/div>\n<div class=\"row align-items-center padding-bottom-2x\">\n<div class=\"col-md-5\"><img decoding=\"async\" class=\"d-block m-auto img-thumbnail\" src=\"https:\/\/tvc.mx\/media\/471202\/reconocimiento-facial-dahua.png\" alt=\" \" \/><\/div>\n<div class=\"col-md-7 text-md-left text-center\">\n<h2>Detecci\u00f3n de rostro<\/h2>\n<p class=\"text-muted\">\n<p>La detecci\u00f3n de rostros es para detectar si aparece alg\u00fan rostro humano en el video. Esta tecnolog\u00eda adopta un algoritmo de aprendizaje profundo para admitir la detecci\u00f3n, el seguimiento, la optimizaci\u00f3n y la captura de rostros, y luego genera la mejor instant\u00e1nea del rostro.<\/p>\n<p>&nbsp;<\/p>\n<\/div>\n<\/div>\n<hr class=\"padding-bottom-2x\" \/>\n<div class=\"row align-items-center padding-bottom-2x\">\n<div class=\"col-md-5 order-md-2\"><img decoding=\"async\" class=\"d-block m-auto img-thumbnail\" src=\"https:\/\/tvc.mx\/media\/471204\/proteccion-perimetral-dahua.png\" alt=\" \" \/><\/div>\n<div class=\"col-md-7 order-md-1 text-md-left text-center\">\n<h2>Protecci\u00f3n perimetral<\/h2>\n<p class=\"text-muted\">\n<p>Filtrado autom\u00e1tico de falsas alarmas causadas por animales, hojas que se mueven, luces brillantes, etc. Permite que el sistema realice un reconocimiento secundario de los objetivos. Mejora de la precisi\u00f3n de las alarmas.<\/p>\n<p>&nbsp;<\/p>\n<\/div>\n<\/div>\n<hr class=\"padding-bottom-2x\" \/>\n<div class=\"row align-items-center padding-bottom-2x\">\n<div class=\"col-md-5\"><img decoding=\"async\" class=\"d-block m-auto img-thumbnail\" src=\"https:\/\/tvc.mx\/media\/471206\/SMD-plus-Dahua.png\" alt=\" \" \/><\/div>\n<div class=\"col-md-7 text-md-left text-center\">\n<h2>SMD Plus<\/h2>\n<p class=\"text-muted\">\n<p>Con un algoritmo inteligente, la tecnolog\u00eda de detecci\u00f3n de movimiento inteligente de Dahua puede categorizar los objetivos que activan la detecci\u00f3n de movimiento y filtrar la alarma de detecci\u00f3n de movimiento activada por objetivos no afectados para generar una alarma efectiva y precisa.<\/p>\n<p>&nbsp;<\/p>\n<\/div>\n<\/div>\n<hr class=\"padding-bottom-2x\" \/>\n<div class=\"row align-items-center padding-bottom-2x\">\n<div class=\"col-md-5 order-md-2\"><img decoding=\"async\" class=\"d-block m-auto img-thumbnail\" src=\"https:\/\/tvc.mx\/media\/471208\/Metadatos-dahua.png\" alt=\" \" \/><\/div>\n<div class=\"col-md-7 order-md-1 text-md-left text-center\">\n<h2>B\u00fasqueda de IA<\/h2>\n<p class=\"text-muted\">\n<p>Admite la b\u00fasqueda de IA por metadatos de diferentes objetivos o la carga de im\u00e1genes de rostros en el dispositivo y la comparaci\u00f3n con rostros grabados por similitud. Permita que los operadores busquen r\u00e1pida y f\u00e1cilmente a trav\u00e9s de m\u00faltiples canales y de larga duraci\u00f3n, averig\u00fcen de manera eficiente cu\u00e1ndo y d\u00f3nde apareci\u00f3 una persona de inter\u00e9s.<\/p>\n<p>&nbsp;<\/p>\n<\/div>\n<\/div>\n<hr class=\"padding-bottom-2x\" \/>\n<div class=\"row align-items-center padding-bottom-2x\">\n<div class=\"col-md-5\"><img decoding=\"async\" class=\"d-block m-auto img-thumbnail\" src=\"https:\/\/tvc.mx\/media\/471210\/tabla-de-compayibilidad-de-HDD-para-equipo-dahua.png\" alt=\" \" \/><\/div>\n<div class=\"col-md-7 text-md-left text-center\">\n<h2>Tabla de compatibilidad HDD<\/h2>\n<p class=\"text-muted\">\n<p>El almacenamiento es parte fundamental de un sistema de videovigilancia por tal motivo te recomendamos revisar nuestra lista de compatibilidad antes de seleccionar un disco duro (HDD).<\/p>\n<p>https:\/\/foro.tvc.mx\/docs\/lista-compatibilidad-hdd<\/p>\n<p>&nbsp;<\/p>\n<\/div>\n<\/div>\n<hr class=\"padding-bottom-2x\" \/>\n<div class=\"row align-items-center padding-bottom-2x\">\n<div class=\"col-md-5 order-md-2\"><img decoding=\"async\" class=\"d-block m-auto img-thumbnail\" src=\"https:\/\/tvc.mx\/media\/471212\/nvr-de-16-canales-tecnologia-wizsense-h.265-NVR2216-16P-I2-Dahua-caracteristicas.png\" alt=\" \" \/><\/div>\n<div class=\"col-md-7 order-md-1 text-md-left text-center\">\n<h2>Principales Caracter\u00edsticas<\/h2>\n<p class=\"text-muted\">\n<ul>\n<li>Formato de decodificaci\u00f3n Smart H.265+\/H.265\/Smart H.264+\/H.264\/MJPEG<\/li>\n<li>Admite decodificaci\u00f3n adaptativa<\/li>\n<li>Detecci\u00f3n y reconocimiento de rostros de 1 canal (IA por NVR)<\/li>\n<li>Protecci\u00f3n perimetral de 1 canal (IA por NVR)<\/li>\n<li>SMD Plus de 4 canales (AI por NVR)<\/li>\n<li>IA por c\u00e1mara: Detecci\u00f3n y reconocimiento de rostros, protecci\u00f3n perimetral y SMD Plus<\/li>\n<li>Conectado a las c\u00e1maras de red de terceros<\/li>\n<\/ul>\n<p>&nbsp;<\/p>\n<\/div>\n<\/div>\n<hr class=\"padding-bottom-2x\" \/>\n<div class=\"row align-items-center padding-bottom-2x\">\n<div class=\"col-md-5 order-md-2\"><img decoding=\"async\" class=\"d-block m-auto img-thumbnail\" src=\"https:\/\/tvc.mx\/media\/471214\/nvr-de-16-canales-tecnologia-wizsense-h.265-NVR2216-16P-I2-Dahua-especificaciones.png\" alt=\" \" \/><\/div>\n<div class=\"col-md-7 order-md-1 text-md-left text-center\">\n<h2>Especificaciones<\/h2>\n<p class=\"text-muted\">\n<ul>\n<li>16 canales<\/li>\n<li>IA desactivada: Acceso: 144 Mbps; Almacenamiento: 144 Mbps; Reenviar: 72 Mbps<\/li>\n<li>IA activada: Acceso: 72 Mbps; Almacenamiento: 72 Mbps; Reenviar: 36 Mbps<\/li>\n<li>Inteligente H.265+; H.265; Inteligente H.264+; H.264; MJPEG<\/li>\n<li>Detecci\u00f3n de rostro; Reconocimiento facial; protecci\u00f3n perimetral; SMD m\u00e1s<\/li>\n<li>6 atributos: G\u00e9nero; grupo de edad (6); vasos; expresiones (8); m\u00e1scara de la boca; barba<\/li>\n<li>Hasta 10 bases de datos de rostros con 5000 im\u00e1genes<\/li>\n<li>registro manual; grabaciones de alarma; grabaciones de detecci\u00f3n de movimiento; grabaciones programadas<\/li>\n<li>2 puertos SATA, hasta 10 TB<\/li>\n<li>1 \u00d7 USB 2.0 frontal; 1 \u00d7 USB 2.0 trasero<\/li>\n<li>16 \u00d7 puertos PoE, 10\/100 Mbps<\/li>\n<li>Fuente de alimentaci\u00f3n 100-240 V, 47-63 Hz, 3,5 A<\/li>\n<\/ul>\n<\/div>\n<\/div>\n","protected":false},"excerpt":{"rendered":"<p>Informaci\u00f3n General Esta grabadora de video en red con IA es un producto altamente rentable que brinda funciones como vista local en vivo, visualizaci\u00f3n en m\u00faltiples pantallas, almacenamiento en tiempo real en HDD local, operaci\u00f3n r\u00e1pida con mouse y administraci\u00f3n y control remotos. Este producto&hellip;<\/p>\n","protected":false},"featured_media":2412,"comment_status":"open","ping_status":"closed","template":"","meta":{"om_disable_all_campaigns":false,"_monsterinsights_skip_tracking":false,"_monsterinsights_sitenote_active":false,"_monsterinsights_sitenote_note":"","_monsterinsights_sitenote_category":0},"product_brand":[],"product_cat":[152],"product_tag":[66,58,150,151],"class_list":{"0":"post-2413","1":"product","2":"type-product","3":"status-publish","4":"has-post-thumbnail","6":"product_cat-nvrs-de-16-canales","7":"product_tag-dahua","8":"product_tag-dvr","9":"product_tag-nvr","10":"product_tag-seguridad","12":"first","13":"instock","14":"sale","15":"taxable","16":"shipping-taxable","17":"purchasable","18":"product-type-simple"},"aioseo_notices":[],"_links":{"self":[{"href":"https:\/\/tecsecmty.com\/index.php\/wp-json\/wp\/v2\/product\/2413","targetHints":{"allow":["GET"]}}],"collection":[{"href":"https:\/\/tecsecmty.com\/index.php\/wp-json\/wp\/v2\/product"}],"about":[{"href":"https:\/\/tecsecmty.com\/index.php\/wp-json\/wp\/v2\/types\/product"}],"replies":[{"embeddable":true,"href":"https:\/\/tecsecmty.com\/index.php\/wp-json\/wp\/v2\/comments?post=2413"}],"version-history":[{"count":0,"href":"https:\/\/tecsecmty.com\/index.php\/wp-json\/wp\/v2\/product\/2413\/revisions"}],"wp:featuredmedia":[{"embeddable":true,"href":"https:\/\/tecsecmty.com\/index.php\/wp-json\/wp\/v2\/media\/2412"}],"wp:attachment":[{"href":"https:\/\/tecsecmty.com\/index.php\/wp-json\/wp\/v2\/media?parent=2413"}],"wp:term":[{"taxonomy":"product_brand","embeddable":true,"href":"https:\/\/tecsecmty.com\/index.php\/wp-json\/wp\/v2\/product_brand?post=2413"},{"taxonomy":"product_cat","embeddable":true,"href":"https:\/\/tecsecmty.com\/index.php\/wp-json\/wp\/v2\/product_cat?post=2413"},{"taxonomy":"product_tag","embeddable":true,"href":"https:\/\/tecsecmty.com\/index.php\/wp-json\/wp\/v2\/product_tag?post=2413"}],"curies":[{"name":"wp","href":"https:\/\/api.w.org\/{rel}","templated":true}]}}