{"id":2417,"date":"2023-02-22T20:53:37","date_gmt":"2023-02-23T02:53:37","guid":{"rendered":"https:\/\/tecsecmty.com\/index.php\/producto\/dahua-nvr5416p-4ks2e-nvr-16-canales-4k-h265-rendimiento-320-mbps-8-puertos-con-tecnologia-epoe-hasta-800m-16-poe-2-hdmi-pos-4-puertos-sata-dewarping\/"},"modified":"2023-03-22T23:23:00","modified_gmt":"2023-03-23T05:23:00","slug":"dahua-nvr5416p-4ks2e-nvr-16-canales-4k-h265-rendimiento-320-mbps-8-puertos-con-tecnologia-epoe-hasta-800m-16-poe-2-hdmi-pos-4-puertos-sata-dewarping","status":"publish","type":"product","link":"https:\/\/tecsecmty.com\/index.php\/producto\/dahua-nvr5416p-4ks2e-nvr-16-canales-4k-h265-rendimiento-320-mbps-8-puertos-con-tecnologia-epoe-hasta-800m-16-poe-2-hdmi-pos-4-puertos-sata-dewarping\/","title":{"rendered":"DAHUA NVR5416P-4KS2E &#8211; NVR 16 Canales 4K\/ H265+\/ Rendimiento 320 Mbps\/ 8 Puertos con Tecnologia ePoE hasta 800M\/ 16 PoE\/ 2 HDMI\/ POS\/ 4 Puertos SATA\/ Dewarping"},"content":{"rendered":"<div class=\"row aling-items-center padding-bottom-2x\">\n<div class=\"col-lg-12\">\n<h5 class=\"card-title text-center\">Informaci\u00f3n general.<\/h5>\n<p>El\u00a0<strong>NVR5416P4KS2E<\/strong>\u00a0es un NVR\u00a0de 16 canales de video aceptando c\u00e1maras de 12MP en cada uno de sus canales, cuenta con 16 puertos PoE y 8 puertos EPoE para alimentaci\u00f3n v\u00eda Ethernet. El NVR tiene compresi\u00f3n de video\u00a0<strong>H.265+<\/strong>, permitiendo tener un mayor almacenamiento. Una de las principales caracter\u00edsticas de esta serie es el\u00a0<strong>Dewarping<\/strong>\u00a0con las c\u00e1maras Dahua Fisheye IP.<\/p>\n<p class=\"ql-align-justify\"><strong>Nota:<\/strong>\u00a0Por seguridad es obligatorio cambiar la contrase\u00f1a de fabrica del dispositivo.<\/p>\n<p><img decoding=\"async\" class=\"overview-center-img-web\" src=\"https:\/\/tvc.mx\/media\/471582\/nvr-16-canales-epoe-hdmi-h.265--NVR54-16P-4KS2E-Dahua.png\" alt=\"\" \/><\/div>\n<\/div>\n<div class=\"row align-items-center padding-bottom-2x\">\n<div class=\"col-md-5\"><img decoding=\"async\" class=\"d-block m-auto img-thumbnail\" src=\"https:\/\/tvc.mx\/media\/471584\/Dewarping-Dahua.png\" alt=\" \" \/><\/div>\n<div class=\"col-md-7 text-md-left text-center\">\n<h2>Funci\u00f3n Dewarping.<\/h2>\n<p class=\"text-muted\">\n<p class=\"ql-align-justify\">Dewarping es una funci\u00f3n realizada por el NVR con c\u00e1maras Fisheye permitiendo realizar la descomposici\u00f3n de la vista principal (360\u00ba) y partiendo la imagen de forma digital en diferentes regiones o vistas.\u00a0Esta funci\u00f3n la pueden realizar diferentes NVRS de Dahua o incluso el software (SmartPSS), este tipo de NVR nos permite hacer la funci\u00f3n Dewarping incluso en las grabaciones.<\/p>\n<p>&nbsp;<\/p>\n<\/div>\n<\/div>\n<hr class=\"padding-bottom-2x\" \/>\n<div class=\"row align-items-center padding-bottom-2x\">\n<div class=\"col-md-5 order-md-2\"><img decoding=\"async\" class=\"d-block m-auto img-thumbnail\" src=\"https:\/\/tvc.mx\/media\/471586\/codificacion-h.265-dahua.png\" alt=\" \" \/><\/div>\n<div class=\"col-md-7 order-md-1 text-md-left text-center\">\n<h2>H.265+.<\/h2>\n<p class=\"text-muted\">\n<p class=\"ql-align-justify\">Dahua ha optimizado H.265 con su c\u00f3dec Smart H.265 +, proporcionando hasta 80% de ahorro de ancho de banda y almacenamiento sobre el est\u00e1ndar H.264. Cuatro tecnolog\u00edas innovadoras trabajan en conjunto para hacer que Smart H.265 + sea tan potente<\/p>\n<p class=\"ql-align-justify\"><strong>\u00bfC\u00f3mo?<\/strong><\/p>\n<p class=\"ql-align-justify\">H.265 + toma una imagen de un entorno estable, lo utiliza como marco de fondo y se centra s\u00f3lo en los objetos en movimiento. Cuando hay una interrupci\u00f3n en el \u00e1rea de vigilancia, H265 + toma la imagen del objeto en movimiento y lo utiliza como marco de referencia. Si el objeto sigue movi\u00e9ndose, el sistema s\u00f3lo agrega datos de objetos en movimiento.<\/p>\n<p>&nbsp;<\/p>\n<\/div>\n<\/div>\n<hr class=\"padding-bottom-2x\" \/>\n<div class=\"row align-items-center padding-bottom-2x\">\n<div class=\"col-md-5\"><img decoding=\"async\" class=\"d-block m-auto img-thumbnail\" src=\"https:\/\/tvc.mx\/media\/471588\/IVS-Dahua.png\" alt=\" \" \/><\/div>\n<div class=\"col-md-7 text-md-left text-center\">\n<h2>Funciones IVS.<\/h2>\n<p class=\"text-muted\">\n<p>Con un an\u00e1lisis de video inteligente, el NVR tiene la capacidad de detectar y analizar objetos en movimiento para una video vigilancia mejorada, soporta las siguientes funciones:<\/p>\n<p>\u2022Intrusi\u00f3n.<\/p>\n<p>\u2022Cruce de l\u00ednea.<\/p>\n<p>\u2022Objeto abandonado\/perdido.<\/p>\n<p>\u2022Detecci\u00f3n de rostros.<\/p>\n<p>&nbsp;<\/p>\n<\/div>\n<\/div>\n<hr class=\"padding-bottom-2x\" \/>\n<div class=\"row align-items-center padding-bottom-2x\">\n<div class=\"col-md-5 order-md-2\"><img decoding=\"async\" class=\"d-block m-auto img-thumbnail\" src=\"https:\/\/tvc.mx\/media\/471590\/tabla-de-compayibilidad-de-HDD-para-equipo-dahua.png\" alt=\" \" \/><\/div>\n<div class=\"col-md-7 order-md-1 text-md-left text-center\">\n<h2>Tabla de compatibilidad HDD<\/h2>\n<p class=\"text-muted\">\n<p>El almacenamiento es parte fundamental de un sistema de videovigilancia por tal motivo te recomendamos revisar nuestra lista de compatibilidad antes de seleccionar un disco duro (HDD).<\/p>\n<p>https:\/\/foro.tvc.mx\/docs\/lista-compatibilidad-hdd<\/p>\n<p>&nbsp;<\/p>\n<\/div>\n<\/div>\n<hr class=\"padding-bottom-2x\" \/>\n<div class=\"row align-items-center padding-bottom-2x\">\n<div class=\"col-md-5\"><img decoding=\"async\" class=\"d-block m-auto img-thumbnail\" src=\"https:\/\/tvc.mx\/media\/471592\/nvr-16-canales-epoe-hdmi-h.265--NVR54-16P-4KS2E-Dahua-caracteristicas.png\" alt=\" \" \/><\/div>\n<div class=\"col-md-7 text-md-left text-center\">\n<h2>Principales caracter\u00edsticas.<\/h2>\n<p class=\"text-muted\">\n<ul>\n<li>Inteligente H.265 + \/ H.265 \/ Inteligente H.264 + \/ H.264 \/ MJPEG<\/li>\n<li>Ancho de banda entrante m\u00e1ximo de 320 Mbps<\/li>\n<li>Resoluci\u00f3n de hasta 12 MP para vista previa y reproducci\u00f3n<\/li>\n<li>Salida de video simult\u00e1nea 2HDMI \/ 2VGA<\/li>\n<li>1-8 puertos PoE compatibles con ePoE y EoC de 800 m<\/li>\n<\/ul>\n<p>&nbsp;<\/p>\n<\/div>\n<\/div>\n<hr class=\"padding-bottom-2x\" \/>\n<div class=\"row align-items-center padding-bottom-2x\">\n<div class=\"col-md-5 order-md-2\"><img decoding=\"async\" class=\"d-block m-auto img-thumbnail\" src=\"https:\/\/tvc.mx\/media\/471594\/nvr-16-canales-epoe-hdmi-h.265--NVR54-16P-4KS2E-Dahua-especificaciones.png\" alt=\" \" \/><\/div>\n<div class=\"col-md-7 order-md-1 text-md-left text-center\">\n<h2>Especificaciones<\/h2>\n<p class=\"text-muted\">\n<ul>\n<li>16 canales<\/li>\n<li>2 HDMI, 2 VGA<\/li>\n<li>Compresi\u00f3n Inteligente H.265 + \/ H.265 \/ Inteligente H.264 + \/ H.264 \/ MJPEG<\/li>\n<li>Eventos desencadenantes: Sugerencias de grabaci\u00f3n, PTZ, Tour, AlarmOut, Video Push, Correo electr\u00f3nico, Instant\u00e1nea, Zumbador y Pantalla<\/li>\n<li>4 puertos SATA III, hasta 10 TB de capacidad para cada HDD<\/li>\n<li>1 eSATA<\/li>\n<li>3 puertos USB (2 USB 3.0 posteriores, 1 USB 2.0 frontal)<\/li>\n<li>RS232 1 puerto, para comunicaci\u00f3n con PC y teclado<\/li>\n<li>RS485\u00a01 puerto, para control PTZ<\/li>\n<li>Fuente de alimentaci\u00f3n Sencillo, AC100V ~ 240V, 50 ~ 60 Hz<\/li>\n<\/ul>\n<\/div>\n<\/div>\n","protected":false},"excerpt":{"rendered":"<p>Informaci\u00f3n general. El\u00a0NVR5416P4KS2E\u00a0es un NVR\u00a0de 16 canales de video aceptando c\u00e1maras de 12MP en cada uno de sus canales, cuenta con 16 puertos PoE y 8 puertos EPoE para alimentaci\u00f3n v\u00eda Ethernet. El NVR tiene compresi\u00f3n de video\u00a0H.265+, permitiendo tener un mayor almacenamiento. Una de&hellip;<\/p>\n","protected":false},"featured_media":2416,"comment_status":"open","ping_status":"closed","template":"","meta":{"om_disable_all_campaigns":false,"_monsterinsights_skip_tracking":false,"_monsterinsights_sitenote_active":false,"_monsterinsights_sitenote_note":"","_monsterinsights_sitenote_category":0},"product_brand":[],"product_cat":[152],"product_tag":[66,58,150,151],"class_list":{"0":"post-2417","1":"product","2":"type-product","3":"status-publish","4":"has-post-thumbnail","6":"product_cat-nvrs-de-16-canales","7":"product_tag-dahua","8":"product_tag-dvr","9":"product_tag-nvr","10":"product_tag-seguridad","12":"first","13":"instock","14":"sale","15":"taxable","16":"shipping-taxable","17":"purchasable","18":"product-type-simple"},"aioseo_notices":[],"_links":{"self":[{"href":"https:\/\/tecsecmty.com\/index.php\/wp-json\/wp\/v2\/product\/2417","targetHints":{"allow":["GET"]}}],"collection":[{"href":"https:\/\/tecsecmty.com\/index.php\/wp-json\/wp\/v2\/product"}],"about":[{"href":"https:\/\/tecsecmty.com\/index.php\/wp-json\/wp\/v2\/types\/product"}],"replies":[{"embeddable":true,"href":"https:\/\/tecsecmty.com\/index.php\/wp-json\/wp\/v2\/comments?post=2417"}],"version-history":[{"count":0,"href":"https:\/\/tecsecmty.com\/index.php\/wp-json\/wp\/v2\/product\/2417\/revisions"}],"wp:featuredmedia":[{"embeddable":true,"href":"https:\/\/tecsecmty.com\/index.php\/wp-json\/wp\/v2\/media\/2416"}],"wp:attachment":[{"href":"https:\/\/tecsecmty.com\/index.php\/wp-json\/wp\/v2\/media?parent=2417"}],"wp:term":[{"taxonomy":"product_brand","embeddable":true,"href":"https:\/\/tecsecmty.com\/index.php\/wp-json\/wp\/v2\/product_brand?post=2417"},{"taxonomy":"product_cat","embeddable":true,"href":"https:\/\/tecsecmty.com\/index.php\/wp-json\/wp\/v2\/product_cat?post=2417"},{"taxonomy":"product_tag","embeddable":true,"href":"https:\/\/tecsecmty.com\/index.php\/wp-json\/wp\/v2\/product_tag?post=2417"}],"curies":[{"name":"wp","href":"https:\/\/api.w.org\/{rel}","templated":true}]}}