{"id":2421,"date":"2023-02-22T20:53:42","date_gmt":"2023-02-23T02:53:42","guid":{"rendered":"https:\/\/tecsecmty.com\/index.php\/producto\/dahua-nvr4232-16p-4ks2-l-nvr-de-8-megapixeles-4k-32-canales-ip-16-puertos-poe-rendimiento-de-160-mbps-smart-h-265-2-bahias-de-disco-duro-42-es-de-alarma-soporta-camaras-wizsense\/"},"modified":"2023-03-22T23:23:00","modified_gmt":"2023-03-23T05:23:00","slug":"dahua-nvr4232-16p-4ks2-l-nvr-de-8-megapixeles-4k-32-canales-ip-16-puertos-poe-rendimiento-de-160-mbps-smart-h-265-2-bahias-de-disco-duro-42-es-de-alarma-soporta-camaras-wizsense","status":"publish","type":"product","link":"https:\/\/tecsecmty.com\/index.php\/producto\/dahua-nvr4232-16p-4ks2-l-nvr-de-8-megapixeles-4k-32-canales-ip-16-puertos-poe-rendimiento-de-160-mbps-smart-h-265-2-bahias-de-disco-duro-42-es-de-alarma-soporta-camaras-wizsense\/","title":{"rendered":"DAHUA NVR4232-16P-4KS2\/L &#8211; NVR de 8 Megapixeles\/ 4k\/ 32 Canales IP\/ 16 Puertos PoE\/ Rendimiento de 160 Mbps\/ Smart H.265+\/ 2 Bahias de Disco Duro\/ 4&amp;2 E&amp;S de Alarma\/ Soporta Camaras WizSense\/"},"content":{"rendered":"<div class=\"row aling-items-center padding-bottom-2x\">\n<div class=\"col-lg-12\">\n<h5 class=\"card-title text-center\">Informaci\u00f3n General<\/h5>\n<p>El\u00a0<strong>NVR4232-16P-4KS2\/L\u00a0<\/strong>es un potente grabador de red\u00a0para c\u00e1maras Ip\u00a0de\u00a032 canales con 16 puertos PoE, soporta grabaciones 4K ultra HD (3840 x 2160) en visualizaci\u00f3n y reproducci\u00f3n.\u00a0Para\u00a0optimizar el consumo de espacio\u00a0de disco duro cuenta con la compresi\u00f3n inteligente de video H265+, un\u00a0rendimiento de acceso de 160 Mbps y 128 Mbps de grabaci\u00f3n.<\/p>\n<p><img decoding=\"async\" class=\"overview-center-img-web\" src=\"https:\/\/tvc.mx\/media\/402415\/Dahua---NVR4232-16P-4KS2L-32-canales-4k-16poe-2bahias-h.265-alarmas-face-detection-smd-plus-proteccion-perimetral-imgpal.png\" alt=\"\" \/><\/div>\n<\/div>\n<div class=\"row align-items-center padding-bottom-2x\">\n<div class=\"col-md-5 order-md-2\"><img decoding=\"async\" class=\"d-block m-auto img-thumbnail\" src=\"https:\/\/tvc.mx\/media\/402419\/codificacion-h.265-dahua.png\" alt=\" \" \/><\/div>\n<div class=\"col-md-7 order-md-1 text-md-left text-center\">\n<h2>Codificaci\u00f3n Inteligente<\/h2>\n<p class=\"text-muted\">\n<p>El grabador\u00a0<strong>NVR4232-16P-4KS2\/L<\/strong>\u00a0cuenta con\u00a0el\u00a0<strong>c\u00f3dec<\/strong>\u00a0de compresi\u00f3n de video optimizado\u00a0<strong>Smart<\/strong>\u00a0<strong>H.265+<\/strong>\u00a0, es una colecci\u00f3n de algoritmos de codificaci\u00f3n inteligente que utiliza t\u00e9cnicas para reducir la tasa de bits de transmisi\u00f3n y la capacidad de almacenamiento.\u00a0El procedimiento consiste en tomar una imagen de un entorno us\u00e1ndolo como marco de fondo y se enfoca solo en los objetos en movimiento, despu\u00e9s de la separaci\u00f3n var\u00eda los niveles de compresi\u00f3n seg\u00fan las diferentes regiones de inter\u00e9s<\/p>\n<p>&nbsp;<\/p>\n<\/div>\n<\/div>\n<hr class=\"padding-bottom-2x\" \/>\n<div class=\"row align-items-center padding-bottom-2x\">\n<div class=\"col-md-5\"><img decoding=\"async\" class=\"d-block m-auto img-thumbnail\" src=\"https:\/\/tvc.mx\/media\/402423\/reconocimiento-facial-dahua.png\" alt=\" \" \/><\/div>\n<div class=\"col-md-7 text-md-left text-center\">\n<h2>Detecci\u00f3n Facial<\/h2>\n<p class=\"text-muted\">\n<p>El grabador soporta la funci\u00f3n\u00a0<strong>Face Detection<\/strong>, esta es una aplicaci\u00f3n de software que captura autom\u00e1ticamente los rostros desde una imagen digital o un fotograma proveniente de una c\u00e1mara, con esta informaci\u00f3n y utilizando algoritmos avanzados de aprendizaje profundo, proporciona funciones como detecci\u00f3n y comparaci\u00f3n de rostros, b\u00fasqueda inteligente, b\u00fasqueda de im\u00e1genes de rostros que son excelentes para mejorar la experiencia del usuario.\u00a0<em>* Requiere que la c\u00e1mara tenga la funci\u00f3n integrada<\/em><\/p>\n<p>&nbsp;<\/p>\n<\/div>\n<\/div>\n<hr class=\"padding-bottom-2x\" \/>\n<div class=\"row align-items-center padding-bottom-2x\">\n<div class=\"col-md-5 order-md-2\"><img decoding=\"async\" class=\"d-block m-auto img-thumbnail\" src=\"https:\/\/tvc.mx\/media\/402427\/SMD-plus-Dahua.png\" alt=\" \" \/><\/div>\n<div class=\"col-md-7 order-md-1 text-md-left text-center\">\n<h2>SMD Plus<\/h2>\n<p class=\"text-muted\">\n<p>El grabador soporta la funci\u00f3n\u00a0<strong>SMD Plus\u00a0<\/strong>gracias al algoritmo de aprendizaje profundo, puede reducir significativamente las falsas alarmas y brindar un rendimiento de mayor precisi\u00f3n a los usuarios finales. La capacidad\u00a0para filtrar las falsas alarmas causadas por animales, hojas, luces brillantes, etc. permite el reconocimiento secundario de los objetivos, lo que mejora la precisi\u00f3n de la alarma.\u00a0<em>* Requiere que la c\u00e1mara tenga la funci\u00f3n integrada<\/em><\/p>\n<p>&nbsp;<\/p>\n<\/div>\n<\/div>\n<hr class=\"padding-bottom-2x\" \/>\n<div class=\"row align-items-center padding-bottom-2x\">\n<div class=\"col-md-5\"><img decoding=\"async\" class=\"d-block m-auto img-thumbnail\" src=\"https:\/\/tvc.mx\/media\/402431\/proteccion-perimetral-dahua.png\" alt=\" \" \/><\/div>\n<div class=\"col-md-7 text-md-left text-center\">\n<h2>Protecci\u00f3n Perimetral<\/h2>\n<p class=\"text-muted\">\n<p>La soluci\u00f3n de\u00a0<strong>Protecci\u00f3n Perimetral<\/strong>\u00a0de Dahua est\u00e1 dise\u00f1ada para proporcionar un sistema visual de alta eficiencia, confiable, rentable y con tecnolog\u00eda de inteligencia artificial. Con el soporte de los anal\u00edticos IVS como<strong>\u00a0Intrusi\u00f3n y Tripwire<\/strong>\u00a0ofrece alertas de intrusi\u00f3n precisas y predictivas, y registrar informaci\u00f3n visual detallada en el momento adecuado.\u00a0<em>* Requiere que la c\u00e1mara tenga la funci\u00f3n integrada<\/em><\/p>\n<p>&nbsp;<\/p>\n<\/div>\n<\/div>\n<hr class=\"padding-bottom-2x\" \/>\n<div class=\"row align-items-center padding-bottom-2x\">\n<div class=\"col-md-5 order-md-2\"><img decoding=\"async\" class=\"d-block m-auto img-thumbnail\" src=\"https:\/\/tvc.mx\/media\/402435\/Conteo-de-personas-Dahua.png\" alt=\" \" \/><\/div>\n<div class=\"col-md-7 order-md-1 text-md-left text-center\">\n<h2>Conteo de Personas<\/h2>\n<p class=\"text-muted\">\n<p>El grabador tiene soporte para la funci\u00f3n de\u00a0<strong>Conteo de Personas,\u00a0<\/strong>este puede rastrear y procesar objetivos del cuerpo humano en movimiento para darse cuenta de la estad\u00edsticas precisas de n\u00famero de entrada, n\u00famero de licencia y n\u00famero de \u00e1rea en trabajo plataforma de gesti\u00f3n, genera informes anuales \/ mensuales \/ diarios para cumplir sus requerimientos.\u00a0<em>* Requiere que la c\u00e1mara tenga la funci\u00f3n integrada<\/em><\/p>\n<p>&nbsp;<\/p>\n<\/div>\n<\/div>\n<hr class=\"padding-bottom-2x\" \/>\n<div class=\"row align-items-center padding-bottom-2x\">\n<div class=\"col-md-5\"><img decoding=\"async\" class=\"d-block m-auto img-thumbnail\" src=\"https:\/\/tvc.mx\/media\/402439\/Dahua---NVR4232-16P-4KS2L-32-canales-4k-16poe-2bahias-h.265-alarmas-face-detection-smd-plus-proteccion-perimetral-caracteristicas.png\" alt=\" \" \/><\/div>\n<div class=\"col-md-7 text-md-left text-center\">\n<h2>Principales Caracter\u00edsticas<\/h2>\n<p class=\"text-muted\">\n<ul>\n<li>\u00a0Nueva interfaz de usuario 4.0, Security baseline 2.1<\/li>\n<li>H.264, H.265, Smart H.264 + y Smart H.265 +. Detector magn\u00e9tico H.265<\/li>\n<li>Max. capacidad de decodificaci\u00f3n: 8 \u00d7 1080p @ 30 fps. Admite decodificaci\u00f3n adaptativa<\/li>\n<li>Admite c\u00e1maras convencionales de protocolos ONVIF y RTSP<\/li>\n<li>Vigilancia remota P2P, reproducci\u00f3n de video en dispositivo m\u00f3vil<\/li>\n<li>Salida de video simult\u00e1nea VGA \/ HDMI, la resoluci\u00f3n m\u00e1xima de HDMI es 4K<\/li>\n<li>AI por c\u00e1mara: detecci\u00f3n de rostros, protecci\u00f3n perimetral, IVS, conteo de personas, mapa de calor y SMD<\/li>\n<li>Admite la configuraci\u00f3n y gesti\u00f3n remotas de IPC, como la configuraci\u00f3n de par\u00e1metros, la obtenci\u00f3n de informaci\u00f3n y la actualizaci\u00f3n de IPC del mismo modelo en lotes<\/li>\n<\/ul>\n<p>&nbsp;<\/p>\n<\/div>\n<\/div>\n<hr class=\"padding-bottom-2x\" \/>\n<div class=\"row align-items-center padding-bottom-2x\">\n<div class=\"col-md-5 order-md-2\"><img decoding=\"async\" class=\"d-block m-auto img-thumbnail\" src=\"https:\/\/tvc.mx\/media\/402467\/Dahua---NVR4232-16P-4KS2L-32-canales-4k-16poe-2bahias-h.265-alarmas-face-detection-smd-plus-proteccion-perimetral-especificaciones.png\" alt=\" \" \/><\/div>\n<div class=\"col-md-7 order-md-1 text-md-left text-center\">\n<h2>Especificaciones<\/h2>\n<p class=\"text-muted\">\n<ul>\n<li>Protecci\u00f3n perimetral por c\u00e1mara: 8 canales<\/li>\n<li>B\u00fasqueda de IA: Busque im\u00e1genes por canal, hora y tipo de evento<\/li>\n<li>Detecci\u00f3n de rostro por c\u00e1mara: 4 canales<\/li>\n<li>Atributos faciales: 6 atributos: g\u00e9nero, edad, gafas, expresi\u00f3n, mascarilla y barba<\/li>\n<li>B\u00fasqueda de IA: Busca im\u00e1genes por canal, hora y atributos faciales<\/li>\n<li>SMD Plus por c\u00e1mara: 12 canales<\/li>\n<li>B\u00fasqueda de IA: B\u00fasqueda por clasificaci\u00f3n de destino (humano, veh\u00edculo)<\/li>\n<li>Resoluci\u00f3n: 8MP; 6MP; 5MP; 4MP; 3MP; 1080p; 720p; D1<\/li>\n<li>1 \u00d7 salida VGA, 1 \u00d7 salida HDMI, admite salida de fuentes de video simult\u00e1neas para VGA y HDMI<\/li>\n<li>Inteligente H.265 \/ H.265 \/ Inteligente H.264 \/ H.264 \/ MJPEG<\/li>\n<li>2 puertos SATA III, hasta 10 TB para un solo HDD<\/li>\n<li>Fuente de alimentaci\u00f3n 100 V \u2013 240 V CA, 47-63 Hz, 3,5 A<\/li>\n<\/ul>\n<\/div>\n<\/div>\n","protected":false},"excerpt":{"rendered":"<p>Informaci\u00f3n General El\u00a0NVR4232-16P-4KS2\/L\u00a0es un potente grabador de red\u00a0para c\u00e1maras Ip\u00a0de\u00a032 canales con 16 puertos PoE, soporta grabaciones 4K ultra HD (3840 x 2160) en visualizaci\u00f3n y reproducci\u00f3n.\u00a0Para\u00a0optimizar el consumo de espacio\u00a0de disco duro cuenta con la compresi\u00f3n inteligente de video H265+, un\u00a0rendimiento de acceso de&hellip;<\/p>\n","protected":false},"featured_media":2420,"comment_status":"open","ping_status":"closed","template":"","meta":{"om_disable_all_campaigns":false,"_monsterinsights_skip_tracking":false,"_monsterinsights_sitenote_active":false,"_monsterinsights_sitenote_note":"","_monsterinsights_sitenote_category":0},"product_brand":[],"product_cat":[153],"product_tag":[66,58,150,151],"class_list":{"0":"post-2421","1":"product","2":"type-product","3":"status-publish","4":"has-post-thumbnail","6":"product_cat-nvrs-de-32-canales","7":"product_tag-dahua","8":"product_tag-dvr","9":"product_tag-nvr","10":"product_tag-seguridad","12":"first","13":"instock","14":"sale","15":"taxable","16":"shipping-taxable","17":"purchasable","18":"product-type-simple"},"aioseo_notices":[],"_links":{"self":[{"href":"https:\/\/tecsecmty.com\/index.php\/wp-json\/wp\/v2\/product\/2421","targetHints":{"allow":["GET"]}}],"collection":[{"href":"https:\/\/tecsecmty.com\/index.php\/wp-json\/wp\/v2\/product"}],"about":[{"href":"https:\/\/tecsecmty.com\/index.php\/wp-json\/wp\/v2\/types\/product"}],"replies":[{"embeddable":true,"href":"https:\/\/tecsecmty.com\/index.php\/wp-json\/wp\/v2\/comments?post=2421"}],"version-history":[{"count":0,"href":"https:\/\/tecsecmty.com\/index.php\/wp-json\/wp\/v2\/product\/2421\/revisions"}],"wp:featuredmedia":[{"embeddable":true,"href":"https:\/\/tecsecmty.com\/index.php\/wp-json\/wp\/v2\/media\/2420"}],"wp:attachment":[{"href":"https:\/\/tecsecmty.com\/index.php\/wp-json\/wp\/v2\/media?parent=2421"}],"wp:term":[{"taxonomy":"product_brand","embeddable":true,"href":"https:\/\/tecsecmty.com\/index.php\/wp-json\/wp\/v2\/product_brand?post=2421"},{"taxonomy":"product_cat","embeddable":true,"href":"https:\/\/tecsecmty.com\/index.php\/wp-json\/wp\/v2\/product_cat?post=2421"},{"taxonomy":"product_tag","embeddable":true,"href":"https:\/\/tecsecmty.com\/index.php\/wp-json\/wp\/v2\/product_tag?post=2421"}],"curies":[{"name":"wp","href":"https:\/\/api.w.org\/{rel}","templated":true}]}}