{"id":2423,"date":"2023-02-22T20:53:43","date_gmt":"2023-02-23T02:53:43","guid":{"rendered":"https:\/\/tecsecmty.com\/index.php\/producto\/dahua-nvr4232-4ks2-l-nvr-de-8-megapixeles-4k-32-canales-ip-rendimiento-de160-mbps-smart-h-265-2-bahias-de-discos-duros-de-hasta-10-tb-hdmivga-42-es-de-alarmas-soporta-camaras-wizsense\/"},"modified":"2023-03-22T23:23:00","modified_gmt":"2023-03-23T05:23:00","slug":"dahua-nvr4232-4ks2-l-nvr-de-8-megapixeles-4k-32-canales-ip-rendimiento-de160-mbps-smart-h-265-2-bahias-de-discos-duros-de-hasta-10-tb-hdmivga-42-es-de-alarmas-soporta-camaras-wizsense","status":"publish","type":"product","link":"https:\/\/tecsecmty.com\/index.php\/producto\/dahua-nvr4232-4ks2-l-nvr-de-8-megapixeles-4k-32-canales-ip-rendimiento-de160-mbps-smart-h-265-2-bahias-de-discos-duros-de-hasta-10-tb-hdmivga-42-es-de-alarmas-soporta-camaras-wizsense\/","title":{"rendered":"DAHUA NVR4232-4KS2\/L &#8211; NVR De 8 Megapixeles\/ 4k\/ 32 Canales IP\/ Rendimiento de160 Mbps\/ Smart H.265+\/ 2 Bah\u00edas de Discos Duros de Hasta 10 TB\/ HDMI&amp;VGA\/ 4&amp;2 E&amp;S de Alarmas\/ Soporta Camaras WizSense\/"},"content":{"rendered":"<div class=\"row aling-items-center padding-bottom-2x\">\n<div class=\"col-lg-12\">\n<h5 class=\"card-title text-center\">Informaci\u00f3n General<\/h5>\n<p>El\u00a0<strong>NVR4232-4KS2\/L<\/strong>\u00a0es un grabador de c\u00e1maras IP que soporta tecnolog\u00eda de codificaci\u00f3n 4K y H.265 con excelente rendimiento a un precio asequible. Para aplicaciones donde los detalles de la imagen son muy necesarios, ofrece la capacidad de procesamiento de resoluci\u00f3n 4K. El NVR se puede utilizar como almacenamiento de borde, almacenamiento central o almacenamiento de respaldo con un men\u00fa de operaci\u00f3n de acceso directo intuitivo para la administraci\u00f3n y el control remoto.<\/p>\n<p><img decoding=\"async\" class=\"overview-center-img-web\" src=\"https:\/\/tvc.mx\/media\/400131\/Dahua_NVR4232-4KS2-L_grabador_camaras_ip_32_canales_portada.png\" alt=\"\" \/><\/div>\n<\/div>\n<div class=\"row align-items-center padding-bottom-2x\">\n<div class=\"col-md-5 order-md-2\"><img decoding=\"async\" class=\"d-block m-auto img-thumbnail\" src=\"https:\/\/tvc.mx\/media\/400135\/SMD-plus-Dahua.png\" alt=\" \" \/><\/div>\n<div class=\"col-md-7 order-md-1 text-md-left text-center\">\n<h2>SMD Plus<\/h2>\n<p class=\"text-muted\">\n<p>Con un algoritmo inteligente, la tecnolog\u00eda de detecci\u00f3n de movimiento inteligente de Dahua puede categorizar los objetivos que activan la detecci\u00f3n de movimiento y filtrar la alarma de detecci\u00f3n de movimiento activada por objetivos no interesados para realizar una alarma efectiva y precisa.<\/p>\n<p>&nbsp;<\/p>\n<\/div>\n<\/div>\n<hr class=\"padding-bottom-2x\" \/>\n<div class=\"row align-items-center padding-bottom-2x\">\n<div class=\"col-md-5\"><img decoding=\"async\" class=\"d-block m-auto img-thumbnail\" src=\"https:\/\/tvc.mx\/media\/400139\/reconocimiento-facial-dahua.png\" alt=\" \" \/><\/div>\n<div class=\"col-md-7 text-md-left text-center\">\n<h2>Reconocimiento Facial<\/h2>\n<p class=\"text-muted\">\n<p>La detecci\u00f3n de rostros es para detectar si aparece alg\u00fan rostro humano en el video. Esta tecnolog\u00eda adopta un algoritmo de aprendizaje profundo para admitir la detecci\u00f3n, el seguimiento, la optimizaci\u00f3n y la captura de rostros, y luego generar la mejor instant\u00e1nea de rostros.<\/p>\n<p>&nbsp;<\/p>\n<\/div>\n<\/div>\n<hr class=\"padding-bottom-2x\" \/>\n<div class=\"row align-items-center padding-bottom-2x\">\n<div class=\"col-md-5 order-md-2\"><img decoding=\"async\" class=\"d-block m-auto img-thumbnail\" src=\"https:\/\/tvc.mx\/media\/400143\/protocolo-onvif.png\" alt=\" \" \/><\/div>\n<div class=\"col-md-7 order-md-1 text-md-left text-center\">\n<h2>Compatibilidad con protocolo ONVIF<\/h2>\n<p class=\"text-muted\">\n<p>El NVR es compatible con numerosos dispositivos de terceros, lo que lo convierte en la soluci\u00f3n perfecta para sistemas de vigilancia que funcionan independientemente del sistema de gesti\u00f3n de v\u00eddeo (VMS). Cuenta con una arquitectura abierta que admite el acceso de m\u00faltiples usuarios y es compatible con el protocolo ONVIF Profile S, T, G, lo que permite la interoperabilidad con c\u00e1maras IP.<\/p>\n<p>&nbsp;<\/p>\n<\/div>\n<\/div>\n<hr class=\"padding-bottom-2x\" \/>\n<div class=\"row align-items-center padding-bottom-2x\">\n<div class=\"col-md-5\"><img decoding=\"async\" class=\"d-block m-auto img-thumbnail\" src=\"https:\/\/tvc.mx\/media\/400147\/DMSS-Dahua.png\" alt=\" \" \/><\/div>\n<div class=\"col-md-7 text-md-left text-center\">\n<h2>DMSS<\/h2>\n<p class=\"text-muted\">\n<p>La aplicaci\u00f3n DMSS est\u00e1 disponible en iOS App Store y Google Play. Hace que la vigilancia sea f\u00e1cil y simple, lo que le permite acceder de forma remota a dispositivos de back-end, ver videos en vivo, recibir notificaciones autom\u00e1ticas de eventos y buscar videos grabados desde un iPhone, iPad o tel\u00e9fono Android en cualquier momento y Detecci\u00f3n de pr\u00e1cticamente en cualquier lugar.<\/p>\n<p>&nbsp;<\/p>\n<\/div>\n<\/div>\n<hr class=\"padding-bottom-2x\" \/>\n<div class=\"row align-items-center padding-bottom-2x\">\n<div class=\"col-md-5 order-md-2\"><img decoding=\"async\" class=\"d-block m-auto img-thumbnail\" src=\"https:\/\/tvc.mx\/media\/400159\/tabla-de-compayibilidad-de-HDD-para-equipo-dahua.png\" alt=\" \" \/><\/div>\n<div class=\"col-md-7 order-md-1 text-md-left text-center\">\n<h2>Tabla de compatibilidad HDD<\/h2>\n<p class=\"text-muted\">\n<p>El almacenamiento es parte fundamental de un sistema de videovigilancia por tal motivo te recomendamos revisar nuestra lista de compatibilidad antes de seleccionar un disco duro (HDD).<\/p>\n<p>https:\/\/foro.tvc.mx\/docs\/lista-compatibilidad-hdd<\/p>\n<p>&nbsp;<\/p>\n<\/div>\n<\/div>\n<hr class=\"padding-bottom-2x\" \/>\n<div class=\"row align-items-center padding-bottom-2x\">\n<div class=\"col-md-5\"><img decoding=\"async\" class=\"d-block m-auto img-thumbnail\" src=\"https:\/\/tvc.mx\/media\/400151\/Dahua_NVR4232-4KS2-L_grabador_camaras_ip_32_canales_pp-caracteristicas.png\" alt=\" \" \/><\/div>\n<div class=\"col-md-7 text-md-left text-center\">\n<h2>Caracter\u00edsticas principales<\/h2>\n<p class=\"text-muted\">\n<p>Las funciones se llevan a cabo en cooperaci\u00f3n de la grabadora con las c\u00e1maras que soportan estas funciones<\/p>\n<ul>\n<li>Funciones avanzadas de protecci\u00f3n perimetral: intrusi\u00f3n, cruzamiento de la l\u00ednea considerando reglas separadas para veh\u00edculos y peatones,<\/li>\n<li>clasificaci\u00f3n de personas y veh\u00edculos,<\/li>\n<li>detecci\u00f3n de rostros,<\/li>\n<li>conteo de personas,<\/li>\n<li>SMD PLUS &#8211; b\u00fasqueda de un objeto clasificado como: persona, veh\u00edculo de motor, veh\u00edculo sin motor<\/li>\n<\/ul>\n<p>&nbsp;<\/p>\n<\/div>\n<\/div>\n<hr class=\"padding-bottom-2x\" \/>\n<div class=\"row align-items-center padding-bottom-2x\">\n<div class=\"col-md-5 order-md-2\"><img decoding=\"async\" class=\"d-block m-auto img-thumbnail\" src=\"https:\/\/tvc.mx\/media\/400155\/Dahua_NVR4232-4KS2-L_grabador_camaras_ip_32_canales_especificaciones.png\" alt=\" \" \/><\/div>\n<div class=\"col-md-7 order-md-1 text-md-left text-center\">\n<h2>Especificaciones<\/h2>\n<p class=\"text-muted\">\n<ul>\n<li>Resoluciones compatibles: max. 8.3\u00a0Mpx,\u00a04K UHD\u00a0&#8211; 3840 x 2160\u00a0px<\/li>\n<li>Soporte de audio:32\u00a0Canales &#8211; Audio de c\u00e1maras<\/li>\n<li>M\u00e9todo de compresi\u00f3n de im\u00e1genes: Smart H.265 \/\u00a0H.265\u00a0\/ Smart H.264 \/\u00a0H.264\u00a0\/\u00a0MJPEG<\/li>\n<li>Discos duros compatibles:2\u00a0x 10\u00a0TB\u00a0SATA III<\/li>\n<li>Almacenamiento de la copia de seguridad en dispositivos externos: Archivado en el disco USB<\/li>\n<li>Control de cabezales panor\u00e1micos e inclinables PTZ: C\u00e1maras domo IP de alta velocidad (Speed Dome)<\/li>\n<li>2xUSB 2.0<\/li>\n<li>Alimentaci\u00f3n:12\u00a0V\u00a0DC\u00a0\/ 4\u00a0A<\/li>\n<\/ul>\n<\/div>\n<\/div>\n","protected":false},"excerpt":{"rendered":"<p>Informaci\u00f3n General El\u00a0NVR4232-4KS2\/L\u00a0es un grabador de c\u00e1maras IP que soporta tecnolog\u00eda de codificaci\u00f3n 4K y H.265 con excelente rendimiento a un precio asequible. Para aplicaciones donde los detalles de la imagen son muy necesarios, ofrece la capacidad de procesamiento de resoluci\u00f3n 4K. El NVR se&hellip;<\/p>\n","protected":false},"featured_media":2422,"comment_status":"open","ping_status":"closed","template":"","meta":{"om_disable_all_campaigns":false,"_monsterinsights_skip_tracking":false,"_monsterinsights_sitenote_active":false,"_monsterinsights_sitenote_note":"","_monsterinsights_sitenote_category":0},"product_brand":[],"product_cat":[153],"product_tag":[66,58,150,151],"class_list":{"0":"post-2423","1":"product","2":"type-product","3":"status-publish","4":"has-post-thumbnail","6":"product_cat-nvrs-de-32-canales","7":"product_tag-dahua","8":"product_tag-dvr","9":"product_tag-nvr","10":"product_tag-seguridad","12":"first","13":"instock","14":"sale","15":"taxable","16":"shipping-taxable","17":"purchasable","18":"product-type-simple"},"aioseo_notices":[],"_links":{"self":[{"href":"https:\/\/tecsecmty.com\/index.php\/wp-json\/wp\/v2\/product\/2423","targetHints":{"allow":["GET"]}}],"collection":[{"href":"https:\/\/tecsecmty.com\/index.php\/wp-json\/wp\/v2\/product"}],"about":[{"href":"https:\/\/tecsecmty.com\/index.php\/wp-json\/wp\/v2\/types\/product"}],"replies":[{"embeddable":true,"href":"https:\/\/tecsecmty.com\/index.php\/wp-json\/wp\/v2\/comments?post=2423"}],"version-history":[{"count":0,"href":"https:\/\/tecsecmty.com\/index.php\/wp-json\/wp\/v2\/product\/2423\/revisions"}],"wp:featuredmedia":[{"embeddable":true,"href":"https:\/\/tecsecmty.com\/index.php\/wp-json\/wp\/v2\/media\/2422"}],"wp:attachment":[{"href":"https:\/\/tecsecmty.com\/index.php\/wp-json\/wp\/v2\/media?parent=2423"}],"wp:term":[{"taxonomy":"product_brand","embeddable":true,"href":"https:\/\/tecsecmty.com\/index.php\/wp-json\/wp\/v2\/product_brand?post=2423"},{"taxonomy":"product_cat","embeddable":true,"href":"https:\/\/tecsecmty.com\/index.php\/wp-json\/wp\/v2\/product_cat?post=2423"},{"taxonomy":"product_tag","embeddable":true,"href":"https:\/\/tecsecmty.com\/index.php\/wp-json\/wp\/v2\/product_tag?post=2423"}],"curies":[{"name":"wp","href":"https:\/\/api.w.org\/{rel}","templated":true}]}}