{"id":2425,"date":"2023-02-22T20:53:45","date_gmt":"2023-02-23T02:53:45","guid":{"rendered":"https:\/\/tecsecmty.com\/index.php\/producto\/dahua-nvr4432-16p-4ks2-i-nvr-de-8-megapixeles-4k-con-ia-32-canales-ip-16-puertos-poe-4-bahias-de-discos-duros-wizsense-h-265-1-canal-de-reconocimiento-facial-soporta-camaras-ia-rendimiento\/"},"modified":"2023-03-22T23:23:00","modified_gmt":"2023-03-23T05:23:00","slug":"dahua-nvr4432-16p-4ks2-i-nvr-de-8-megapixeles-4k-con-ia-32-canales-ip-16-puertos-poe-4-bahias-de-discos-duros-wizsense-h-265-1-canal-de-reconocimiento-facial-soporta-camaras-ia-rendimiento","status":"publish","type":"product","link":"https:\/\/tecsecmty.com\/index.php\/producto\/dahua-nvr4432-16p-4ks2-i-nvr-de-8-megapixeles-4k-con-ia-32-canales-ip-16-puertos-poe-4-bahias-de-discos-duros-wizsense-h-265-1-canal-de-reconocimiento-facial-soporta-camaras-ia-rendimiento\/","title":{"rendered":"DAHUA NVR4432-16P-4KS2\/I &#8211; NVR de 8 Megapixeles\/ 4k con IA\/ 32 Canales IP\/ 16 Puertos PoE\/ 4 Bah\u00edas de Discos Duros\/ WizSense\/ H.265+\/ 1 Canal de Reconocimiento Facial\/ Soporta Camaras IA\/ Rendimiento 256 Mbps\/160 Mbps con IA Activada\/"},"content":{"rendered":"<div class=\"row aling-items-center padding-bottom-2x\">\n<div class=\"col-lg-12\">\n<h5 class=\"card-title text-center\">Informaci\u00f3n General<\/h5>\n<p>El grabador de video en red\u00a0<strong>NVR4432-16P-4KS2\/I\u00a0<\/strong>con IA es un producto altamente rentable que brinda funciones como vista local en vivo, visualizaci\u00f3n en m\u00faltiples pantallas, almacenamiento en tiempo real en HDD local, operaci\u00f3n r\u00e1pida con mouse y administraci\u00f3n y control remotos. Este producto es adecuado para la detecci\u00f3n y reconocimiento de rostros en entradas y salidas, y protecci\u00f3n perimetral de personas y veh\u00edculos.<\/p>\n<p><img decoding=\"async\" class=\"overview-center-img-web\" src=\"https:\/\/tvc.mx\/media\/432579\/nvr-32-canales-ip-wizsense-4k-inteligencia-artificial-smd-plus-NVR4432-16P-4KS2I-Dahua-imgpp.png\" alt=\"\" \/><\/div>\n<\/div>\n<div class=\"row align-items-center padding-bottom-2x\">\n<div class=\"col-md-5 order-md-2\"><img decoding=\"async\" class=\"d-block m-auto img-thumbnail\" src=\"https:\/\/tvc.mx\/media\/432583\/reconocimiento-facial-dahua.png\" alt=\" \" \/><\/div>\n<div class=\"col-md-7 order-md-1 text-md-left text-center\">\n<h2>Detecci\u00f3n de rostro<\/h2>\n<p class=\"text-muted\">\n<p>La detecci\u00f3n de rostros es para detectar si aparece alg\u00fan rostro humano en el video. Esta tecnolog\u00eda adopta un algoritmo de aprendizaje profundo para admitir la detecci\u00f3n, el seguimiento, la optimizaci\u00f3n y la captura de rostros, y luego genera la mejor instant\u00e1nea del rostro.<\/p>\n<p>&nbsp;<\/p>\n<\/div>\n<\/div>\n<hr class=\"padding-bottom-2x\" \/>\n<div class=\"row align-items-center padding-bottom-2x\">\n<div class=\"col-md-5\"><img decoding=\"async\" class=\"d-block m-auto img-thumbnail\" src=\"https:\/\/tvc.mx\/media\/432607\/proteccion-perimetral-dahua.png\" alt=\" \" \/><\/div>\n<div class=\"col-md-7 text-md-left text-center\">\n<h2>Protecci\u00f3n perimetral<\/h2>\n<p class=\"text-muted\">\n<p>Filtrado autom\u00e1tico de falsas alarmas causadas por animales, hojas que se mueven, luces brillantes, etc. Permite que el sistema realice un reconocimiento secundario de los objetivos. Mejora de la precisi\u00f3n de las alarmas.<\/p>\n<p>&nbsp;<\/p>\n<\/div>\n<\/div>\n<hr class=\"padding-bottom-2x\" \/>\n<div class=\"row align-items-center padding-bottom-2x\">\n<div class=\"col-md-5 order-md-2\"><img decoding=\"async\" class=\"d-block m-auto img-thumbnail\" src=\"https:\/\/tvc.mx\/media\/432611\/SMD-plus-Dahua.png\" alt=\" \" \/><\/div>\n<div class=\"col-md-7 order-md-1 text-md-left text-center\">\n<h2>SMD Plus<\/h2>\n<p class=\"text-muted\">\n<p>Con un algoritmo inteligente, la tecnolog\u00eda de detecci\u00f3n de movimiento inteligente de Dahua puede categorizar los objetivos que activan la detecci\u00f3n de movimiento y filtrar la alarma de detecci\u00f3n de movimiento activada por objetivos no afectados para generar una alarma efectiva y precisa.<\/p>\n<p>&nbsp;<\/p>\n<\/div>\n<\/div>\n<hr class=\"padding-bottom-2x\" \/>\n<div class=\"row align-items-center padding-bottom-2x\">\n<div class=\"col-md-5\"><img decoding=\"async\" class=\"d-block m-auto img-thumbnail\" src=\"https:\/\/tvc.mx\/media\/432615\/Metadatos-dahua.png\" alt=\" \" \/><\/div>\n<div class=\"col-md-7 text-md-left text-center\">\n<h2>B\u00fasqueda de IA<\/h2>\n<p class=\"text-muted\">\n<p>Admite la b\u00fasqueda de IA por metadatos de diferentes objetivos o la carga de im\u00e1genes de rostros en el dispositivo y la comparaci\u00f3n con rostros grabados por similitud. Permita que los operadores busquen r\u00e1pida y f\u00e1cilmente a trav\u00e9s de m\u00faltiples canales y de larga duraci\u00f3n, averig\u00fcen de manera eficiente cu\u00e1ndo y d\u00f3nde apareci\u00f3 una persona de inter\u00e9s.<\/p>\n<p>&nbsp;<\/p>\n<\/div>\n<\/div>\n<hr class=\"padding-bottom-2x\" \/>\n<div class=\"row align-items-center padding-bottom-2x\">\n<div class=\"col-md-5 order-md-2\"><img decoding=\"async\" class=\"d-block m-auto img-thumbnail\" src=\"https:\/\/tvc.mx\/media\/432619\/tabla-de-compayibilidad-de-HDD-para-equipo-dahua.png\" alt=\" \" \/><\/div>\n<div class=\"col-md-7 order-md-1 text-md-left text-center\">\n<h2>Tabla de compatibilidad HDD<\/h2>\n<p class=\"text-muted\">\n<p>El almacenamiento es parte fundamental de un sistema de videovigilancia por tal motivo te recomendamos revisar nuestra lista de compatibilidad antes de seleccionar un disco duro (HDD).<\/p>\n<p>https:\/\/foro.tvc.mx\/docs\/lista-compatibilidad-hdd<\/p>\n<p>&nbsp;<\/p>\n<\/div>\n<\/div>\n<hr class=\"padding-bottom-2x\" \/>\n<div class=\"row align-items-center padding-bottom-2x\">\n<div class=\"col-md-5\"><img decoding=\"async\" class=\"d-block m-auto img-thumbnail\" src=\"https:\/\/tvc.mx\/media\/432627\/nvr-32-canales-ip-wizsense-4k-inteligencia-artificial-smd-plus-NVR4416-16P-4KS2I-Dahua-caracteristicas.png\" alt=\" \" \/><\/div>\n<div class=\"col-md-7 text-md-left text-center\">\n<h2>Principales Caracter\u00edsticas<\/h2>\n<p class=\"text-muted\">\n<ul>\n<li>Formato de decodificaci\u00f3n Smart H.265+\/H.265\/Smart H.264+\/H.264\/MJPEG<\/li>\n<li>Acceso, almacenamiento o reenv\u00edo a 256 Mbps (160 Mbps cuando la funci\u00f3n AI est\u00e1 habilitada)<\/li>\n<li>m\u00e1x. capacidad de decodificaci\u00f3n: 10 \u00d7 1080p@30 fps. Admite decodificaci\u00f3n adaptativa<\/li>\n<li>IA por NVR: detecci\u00f3n y reconocimiento de rostros de 1 canal; protecci\u00f3n perimetral de 2 canales; hasta 10 bases de datos de rostros y 20 000 im\u00e1genes de rostros<\/li>\n<li>SMD Plus de 4 canales<\/li>\n<li>IA por c\u00e1mara: Detecci\u00f3n y reconocimiento de rostros, protecci\u00f3n perimetral; SMD Plus; ANPR; conteo de personas; an\u00e1lisis est\u00e9reo; mapa de calor<\/li>\n<li>Admite puertos IPC UPnP, 16PoE<\/li>\n<li>L\u00ednea base de seguridad 2.1<\/li>\n<\/ul>\n<p>&nbsp;<\/p>\n<\/div>\n<\/div>\n<hr class=\"padding-bottom-2x\" \/>\n<div class=\"row align-items-center padding-bottom-2x\">\n<div class=\"col-md-5 order-md-2\"><img decoding=\"async\" class=\"d-block m-auto img-thumbnail\" src=\"https:\/\/tvc.mx\/media\/432631\/nvr-32-canales-ip-wizsense-4k-inteligencia-artificial-smd-plus-NVR4432-16P-4KS2I-Dahua-especificaaciones.png\" alt=\" \" \/><\/div>\n<div class=\"col-md-7 order-md-1 text-md-left text-center\">\n<h2>Especificaciones<\/h2>\n<p class=\"text-muted\">\n<p><strong>AI<\/strong><\/p>\n<ul>\n<li>Detecci\u00f3n de rostro; Reconocimiento facial; protecci\u00f3n perimetral; SMD Plus; ANPR; conteo de personas; an\u00e1lisis est\u00e9reo; mapa de calor<\/li>\n<li>IA por dispositivo: Detecci\u00f3n de rostro; Reconocimiento facial; protecci\u00f3n perimetral; SMD m\u00e1s<\/li>\n<\/ul>\n<p><strong>Protecci\u00f3n perimetral<\/strong><\/p>\n<ul>\n<li>Rendimiento perimetral AI por dispositivo (n\u00famero de canales): 2<\/li>\n<li>Rendimiento perimetral de IA por c\u00e1mara (n\u00famero de canales): 8<\/li>\n<\/ul>\n<p><strong>Detecci\u00f3n de rostro<\/strong><\/p>\n<ul>\n<li>6 atributos: G\u00e9nero; grupo de edad (6); lentes; expresiones (8); m\u00e1scara de la boca; barba<\/li>\n<li>Detecci\u00f3n de rostro Rendimiento de IA por dispositivo (1080P) (N\u00famero de canales): 1 (hasta 12 im\u00e1genes de rostros\/segundo)<\/li>\n<li>Detecci\u00f3n de rostro Rendimiento de la IA por c\u00e1mara (N\u00famero de Canales):8<\/li>\n<\/ul>\n<p><strong>Reconocimiento facial<\/strong><\/p>\n<ul>\n<li>Capacidad de la base de datos de rostros: Hasta 10 bases de datos de rostros con 20.000 im\u00e1genes<\/li>\n<li>Reconocimiento facial Rendimiento de la IA por c\u00e1mara (N\u00famero de Canales): 8<\/li>\n<\/ul>\n<p><strong>SMD Plus<\/strong><\/p>\n<ul>\n<li>SMD Plus por dispositivo: 4<\/li>\n<li>SMD Plus de 16 canales (IA por c\u00e1mara): Detecta trampas y la intrusi\u00f3n de personas o veh\u00edculos; filtra las falsas alarmas causadas por hojas, gotas de lluvia y cambios de brillo<\/li>\n<\/ul>\n<p><strong>Video<\/strong><\/p>\n<ul>\n<li>Canal de acceso 16 canales<\/li>\n<li>IA desactivada: Acceso: 256 Mbps; Almacenamiento: 256 Mbps; Reenviar: 256 Mbps IA activada: Acceso: 160 Mbps; Almacenamiento: 160 Mbps; Reenviar: 160 Mbps<\/li>\n<li>Inteligente H.265+; Inteligente H.264+; H.265; H.264; MJPEG<\/li>\n<li>4 puertos SATA, hasta 10 TB. La capacidad m\u00e1xima del HDD var\u00eda con la temperatura ambiente<\/li>\n<li>1 puerto USB 2.0 frontal, 1 puerto USB 3.0 trasero<\/li>\n<li>16 \u00d7 puertos PoE<\/li>\n<li>Fuente de alimentaci\u00f3n Sencillo, 100 V\u2013240 V CA, 50 Hz\u201360 Hz<\/li>\n<\/ul>\n<\/div>\n<\/div>\n","protected":false},"excerpt":{"rendered":"<p>Informaci\u00f3n General El grabador de video en red\u00a0NVR4432-16P-4KS2\/I\u00a0con IA es un producto altamente rentable que brinda funciones como vista local en vivo, visualizaci\u00f3n en m\u00faltiples pantallas, almacenamiento en tiempo real en HDD local, operaci\u00f3n r\u00e1pida con mouse y administraci\u00f3n y control remotos. Este producto es&hellip;<\/p>\n","protected":false},"featured_media":2424,"comment_status":"open","ping_status":"closed","template":"","meta":{"om_disable_all_campaigns":false,"_monsterinsights_skip_tracking":false,"_monsterinsights_sitenote_active":false,"_monsterinsights_sitenote_note":"","_monsterinsights_sitenote_category":0},"product_brand":[],"product_cat":[153],"product_tag":[66,58,150,151],"class_list":{"0":"post-2425","1":"product","2":"type-product","3":"status-publish","4":"has-post-thumbnail","6":"product_cat-nvrs-de-32-canales","7":"product_tag-dahua","8":"product_tag-dvr","9":"product_tag-nvr","10":"product_tag-seguridad","12":"first","13":"instock","14":"sale","15":"taxable","16":"shipping-taxable","17":"purchasable","18":"product-type-simple"},"aioseo_notices":[],"_links":{"self":[{"href":"https:\/\/tecsecmty.com\/index.php\/wp-json\/wp\/v2\/product\/2425","targetHints":{"allow":["GET"]}}],"collection":[{"href":"https:\/\/tecsecmty.com\/index.php\/wp-json\/wp\/v2\/product"}],"about":[{"href":"https:\/\/tecsecmty.com\/index.php\/wp-json\/wp\/v2\/types\/product"}],"replies":[{"embeddable":true,"href":"https:\/\/tecsecmty.com\/index.php\/wp-json\/wp\/v2\/comments?post=2425"}],"version-history":[{"count":0,"href":"https:\/\/tecsecmty.com\/index.php\/wp-json\/wp\/v2\/product\/2425\/revisions"}],"wp:featuredmedia":[{"embeddable":true,"href":"https:\/\/tecsecmty.com\/index.php\/wp-json\/wp\/v2\/media\/2424"}],"wp:attachment":[{"href":"https:\/\/tecsecmty.com\/index.php\/wp-json\/wp\/v2\/media?parent=2425"}],"wp:term":[{"taxonomy":"product_brand","embeddable":true,"href":"https:\/\/tecsecmty.com\/index.php\/wp-json\/wp\/v2\/product_brand?post=2425"},{"taxonomy":"product_cat","embeddable":true,"href":"https:\/\/tecsecmty.com\/index.php\/wp-json\/wp\/v2\/product_cat?post=2425"},{"taxonomy":"product_tag","embeddable":true,"href":"https:\/\/tecsecmty.com\/index.php\/wp-json\/wp\/v2\/product_tag?post=2425"}],"curies":[{"name":"wp","href":"https:\/\/api.w.org\/{rel}","templated":true}]}}