{"id":2427,"date":"2023-02-22T20:53:47","date_gmt":"2023-02-23T02:53:47","guid":{"rendered":"https:\/\/tecsecmty.com\/index.php\/producto\/dahua-nvr5432-16p-i-l-nvr-de-32-canales-ip-wizmind-h-265-320-mbps-de-ancho-de-banda-4-bahias-de-disco-duro-16-puertos-poe-1-8-soporta-epoe-4-canales-de-reconocimiento-facial-20-bases-de-da\/"},"modified":"2023-03-22T23:23:00","modified_gmt":"2023-03-23T05:23:00","slug":"dahua-nvr5432-16p-i-l-nvr-de-32-canales-ip-wizmind-h-265-320-mbps-de-ancho-de-banda-4-bahias-de-disco-duro-16-puertos-poe-1-8-soporta-epoe-4-canales-de-reconocimiento-facial-20-bases-de-da","status":"publish","type":"product","link":"https:\/\/tecsecmty.com\/index.php\/producto\/dahua-nvr5432-16p-i-l-nvr-de-32-canales-ip-wizmind-h-265-320-mbps-de-ancho-de-banda-4-bahias-de-disco-duro-16-puertos-poe-1-8-soporta-epoe-4-canales-de-reconocimiento-facial-20-bases-de-da\/","title":{"rendered":"DAHUA NVR5432-16P-I\/L &#8211; NVR DE 32 canales IP\/ WizMind\/ H.265+\/320 Mbps de Ancho de Banda\/ 4 Bah\u00edas de Disco Duro\/ 16 Puertos PoE (1-8 Soporta ePoE)\/ 4 Canales de Reconocimiento Facial \/ 20 Bases de Datos de Rostros\/ 4 Canales de Metadatos \/ #Dahua"},"content":{"rendered":"<div class=\"row aling-items-center padding-bottom-2x\">\n<div class=\"col-lg-12\">\n<h5 class=\"card-title text-center\">Informaci\u00f3n general<\/h5>\n<p class=\"ql-align-justify\">El nuevo grabador de v\u00eddeo en red<strong>\u00a0NVR5432-16P-I\/L\u00a0<\/strong>de Dahua ofrece un rendimiento excelente y una alta calidad de grabaci\u00f3n que es ideal para aplicaciones de videovigilancia IP. Este NVR adopta un potente procesador, que proporciona la capacidad de procesamiento de resoluci\u00f3n 4K para aplicaciones donde los detalles de la imagen son muy necesarios.<\/p>\n<p><img decoding=\"async\" class=\"overview-center-img-web\" src=\"https:\/\/tvc.mx\/media\/463434\/Grabador-de-video-de-red-32-canales-NVR5432-16P-I-L-Dahua.png\" alt=\"\" \/><\/div>\n<\/div>\n<div class=\"row align-items-center padding-bottom-2x\">\n<div class=\"col-md-5 order-md-2\"><img decoding=\"async\" class=\"d-block m-auto img-thumbnail\" src=\"https:\/\/tvc.mx\/media\/463436\/SMD-plus-Dahua.png\" alt=\" \" \/><\/div>\n<div class=\"col-md-7 order-md-1 text-md-left text-center\">\n<h2>SMD Plus<\/h2>\n<p class=\"text-muted\">\n<p>Con un algoritmo inteligente, la tecnolog\u00eda de detecci\u00f3n de movimiento inteligente de Dahua puede categorizar los objetivos que activan la detecci\u00f3n de movimiento y filtrar la alarma de detecci\u00f3n de movimiento activada por objetivos no interesados para realizar una alarma efectiva y precisa.<\/p>\n<p>&nbsp;<\/p>\n<\/div>\n<\/div>\n<hr class=\"padding-bottom-2x\" \/>\n<div class=\"row align-items-center padding-bottom-2x\">\n<div class=\"col-md-5\"><img decoding=\"async\" class=\"d-block m-auto img-thumbnail\" src=\"https:\/\/tvc.mx\/media\/463438\/reconocimiento-facial-dahua.png\" alt=\" \" \/><\/div>\n<div class=\"col-md-7 text-md-left text-center\">\n<h2>Detecci\u00f3n de rostros<\/h2>\n<p class=\"text-muted\">\n<p>La detecci\u00f3n de rostros es para detectar si aparece alg\u00fan rostro humano en el v\u00eddeo. Esta tecnolog\u00eda adopta un algoritmo de aprendizaje profundo para admitir la detecci\u00f3n, el seguimiento, la optimizaci\u00f3n y la captura de rostros, y luego generar la mejor instant\u00e1nea de rostros.<\/p>\n<p>&nbsp;<\/p>\n<\/div>\n<\/div>\n<hr class=\"padding-bottom-2x\" \/>\n<div class=\"row align-items-center padding-bottom-2x\">\n<div class=\"col-md-5 order-md-2\"><img decoding=\"async\" class=\"d-block m-auto img-thumbnail\" src=\"https:\/\/tvc.mx\/media\/463440\/DMSS-Dahua.png\" alt=\" \" \/><\/div>\n<div class=\"col-md-7 order-md-1 text-md-left text-center\">\n<h2>App DMSS<\/h2>\n<p class=\"text-muted\">\n<p>La aplicaci\u00f3n DMSS est\u00e1 disponible en iOS App Store y Google Play. Hace que la vigilancia sea f\u00e1cil y simple, lo que le permite acceder de forma remota a dispositivos de back-end, ver videos en vivo, recibir notificaciones autom\u00e1ticas de eventos y buscar videos grabados desde un iPhone, iPad o tel\u00e9fono Android en cualquier momento y Detecci\u00f3n de pr\u00e1cticamente en cualquier lugar.<\/p>\n<p>&nbsp;<\/p>\n<\/div>\n<\/div>\n<hr class=\"padding-bottom-2x\" \/>\n<div class=\"row align-items-center padding-bottom-2x\">\n<div class=\"col-md-5\"><img decoding=\"async\" class=\"d-block m-auto img-thumbnail\" src=\"https:\/\/tvc.mx\/media\/463442\/tabla-de-compayibilidad-de-HDD-para-equipo-dahua.png\" alt=\" \" \/><\/div>\n<div class=\"col-md-7 text-md-left text-center\">\n<h2>Tabla de compatibilidad<\/h2>\n<p class=\"text-muted\">\n<p>El almacenamiento es parte fundamental de un sistema de videovigilancia por tal motivo te recomendamos revisar nuestra lista de compatibilidad antes de seleccionar un disco duro (HDD).<\/p>\n<p>https:\/\/foro.tvc.mx\/docs\/lista-compatibilidad-hdd<\/p>\n<p>&nbsp;<\/p>\n<\/div>\n<\/div>\n<hr class=\"padding-bottom-2x\" \/>\n<div class=\"row align-items-center padding-bottom-2x\">\n<div class=\"col-md-5 order-md-2\"><img decoding=\"async\" class=\"d-block m-auto img-thumbnail\" src=\"https:\/\/tvc.mx\/media\/463444\/Grabador-de-video-de-red-32-canales-NVR5432-16P-I-L-Dahua-caracteristicas.png\" alt=\" \" \/><\/div>\n<div class=\"col-md-7 order-md-1 text-md-left text-center\">\n<h2>Principales caracter\u00edsticas<\/h2>\n<p class=\"text-muted\">\n<ul>\n<li>Funciones avanzadas de protecci\u00f3n perimetral: intrusi\u00f3n, cruzamiento de la l\u00ednea considerando reglas separadas para veh\u00edculos y peatones,<\/li>\n<li>Soporte para dispositivos con funciones de identificaci\u00f3n de veh\u00edculos ANPR y reconocimiento facial,<\/li>\n<li>Identificaci\u00f3n del tipo de objeto observado (humano, veh\u00edculo),<\/li>\n<li>Reconocimiento y an\u00e1lisis del rostro en tiempo real<\/li>\n<li>Reconocimiento de personas basado en los elementos caracter\u00edsticos de la ropa (tipo de ropa, color de la ropa, accesorios)<\/li>\n<li>Reconocimiento de veh\u00edculos basado en color, tipo de carrocer\u00eda, color de la matr\u00edcula y marca<\/li>\n<li>Reconocimiento de otros veh\u00edculos que no sean autom\u00f3viles<\/li>\n<li>B\u00fasqueda inteligente de objetos basada en una foto: la grabadora permite cargar la foto de una persona o un veh\u00edculo para buscarlo en la grabaci\u00f3n de la c\u00e1mara<\/li>\n<li>recuento de personas que entran y salen del \u00e1rea<\/li>\n<li>Mapa de calor &#8211; selecci\u00f3n en la imagen de las \u00e1reas con diferente tr\u00e1fico con colores correspondientes<\/li>\n<li>POS &#8211; soporta los dispositivos instalados en los puntos de venta y muestra los datos de ellos como texto superpuesto en una ventana seleccionada del canal<\/li>\n<li>SMD PLUS &#8211; b\u00fasqueda de un objeto clasificado como: persona, veh\u00edculo de motor, veh\u00edculo sin motor<\/li>\n<li>Interfaz RS-232<\/li>\n<\/ul>\n<p>&nbsp;<\/p>\n<\/div>\n<\/div>\n<hr class=\"padding-bottom-2x\" \/>\n<div class=\"row align-items-center padding-bottom-2x\">\n<div class=\"col-md-5\"><img decoding=\"async\" class=\"d-block m-auto img-thumbnail\" src=\"https:\/\/tvc.mx\/media\/463468\/Grabador-de-video-de-red-32-canales-NVR5432-16P-I-L-Dahua-especificaciones.png\" alt=\" \" \/><\/div>\n<div class=\"col-md-7 text-md-left text-center\">\n<h2>Especificaciones<\/h2>\n<p class=\"text-muted\">\n<ul>\n<li>Salidas de v\u00eddeo: 2\u00a0uds.\u00a0HDMI\u00a0:\u00a01080p\u00a0+\u00a04K UHD, 1\u00a0uds.\u00a0VGA<\/li>\n<li>Soporte de audio: 32\u00a0Canales &#8211; Audio de c\u00e1maras }<\/li>\n<li>Entradas de audio:1\u00a0uds.\u00a0CINCH<\/li>\n<li>Salidas de audio:1\u00a0uds.\u00a0CINCH<\/li>\n<li>M\u00e9todo de compresi\u00f3n de im\u00e1genes:H.265+ \/\u00a0H.265\u00a0\/ H.264+ \/\u00a0H.264\u00a0\/\u00a0MJPEG<\/li>\n<li>1\u00a0uds.\u00a0USB 2.0<\/li>\n<li>2\u00a0uds.\u00a0USB 3.0<\/li>\n<li>4\u00a0x 10\u00a0TB\u00a0SATA III\u00a0+ eSATA<\/li>\n<li>Conmutador PoE de 16 puertos incorporado, 25.5\u00a0W \/ Canal, PoE (802.3af\/at), max. 150\u00a0W (total)<\/li>\n<li>ePoE\u00a0&#8211; 800\u00a0m : Puertos 1 &#8211; 8<\/li>\n<li>Alimentaci\u00f3n:100\u00a0&#8211; 240\u00a0V\u00a0AC\u00a0@ 50\u00a0\/ 60\u00a0Hz<\/li>\n<\/ul>\n<\/div>\n<\/div>\n","protected":false},"excerpt":{"rendered":"<p>Informaci\u00f3n general El nuevo grabador de v\u00eddeo en red\u00a0NVR5432-16P-I\/L\u00a0de Dahua ofrece un rendimiento excelente y una alta calidad de grabaci\u00f3n que es ideal para aplicaciones de videovigilancia IP. Este NVR adopta un potente procesador, que proporciona la capacidad de procesamiento de resoluci\u00f3n 4K para aplicaciones&hellip;<\/p>\n","protected":false},"featured_media":2426,"comment_status":"open","ping_status":"closed","template":"","meta":{"om_disable_all_campaigns":false,"_monsterinsights_skip_tracking":false,"_monsterinsights_sitenote_active":false,"_monsterinsights_sitenote_note":"","_monsterinsights_sitenote_category":0},"product_brand":[],"product_cat":[153],"product_tag":[66,58,150,151],"class_list":{"0":"post-2427","1":"product","2":"type-product","3":"status-publish","4":"has-post-thumbnail","6":"product_cat-nvrs-de-32-canales","7":"product_tag-dahua","8":"product_tag-dvr","9":"product_tag-nvr","10":"product_tag-seguridad","12":"first","13":"instock","14":"sale","15":"taxable","16":"shipping-taxable","17":"purchasable","18":"product-type-simple"},"aioseo_notices":[],"_links":{"self":[{"href":"https:\/\/tecsecmty.com\/index.php\/wp-json\/wp\/v2\/product\/2427","targetHints":{"allow":["GET"]}}],"collection":[{"href":"https:\/\/tecsecmty.com\/index.php\/wp-json\/wp\/v2\/product"}],"about":[{"href":"https:\/\/tecsecmty.com\/index.php\/wp-json\/wp\/v2\/types\/product"}],"replies":[{"embeddable":true,"href":"https:\/\/tecsecmty.com\/index.php\/wp-json\/wp\/v2\/comments?post=2427"}],"version-history":[{"count":0,"href":"https:\/\/tecsecmty.com\/index.php\/wp-json\/wp\/v2\/product\/2427\/revisions"}],"wp:featuredmedia":[{"embeddable":true,"href":"https:\/\/tecsecmty.com\/index.php\/wp-json\/wp\/v2\/media\/2426"}],"wp:attachment":[{"href":"https:\/\/tecsecmty.com\/index.php\/wp-json\/wp\/v2\/media?parent=2427"}],"wp:term":[{"taxonomy":"product_brand","embeddable":true,"href":"https:\/\/tecsecmty.com\/index.php\/wp-json\/wp\/v2\/product_brand?post=2427"},{"taxonomy":"product_cat","embeddable":true,"href":"https:\/\/tecsecmty.com\/index.php\/wp-json\/wp\/v2\/product_cat?post=2427"},{"taxonomy":"product_tag","embeddable":true,"href":"https:\/\/tecsecmty.com\/index.php\/wp-json\/wp\/v2\/product_tag?post=2427"}],"curies":[{"name":"wp","href":"https:\/\/api.w.org\/{rel}","templated":true}]}}