{"id":2429,"date":"2023-02-22T20:53:49","date_gmt":"2023-02-23T02:53:49","guid":{"rendered":"https:\/\/tecsecmty.com\/index.php\/producto\/dahua-nvr5832-16p-4ks2e-nvr-32-canales-ip-4k-h265-rendimiento-320-mbps-16-puertos-poe-en-total-8-puertos-soportan-epoe-2-hdmi-8-puertos-sata-dewarping\/"},"modified":"2023-03-22T23:23:00","modified_gmt":"2023-03-23T05:23:00","slug":"dahua-nvr5832-16p-4ks2e-nvr-32-canales-ip-4k-h265-rendimiento-320-mbps-16-puertos-poe-en-total-8-puertos-soportan-epoe-2-hdmi-8-puertos-sata-dewarping","status":"publish","type":"product","link":"https:\/\/tecsecmty.com\/index.php\/producto\/dahua-nvr5832-16p-4ks2e-nvr-32-canales-ip-4k-h265-rendimiento-320-mbps-16-puertos-poe-en-total-8-puertos-soportan-epoe-2-hdmi-8-puertos-sata-dewarping\/","title":{"rendered":"DAHUA NVR5832-16P-4KS2E &#8211; NVR 32 Canales IP 4K\/ H265+\/ Rendimiento 320 Mbps\/ 16 Puertos Poe en Total\/ 8 Puertos Soportan ePoE\/ 2 HDMI\/ 8 Puertos SATA\/ DEWARPING\/"},"content":{"rendered":"<div class=\"row aling-items-center padding-bottom-2x\">\n<div class=\"col-lg-12\">\n<h5 class=\"card-title text-center\">Informaci\u00f3n General<\/h5>\n<p>Dahua ofrece un rendimiento excelente y una alta calidad de grabaci\u00f3n que es ideal para aplicaciones de videovigilancia IP. Este NVR profesional adopta un potente procesador, que proporciona la capacidad de procesamiento de resoluci\u00f3n 4K para aplicaciones donde los detalles de la imagen son muy necesarios. Adem\u00e1s, el NVR se puede utilizar como almacenamiento de borde, almacenamiento central o almacenamiento de respaldo con un men\u00fa de operaci\u00f3n de acceso directo intuitivo para la administraci\u00f3n y el control remotos.<\/p>\n<p><img decoding=\"async\" class=\"overview-center-img-web\" src=\"https:\/\/tvc.mx\/media\/471532\/nvr-32-canales-ip-4k-h.265-poe-NVR5832-16P-4KS2E-Dahua.png\" alt=\"\" \/><\/div>\n<\/div>\n<div class=\"row align-items-center padding-bottom-2x\">\n<div class=\"col-md-5\"><img decoding=\"async\" class=\"d-block m-auto img-thumbnail\" src=\"https:\/\/tvc.mx\/media\/471534\/codificacion-h.265-dahua.png\" alt=\" \" \/><\/div>\n<div class=\"col-md-7 text-md-left text-center\">\n<h2>Smart H.265 +<\/h2>\n<p class=\"text-muted\">\n<p class=\"ql-align-justify\">Smart H.265 + es la implementaci\u00f3n optimizada del c\u00f3dec H.265 que utiliza una estrategia de codificaci\u00f3n adaptable a la escena, GOP din\u00e1mico, ROI din\u00e1mico, Estructura flexible de referencia multitrama y reducci\u00f3n inteligente de ruido para entregar video de alta calidad sin forzar la red. Smart H.265 + la tecnolog\u00eda reduce la tasa de bits y los requisitos de almacenamiento hasta en un 70% en comparaci\u00f3n con la compresi\u00f3n de video H.265 est\u00e1ndar.<\/p>\n<p>&nbsp;<\/p>\n<\/div>\n<\/div>\n<hr class=\"padding-bottom-2x\" \/>\n<div class=\"row align-items-center padding-bottom-2x\">\n<div class=\"col-md-5 order-md-2\"><img decoding=\"async\" class=\"d-block m-auto img-thumbnail\" src=\"https:\/\/tvc.mx\/media\/471536\/PoE-dahua.png\" alt=\" \" \/><\/div>\n<div class=\"col-md-7 order-md-1 text-md-left text-center\">\n<h2>ePoE y EoC<\/h2>\n<p class=\"text-muted\">\n<p class=\"ql-align-justify\">El NVR admite la tecnolog\u00eda ePoE y EoC de 800 m para usar en un amplia gama de escenarios de aplicaci\u00f3n. La tecnolog\u00eda ePoE simplifica el estructura de red de proyectos de vigilancia de largo alcance, eliminando el requisito para dispositivos repetidores de red adicionales, lo que hace que el sistema m\u00e1s confiable y f\u00e1cil de implementar. La tecnolog\u00eda EdC hace posible actualizar los sistemas existentes a vigilancia IP de alta definici\u00f3n mientras se usa cables coaxiales existentes.<\/p>\n<p>&nbsp;<\/p>\n<\/div>\n<\/div>\n<hr class=\"padding-bottom-2x\" \/>\n<div class=\"row align-items-center padding-bottom-2x\">\n<div class=\"col-md-5\"><img decoding=\"async\" class=\"d-block m-auto img-thumbnail\" src=\"https:\/\/tvc.mx\/media\/471538\/onvif-dahua.png\" alt=\" \" \/><\/div>\n<div class=\"col-md-7 text-md-left text-center\">\n<h2>ONVIF<\/h2>\n<p class=\"text-muted\">\n<p class=\"ql-align-justify\">Cuenta con ONVIF el cual est\u00e1 basado en sistemas de video, streaming, configuraci\u00f3n de video, entre otras caracter\u00edsticas. La marca DAHUA como l\u00edder de la industria es un miembro completo de ONVIF junto con otras marcas, existen diferentes niveles de miembros de ONVIF observador, usuario, contribuidor y el m\u00e1ximo nivel que es miembro completo de ONVIF que es el caso de DAHUA.<\/p>\n<p>&nbsp;<\/p>\n<\/div>\n<\/div>\n<hr class=\"padding-bottom-2x\" \/>\n<div class=\"row align-items-center padding-bottom-2x\">\n<div class=\"col-md-5 order-md-2\"><img decoding=\"async\" class=\"d-block m-auto img-thumbnail\" src=\"https:\/\/tvc.mx\/media\/471540\/smartpss-dahua.png\" alt=\" \" \/><\/div>\n<div class=\"col-md-7 order-md-1 text-md-left text-center\">\n<h2>SMART PSS.<\/h2>\n<p class=\"text-muted\">\n<p class=\"ql-align-justify\">El Smart PSS es un software de gesti\u00f3n de dispositivos que puede soportar todos los productos de seguridad Dahua. Smart PSS es ampliamente utilizado en la mayor\u00eda de los sistemas de vigilancia y de intercomunicaci\u00f3n Dahua en peque\u00f1os y medianos proyectos. Smart PSS mantiene la facilidad de uso f\u00e1cil, as\u00ed como una gran funcionalidad. Vigilar, revisar material de archivo, b\u00fasqueda inteligente, alarmas inteligentes, seguimiento inteligente, cada funcionalidad est\u00e1 a su disposici\u00f3n de forma gratuita<\/p>\n<p>&nbsp;<\/p>\n<\/div>\n<\/div>\n<hr class=\"padding-bottom-2x\" \/>\n<div class=\"row align-items-center padding-bottom-2x\">\n<div class=\"col-md-5\"><img decoding=\"async\" class=\"d-block m-auto img-thumbnail\" src=\"https:\/\/tvc.mx\/media\/471542\/tabla-de-compayibilidad-de-HDD-para-equipo-dahua.png\" alt=\" \" \/><\/div>\n<div class=\"col-md-7 text-md-left text-center\">\n<h2>Tabla de compatibilidad HDD<\/h2>\n<p class=\"text-muted\">\n<p>El almacenamiento es parte fundamental de un sistema de videovigilancia por tal motivo te recomendamos revisar nuestra lista de compatibilidad antes de seleccionar un disco duro (HDD).<\/p>\n<p>https:\/\/foro.tvc.mx\/docs\/lista-compatibilidad-hdd<\/p>\n<p>&nbsp;<\/p>\n<\/div>\n<\/div>\n<hr class=\"padding-bottom-2x\" \/>\n<div class=\"row align-items-center padding-bottom-2x\">\n<div class=\"col-md-5 order-md-2\"><img decoding=\"async\" class=\"d-block m-auto img-thumbnail\" src=\"https:\/\/tvc.mx\/media\/471544\/nvr-32-canales-ip-4k-h.265-poe-NVR5832-16P-4KS2E-Dahua-caracteristicas.png\" alt=\" \" \/><\/div>\n<div class=\"col-md-7 order-md-1 text-md-left text-center\">\n<h2>Principales Caracter\u00edsticas<\/h2>\n<p class=\"text-muted\">\n<ul>\n<li>Smart H.265 + \/ H.265 \/ Smart H.264 + \/ H.264 \/ MJPEG.<\/li>\n<li>Ancho de banda entrante m\u00e1ximo de 320 Mbps.<\/li>\n<li>Resoluci\u00f3n de hasta 12MP para vista previa y reproducci\u00f3n.<\/li>\n<li>Salida de video simult\u00e1nea 2HDMI \/ 2VGA.<\/li>\n<li>1-8 puertos PoE compatibles con 800m ePoE y EoC.<\/li>\n<\/ul>\n<p>&nbsp;<\/p>\n<\/div>\n<\/div>\n<hr class=\"padding-bottom-2x\" \/>\n<div class=\"row align-items-center padding-bottom-2x\">\n<div class=\"col-md-5\"><img decoding=\"async\" class=\"d-block m-auto img-thumbnail\" src=\"https:\/\/tvc.mx\/media\/471546\/nvr-32-canales-ip-4k-h.265-poe-NVR5832-16P-4KS2E-Dahua-especificaciones.png\" alt=\" \" \/><\/div>\n<div class=\"col-md-7 text-md-left text-center\">\n<h2>Especificaciones<\/h2>\n<p class=\"text-muted\">\n<p><strong>Sistema<\/strong><\/p>\n<ul>\n<li>Procesador principal Procesador integrado de cuatro n\u00facleos<\/li>\n<li>Sistema operativo LINUX integrado<\/li>\n<li>Audio y video<\/li>\n<li>Entrada de c\u00e1mara IP 16\/32\/64 canal<\/li>\n<li>Entrada bidireccional de 1 canal, salida de 2 canales, RCA<\/li>\n<\/ul>\n<p><strong>Monitor<\/strong><\/p>\n<ul>\n<li>Interfaz 2 HDMI, 2 VGA.<\/li>\n<\/ul>\n<p><strong>Resoluci\u00f3n<\/strong><\/p>\n<ul>\n<li>HDMI1: 3840 \u00d7 2160, 1920 \u00d7 1080, 1280 \u00d7 1024, 1280 \u00d7 720, 1024 \u00d7 768<\/li>\n<li>VGA1: 1920 \u00d7 1080, 1280 \u00d7 1024, 1280 \u00d7 720, 1024 \u00d7 768.<\/li>\n<li>HDMI2 \/ VGA2: 1920 \u00d7 1080<\/li>\n<li>Capacidad de decodificaci\u00f3n 4 canales a 8 MP (30 fps), 16 canales a 1080 P (30 fps)<\/li>\n<\/ul>\n<p><strong>Visualizaci\u00f3n multipantalla<\/strong><\/p>\n<ul>\n<li>1ra pantalla: 16CH: 1\/4\/8\/9\/16<\/li>\n<li>\u00a032CH: 1\/4\/8\/9\/16\/25\/36<\/li>\n<li>\u00a064CH: 1\/4\/8\/9\/16\/25\/36\/64<\/li>\n<li>2da pantalla: 1\/4\/8\/9\/16<\/li>\n<li>T\u00edtulo de c\u00e1mara OSD, hora, bloqueo de c\u00e1mara, detecci\u00f3n de movimiento, Grabaci\u00f3n.<\/li>\n<\/ul>\n<p><strong>Grabaci\u00f3n<\/strong><\/p>\n<ul>\n<li>Compresi\u00f3n Smart H.265 + \/ H.265 \/ Smart H.264 + \/ H.264 \/ MJPEG.<\/li>\n<li>Resoluci\u00f3n 12MP, 8MP, 6MP, 5MP, 4MP, 3MP, 1080P, 1.3MP, 720P, D1 etc.<\/li>\n<li>Velocidad de bits 16 Kbps ~ 20 Mbps por canal.<\/li>\n<li>Modo de grabaci\u00f3n manual, horario (regular, MD (detecci\u00f3n de movimiento), Alarma, IVS), parada.<\/li>\n<li>Intervalo de grabaci\u00f3n 1 ~ 120 min (predeterminado: 60 min), pregrabaci\u00f3n: 1 ~ 30 seg., registro posterior: 10 ~ 300 seg.<\/li>\n<\/ul>\n<p><strong>Almacenamiento<\/strong><\/p>\n<ul>\n<li>Disco duro interno 8 puertos SATA III, capacidad de hasta 10 TB para cada disco duro eSATA 1 eSATA.<\/li>\n<\/ul>\n<p><strong>El\u00e9ctrico<\/strong><\/p>\n<ul>\n<li>Fuente de alimentaci\u00f3n individual, AC100V ~ 240V, 50 ~ 60 Hz<\/li>\n<li>El consumo de energ\u00eda<\/li>\n<li>NVR: &lt;17.5W (sin HDD).<\/li>\n<li>PoE: m\u00e1ximo 25.5W para puerto \u00fanico.<\/li>\n<li>Potencia nominal total de 150 W, 80% de control para protecci\u00f3n.<\/li>\n<li>Fan Smart fan, ajusta autom\u00e1ticamente la velocidad de funcionamiento.<\/li>\n<\/ul>\n<p><strong>Ambiental<\/strong><\/p>\n<ul>\n<li>Condiciones de funcionamiento -10 \u00b0 C ~ + 55 \u00b0 C (+ 14 \u00b0 F ~ + 131 \u00b0 F), 86 ~ 106kpa.<\/li>\n<li>Condiciones de almacenamiento -20 \u00b0 C ~ + 70 \u00b0 C (-4 \u00b0 F ~ + 158 \u00b0 F), 0 ~ 90% HR.<\/li>\n<\/ul>\n<\/div>\n<\/div>\n","protected":false},"excerpt":{"rendered":"<p>Informaci\u00f3n General Dahua ofrece un rendimiento excelente y una alta calidad de grabaci\u00f3n que es ideal para aplicaciones de videovigilancia IP. Este NVR profesional adopta un potente procesador, que proporciona la capacidad de procesamiento de resoluci\u00f3n 4K para aplicaciones donde los detalles de la imagen&hellip;<\/p>\n","protected":false},"featured_media":2428,"comment_status":"open","ping_status":"closed","template":"","meta":{"om_disable_all_campaigns":false,"_monsterinsights_skip_tracking":false,"_monsterinsights_sitenote_active":false,"_monsterinsights_sitenote_note":"","_monsterinsights_sitenote_category":0},"product_brand":[],"product_cat":[153],"product_tag":[66,58,150,151],"class_list":{"0":"post-2429","1":"product","2":"type-product","3":"status-publish","4":"has-post-thumbnail","6":"product_cat-nvrs-de-32-canales","7":"product_tag-dahua","8":"product_tag-dvr","9":"product_tag-nvr","10":"product_tag-seguridad","12":"first","13":"instock","14":"sale","15":"taxable","16":"shipping-taxable","17":"purchasable","18":"product-type-simple"},"aioseo_notices":[],"_links":{"self":[{"href":"https:\/\/tecsecmty.com\/index.php\/wp-json\/wp\/v2\/product\/2429","targetHints":{"allow":["GET"]}}],"collection":[{"href":"https:\/\/tecsecmty.com\/index.php\/wp-json\/wp\/v2\/product"}],"about":[{"href":"https:\/\/tecsecmty.com\/index.php\/wp-json\/wp\/v2\/types\/product"}],"replies":[{"embeddable":true,"href":"https:\/\/tecsecmty.com\/index.php\/wp-json\/wp\/v2\/comments?post=2429"}],"version-history":[{"count":0,"href":"https:\/\/tecsecmty.com\/index.php\/wp-json\/wp\/v2\/product\/2429\/revisions"}],"wp:featuredmedia":[{"embeddable":true,"href":"https:\/\/tecsecmty.com\/index.php\/wp-json\/wp\/v2\/media\/2428"}],"wp:attachment":[{"href":"https:\/\/tecsecmty.com\/index.php\/wp-json\/wp\/v2\/media?parent=2429"}],"wp:term":[{"taxonomy":"product_brand","embeddable":true,"href":"https:\/\/tecsecmty.com\/index.php\/wp-json\/wp\/v2\/product_brand?post=2429"},{"taxonomy":"product_cat","embeddable":true,"href":"https:\/\/tecsecmty.com\/index.php\/wp-json\/wp\/v2\/product_cat?post=2429"},{"taxonomy":"product_tag","embeddable":true,"href":"https:\/\/tecsecmty.com\/index.php\/wp-json\/wp\/v2\/product_tag?post=2429"}],"curies":[{"name":"wp","href":"https:\/\/api.w.org\/{rel}","templated":true}]}}