{"id":2431,"date":"2023-02-22T20:53:50","date_gmt":"2023-02-23T02:53:50","guid":{"rendered":"https:\/\/tecsecmty.com\/index.php\/producto\/dahua-dhi-nvr2104hs-p-i2-nvr-de-8-megapixeles-4k-4-canales-ip-wizsense-4-puertos-poe-h265-rendimiento-de-80-mbps-hdmi-y-vga-1-ch-de-reconocimiento-facial-proteccion-perimetral-smd-plus-1\/"},"modified":"2023-03-22T23:22:35","modified_gmt":"2023-03-23T05:22:35","slug":"dahua-dhi-nvr2104hs-p-i2-nvr-de-8-megapixeles-4k-4-canales-ip-wizsense-4-puertos-poe-h265-rendimiento-de-80-mbps-hdmi-y-vga-1-ch-de-reconocimiento-facial-proteccion-perimetral-smd-plus-1","status":"publish","type":"product","link":"https:\/\/tecsecmty.com\/index.php\/producto\/dahua-dhi-nvr2104hs-p-i2-nvr-de-8-megapixeles-4k-4-canales-ip-wizsense-4-puertos-poe-h265-rendimiento-de-80-mbps-hdmi-y-vga-1-ch-de-reconocimiento-facial-proteccion-perimetral-smd-plus-1\/","title":{"rendered":"DAHUA DHI-NVR2104HS-P-I2 &#8211; NVR DE 8 Megapixeles\/ 4k\/ 4 Canales IP\/ WizSense\/ 4 Puertos Poe\/ H265+\/ Rendimiento de 80 Mbps\/ HDMI y VGA\/ 1 Ch de Reconocimiento Facial\/ Protecci\u00f3n Perimetral\/ SMD Plus\/ 1 Bah\u00eda de Disco Duro de 10 TB\/ #LoNuevo #ParejaIdeal"},"content":{"rendered":"<div class=\"row aling-items-center padding-bottom-2x\">\n<div class=\"col-lg-12\">\n<h5 class=\"card-title text-center\">Informaci\u00f3n general<\/h5>\n<p class=\"ql-align-justify\">Esta grabadora de v\u00eddeo en red con IA es un producto altamente rentable que brinda funciones como vista local en vivo, visualizaci\u00f3n en m\u00faltiples pantallas, almacenamiento en tiempo real en HDD local, operaci\u00f3n r r\u00e1pida con mouse y administraci\u00f3n y control remotos. Este producto es adecuado para la detecci\u00f3n y reconocimiento d e rostros en entradas y salidas, y protecci\u00f3n perimetral de personas y veh\u00edculos.<\/p>\n<p><img decoding=\"async\" class=\"overview-center-img-web\" src=\"https:\/\/tvc.mx\/media\/566167\/DAHUA-DHI-NVR2104HS-P-I2-NVR-8-Megapixeles-4k-4-Canales-IP-4-Puertos-Poe-H265%2B-banner-principal.png\" alt=\"NVR\" \/><\/div>\n<\/div>\n<div class=\"row align-items-center padding-bottom-2x\">\n<div class=\"col-md-5\"><img decoding=\"async\" class=\"d-block m-auto img-thumbnail\" src=\"https:\/\/tvc.mx\/media\/566171\/proteccion-perimetral-dahua.png\" alt=\" Protecci\u00f3n perimetral\" \/><\/div>\n<div class=\"col-md-7 text-md-left text-center\">\n<h2>Protecci\u00f3n Perimetral<\/h2>\n<p class=\"text-muted\">\n<p class=\"ql-align-justify\">Filtrado autom\u00e1tico de falsas alarmas causadas por animales, hojas q ue se mueven, luces brillantes, etc. Permite que el sistema realice un reconocimiento secundario de los objetivos. Mejora d e la precisi\u00f3n de las alarmas.<\/p>\n<p>&nbsp;<\/p>\n<\/div>\n<\/div>\n<hr class=\"padding-bottom-2x\" \/>\n<div class=\"row align-items-center padding-bottom-2x\">\n<div class=\"col-md-5 order-md-2\"><img decoding=\"async\" class=\"d-block m-auto img-thumbnail\" src=\"https:\/\/tvc.mx\/media\/566175\/SMD-plus-Dahua.png\" alt=\" SMD\" \/><\/div>\n<div class=\"col-md-7 order-md-1 text-md-left text-center\">\n<h2>SMD m\u00e1s<\/h2>\n<p class=\"text-muted\">\n<p class=\"ql-align-justify\">Con un algoritmo inteligente, la tecnolog\u00eda de detecci\u00f3n d e movimiento inteligente de Dahua puede categorizar los objetivos que activan la detecci\u00f3n de movimiento y filtrar la alarma de detecci\u00f3n de movimiento activada por objetivos no afectados para generar una alarma efectiva y precisa.<\/p>\n<p>&nbsp;<\/p>\n<\/div>\n<\/div>\n<hr class=\"padding-bottom-2x\" \/>\n<div class=\"row align-items-center padding-bottom-2x\">\n<div class=\"col-md-5\"><img decoding=\"async\" class=\"d-block m-auto img-thumbnail\" src=\"https:\/\/tvc.mx\/media\/566179\/reconocimiento-facial-dahua.png\" alt=\" \" \/><\/div>\n<div class=\"col-md-7 text-md-left text-center\">\n<h2>Reconocimiento facial<\/h2>\n<p class=\"text-muted\">\n<p class=\"ql-align-justify\">La tecnolog\u00eda Dahua Face Recognition extrae las caracter\u00edsticas de las caras capturadas y las compara con las de la base de datos de caras para reconocer la identidad de la persona.<\/p>\n<p>&nbsp;<\/p>\n<\/div>\n<\/div>\n<hr class=\"padding-bottom-2x\" \/>\n<div class=\"row align-items-center padding-bottom-2x\">\n<div class=\"col-md-5 order-md-2\"><img decoding=\"async\" class=\"d-block m-auto img-thumbnail\" src=\"https:\/\/tvc.mx\/media\/566191\/DAHUA-DHI-NVR2104HS-P-I2-NVR-8-Megapixeles-4k-4-Canales-IP-4-Puertos-Poe-H265%2B-carcateristicas-principal.png\" alt=\" NVR\" \/><\/div>\n<div class=\"col-md-7 order-md-1 text-md-left text-center\">\n<h2>Caracter\u00edsticas principales<\/h2>\n<p class=\"text-muted\">\n<p class=\"ql-align-justify\"><strong>\u00b7\u00a0<\/strong>Formato de decodificaci\u00f3n Smart H.265+\/H.265\/Smart H.264+\/H.264\/MJPEG<\/p>\n<p class=\"ql-align-justify\"><strong>\u00b7\u00a0<\/strong>m\u00e1x. capacidad de decodificaci\u00f3n: 6 \u00d7 1080p@30 fps. Admite decodificaci\u00f3n<\/p>\n<p class=\"ql-align-justify\">adaptativa<\/p>\n<p class=\"ql-align-justify\"><strong>\u00b7\u00a0<\/strong>Detecci\u00f3n y reconocimiento de rostros de 1 canal (IA por NVR); Protecci\u00f3n perimetral de 1 canal (IA por NVR); hasta 10 bases de datos de rostros y 5000 im\u00e1genes de rostros; SMD Plus de 4 canales (AI por NVR);<\/p>\n<p class=\"ql-align-justify\"><strong>\u00b7\u00a0<\/strong>IA por c\u00e1mara: Detecci\u00f3n y reconocimiento de rostros, protecci\u00f3n perimetral y SMD Plus<\/p>\n<p class=\"ql-align-justify\"><strong>\u00b7\u00a0<\/strong>Conectado a las c\u00e1maras de red de terceros<\/p>\n<p class=\"ql-align-justify\"><strong>\u00b7\u00a0<\/strong>L\u00ednea base de seguridad 2.1<\/p>\n<p>&nbsp;<\/p>\n<\/div>\n<\/div>\n<hr class=\"padding-bottom-2x\" \/>\n<div class=\"row align-items-center padding-bottom-2x\">\n<div class=\"col-md-5\"><img decoding=\"async\" class=\"d-block m-auto img-thumbnail\" src=\"https:\/\/tvc.mx\/media\/566211\/DAHUA-DHI-NVR2104HS-P-I2-NVR-8-Megapixeles-4k-4-Canales-IP-4-Puertos-Poe-H265%2B-especificaciones-tecnicasl.png\" alt=\" dimensiones\" \/><\/div>\n<div class=\"col-md-7 text-md-left text-center\">\n<h2>Especificaciones T\u00e9cnicas<\/h2>\n<p class=\"text-muted\">\n<p><strong>Sistema<\/strong><\/p>\n<p>Procesador principal: Procesador integrado de grado industrial<\/p>\n<p>Sistema operativo: Linux integrado<\/p>\n<p>Interfaz de operaci\u00f3n: Web; interfaz de usuario local<\/p>\n<p><strong>AI<\/strong><\/p>\n<p>IA por camara; Deteccion de rostro; reconocimiento facial; protecci\u00f3n perimetral; SMD m\u00e1s<\/p>\n<p><strong>Protecci\u00f3n erimetral<\/strong><\/p>\n<p>Atributos de la cara; 6 atributos; g\u00e9nero; grupo de edad (6); lentes; expresiones (8); m\u00e1scara de la boca; barba<\/p>\n<\/div>\n<\/div>\n","protected":false},"excerpt":{"rendered":"<p>Informaci\u00f3n general Esta grabadora de v\u00eddeo en red con IA es un producto altamente rentable que brinda funciones como vista local en vivo, visualizaci\u00f3n en m\u00faltiples pantallas, almacenamiento en tiempo real en HDD local, operaci\u00f3n r r\u00e1pida con mouse y administraci\u00f3n y control remotos. Este&hellip;<\/p>\n","protected":false},"featured_media":2430,"comment_status":"open","ping_status":"closed","template":"","meta":{"om_disable_all_campaigns":false,"_monsterinsights_skip_tracking":false,"_monsterinsights_sitenote_active":false,"_monsterinsights_sitenote_note":"","_monsterinsights_sitenote_category":0},"product_brand":[],"product_cat":[154],"product_tag":[66,58,150,151],"class_list":{"0":"post-2431","1":"product","2":"type-product","3":"status-publish","4":"has-post-thumbnail","6":"product_cat-nvrs-de-4-canales","7":"product_tag-dahua","8":"product_tag-dvr","9":"product_tag-nvr","10":"product_tag-seguridad","12":"first","13":"instock","14":"sale","15":"taxable","16":"shipping-taxable","17":"purchasable","18":"product-type-simple"},"aioseo_notices":[],"_links":{"self":[{"href":"https:\/\/tecsecmty.com\/index.php\/wp-json\/wp\/v2\/product\/2431","targetHints":{"allow":["GET"]}}],"collection":[{"href":"https:\/\/tecsecmty.com\/index.php\/wp-json\/wp\/v2\/product"}],"about":[{"href":"https:\/\/tecsecmty.com\/index.php\/wp-json\/wp\/v2\/types\/product"}],"replies":[{"embeddable":true,"href":"https:\/\/tecsecmty.com\/index.php\/wp-json\/wp\/v2\/comments?post=2431"}],"version-history":[{"count":0,"href":"https:\/\/tecsecmty.com\/index.php\/wp-json\/wp\/v2\/product\/2431\/revisions"}],"wp:featuredmedia":[{"embeddable":true,"href":"https:\/\/tecsecmty.com\/index.php\/wp-json\/wp\/v2\/media\/2430"}],"wp:attachment":[{"href":"https:\/\/tecsecmty.com\/index.php\/wp-json\/wp\/v2\/media?parent=2431"}],"wp:term":[{"taxonomy":"product_brand","embeddable":true,"href":"https:\/\/tecsecmty.com\/index.php\/wp-json\/wp\/v2\/product_brand?post=2431"},{"taxonomy":"product_cat","embeddable":true,"href":"https:\/\/tecsecmty.com\/index.php\/wp-json\/wp\/v2\/product_cat?post=2431"},{"taxonomy":"product_tag","embeddable":true,"href":"https:\/\/tecsecmty.com\/index.php\/wp-json\/wp\/v2\/product_tag?post=2431"}],"curies":[{"name":"wp","href":"https:\/\/api.w.org\/{rel}","templated":true}]}}