{"id":2433,"date":"2023-02-22T20:53:53","date_gmt":"2023-02-23T02:53:53","guid":{"rendered":"https:\/\/tecsecmty.com\/index.php\/producto\/dahua-nvr1104hs-p-s3-h-nvr-de-8-megapixeles-4k-4-canales-ip-4-puertos-poe-smart-h-265-rendimiento-de-80-mbps-salida-de-video-hdmivga-1-bahia-de-disco-duro-de-hasta-8tb-soporta-camaras-con\/"},"modified":"2023-03-22T23:22:59","modified_gmt":"2023-03-23T05:22:59","slug":"dahua-nvr1104hs-p-s3-h-nvr-de-8-megapixeles-4k-4-canales-ip-4-puertos-poe-smart-h-265-rendimiento-de-80-mbps-salida-de-video-hdmivga-1-bahia-de-disco-duro-de-hasta-8tb-soporta-camaras-con","status":"publish","type":"product","link":"https:\/\/tecsecmty.com\/index.php\/producto\/dahua-nvr1104hs-p-s3-h-nvr-de-8-megapixeles-4k-4-canales-ip-4-puertos-poe-smart-h-265-rendimiento-de-80-mbps-salida-de-video-hdmivga-1-bahia-de-disco-duro-de-hasta-8tb-soporta-camaras-con\/","title":{"rendered":"DAHUA NVR1104HS-P-S3\/H &#8211; NVR de 8 Megapixeles\/ 4k\/ 4 Canales IP\/ 4 puertos PoE\/ Smart H.265+\/ Rendimiento de 80 mbps\/ Salida de Video HDMI&amp;VGA\/ 1 Bah\u00eda de Disco Duro de Hasta 8TB\/ Soporta Camaras con Protocolo Onvif &amp; RTSP\/"},"content":{"rendered":"<div class=\"row aling-items-center padding-bottom-2x\">\n<div class=\"col-lg-12\">\n<h5 class=\"card-title text-center\">Informaci\u00f3n General<\/h5>\n<p>El modelo NVR1104HS-P-S3\/H l\u00a0es un grabador de red para c\u00e1maras IP, soporta 4 canales IP. Soporta el formato H.265 y H264. Este modelo ofrece una potente vista previa, grabaci\u00f3n, reproducci\u00f3n y funcionamiento de red gracias a sus 80MB\/s de capacidad de codificaci\u00f3n de video. Para una grabaci\u00f3n correcta consulte el apartado de capacidad de decodificaci\u00f3n.<\/p>\n<p><img decoding=\"async\" class=\"overview-center-img-web\" src=\"https:\/\/tvc.mx\/media\/471796\/NVR-4K-4-canales-IP-puertos-PoE-NVR1104HS-P-S3-H-dahua.png\" alt=\"\" \/><\/div>\n<\/div>\n<div class=\"row align-items-center padding-bottom-2x\">\n<div class=\"col-md-5\"><img decoding=\"async\" class=\"d-block m-auto img-thumbnail\" src=\"https:\/\/tvc.mx\/media\/471798\/PoE-dahua.png\" alt=\" \" \/><\/div>\n<div class=\"col-md-7 text-md-left text-center\">\n<h2>PoE<\/h2>\n<p class=\"text-muted\">\n<p>El NVR NVR1104HS-P-S3\/H cuenta con 4 puertos PoE, los cuales tienen una potencia de salida total de 36 W, mientras que la salida m\u00e1xima<\/p>\n<p>de potencia de un solo puerto es de 25,5 W, mediante estos puertos se puede utilizar un solo cable de red y con esto ahorrar accesorios y costos de instalaci\u00f3n.<\/p>\n<p>&nbsp;<\/p>\n<\/div>\n<\/div>\n<hr class=\"padding-bottom-2x\" \/>\n<div class=\"row align-items-center padding-bottom-2x\">\n<div class=\"col-md-5 order-md-2\"><img decoding=\"async\" class=\"d-block m-auto img-thumbnail\" src=\"https:\/\/tvc.mx\/media\/471800\/codificacion-h.265-dahua.png\" alt=\" \" \/><\/div>\n<div class=\"col-md-7 order-md-1 text-md-left text-center\">\n<h2>Tecnolog\u00eda de Compresi\u00f3n H.265+<\/h2>\n<p class=\"text-muted\">\n<p>Dahua ha optimizado H.265 con su c\u00f3dec Smart H.265 +, proporcionando hasta 80% de ahorro de ancho de banda y almacenamiento sobre el est\u00e1ndar H.264. Cuatro tecnolog\u00edas innovadoras trabajan en conjunto para hacer que Smart H.265 + sea tan potente.<\/p>\n<p>Smart H.265+ toma una imagen de un entorno estable, lo utiliza como marco de fondo y se centra s\u00f3lo en los objetos en movimiento. Cuando hay una interrupci\u00f3n en el \u00e1rea de vigilancia, Smart H265 + toma la imagen del objeto en movimiento y lo utiliza como marco de referencia. Si el objeto sigue movi\u00e9ndose, el sistema s\u00f3lo agrega datos de objetos en movimiento.<\/p>\n<p>&nbsp;<\/p>\n<\/div>\n<\/div>\n<hr class=\"padding-bottom-2x\" \/>\n<div class=\"row align-items-center padding-bottom-2x\">\n<div class=\"col-md-5\"><img decoding=\"async\" class=\"d-block m-auto img-thumbnail\" src=\"https:\/\/tvc.mx\/media\/471802\/DMSS-Dahua.png\" alt=\" \" \/><\/div>\n<div class=\"col-md-7 text-md-left text-center\">\n<h2>DMSS<\/h2>\n<p class=\"text-muted\">\n<p>La aplicaci\u00f3n DMSS es un software de vigilancia para equipos Dahua esta la versi\u00f3n para Android y IOS la versi\u00f3n plus es la ideal para los dispositivos m\u00f3viles, para las tables con Android e Ipad se utiliza la versi\u00f3n DMSS HD, con esta aplicaci\u00f3n de vigilancia remota podr\u00e1 tener el control del v\u00eddeo en vivo, reproducci\u00f3n de v\u00eddeo en vivo, respaldo de v\u00eddeo, movimiento PTZ, audio, fotos instant\u00e1neas.<\/p>\n<p>&nbsp;<\/p>\n<\/div>\n<\/div>\n<hr class=\"padding-bottom-2x\" \/>\n<div class=\"row align-items-center padding-bottom-2x\">\n<div class=\"col-md-5 order-md-2\"><img decoding=\"async\" class=\"d-block m-auto img-thumbnail\" src=\"https:\/\/tvc.mx\/media\/471804\/tabla-de-compayibilidad-de-HDD-para-equipo-dahua.png\" alt=\" \" \/><\/div>\n<div class=\"col-md-7 order-md-1 text-md-left text-center\">\n<h2>Tabla de compatibilidad HDD<\/h2>\n<p class=\"text-muted\">\n<p>El almacenamiento es parte fundamental de un sistema de videovigilancia por tal motivo te recomendamos revisar nuestra lista de compatibilidad antes de seleccionar un disco duro (HDD).<\/p>\n<p>https:\/\/foro.tvc.mx\/docs\/lista-compatibilidad-hdd<\/p>\n<p>&nbsp;<\/p>\n<\/div>\n<\/div>\n<hr class=\"padding-bottom-2x\" \/>\n<div class=\"row align-items-center padding-bottom-2x\">\n<div class=\"col-md-5\"><img decoding=\"async\" class=\"d-block m-auto img-thumbnail\" src=\"https:\/\/tvc.mx\/media\/471806\/NVR-4K-4-canales-IP-puertos-PoE-NVR1104HS-P-S3-H-dahua-caracteristicas.png\" alt=\" \" \/><\/div>\n<div class=\"col-md-7 text-md-left text-center\">\n<h2>Principales Caracter\u00edsticas<\/h2>\n<p class=\"text-muted\">\n<ul>\n<li>Nueva interfaz de usuario 4.0<\/li>\n<li>Vigilancia remota P2P, reproducci\u00f3n de video en dispositivo m\u00f3vil<\/li>\n<li>Soporte para c\u00e1maras convencionales de protocolo ONVIF y RTSP<\/li>\n<li>Inteligente H.265 + \/ Inteligente H.264 + \/ H.265 \/ H.264<\/li>\n<li>Salida de video simult\u00e1nea VGA \/ HDMI, resoluci\u00f3n m\u00e1xima de HDMI\u00a0es 1080P<\/li>\n<li>Configuraci\u00f3n y gesti\u00f3n remota de IPC, como configurar\u00a0par\u00e1metros, adquiriendo informaci\u00f3n y mejorando los CIP de los mismos<\/li>\n<li>\u00a0modelo en lotes<\/li>\n<li>DHCP (Protocolo de configuraci\u00f3n din\u00e1mica de host), HTTP (Transferencia de hipertexto<\/li>\n<li>\u00a0Protocolo), NTP (Protocolo de tiempo de red) y DDNS (Dominio din\u00e1mico\u00a0Sistema de nombres)<\/li>\n<\/ul>\n<p>&nbsp;<\/p>\n<\/div>\n<\/div>\n<hr class=\"padding-bottom-2x\" \/>\n<div class=\"row align-items-center padding-bottom-2x\">\n<div class=\"col-md-5 order-md-2\"><img decoding=\"async\" class=\"d-block m-auto img-thumbnail\" src=\"https:\/\/tvc.mx\/media\/471808\/NVR-4K-4-canales-IP-puertos-PoE-NVR1104HS-P-S3-H-dahua-especificaciones.png\" alt=\" \" \/><\/div>\n<div class=\"col-md-7 order-md-1 text-md-left text-center\">\n<h2>Especificaciones<\/h2>\n<p class=\"text-muted\">\n<ul>\n<li>4 canales IP.<\/li>\n<li>Compresi\u00f3n de video Smart H.265+\/H.265\/Smart H.264+\/H.264<\/li>\n<li>Ancho de Banda M\u00e1ximo 80 Mbps para acceso, 80 Mbps para almacenamiento y 60 Mbps para reenv\u00edo.<\/li>\n<li>Capacidad de Decodificaci\u00f3n 1\u2013ch@8MP(30FPS) o 1\u2013ch@5MP(30FPS) o 2\u2013ch@4MP(30FPS) o 2\u2013ch@3MP(30FPS) o 4\u2013ch@1080P(30FPS)<\/li>\n<li>Salida simult\u00e1nea HDMI\/VGA, resoluci\u00f3n m\u00e1xima de salida HDMI 1080P.<\/li>\n<li>Poe Total 36W, salida m\u00e1xima PoE por puerto es de 25.5W.<\/li>\n<li>1 puerto SATA hasta 8Tb.<\/li>\n<li>2 puertos USB (1 trasero USB 2.0 , 1 delantero USB 2.0 ).<\/li>\n<li>4 puertos PoE.<\/li>\n<li>1 puerto rj-45\u00a0(10\/100 Mbps).<\/li>\n<li>Fuente de alimentaci\u00f3n 48V DC, 1.25Amp.<\/li>\n<li>Consumo de energ\u00eda NVR: &lt;10W ( Con disco duro ).<\/li>\n<li>Condiciones de operaci\u00f3n -10\u00baC a 45\u00baC.<\/li>\n<li>Dimensiones\u00a0260 mm\u00d7225 mm\u00d747.6 mm.<\/li>\n<li>Peso 0.84 kg.<\/li>\n<\/ul>\n<\/div>\n<\/div>\n","protected":false},"excerpt":{"rendered":"<p>Informaci\u00f3n General El modelo NVR1104HS-P-S3\/H l\u00a0es un grabador de red para c\u00e1maras IP, soporta 4 canales IP. Soporta el formato H.265 y H264. Este modelo ofrece una potente vista previa, grabaci\u00f3n, reproducci\u00f3n y funcionamiento de red gracias a sus 80MB\/s de capacidad de codificaci\u00f3n de&hellip;<\/p>\n","protected":false},"featured_media":2432,"comment_status":"open","ping_status":"closed","template":"","meta":{"om_disable_all_campaigns":false,"_monsterinsights_skip_tracking":false,"_monsterinsights_sitenote_active":false,"_monsterinsights_sitenote_note":"","_monsterinsights_sitenote_category":0},"product_brand":[],"product_cat":[154],"product_tag":[66,58,150,151],"class_list":{"0":"post-2433","1":"product","2":"type-product","3":"status-publish","4":"has-post-thumbnail","6":"product_cat-nvrs-de-4-canales","7":"product_tag-dahua","8":"product_tag-dvr","9":"product_tag-nvr","10":"product_tag-seguridad","12":"first","13":"instock","14":"sale","15":"taxable","16":"shipping-taxable","17":"purchasable","18":"product-type-simple"},"aioseo_notices":[],"_links":{"self":[{"href":"https:\/\/tecsecmty.com\/index.php\/wp-json\/wp\/v2\/product\/2433","targetHints":{"allow":["GET"]}}],"collection":[{"href":"https:\/\/tecsecmty.com\/index.php\/wp-json\/wp\/v2\/product"}],"about":[{"href":"https:\/\/tecsecmty.com\/index.php\/wp-json\/wp\/v2\/types\/product"}],"replies":[{"embeddable":true,"href":"https:\/\/tecsecmty.com\/index.php\/wp-json\/wp\/v2\/comments?post=2433"}],"version-history":[{"count":0,"href":"https:\/\/tecsecmty.com\/index.php\/wp-json\/wp\/v2\/product\/2433\/revisions"}],"wp:featuredmedia":[{"embeddable":true,"href":"https:\/\/tecsecmty.com\/index.php\/wp-json\/wp\/v2\/media\/2432"}],"wp:attachment":[{"href":"https:\/\/tecsecmty.com\/index.php\/wp-json\/wp\/v2\/media?parent=2433"}],"wp:term":[{"taxonomy":"product_brand","embeddable":true,"href":"https:\/\/tecsecmty.com\/index.php\/wp-json\/wp\/v2\/product_brand?post=2433"},{"taxonomy":"product_cat","embeddable":true,"href":"https:\/\/tecsecmty.com\/index.php\/wp-json\/wp\/v2\/product_cat?post=2433"},{"taxonomy":"product_tag","embeddable":true,"href":"https:\/\/tecsecmty.com\/index.php\/wp-json\/wp\/v2\/product_tag?post=2433"}],"curies":[{"name":"wp","href":"https:\/\/api.w.org\/{rel}","templated":true}]}}