{"id":2439,"date":"2023-02-22T20:53:58","date_gmt":"2023-02-23T02:53:58","guid":{"rendered":"https:\/\/tecsecmty.com\/index.php\/producto\/dahua-nvr1108hs-8p-s3-h-nvr-de-8-megapixeles-4k-8-canales-ip-8-puertos-poe-smart-h-265-rendimiento-de-80-mbps-salida-de-video-hdmivga-1-bahia-de-disco-duro-de-hasta-8tb-soporta-camaras-con\/"},"modified":"2023-03-22T23:22:59","modified_gmt":"2023-03-23T05:22:59","slug":"dahua-nvr1108hs-8p-s3-h-nvr-de-8-megapixeles-4k-8-canales-ip-8-puertos-poe-smart-h-265-rendimiento-de-80-mbps-salida-de-video-hdmivga-1-bahia-de-disco-duro-de-hasta-8tb-soporta-camaras-con","status":"publish","type":"product","link":"https:\/\/tecsecmty.com\/index.php\/producto\/dahua-nvr1108hs-8p-s3-h-nvr-de-8-megapixeles-4k-8-canales-ip-8-puertos-poe-smart-h-265-rendimiento-de-80-mbps-salida-de-video-hdmivga-1-bahia-de-disco-duro-de-hasta-8tb-soporta-camaras-con\/","title":{"rendered":"DAHUA NVR1108HS-8P-S3\/H &#8211; NVR de 8 Megapixeles\/ 4k\/ 8 Canales IP\/ 8 Puertos PoE\/ Smart H.265+\/ Rendimiento de 80 Mbps\/ Salida de Video HDMI&amp;VGA\/ 1 Bah\u00eda de Disco Duro de Hasta 8TB\/ Soporta Camaras con Protocolo Onvif &amp; RTSP\/"},"content":{"rendered":"<div class=\"row aling-items-center padding-bottom-2x\">\n<div class=\"col-lg-12\">\n<h5 class=\"card-title text-center\">Informaci\u00f3n general<\/h5>\n<p>Este NVR es un producto muy rentable que proporciona funciones como vista en vivo local, visualizaci\u00f3n en m\u00faltiples pantallas, almacenamiento en tiempo real en disco duro local, operaci\u00f3n r\u00e1pida con mouse y administraci\u00f3n remota y controlada.<\/p>\n<p><img decoding=\"async\" class=\"overview-center-img-web\" src=\"https:\/\/tvc.mx\/media\/471760\/nvr-8-megapixeles-4k-8-canales-ip-NVR1108HS-8P-S3H-dahua.png\" alt=\"\" \/><\/div>\n<\/div>\n<div class=\"row align-items-center padding-bottom-2x\">\n<div class=\"col-md-5\"><img decoding=\"async\" class=\"d-block m-auto img-thumbnail\" src=\"https:\/\/tvc.mx\/media\/149790\/Dahua-cuatro-punto-cero.jpg\" alt=\" \" \/><\/div>\n<div class=\"col-md-7 text-md-left text-center\">\n<h2>Nueva interfaz de usuario<\/h2>\n<p class=\"text-muted\">\n<p>Las interfaces locales y web adoptan el nuevo estilo UI 4.0, que es m\u00e1s coherente con los h\u00e1bitos de los usuarios. Los m\u00f3dulos funcionales se dividen m\u00e1s claramente y m\u00e1s f\u00e1cil de entender.<\/p>\n<p>&nbsp;<\/p>\n<\/div>\n<\/div>\n<hr class=\"padding-bottom-2x\" \/>\n<div class=\"row align-items-center padding-bottom-2x\">\n<div class=\"col-md-5 order-md-2\"><img decoding=\"async\" class=\"d-block m-auto img-thumbnail\" src=\"https:\/\/tvc.mx\/media\/471762\/codificacion-h.265-dahua.png\" alt=\" \" \/><\/div>\n<div class=\"col-md-7 order-md-1 text-md-left text-center\">\n<h2>Decodificaci\u00f3n (Smart H.265 + \/ Smart H.264 +)<\/h2>\n<p class=\"text-muted\">\n<p>La codificaci\u00f3n inteligente Dahua (H.265 + \/ H.264 +) es la implementaci\u00f3n del c\u00f3dec (H.265 \/ H.264) que utiliza un estrategia de codificaci\u00f3n, proporcionando m\u00e1s eficiencia en el proceso de codificaci\u00f3n y mayor calidad de video, reduciendo el costo de almacenamiento y transmisi\u00f3n de manera significativa.<\/p>\n<p>&nbsp;<\/p>\n<\/div>\n<\/div>\n<hr class=\"padding-bottom-2x\" \/>\n<div class=\"row align-items-center padding-bottom-2x\">\n<div class=\"col-md-5\"><img decoding=\"async\" class=\"d-block m-auto img-thumbnail\" src=\"https:\/\/tvc.mx\/media\/471764\/ciber-seguridad-dahua.png\" alt=\" \" \/><\/div>\n<div class=\"col-md-7 text-md-left text-center\">\n<h2>Centro de Seguridad<\/h2>\n<p class=\"text-muted\">\n<p>Security Center proporciona una imagen completa de la seguridad del dispositivo y ayuda a proteger el NVR con escaneo de seguridad, defensa contra ataques, certificado administraci\u00f3n, cifrado de audio y video y configuraci\u00f3n de seguridad. Las advertencias se enviar\u00e1n a trav\u00e9s de muchas formas, como correo electr\u00f3nico, mensaje, voz indicaciones.<\/p>\n<p>&nbsp;<\/p>\n<\/div>\n<\/div>\n<hr class=\"padding-bottom-2x\" \/>\n<div class=\"row align-items-center padding-bottom-2x\">\n<div class=\"col-md-5 order-md-2\"><img decoding=\"async\" class=\"d-block m-auto img-thumbnail\" src=\"https:\/\/tvc.mx\/media\/471766\/tabla-de-compayibilidad-de-HDD-para-equipo-dahua.png\" alt=\" \" \/><\/div>\n<div class=\"col-md-7 order-md-1 text-md-left text-center\">\n<h2>Tabla de compatibilidad HDD<\/h2>\n<p class=\"text-muted\">\n<p>El almacenamiento es parte fundamental de un sistema de videovigilancia por tal motivo te recomendamos revisar nuestra lista de compatibilidad antes de seleccionar un disco duro (HDD).<\/p>\n<p>https:\/\/foro.tvc.mx\/docs\/lista-compatibilidad-hdd<\/p>\n<p>&nbsp;<\/p>\n<\/div>\n<\/div>\n<hr class=\"padding-bottom-2x\" \/>\n<div class=\"row align-items-center padding-bottom-2x\">\n<div class=\"col-md-5\"><img decoding=\"async\" class=\"d-block m-auto img-thumbnail\" src=\"https:\/\/tvc.mx\/media\/471768\/nvr-8-megapixeles-4k-8-canales-ip-NVR1108HS-8P-S3H-dahua-caracteristicas.png\" alt=\" \" \/><\/div>\n<div class=\"col-md-7 text-md-left text-center\">\n<h2>Principales caracter\u00edsticas<\/h2>\n<p class=\"text-muted\">\n<ul>\n<li>Nueva interfaz de usuario 4.0<\/li>\n<li>Vigilancia remota P2P, reproducci\u00f3n de video en dispositivo m\u00f3vil<\/li>\n<li>Soporte para c\u00e1maras convencionales de protocolo ONVIF y RTSP<\/li>\n<li>Inteligente H.265 + \/ Inteligente H.264 + \/ H.265 \/ H.264<\/li>\n<li>Salida de video simult\u00e1nea VGA \/ HDMI, resoluci\u00f3n m\u00e1xima de HDMI\u00a0es 1080P<\/li>\n<li>Configuraci\u00f3n y gesti\u00f3n remota de IPC, como configurar\u00a0par\u00e1metros, adquiriendo informaci\u00f3n y mejorando los CIP de los mismos<\/li>\n<li>\u00a0modelo en lotes<\/li>\n<li>DHCP (Protocolo de configuraci\u00f3n din\u00e1mica de host), HTTP (Transferencia de hipertexto<\/li>\n<li>\u00a0Protocolo), NTP (Protocolo de tiempo de red) y DDNS (Dominio din\u00e1mico\u00a0Sistema de nombres)<\/li>\n<\/ul>\n<p>&nbsp;<\/p>\n<\/div>\n<\/div>\n<hr class=\"padding-bottom-2x\" \/>\n<div class=\"row align-items-center padding-bottom-2x\">\n<div class=\"col-md-5 order-md-2\"><img decoding=\"async\" class=\"d-block m-auto img-thumbnail\" src=\"https:\/\/tvc.mx\/media\/471770\/nvr-8-megapixeles-4k-8-canales-ip-NVR1108HS-8P-S3H-dahua-especificaciones.png\" alt=\" \" \/><\/div>\n<div class=\"col-md-7 order-md-1 text-md-left text-center\">\n<h2>Especificaciones<\/h2>\n<p class=\"text-muted\">\n<ul>\n<li>8 canales<\/li>\n<li>80 Mbps para acceso, 80 Mbps para almacenamiento y 60 Mbps para reenv\u00edo<\/li>\n<li>Inteligente H.265 + \/ Inteligente H.264 + \/ H.265 \/ H.264<\/li>\n<li>Detecci\u00f3n de movimiento, enmascaramiento de privacidad, p\u00e9rdida de video, alarma PIR, alarma IPC<\/li>\n<li>Grabaci\u00f3n de video, instant\u00e1nea, registro, preajuste, recorrido<\/li>\n<li>1 puerto SATA 2.0, hasta 8 TB para un solo HDD<\/li>\n<li>1 puerto USB 2.0 frontal, 1 puerto USB 2.0 trasero<\/li>\n<li>Fuente de alimentaci\u00f3n DC48V \/ 53V, 2A \/ 1.8A<\/li>\n<\/ul>\n<\/div>\n<\/div>\n","protected":false},"excerpt":{"rendered":"<p>Informaci\u00f3n general Este NVR es un producto muy rentable que proporciona funciones como vista en vivo local, visualizaci\u00f3n en m\u00faltiples pantallas, almacenamiento en tiempo real en disco duro local, operaci\u00f3n r\u00e1pida con mouse y administraci\u00f3n remota y controlada. Nueva interfaz de usuario Las interfaces locales&hellip;<\/p>\n","protected":false},"featured_media":2438,"comment_status":"open","ping_status":"closed","template":"","meta":{"om_disable_all_campaigns":false,"_monsterinsights_skip_tracking":false,"_monsterinsights_sitenote_active":false,"_monsterinsights_sitenote_note":"","_monsterinsights_sitenote_category":0},"product_brand":[],"product_cat":[155],"product_tag":[66,58,150,151],"class_list":{"0":"post-2439","1":"product","2":"type-product","3":"status-publish","4":"has-post-thumbnail","6":"product_cat-nvrs-de-8-canales","7":"product_tag-dahua","8":"product_tag-dvr","9":"product_tag-nvr","10":"product_tag-seguridad","12":"first","13":"instock","14":"sale","15":"taxable","16":"shipping-taxable","17":"purchasable","18":"product-type-simple"},"aioseo_notices":[],"_links":{"self":[{"href":"https:\/\/tecsecmty.com\/index.php\/wp-json\/wp\/v2\/product\/2439","targetHints":{"allow":["GET"]}}],"collection":[{"href":"https:\/\/tecsecmty.com\/index.php\/wp-json\/wp\/v2\/product"}],"about":[{"href":"https:\/\/tecsecmty.com\/index.php\/wp-json\/wp\/v2\/types\/product"}],"replies":[{"embeddable":true,"href":"https:\/\/tecsecmty.com\/index.php\/wp-json\/wp\/v2\/comments?post=2439"}],"version-history":[{"count":0,"href":"https:\/\/tecsecmty.com\/index.php\/wp-json\/wp\/v2\/product\/2439\/revisions"}],"wp:featuredmedia":[{"embeddable":true,"href":"https:\/\/tecsecmty.com\/index.php\/wp-json\/wp\/v2\/media\/2438"}],"wp:attachment":[{"href":"https:\/\/tecsecmty.com\/index.php\/wp-json\/wp\/v2\/media?parent=2439"}],"wp:term":[{"taxonomy":"product_brand","embeddable":true,"href":"https:\/\/tecsecmty.com\/index.php\/wp-json\/wp\/v2\/product_brand?post=2439"},{"taxonomy":"product_cat","embeddable":true,"href":"https:\/\/tecsecmty.com\/index.php\/wp-json\/wp\/v2\/product_cat?post=2439"},{"taxonomy":"product_tag","embeddable":true,"href":"https:\/\/tecsecmty.com\/index.php\/wp-json\/wp\/v2\/product_tag?post=2439"}],"curies":[{"name":"wp","href":"https:\/\/api.w.org\/{rel}","templated":true}]}}