{"id":2441,"date":"2023-02-22T20:54:00","date_gmt":"2023-02-23T02:54:00","guid":{"rendered":"https:\/\/tecsecmty.com\/index.php\/producto\/dahua-nvr1108hs-w-s2-ce-nvr-wifi-de-4-megapixeles-8-canales-ip-h-265-salidas-hdmi-vga-1-bahia-de-disco-duro-1-es-de-audio-onvif-emparejamiento-automatico-con-ipc-wifi-de-dahua-camaras-en-c\/"},"modified":"2023-03-22T23:22:59","modified_gmt":"2023-03-23T05:22:59","slug":"dahua-nvr1108hs-w-s2-ce-nvr-wifi-de-4-megapixeles-8-canales-ip-h-265-salidas-hdmi-vga-1-bahia-de-disco-duro-1-es-de-audio-onvif-emparejamiento-automatico-con-ipc-wifi-de-dahua-camaras-en-c","status":"publish","type":"product","link":"https:\/\/tecsecmty.com\/index.php\/producto\/dahua-nvr1108hs-w-s2-ce-nvr-wifi-de-4-megapixeles-8-canales-ip-h-265-salidas-hdmi-vga-1-bahia-de-disco-duro-1-es-de-audio-onvif-emparejamiento-automatico-con-ipc-wifi-de-dahua-camaras-en-c\/","title":{"rendered":"DAHUA NVR1108HS-W-S2-CE &#8211; NVR WiFi de 4 Megapixeles\/ 8 Canales IP\/ H.265\/ Salidas HDMI &amp;VGA\/ 1 Bah\u00eda de Disco Duro\/ 1 E&amp;S de Audio\/ Onvif\/ Emparejamiento Autom\u00e1tico con IPC WiFi de Dahua\/ C\u00e1maras en Cascada para Larga Distancia\/"},"content":{"rendered":"<div class=\"row aling-items-center padding-bottom-2x\">\n<div class=\"col-lg-12\">\n<h5 class=\"card-title text-center\">Informaci\u00f3n General<\/h5>\n<p>Este NVR tambi\u00e9n admite el acceso de c\u00e1maras IP, lo que hace que la instalaci\u00f3n sea m\u00e1s conveniente. Sin la limitaci\u00f3n de los cables de red, la grabadora inal\u00e1mbrica combinada con la c\u00e1mara inal\u00e1mbrica Dahua brinda una excelente soluci\u00f3n para los sistemas de vigilancia de las PYMES, lo que hace que este NVR sea ideal para una amplia gama de aplicaciones. incluyendo seguridad en el hogar, caf\u00e9s, supermercados, comercio minorista, educaci\u00f3n y m\u00e1s industrias.<\/p>\n<p><img decoding=\"async\" class=\"overview-center-img-web\" src=\"https:\/\/tvc.mx\/media\/470102\/nvr-wifi-8-canales-4-megapixeles-h.265-onvif-NVR1108HS-W-S2-CE-Dahua.png\" alt=\"\" \/><\/div>\n<\/div>\n<div class=\"row align-items-center padding-bottom-2x\">\n<div class=\"col-md-5\"><img decoding=\"async\" class=\"d-block m-auto img-thumbnail\" src=\"https:\/\/tvc.mx\/media\/470104\/reconocimiento-wifi.png\" alt=\" \" \/><\/div>\n<div class=\"col-md-7 text-md-left text-center\">\n<h2>Modulo WiFi<\/h2>\n<p class=\"text-muted\">\n<p>Con un\u00a0m\u00f3dulo de Wi-Fi incorporado, este NVR puede suministrar un punto de acceso Wi-Fi para dispositivos inal\u00e1mbricos. Al configurar el SSID y la contrase\u00f1a para construir una red inal\u00e1mbrica dedicada, har\u00e1 que la transmisi\u00f3n inal\u00e1mbrica sea m\u00e1s confiable y segura. Adem\u00e1s, el Wi-Fi IEEE802.11b \/ g \/ n (2.4G Hz) cubre \u00e1reas m\u00e1s amplias y amplias.<\/p>\n<p>El AP sirve \u00fanicamente para la conexi\u00f3n de c\u00e1maras Wi-Fi Dahua.<\/p>\n<p>&nbsp;<\/p>\n<\/div>\n<\/div>\n<hr class=\"padding-bottom-2x\" \/>\n<div class=\"row align-items-center padding-bottom-2x\">\n<div class=\"col-md-5 order-md-2\"><img decoding=\"async\" class=\"d-block m-auto img-thumbnail\" src=\"https:\/\/tvc.mx\/media\/470106\/h.264-y-h.265-dahua.png\" alt=\" \" \/><\/div>\n<div class=\"col-md-7 order-md-1 text-md-left text-center\">\n<h2>Codificaci\u00f3n Inteligente<\/h2>\n<p class=\"text-muted\">\n<p>Dahua ha optimizado H.265, proporcionando hasta 80% de ahorro de ancho de banda y almacenamiento sobre el est\u00e1ndar H.264. Cuatro tecnolog\u00edas innovadoras trabajan en conjunto para hacer que Smart H.265 + sea tan potente<\/p>\n<p>&nbsp;<\/p>\n<\/div>\n<\/div>\n<hr class=\"padding-bottom-2x\" \/>\n<div class=\"row align-items-center padding-bottom-2x\">\n<div class=\"col-md-5\"><img decoding=\"async\" class=\"d-block m-auto img-thumbnail\" src=\"https:\/\/tvc.mx\/media\/470108\/tabla-de-compayibilidad-de-HDD-para-equipo-dahua.png\" alt=\" \" \/><\/div>\n<div class=\"col-md-7 text-md-left text-center\">\n<h2>Tabla de compatibilidad HDD<\/h2>\n<p class=\"text-muted\">\n<p>El almacenamiento es parte fundamental de un sistema de videovigilancia por tal motivo te recomendamos revisar nuestra lista de compatibilidad antes de seleccionar un disco duro (HDD).<\/p>\n<p><a href=\"https:\/\/foro.tvc.mx\/docs\/lista-compatibilidad-hdd\" target=\"_blank\" rel=\"noopener\">https:\/\/foro.tvc.mx\/docs\/lista-compatibilidad-hdd<\/a><\/p>\n<p>&nbsp;<\/p>\n<\/div>\n<\/div>\n<hr class=\"padding-bottom-2x\" \/>\n<div class=\"row align-items-center padding-bottom-2x\">\n<div class=\"col-md-5 order-md-2\"><img decoding=\"async\" class=\"d-block m-auto img-thumbnail\" src=\"https:\/\/tvc.mx\/media\/470110\/nvr-wifi-8-canales-4-megapixeles-h.265-onvif-NVR1108HS-W-S2-CE-Dahua-caracteristicas.png\" alt=\" \" \/><\/div>\n<div class=\"col-md-7 order-md-1 text-md-left text-center\">\n<h2>Principales Caracter\u00edsticas<\/h2>\n<p class=\"text-muted\">\n<ul>\n<li>Nueva interfaz de usuario 4.0.<\/li>\n<li>Emparejamiento inal\u00e1mbrico con un clic a IPC.<\/li>\n<li>Emparejamiento autom\u00e1tico con IPC en 120 s despu\u00e9s del arranque en condiciones sin perturbaciones.<\/li>\n<li>Admite c\u00e1maras principales del protocolo ONVIF.<\/li>\n<li>H.265 inteligente\/H.264 inteligente<\/li>\n<li>Configuraci\u00f3n y gesti\u00f3n remota de IPC, como configuraci\u00f3n de par\u00e1metros, adquisici\u00f3n de informaci\u00f3n y actualizaci\u00f3n de IPC del mismo modelo en lotes.<\/li>\n<li>DHCP (Protocolo de configuraci\u00f3n din\u00e1mica de host), HTTP (Protocolo de transferencia de hipertexto), NTP (Protocolo de tiempo de red) y DDNS (Sistema de nombre de dominio din\u00e1mico)<\/li>\n<\/ul>\n<p>&nbsp;<\/p>\n<\/div>\n<\/div>\n<hr class=\"padding-bottom-2x\" \/>\n<div class=\"row align-items-center padding-bottom-2x\">\n<div class=\"col-md-5\"><img decoding=\"async\" class=\"d-block m-auto img-thumbnail\" src=\"https:\/\/tvc.mx\/media\/470112\/nvr-wifi-8-canales-4-megapixeles-h.265-onvif-NVR1108HS-W-S2-CE-Dahua-especificaciones.png\" alt=\" \" \/><\/div>\n<div class=\"col-md-7 text-md-left text-center\">\n<h2>Especificaciones<\/h2>\n<p class=\"text-muted\">\n<ul>\n<li>Canal de acceso 8 canales<\/li>\n<li>Salida de v\u00eddeo 1 \u00d7 VGA, 1 \u00d7 HDMI (simult\u00e1neo)<\/li>\n<li>Acceso a c\u00e1maras de terceros Onvif<\/li>\n<li>Compresi\u00f3n de video Inteligente H.265; H.265; Inteligente H.264; H.264; MJPEG<\/li>\n<li>registro manual; registro de alarma; registro de detecci\u00f3n de movimiento; registro de horario<\/li>\n<li>1 puerto SATA, hasta 16 TB. La capacidad m\u00e1xima del HDD var\u00eda con la temperatura ambiente<\/li>\n<li>1 puerto USB 2.0 frontal, 1 puerto USB 2.0 trasero<\/li>\n<li>Fuente de alimentaci\u00f3n 12 V CC, 1,5 A<\/li>\n<\/ul>\n<\/div>\n<\/div>\n","protected":false},"excerpt":{"rendered":"<p>Informaci\u00f3n General Este NVR tambi\u00e9n admite el acceso de c\u00e1maras IP, lo que hace que la instalaci\u00f3n sea m\u00e1s conveniente. Sin la limitaci\u00f3n de los cables de red, la grabadora inal\u00e1mbrica combinada con la c\u00e1mara inal\u00e1mbrica Dahua brinda una excelente soluci\u00f3n para los sistemas de&hellip;<\/p>\n","protected":false},"featured_media":2440,"comment_status":"open","ping_status":"closed","template":"","meta":{"om_disable_all_campaigns":false,"_monsterinsights_skip_tracking":false,"_monsterinsights_sitenote_active":false,"_monsterinsights_sitenote_note":"","_monsterinsights_sitenote_category":0},"product_brand":[],"product_cat":[155],"product_tag":[66,58,150,151],"class_list":{"0":"post-2441","1":"product","2":"type-product","3":"status-publish","4":"has-post-thumbnail","6":"product_cat-nvrs-de-8-canales","7":"product_tag-dahua","8":"product_tag-dvr","9":"product_tag-nvr","10":"product_tag-seguridad","12":"first","13":"instock","14":"sale","15":"taxable","16":"shipping-taxable","17":"purchasable","18":"product-type-simple"},"aioseo_notices":[],"_links":{"self":[{"href":"https:\/\/tecsecmty.com\/index.php\/wp-json\/wp\/v2\/product\/2441","targetHints":{"allow":["GET"]}}],"collection":[{"href":"https:\/\/tecsecmty.com\/index.php\/wp-json\/wp\/v2\/product"}],"about":[{"href":"https:\/\/tecsecmty.com\/index.php\/wp-json\/wp\/v2\/types\/product"}],"replies":[{"embeddable":true,"href":"https:\/\/tecsecmty.com\/index.php\/wp-json\/wp\/v2\/comments?post=2441"}],"version-history":[{"count":0,"href":"https:\/\/tecsecmty.com\/index.php\/wp-json\/wp\/v2\/product\/2441\/revisions"}],"wp:featuredmedia":[{"embeddable":true,"href":"https:\/\/tecsecmty.com\/index.php\/wp-json\/wp\/v2\/media\/2440"}],"wp:attachment":[{"href":"https:\/\/tecsecmty.com\/index.php\/wp-json\/wp\/v2\/media?parent=2441"}],"wp:term":[{"taxonomy":"product_brand","embeddable":true,"href":"https:\/\/tecsecmty.com\/index.php\/wp-json\/wp\/v2\/product_brand?post=2441"},{"taxonomy":"product_cat","embeddable":true,"href":"https:\/\/tecsecmty.com\/index.php\/wp-json\/wp\/v2\/product_cat?post=2441"},{"taxonomy":"product_tag","embeddable":true,"href":"https:\/\/tecsecmty.com\/index.php\/wp-json\/wp\/v2\/product_tag?post=2441"}],"curies":[{"name":"wp","href":"https:\/\/api.w.org\/{rel}","templated":true}]}}