{"id":2445,"date":"2023-02-22T20:54:03","date_gmt":"2023-02-23T02:54:03","guid":{"rendered":"https:\/\/tecsecmty.com\/index.php\/producto\/dahua-nvr4108hs-8p-4ks2-l-nvr-de-8-megapixeles-4k-8-canales-ip-8-puertos-poe-rendimiento-de-160-mbps-h-265-1-bahia-para-disco-duro-soporta-camaras-wizsense-hdmi-4k-vga\/"},"modified":"2023-03-22T23:23:00","modified_gmt":"2023-03-23T05:23:00","slug":"dahua-nvr4108hs-8p-4ks2-l-nvr-de-8-megapixeles-4k-8-canales-ip-8-puertos-poe-rendimiento-de-160-mbps-h-265-1-bahia-para-disco-duro-soporta-camaras-wizsense-hdmi-4k-vga","status":"publish","type":"product","link":"https:\/\/tecsecmty.com\/index.php\/producto\/dahua-nvr4108hs-8p-4ks2-l-nvr-de-8-megapixeles-4k-8-canales-ip-8-puertos-poe-rendimiento-de-160-mbps-h-265-1-bahia-para-disco-duro-soporta-camaras-wizsense-hdmi-4k-vga\/","title":{"rendered":"DAHUA NVR4108HS-8P-4KS2\/L &#8211; NVR de 8 Megapixeles\/ 4k\/ 8 Canales IP\/ 8 Puertos PoE\/ Rendimiento de 160 Mbps\/ H.265+\/ 1 Bah\u00eda para Disco Duro\/ Soporta Camaras WizSense\/ HDMI 4K &amp; VGA\/"},"content":{"rendered":"<div class=\"row aling-items-center padding-bottom-2x\">\n<div class=\"col-lg-12\">\n<h5 class=\"card-title text-center\">Informaci\u00f3n General<\/h5>\n<p>Dahua NVR4108HS-8P-4KS2\/L se presenta como el NVR de la serie Lite que admite la tecnolog\u00eda de codificaci\u00f3n 4K y H.265 con un rendimiento excelente. El NVR se puede servir como almacenamiento de borde, almacenamiento central o almacenamiento de respaldo con un men\u00fa de operaci\u00f3n de acceso directo intuitivo para administraci\u00f3n y control remotos<\/p>\n<p><img decoding=\"async\" class=\"overview-center-img-web\" src=\"https:\/\/tvc.mx\/media\/473168\/nvr-8-canales-8-megapixeles-4k-poe-NVR4108HS-8P-4KS2-L-Dahua.png\" alt=\"\" \/><\/div>\n<\/div>\n<div class=\"row align-items-center padding-bottom-2x\">\n<div class=\"col-md-5\"><img decoding=\"async\" class=\"d-block m-auto img-thumbnail\" src=\"https:\/\/tvc.mx\/media\/473170\/proteccion-perimetral-dahua.png\" alt=\" \" \/><\/div>\n<div class=\"col-md-7 text-md-left text-center\">\n<h2>Protecci\u00f3n perimetral<\/h2>\n<p class=\"text-muted\">\n<p>Filtrado autom\u00e1tico de falsas alarmas causadas por animales, hojas susurrantes, luces brillantes, etc. Permite que el sistema act\u00fae como reconocimiento secundario de los objetivos. Mejora de la precisi\u00f3n de las alarmas.<\/p>\n<p>&nbsp;<\/p>\n<\/div>\n<\/div>\n<hr class=\"padding-bottom-2x\" \/>\n<div class=\"row align-items-center padding-bottom-2x\">\n<div class=\"col-md-5 order-md-2\"><img decoding=\"async\" class=\"d-block m-auto img-thumbnail\" src=\"https:\/\/tvc.mx\/media\/473172\/reconocimiento-facial-dahua.png\" alt=\" \" \/><\/div>\n<div class=\"col-md-7 order-md-1 text-md-left text-center\">\n<h2>Detecci\u00f3n de rostro<\/h2>\n<p class=\"text-muted\">\n<p>La detecci\u00f3n de rostros es para detectar si aparece alg\u00fan rostro humano en el video. Esta tecnolog\u00eda adopta un algoritmo de aprendizaje profundo para admitir la detecci\u00f3n, el seguimiento, la optimizaci\u00f3n y la captura de rostros, y luego genera la mejor instant\u00e1nea del rostro.<\/p>\n<p>&nbsp;<\/p>\n<\/div>\n<\/div>\n<hr class=\"padding-bottom-2x\" \/>\n<div class=\"row align-items-center padding-bottom-2x\">\n<div class=\"col-md-5\"><img decoding=\"async\" class=\"d-block m-auto img-thumbnail\" src=\"https:\/\/tvc.mx\/media\/473174\/SMD-plus-Dahua.png\" alt=\" \" \/><\/div>\n<div class=\"col-md-7 text-md-left text-center\">\n<h2>SMD Plus<\/h2>\n<p class=\"text-muted\">\n<p>Con un algoritmo inteligente, la tecnolog\u00eda de detecci\u00f3n de movimiento inteligente de Dahua puede categorizar los objetivos que activan la detecci\u00f3n de movimiento y filtrar la alarma de detecci\u00f3n de movimiento activada por objetivos no afectados para generar una alarma efectiva y precisa.<\/p>\n<p>&nbsp;<\/p>\n<\/div>\n<\/div>\n<hr class=\"padding-bottom-2x\" \/>\n<div class=\"row align-items-center padding-bottom-2x\">\n<div class=\"col-md-5 order-md-2\"><img decoding=\"async\" class=\"d-block m-auto img-thumbnail\" src=\"https:\/\/tvc.mx\/media\/473176\/tabla-de-compayibilidad-de-HDD-para-equipo-dahua.png\" alt=\" \" \/><\/div>\n<div class=\"col-md-7 order-md-1 text-md-left text-center\">\n<h2>Tabla de compatibilidad HDD<\/h2>\n<p class=\"text-muted\">\n<p>El almacenamiento es parte fundamental de un sistema de videovigilancia por tal motivo te recomendamos revisar nuestra lista de compatibilidad antes de seleccionar un disco duro (HDD).<\/p>\n<p>https:\/\/foro.tvc.mx\/docs\/lista-compatibilidad-hdd<\/p>\n<p>&nbsp;<\/p>\n<\/div>\n<\/div>\n<hr class=\"padding-bottom-2x\" \/>\n<div class=\"row align-items-center padding-bottom-2x\">\n<div class=\"col-md-5\"><img decoding=\"async\" class=\"d-block m-auto img-thumbnail\" src=\"https:\/\/tvc.mx\/media\/473190\/nvr-8-canales-8-megapixeles-4k-poe-NVR4108HS-8P-4KS2-L-Dahua-caracteristicas.png\" alt=\" \" \/><\/div>\n<div class=\"col-md-7 text-md-left text-center\">\n<h2>Principales Caracter\u00edsticas<\/h2>\n<p class=\"text-muted\">\n<ul>\n<li>Funciones avanzadas de protecci\u00f3n perimetral: intrusi\u00f3n, cruzamiento de la l\u00ednea considerando reglas separadas para veh\u00edculos y peatones,<\/li>\n<li>Clasificaci\u00f3n de personas y veh\u00edculos,<\/li>\n<li>Detecci\u00f3n de rostros,<\/li>\n<li>Conteo de personas,<\/li>\n<li>SMD PLUS &#8211; b\u00fasqueda de un objeto clasificado como: persona, veh\u00edculo de motor, veh\u00edculo sin motor<\/li>\n<\/ul>\n<p>&nbsp;<\/p>\n<\/div>\n<\/div>\n<hr class=\"padding-bottom-2x\" \/>\n<div class=\"row align-items-center padding-bottom-2x\">\n<div class=\"col-md-5 order-md-2\"><img decoding=\"async\" class=\"d-block m-auto img-thumbnail\" src=\"https:\/\/tvc.mx\/media\/473192\/nvr-8-canales-8-megapixeles-4k-poe-NVR4108HS-8P-4KS2-L-Dahua-especificaciones.png\" alt=\" \" \/><\/div>\n<div class=\"col-md-7 order-md-1 text-md-left text-center\">\n<h2>Especificaciones<\/h2>\n<p class=\"text-muted\">\n<ul>\n<li>8 canales<\/li>\n<li>Salidas de v\u00eddeo:1\u00a0uds. HDMI 4K, 1\u00a0uds.\u00a0VGA<\/li>\n<li>M\u00e9todo de compresi\u00f3n de im\u00e1genes:H.265+ \/\u00a0H.265\u00a0\/ H.264+ \/\u00a0H.264\u00a0\/\u00a0MJPEG<\/li>\n<li>1\u00a0x 10\u00a0TB\u00a0SATA III<\/li>\n<li>2\u00a0uds.\u00a0USB 2.0<\/li>\n<li>Alimentaci\u00f3n:53\u00a0V\u00a0DC\u00a0\/ 1.8\u00a0A<\/li>\n<\/ul>\n<\/div>\n<\/div>\n","protected":false},"excerpt":{"rendered":"<p>Informaci\u00f3n General Dahua NVR4108HS-8P-4KS2\/L se presenta como el NVR de la serie Lite que admite la tecnolog\u00eda de codificaci\u00f3n 4K y H.265 con un rendimiento excelente. El NVR se puede servir como almacenamiento de borde, almacenamiento central o almacenamiento de respaldo con un men\u00fa de&hellip;<\/p>\n","protected":false},"featured_media":2444,"comment_status":"open","ping_status":"closed","template":"","meta":{"om_disable_all_campaigns":false,"_monsterinsights_skip_tracking":false,"_monsterinsights_sitenote_active":false,"_monsterinsights_sitenote_note":"","_monsterinsights_sitenote_category":0},"product_brand":[],"product_cat":[155],"product_tag":[66,58,150,151],"class_list":{"0":"post-2445","1":"product","2":"type-product","3":"status-publish","4":"has-post-thumbnail","6":"product_cat-nvrs-de-8-canales","7":"product_tag-dahua","8":"product_tag-dvr","9":"product_tag-nvr","10":"product_tag-seguridad","12":"first","13":"instock","14":"sale","15":"taxable","16":"shipping-taxable","17":"purchasable","18":"product-type-simple"},"aioseo_notices":[],"_links":{"self":[{"href":"https:\/\/tecsecmty.com\/index.php\/wp-json\/wp\/v2\/product\/2445","targetHints":{"allow":["GET"]}}],"collection":[{"href":"https:\/\/tecsecmty.com\/index.php\/wp-json\/wp\/v2\/product"}],"about":[{"href":"https:\/\/tecsecmty.com\/index.php\/wp-json\/wp\/v2\/types\/product"}],"replies":[{"embeddable":true,"href":"https:\/\/tecsecmty.com\/index.php\/wp-json\/wp\/v2\/comments?post=2445"}],"version-history":[{"count":0,"href":"https:\/\/tecsecmty.com\/index.php\/wp-json\/wp\/v2\/product\/2445\/revisions"}],"wp:featuredmedia":[{"embeddable":true,"href":"https:\/\/tecsecmty.com\/index.php\/wp-json\/wp\/v2\/media\/2444"}],"wp:attachment":[{"href":"https:\/\/tecsecmty.com\/index.php\/wp-json\/wp\/v2\/media?parent=2445"}],"wp:term":[{"taxonomy":"product_brand","embeddable":true,"href":"https:\/\/tecsecmty.com\/index.php\/wp-json\/wp\/v2\/product_brand?post=2445"},{"taxonomy":"product_cat","embeddable":true,"href":"https:\/\/tecsecmty.com\/index.php\/wp-json\/wp\/v2\/product_cat?post=2445"},{"taxonomy":"product_tag","embeddable":true,"href":"https:\/\/tecsecmty.com\/index.php\/wp-json\/wp\/v2\/product_tag?post=2445"}],"curies":[{"name":"wp","href":"https:\/\/api.w.org\/{rel}","templated":true}]}}