{"id":2449,"date":"2023-02-22T20:54:08","date_gmt":"2023-02-23T02:54:08","guid":{"rendered":"https:\/\/tecsecmty.com\/index.php\/producto\/dahua-nvr5208-8p-4ks2e-nvr-8-canales-ip-4k-h265-rendimiento-320-mbps-8-puertos-tecnologia-e-poe-hasta-800m-poe-anpr-hdmi-pos-2-sata-p2p-dewarping\/"},"modified":"2023-03-22T23:23:00","modified_gmt":"2023-03-23T05:23:00","slug":"dahua-nvr5208-8p-4ks2e-nvr-8-canales-ip-4k-h265-rendimiento-320-mbps-8-puertos-tecnologia-e-poe-hasta-800m-poe-anpr-hdmi-pos-2-sata-p2p-dewarping","status":"publish","type":"product","link":"https:\/\/tecsecmty.com\/index.php\/producto\/dahua-nvr5208-8p-4ks2e-nvr-8-canales-ip-4k-h265-rendimiento-320-mbps-8-puertos-tecnologia-e-poe-hasta-800m-poe-anpr-hdmi-pos-2-sata-p2p-dewarping\/","title":{"rendered":"DAHUA NVR5208-8P-4KS2E &#8211; NVR 8 Canales IP 4K \/ H265+ \/ Rendimiento 320 Mbps \/ 8 Puertos tecnologia E PoE hasta 800M \/ PoE \/ ANPR \/ HDMI \/ PoS \/ 2 SATA \/ P2P \/ DEWARPING\/"},"content":{"rendered":"<div class=\"row aling-items-center padding-bottom-2x\">\n<div class=\"col-lg-12\">\n<h5 class=\"card-title text-center\">Informaci\u00f3n General.<\/h5>\n<p>El\u00a0<strong>NVR5208P4KS2E<\/strong>\u00a0es un NVR\u00a0de\u00a08 canales de video aceptando c\u00e1maras de hasta 12MP en cada uno de sus canales, cuenta con 8 puertos PoE para alimentaci\u00f3n v\u00eda Ethernet. El NVR tiene compresi\u00f3n de video\u00a0<strong>H.265<\/strong>\u00a0este m\u00e9todo de compresi\u00f3n tiene un ahorro de casi 50% de ancho de banda, permitiendo tener un mayor almacenamiento.<\/p>\n<p><img decoding=\"async\" class=\"overview-center-img-web\" src=\"https:\/\/tvc.mx\/media\/471606\/nvr-8-canales-ip-4k-h.265-epoe-hdmi--NVR5208-8P-4KS2E-Dahua.png\" alt=\"\" \/><\/p>\n<\/div>\n<\/div>\n<div class=\"row align-items-center padding-bottom-2x\">\n<div class=\"col-md-5 order-md-2\"><img decoding=\"async\" class=\"d-block m-auto img-thumbnail\" src=\"https:\/\/tvc.mx\/media\/471608\/SMD-plus-Dahua.png\" alt=\" \" \/><\/div>\n<div class=\"col-md-7 order-md-1 text-md-left text-center\">\n<h2>SMD Plus<\/h2>\n<p>SMD Plus, denominado Smart Motion Detection Plus, que es una versi\u00f3n de actualizaci\u00f3n de SMD que mejora en gran medida la precisi\u00f3n de la alarma al cargar el algoritmo de aprendizaje profundo. Analiza las formas de personas y veh\u00edculos bas\u00e1ndose en la detecci\u00f3n de movimiento y env\u00eda alarmas solo cuando una persona o un veh\u00edculo se entrometen.<\/p>\n<p>&nbsp;<\/p>\n<\/div>\n<\/div>\n<hr class=\"padding-bottom-2x\" \/>\n<div class=\"row align-items-center padding-bottom-2x\">\n<div class=\"col-md-5\"><img decoding=\"async\" class=\"d-block m-auto img-thumbnail\" src=\"https:\/\/tvc.mx\/media\/471610\/reconocimiento-facial-dahua.png\" alt=\" \" \/><\/div>\n<div class=\"col-md-7 text-md-left text-center\">\n<h2>Reconocimiento Facial<\/h2>\n<p>El reconocimiento facial consiste en descubrir el rostro capturado con las caracter\u00edsticas objetivo y compararlas con la base de datos de rostros para identificar al personal.<\/p>\n<p>&nbsp;<\/p>\n<\/div>\n<\/div>\n<hr class=\"padding-bottom-2x\" \/>\n<div class=\"row align-items-center padding-bottom-2x\">\n<div class=\"col-md-5 order-md-2\"><img decoding=\"async\" class=\"d-block m-auto img-thumbnail\" src=\"https:\/\/tvc.mx\/media\/471612\/Dewarping-Dahua.png\" alt=\" \" \/><\/div>\n<div class=\"col-md-7 order-md-1 text-md-left text-center\">\n<h2>Funci\u00f3n Dewarping.<\/h2>\n<p class=\"ql-align-justify\"><strong>Dewarping<\/strong>\u00a0es una funci\u00f3n realizada por el NVR con c\u00e1mara Dahua Fisheye, permitiendo realizar la\u00a0<strong>descomposici\u00f3n de la vista principal (360\u00ba)<\/strong>\u00a0y partiendo la imagen de forma digital en diferentes regiones o vistas.<\/p>\n<p>&nbsp;<\/p>\n<\/div>\n<\/div>\n<hr class=\"padding-bottom-2x\" \/>\n<div class=\"row align-items-center padding-bottom-2x\">\n<div class=\"col-md-5\"><img decoding=\"async\" class=\"d-block m-auto img-thumbnail\" src=\"https:\/\/tvc.mx\/media\/471614\/codificacion-h.265-dahua.png\" alt=\" \" \/><\/div>\n<div class=\"col-md-7 text-md-left text-center\">\n<h2>Smart Codec H.265.<\/h2>\n<p>Ofrece\u00a0la implementaci\u00f3n optimizada de la compresi\u00f3n de v\u00eddeo est\u00e1ndar (H.265 y H.264), utiliza m\u00e9todos de compresi\u00f3n de datos sin p\u00e9rdida y reducci\u00f3n inteligente de ruido para ofrecer v\u00eddeos de alta calidad sin forzar la red. Smart Codec reduce la tasa de bits y los requisitos de almacenamiento en hasta un 70% comparado con la compresi\u00f3n de v\u00eddeo est\u00e1ndar.<\/p>\n<p>&nbsp;<\/p>\n<\/div>\n<\/div>\n<hr class=\"padding-bottom-2x\" \/>\n<div class=\"row align-items-center padding-bottom-2x\">\n<div class=\"col-md-5 order-md-2\"><img decoding=\"async\" class=\"d-block m-auto img-thumbnail\" src=\"https:\/\/tvc.mx\/media\/471616\/tabla-de-compayibilidad-de-HDD-para-equipo-dahua.png\" alt=\" \" \/><\/div>\n<div class=\"col-md-7 order-md-1 text-md-left text-center\">\n<h2>Tabla de compatibilidad HDD<\/h2>\n<p>El almacenamiento es parte fundamental de un sistema de videovigilancia por tal motivo te recomendamos revisar nuestra lista de compatibilidad antes de seleccionar un disco duro (HDD).<\/p>\n<p>https:\/\/foro.tvc.mx\/docs\/lista-compatibilidad-hdd<\/p>\n<p>&nbsp;<\/p>\n<\/div>\n<\/div>\n<hr class=\"padding-bottom-2x\" \/>\n<div class=\"row align-items-center padding-bottom-2x\">\n<div class=\"col-md-5\"><img decoding=\"async\" class=\"d-block m-auto img-thumbnail\" src=\"https:\/\/tvc.mx\/media\/471618\/nvr-8-canales-ip-4k-h.265-epoe-hdmi--NVR5208-8P-4KS2E-Dahua-caracteristicas.png\" alt=\" \" \/><\/div>\n<div class=\"col-md-7 text-md-left text-center\">\n<h2>Principales Caracter\u00edsticas.<\/h2>\n<ul>\n<li>Smart H.265 + \/ Smart H.264 + \/ H.265 \/ H.264 \/ MJPEG<\/li>\n<li>Resoluci\u00f3n de hasta 24 MP para visualizaci\u00f3n y reproducci\u00f3n en vivo<\/li>\n<li>Dewarping de ojo de pez de 1 canal (AI por NVR)<\/li>\n<li>AI por c\u00e1mara: protecci\u00f3n perimetral; detecci\u00f3n y reconocimiento de rostros; SMD Plus; metadatos de video; ANPR; contando personas; estereoan\u00e1lisis; distribuci\u00f3n de masas; mapa de calor<\/li>\n<li>Soporta IPC UPnP, 8 puertos PoE<\/li>\n<\/ul>\n<p>&nbsp;<\/p>\n<\/div>\n<\/div>\n<hr class=\"padding-bottom-2x\" \/>\n<div class=\"row align-items-center padding-bottom-2x\">\n<div class=\"col-md-5 order-md-2\"><img decoding=\"async\" class=\"d-block m-auto img-thumbnail\" src=\"https:\/\/tvc.mx\/media\/471620\/nvr-8-canales-ip-4k-h.265-epoe-hdmi--NVR5208-8P-4KS2E-Dahua-especificacions.png\" alt=\" \" \/><\/div>\n<div class=\"col-md-7 order-md-1 text-md-left text-center\">\n<h2>Especificaciones<\/h2>\n<ul>\n<li>8\u00a0Canales de Video 4K<\/li>\n<li>Soporta Compresi\u00f3n\u00a0Smart H.265+\/H.265\/Smart H.264+\/H.264.<\/li>\n<li>Resoluci\u00f3n 12Mp\/8Mp\/6Mp\/5Mp\/4Mp\/3Mp\/1080P\/ 720P\/ D1.<\/li>\n<li>Soporta Resoluci\u00f3n Ultra HD 4K(3840 x 2160).<\/li>\n<li>Soporta\u00a02 Discos Duros de Hasta\u00a010 TB por Disco.<\/li>\n<li>Soporta\u00a02 Puerto Sata III.<\/li>\n<li>Tasa de Grabaci\u00f3n 320 Mbps.<\/li>\n<li>8\u00a0Puertos PoE &amp; ePoE\u00a0(IEEE802.3af\/at).<\/li>\n<li>4 Canales para ANPR (Requiere c\u00e1mara ANPR)<\/li>\n<li>1\u00a0HDMI\/ VGA Salida de Video Simultanea.<\/li>\n<li>4\u00a0Entradas de Alarma.<\/li>\n<li>2\u00a0Salidas de Alarma.<\/li>\n<li>2\u00a0Puertos USB (1 pto trasero\u00a0USB 3.0, 1 pto. frontal USB2.0).<\/li>\n<li>1 Puerto RS232 y 1 Puerto\u00a0RS485.<\/li>\n<li>1 Puerto RJ45 (10\/100\/1000Mbps).<\/li>\n<li>Dimensiones 1U, 375mm x 326.5mm x 53mm ; (14.8&#8243; x 12.9&#8243; x 2.1&#8243;).<\/li>\n<li>Peso Neto 2.7 kg (sin Disco Duro).<\/li>\n<li>Ventilador tecnolog\u00eda Smart Fan.<\/li>\n<li>Fuente de Alimentaci\u00f3n AC 100~240V, 50\/60 Hz.<\/li>\n<li>Consumo de Energ\u00eda 15.2 Watts (sin disco).<\/li>\n<\/ul>\n<\/div>\n<\/div>\n","protected":false},"excerpt":{"rendered":"<p>Informaci\u00f3n General. El\u00a0NVR5208P4KS2E\u00a0es un NVR\u00a0de\u00a08 canales de video aceptando c\u00e1maras de hasta 12MP en cada uno de sus canales, cuenta con 8 puertos PoE para alimentaci\u00f3n v\u00eda Ethernet. El NVR tiene compresi\u00f3n de video\u00a0H.265\u00a0este m\u00e9todo de compresi\u00f3n tiene un ahorro de casi 50% de ancho&hellip;<\/p>\n","protected":false},"featured_media":2448,"comment_status":"open","ping_status":"closed","template":"","meta":{"om_disable_all_campaigns":false,"_monsterinsights_skip_tracking":false,"_monsterinsights_sitenote_active":false,"_monsterinsights_sitenote_note":"","_monsterinsights_sitenote_category":0},"product_brand":[],"product_cat":[155],"product_tag":[66,58,150,151],"class_list":{"0":"post-2449","1":"product","2":"type-product","3":"status-publish","4":"has-post-thumbnail","6":"product_cat-nvrs-de-8-canales","7":"product_tag-dahua","8":"product_tag-dvr","9":"product_tag-nvr","10":"product_tag-seguridad","12":"first","13":"instock","14":"sale","15":"taxable","16":"shipping-taxable","17":"purchasable","18":"product-type-simple"},"aioseo_notices":[],"_links":{"self":[{"href":"https:\/\/tecsecmty.com\/index.php\/wp-json\/wp\/v2\/product\/2449","targetHints":{"allow":["GET"]}}],"collection":[{"href":"https:\/\/tecsecmty.com\/index.php\/wp-json\/wp\/v2\/product"}],"about":[{"href":"https:\/\/tecsecmty.com\/index.php\/wp-json\/wp\/v2\/types\/product"}],"replies":[{"embeddable":true,"href":"https:\/\/tecsecmty.com\/index.php\/wp-json\/wp\/v2\/comments?post=2449"}],"version-history":[{"count":0,"href":"https:\/\/tecsecmty.com\/index.php\/wp-json\/wp\/v2\/product\/2449\/revisions"}],"wp:featuredmedia":[{"embeddable":true,"href":"https:\/\/tecsecmty.com\/index.php\/wp-json\/wp\/v2\/media\/2448"}],"wp:attachment":[{"href":"https:\/\/tecsecmty.com\/index.php\/wp-json\/wp\/v2\/media?parent=2449"}],"wp:term":[{"taxonomy":"product_brand","embeddable":true,"href":"https:\/\/tecsecmty.com\/index.php\/wp-json\/wp\/v2\/product_brand?post=2449"},{"taxonomy":"product_cat","embeddable":true,"href":"https:\/\/tecsecmty.com\/index.php\/wp-json\/wp\/v2\/product_cat?post=2449"},{"taxonomy":"product_tag","embeddable":true,"href":"https:\/\/tecsecmty.com\/index.php\/wp-json\/wp\/v2\/product_tag?post=2449"}],"curies":[{"name":"wp","href":"https:\/\/api.w.org\/{rel}","templated":true}]}}